{"id":432,"date":"2019-03-25T14:17:47","date_gmt":"2019-03-25T17:17:47","guid":{"rendered":"https:\/\/wp.ufpel.edu.br\/placeage\/?page_id=432"},"modified":"2019-04-02T15:14:00","modified_gmt":"2019-04-02T18:14:00","slug":"restaurantes","status":"publish","type":"page","link":"https:\/\/wp.ufpel.edu.br\/placeage\/restaurantes\/","title":{"rendered":"Restaurantes"},"content":{"rendered":"<p style=\"text-align: justify\"><span style=\"font-family: helvetica, arial, sans-serif\">Ao redor da Universidade existem diversas op\u00e7\u00f5es de restaurantes e caf\u00e9s muito agrad\u00e1veis. Aqui abaixo listamos algumas op\u00e7\u00f5es interessantes, informando a dist\u00e2ncia a partir do lugar do evento:<\/span><\/p>\n<p><span style=\"font-family: helvetica, arial, sans-serif\"><strong><span style=\"color: #800023\">Amor Amora Cozinha Artesanal<\/span><\/strong><br \/>\n<\/span><span style=\"font-family: helvetica, arial, sans-serif\">Telefone: +55 53 3027-5490<br \/>\nEndere\u00e7o: Dom Pedro II, 458 &#8211; Centro, Pelotas &#8211; RS, 96010-300<br \/>\n<\/span><span style=\"font-family: helvetica, arial, sans-serif\">Hor\u00e1rio: 11:30\u201314:00<br \/>\n<\/span><span style=\"font-family: helvetica, arial, sans-serif\">Dist\u00e2ncia: 700 m<br \/>\nFaixa de pre\u00e7o: R$ 30 &#8211; R$ 40<br \/>\nSite: <a href=\"http:\/\/amoramoracozinhaartesanal.blogspot.com\/\" target=\"_blank\" rel=\"noopener noreferrer\">http:\/\/amoramoracozinhaartesanal.blogspot.com\/<\/a><br \/>\n<\/span><a href=\"https:\/\/www.facebook.com\/cozinhaartesanalamoramora\" target=\"_blank\" rel=\"noopener noreferrer\"><img loading=\"lazy\" decoding=\"async\" class=\"alignleft\" src=\"https:\/\/imagepng.org\/wp-content\/uploads\/2017\/09\/facebook-icone-icon.png\" alt=\"Resultado de imagem para icone facebook png\" width=\"28\" height=\"28\" \/><\/a><a href=\"https:\/\/www.tripadvisor.com.br\/Restaurant_Review-g775229-d2633802-Reviews-Amor_Amora_Cozinha_Artesanal-Pelotas_State_of_Rio_Grande_do_Sul.html\" target=\"_blank\" rel=\"noopener noreferrer\"><img loading=\"lazy\" decoding=\"async\" class=\"alignleft\" src=\"https:\/\/image.flaticon.com\/icons\/png\/512\/49\/49318.png\" alt=\"Resultado de imagem para icone tripadvisor\" width=\"29\" height=\"29\" \/> <\/a><\/p>\n<p>&nbsp;<\/p>\n<p><span style=\"font-family: helvetica, arial, sans-serif\"><strong><span style=\"color: #800023\">Madre Mia<br \/>\n<\/span><\/strong><\/span><span style=\"font-family: helvetica, arial, sans-serif\">Telefone: +55 53 3303-4075<\/span><br \/>\n<span style=\"font-family: helvetica, arial, sans-serif\">Endere\u00e7o: Santa Cruz, 2200 &#8211; Centro, Pelotas &#8211; RS, 96010-140<br \/>\n<\/span><span style=\"font-family: helvetica, arial, sans-serif\">Hor\u00e1rio: 11:30\u201314:00<br \/>\n<\/span><span style=\"font-family: helvetica, arial, sans-serif\">Dist\u00e2ncia: 1500 m<br \/>\nFaixa de pre\u00e7o: R$ 20 &#8211; R$ 40<br \/>\nSite: <a href=\"https:\/\/www.madremia.la\" target=\"_blank\" rel=\"noopener noreferrer\">https:\/\/www.madremia.la<\/a><br \/>\n<\/span><a href=\"http:\/\/www.facebook.com\/fusaolatina\" target=\"_blank\" rel=\"noopener noreferrer\"><img loading=\"lazy\" decoding=\"async\" class=\"alignleft\" src=\"https:\/\/imagepng.org\/wp-content\/uploads\/2017\/09\/facebook-icone-icon.png\" alt=\"Resultado de imagem para icone facebook png\" width=\"28\" height=\"28\" \/><\/a><a href=\"http:\/\/www.tripadvisor.com.br\/Restaurant_Review-g775229-d4580205-Reviews-or70-Madre_Mia-Pelotas_State_of_Rio_Grande_do_Sul.html\" target=\"_blank\" rel=\"noopener noreferrer\"><img loading=\"lazy\" decoding=\"async\" class=\"alignleft\" src=\"https:\/\/image.flaticon.com\/icons\/png\/512\/49\/49318.png\" alt=\"Resultado de imagem para icone tripadvisor\" width=\"29\" height=\"29\" \/> <\/a><\/p>\n<p>&nbsp;<\/p>\n<p><span style=\"font-family: helvetica, arial, sans-serif\"><strong><span style=\"color: #800023\">D\u00e1diva Caf\u00e9<\/span><\/strong><br \/>\n<\/span><span style=\"font-family: helvetica, arial, sans-serif\">Telefone: +55 53 3325-0502<br \/>\nEndere\u00e7o: Alm. Barroso, 1050 &#8211; Centro, Pelotas &#8211; RS, 96010-280<br \/>\n<\/span><span style=\"font-family: helvetica, arial, sans-serif\">Hor\u00e1rio: 09:00\u201320:00<br \/>\n<\/span><span style=\"font-family: helvetica, arial, sans-serif\">Dist\u00e2ncia: 280 m<br \/>\nFaixa de pre\u00e7o: R$ 25 &#8211; R$ 35<br \/>\n<\/span><a href=\"https:\/\/www.facebook.com\/dadivacafe\/\" target=\"_blank\" rel=\"noopener noreferrer\"><img loading=\"lazy\" decoding=\"async\" class=\"alignleft\" src=\"https:\/\/imagepng.org\/wp-content\/uploads\/2017\/09\/facebook-icone-icon.png\" alt=\"Resultado de imagem para icone facebook png\" width=\"28\" height=\"28\" \/><\/a><a href=\"https:\/\/www.tripadvisor.com.br\/Restaurant_Review-g775229-d11805948-Reviews-Dadiva_Cafe-Pelotas_State_of_Rio_Grande_do_Sul.html\" target=\"_blank\" rel=\"noopener noreferrer\"><img loading=\"lazy\" decoding=\"async\" class=\"alignleft\" src=\"https:\/\/image.flaticon.com\/icons\/png\/512\/49\/49318.png\" alt=\"Resultado de imagem para icone tripadvisor\" width=\"29\" height=\"29\" \/> <\/a><\/p>\n<p>&nbsp;<\/p>\n<p><span style=\"font-family: helvetica, arial, sans-serif\"><span style=\"color: #800023\"><strong>Trem B\u00e3o<br \/>\n<\/strong><\/span>Telefone: +55 53 3272-2446<\/span><strong><br \/>\n<\/strong><span style=\"font-family: helvetica, arial, sans-serif\">Endere\u00e7o: Gen. Os\u00f3rio, 461 &#8211; Centro, Pelotas &#8211; RS, 96020-000<br \/>\n<\/span><span style=\"font-family: helvetica, arial, sans-serif\">Hor\u00e1rio: 11:00-14:00<br \/>\n<\/span><span style=\"font-family: helvetica, arial, sans-serif\">Dist\u00e2ncia: 800 m<br \/>\nFaixa de pre\u00e7o: R$ 30 &#8211; R$ 50<br \/>\n<\/span><a href=\"https:\/\/www.facebook.com\/Trem-B\u00c3O-172341766181451\/\" target=\"_blank\" rel=\"noopener noreferrer\"><img loading=\"lazy\" decoding=\"async\" class=\"alignleft\" src=\"https:\/\/imagepng.org\/wp-content\/uploads\/2017\/09\/facebook-icone-icon.png\" alt=\"Resultado de imagem para icone facebook png\" width=\"28\" height=\"28\" \/><\/a><a href=\"https:\/\/www.tripadvisor.com.br\/Restaurant_Review-g775229-d3264509-Reviews-Restaurante_Trem_Bao-Pelotas_State_of_Rio_Grande_do_Sul.html\" target=\"_blank\" rel=\"noopener noreferrer\"><img loading=\"lazy\" decoding=\"async\" class=\"alignleft\" src=\"https:\/\/image.flaticon.com\/icons\/png\/512\/49\/49318.png\" alt=\"Resultado de imagem para icone tripadvisor\" width=\"29\" height=\"29\" \/> <\/a><\/p>\n<p>&nbsp;<\/p>\n<p><span style=\"font-family: helvetica, arial, sans-serif\"><span style=\"color: #800023\"><strong>Dad\u00e1 Lanches &amp; Pizza<br \/>\n<\/strong><\/span>Telefone: +55 (53) 3225-6329<\/span><br \/>\n<span style=\"font-family: helvetica, arial, sans-serif\">Endere\u00e7o: Benjamin Constant, 1498 &#8211; Centro, Pelotas &#8211; RS, 96010-020<br \/>\n<\/span><span style=\"font-family: helvetica, arial, sans-serif\">Hor\u00e1rio: 17:30\u201301:00<br \/>\n<\/span><span style=\"font-family: helvetica, arial, sans-serif\">Dist\u00e2ncia: 100 m<br \/>\nFaixa de pre\u00e7o: R$ 30 &#8211; R$ 60<br \/>\n<\/span>Site: <a href=\"http:\/\/www.dadalanches.com.br\/?fbclid=IwAR16RqAqkHznXoXv43k4FfhOE8-hU44yORkAmXh8fYbmMqkpBPHJVXg2e84\" target=\"_blank\" rel=\"noopener noreferrer\">www.dadalanches.com.br<\/a><br \/>\n<a href=\"https:\/\/www.facebook.com\/dadalanchesepizza\/\" target=\"_blank\" rel=\"noopener noreferrer\"><img loading=\"lazy\" decoding=\"async\" class=\"alignleft\" src=\"https:\/\/imagepng.org\/wp-content\/uploads\/2017\/09\/facebook-icone-icon.png\" alt=\"Resultado de imagem para icone facebook png\" width=\"28\" height=\"28\" \/><\/a><a href=\"https:\/\/www.tripadvisor.com.br\/Restaurant_Review-g775229-d6550180-Reviews-Dada_Lanches-Pelotas_State_of_Rio_Grande_do_Sul.html\" target=\"_blank\" rel=\"noopener noreferrer\"><img loading=\"lazy\" decoding=\"async\" class=\"alignleft\" src=\"https:\/\/image.flaticon.com\/icons\/png\/512\/49\/49318.png\" alt=\"Resultado de imagem para icone tripadvisor\" width=\"29\" height=\"29\" \/> <\/a><\/p>\n<p>&nbsp;<\/p>\n<p><span style=\"font-family: helvetica, arial, sans-serif\"><strong><span style=\"color: #800023\">A Popular Padaria e Restaurante<br \/>\n<\/span><\/strong><\/span><span style=\"font-family: helvetica, arial, sans-serif\">Telefone: +55 53 3227-7032<\/span><br \/>\n<span style=\"font-family: helvetica, arial, sans-serif\">Endere\u00e7o: R. Alm. Tamandar\u00e9, 339 &#8211; Centro, Pelotas &#8211; RS, 96010-750<br \/>\n<\/span><span style=\"font-family: helvetica, arial, sans-serif\">Hor\u00e1rio: 07:00\u201321:00<br \/>\n<\/span><span style=\"font-family: helvetica, arial, sans-serif\">Dist\u00e2ncia: 170 m<br \/>\nFaixa de pre\u00e7o: R$ 20 &#8211; R$ 40<\/span><br \/>\n<a href=\"https:\/\/www.facebook.com\/APopularPadaria\" target=\"_blank\" rel=\"noopener noreferrer\"><img loading=\"lazy\" decoding=\"async\" class=\"alignleft\" src=\"https:\/\/imagepng.org\/wp-content\/uploads\/2017\/09\/facebook-icone-icon.png\" alt=\"Resultado de imagem para icone facebook png\" width=\"28\" height=\"28\" \/><\/a><a href=\"https:\/\/www.tripadvisor.com.br\/ShowUserReviews-g775229-d6011260-r250247845-A_Popular_Padaria_E_Restaurante-Pelotas_State_of_Rio_Grande_do_Sul.html\" target=\"_blank\" rel=\"noopener noreferrer\"><img loading=\"lazy\" decoding=\"async\" class=\"alignleft\" src=\"https:\/\/image.flaticon.com\/icons\/png\/512\/49\/49318.png\" alt=\"Resultado de imagem para icone tripadvisor\" width=\"29\" height=\"29\" \/> <\/a><\/p>\n<p>&nbsp;<\/p>\n<p><span style=\"font-family: helvetica, arial, sans-serif\"><strong><span style=\"color: #800023\">Restaurante Caseiro<br \/>\n<\/span><\/strong>Telefone: +55 53 3227-7032<\/span><br \/>\n<span style=\"font-family: helvetica, arial, sans-serif\">Endere\u00e7o: R. Gomes Carneiro, 1435 &#8211; Centro, Pelotas &#8211; RS, 96010-610<br \/>\n<\/span><span style=\"font-family: helvetica, arial, sans-serif\">Hor\u00e1rio: 11:00\u201314:30<br \/>\n<\/span><span style=\"font-family: helvetica, arial, sans-serif\">Dist\u00e2ncia: 400 m<br \/>\nFaixa de pre\u00e7o: R$ 20 &#8211; R$ 35<\/span><br \/>\n<a href=\"https:\/\/www.facebook.com\/RestauranteCaseiroOficial\/\" target=\"_blank\" rel=\"noopener noreferrer\"><img loading=\"lazy\" decoding=\"async\" class=\"alignleft\" src=\"https:\/\/imagepng.org\/wp-content\/uploads\/2017\/09\/facebook-icone-icon.png\" alt=\"Resultado de imagem para icone facebook png\" width=\"28\" height=\"28\" \/><\/a><a href=\"https:\/\/www.tripadvisor.com.br\/Restaurant_Review-g775229-d5343766-Reviews-Caseiro-Pelotas_State_of_Rio_Grande_do_Sul.html\" target=\"_blank\" rel=\"noopener noreferrer\"><img loading=\"lazy\" decoding=\"async\" class=\"alignleft\" src=\"https:\/\/image.flaticon.com\/icons\/png\/512\/49\/49318.png\" alt=\"Resultado de imagem para icone tripadvisor\" width=\"29\" height=\"29\" \/> <\/a><\/p>\n<p>&nbsp;<\/p>\n<p><span style=\"font-family: helvetica, arial, sans-serif\"><strong><span style=\"color: #800023\">Restaurante Mings<br \/>\n<\/span><\/strong>Telefone: +55 53 3227-7032<\/span><br \/>\n<span style=\"font-family: helvetica, arial, sans-serif\">Endere\u00e7o: R. Almirante Barroso, 2055 &#8211; Centro, Pelotas &#8211; RS, 96010-280<br \/>\nHor\u00e1rio: 11:30\u201314:00<br \/>\nDist\u00e2ncia: 1300 m<br \/>\nFaixa de pre\u00e7o: R$ 30 &#8211; R$ 45<br \/>\nSite: <a href=\"https:\/\/mings.com.br\/index.php\" target=\"_blank\" rel=\"noopener noreferrer\">https:\/\/mings.com.br\/index.php<\/a><\/span><br \/>\n<span style=\"font-family: helvetica, arial, sans-serif\"><a href=\"https:\/\/www.facebook.com\/restaurantemingsoficial\/\" target=\"_blank\" rel=\"noopener noreferrer\"><img loading=\"lazy\" decoding=\"async\" class=\"alignleft\" src=\"https:\/\/imagepng.org\/wp-content\/uploads\/2017\/09\/facebook-icone-icon.png\" alt=\"Resultado de imagem para icone facebook png\" width=\"28\" height=\"28\" \/><\/a><a href=\"https:\/\/www.tripadvisor.com.br\/Restaurant_Review-g503796-d1319032-Reviews-Mings-Witham_Essex_England.html\" target=\"_blank\" rel=\"noopener noreferrer\"><img loading=\"lazy\" decoding=\"async\" class=\"alignleft\" src=\"https:\/\/image.flaticon.com\/icons\/png\/512\/49\/49318.png\" alt=\"Resultado de imagem para icone tripadvisor\" width=\"29\" height=\"29\" \/> <\/a><\/span><\/p>\n<p>&nbsp;<\/p>\n<p>&nbsp;<\/p>\n","protected":false},"excerpt":{"rendered":"<p>Ao redor da Universidade existem diversas op\u00e7\u00f5es de restaurantes e caf\u00e9s muito agrad\u00e1veis. Aqui abaixo listamos algumas op\u00e7\u00f5es interessantes, informando a dist\u00e2ncia a partir do lugar do evento: Amor Amora Cozinha Artesanal Telefone: +55 53 3027-5490 Endere\u00e7o: Dom Pedro II, 458 &#8211; Centro, Pelotas &#8211; RS, 96010-300 Hor\u00e1rio: 11:30\u201314:00 Dist\u00e2ncia: 700 m Faixa de pre\u00e7o: &hellip; <\/p>\n<p class=\"link-more\"><a href=\"https:\/\/wp.ufpel.edu.br\/placeage\/restaurantes\/\" class=\"more-link\">Continue lendo<span class=\"screen-reader-text\"> &#8220;Restaurantes&#8221;<\/span><\/a><\/p>\n","protected":false},"author":717,"featured_media":539,"parent":0,"menu_order":0,"comment_status":"closed","ping_status":"closed","template":"","meta":{"footnotes":""},"class_list":["post-432","page","type-page","status-publish","has-post-thumbnail","hentry"],"yoast_head":"<!-- This site is optimized with the Yoast SEO plugin v26.7 - https:\/\/yoast.com\/wordpress\/plugins\/seo\/ -->\n<title>Restaurantes - Ageing in Place in a World of Inequalities:<\/title>\n<meta name=\"robots\" content=\"index, follow, max-snippet:-1, max-image-preview:large, max-video-preview:-1\" \/>\n<link rel=\"canonical\" href=\"https:\/\/wp.ufpel.edu.br\/placeage\/restaurantes\/\" \/>\n<meta property=\"og:locale\" content=\"pt_BR\" \/>\n<meta property=\"og:type\" content=\"article\" \/>\n<meta property=\"og:title\" content=\"Restaurantes - Ageing in Place in a World of Inequalities:\" \/>\n<meta property=\"og:description\" content=\"Ao redor da Universidade existem diversas op\u00e7\u00f5es de restaurantes e caf\u00e9s muito agrad\u00e1veis. Aqui abaixo listamos algumas op\u00e7\u00f5es interessantes, informando a dist\u00e2ncia a partir do lugar do evento: Amor Amora Cozinha Artesanal Telefone: +55 53 3027-5490 Endere\u00e7o: Dom Pedro II, 458 &#8211; Centro, Pelotas &#8211; RS, 96010-300 Hor\u00e1rio: 11:30\u201314:00 Dist\u00e2ncia: 700 m Faixa de pre\u00e7o: &hellip; Continue lendo &quot;Restaurantes&quot;\" \/>\n<meta property=\"og:url\" content=\"https:\/\/wp.ufpel.edu.br\/placeage\/restaurantes\/\" \/>\n<meta property=\"og:site_name\" content=\"Ageing in Place in a World of Inequalities:\" \/>\n<meta property=\"article:modified_time\" content=\"2019-04-02T18:14:00+00:00\" \/>\n<meta property=\"og:image\" content=\"https:\/\/wp.ufpel.edu.br\/placeage\/files\/2019\/03\/RdhDo1L-e1553621483325.jpeg\" \/>\n\t<meta property=\"og:image:width\" content=\"2048\" \/>\n\t<meta property=\"og:image:height\" content=\"752\" \/>\n\t<meta property=\"og:image:type\" content=\"image\/jpeg\" \/>\n<meta name=\"twitter:card\" content=\"summary_large_image\" \/>\n<meta name=\"twitter:label1\" content=\"Est. tempo de leitura\" \/>\n\t<meta name=\"twitter:data1\" content=\"1 minuto\" \/>\n<script type=\"application\/ld+json\" class=\"yoast-schema-graph\">{\"@context\":\"https:\/\/schema.org\",\"@graph\":[{\"@type\":\"WebPage\",\"@id\":\"https:\/\/wp.ufpel.edu.br\/placeage\/restaurantes\/\",\"url\":\"https:\/\/wp.ufpel.edu.br\/placeage\/restaurantes\/\",\"name\":\"Restaurantes - Ageing in Place in a World of Inequalities:\",\"isPartOf\":{\"@id\":\"https:\/\/wp.ufpel.edu.br\/placeage\/#website\"},\"primaryImageOfPage\":{\"@id\":\"https:\/\/wp.ufpel.edu.br\/placeage\/restaurantes\/#primaryimage\"},\"image\":{\"@id\":\"https:\/\/wp.ufpel.edu.br\/placeage\/restaurantes\/#primaryimage\"},\"thumbnailUrl\":\"https:\/\/wp.ufpel.edu.br\/placeage\/files\/2019\/03\/RdhDo1L-e1553621483325.jpeg\",\"datePublished\":\"2019-03-25T17:17:47+00:00\",\"dateModified\":\"2019-04-02T18:14:00+00:00\",\"breadcrumb\":{\"@id\":\"https:\/\/wp.ufpel.edu.br\/placeage\/restaurantes\/#breadcrumb\"},\"inLanguage\":\"pt-BR\",\"potentialAction\":[{\"@type\":\"ReadAction\",\"target\":[\"https:\/\/wp.ufpel.edu.br\/placeage\/restaurantes\/\"]}]},{\"@type\":\"ImageObject\",\"inLanguage\":\"pt-BR\",\"@id\":\"https:\/\/wp.ufpel.edu.br\/placeage\/restaurantes\/#primaryimage\",\"url\":\"https:\/\/wp.ufpel.edu.br\/placeage\/files\/2019\/03\/RdhDo1L-e1553621483325.jpeg\",\"contentUrl\":\"https:\/\/wp.ufpel.edu.br\/placeage\/files\/2019\/03\/RdhDo1L-e1553621483325.jpeg\",\"width\":2048,\"height\":752},{\"@type\":\"BreadcrumbList\",\"@id\":\"https:\/\/wp.ufpel.edu.br\/placeage\/restaurantes\/#breadcrumb\",\"itemListElement\":[{\"@type\":\"ListItem\",\"position\":1,\"name\":\"In\u00edcio\",\"item\":\"https:\/\/wp.ufpel.edu.br\/placeage\/\"},{\"@type\":\"ListItem\",\"position\":2,\"name\":\"Restaurantes\"}]},{\"@type\":\"WebSite\",\"@id\":\"https:\/\/wp.ufpel.edu.br\/placeage\/#website\",\"url\":\"https:\/\/wp.ufpel.edu.br\/placeage\/\",\"name\":\"Symposium Ageing Inequalities\",\"description\":\"How to Design Healthy Cities for All | IAPS SYMPOSIUM 2019\",\"publisher\":{\"@id\":\"https:\/\/wp.ufpel.edu.br\/placeage\/#organization\"},\"potentialAction\":[{\"@type\":\"SearchAction\",\"target\":{\"@type\":\"EntryPoint\",\"urlTemplate\":\"https:\/\/wp.ufpel.edu.br\/placeage\/?s={search_term_string}\"},\"query-input\":{\"@type\":\"PropertyValueSpecification\",\"valueRequired\":true,\"valueName\":\"search_term_string\"}}],\"inLanguage\":\"pt-BR\"},{\"@type\":\"Organization\",\"@id\":\"https:\/\/wp.ufpel.edu.br\/placeage\/#organization\",\"name\":\"Syposium IAPS 2019\",\"url\":\"https:\/\/wp.ufpel.edu.br\/placeage\/\",\"logo\":{\"@type\":\"ImageObject\",\"inLanguage\":\"pt-BR\",\"@id\":\"https:\/\/wp.ufpel.edu.br\/placeage\/#\/schema\/logo\/image\/\",\"url\":\"https:\/\/wp.ufpel.edu.br\/placeage\/files\/2019\/04\/cropped-data-17-17-4.png\",\"contentUrl\":\"https:\/\/wp.ufpel.edu.br\/placeage\/files\/2019\/04\/cropped-data-17-17-4.png\",\"width\":411,\"height\":250,\"caption\":\"Syposium IAPS 2019\"},\"image\":{\"@id\":\"https:\/\/wp.ufpel.edu.br\/placeage\/#\/schema\/logo\/image\/\"}}]}<\/script>\n<!-- \/ Yoast SEO plugin. -->","yoast_head_json":{"title":"Restaurantes - Ageing in Place in a World of Inequalities:","robots":{"index":"index","follow":"follow","max-snippet":"max-snippet:-1","max-image-preview":"max-image-preview:large","max-video-preview":"max-video-preview:-1"},"canonical":"https:\/\/wp.ufpel.edu.br\/placeage\/restaurantes\/","og_locale":"pt_BR","og_type":"article","og_title":"Restaurantes - Ageing in Place in a World of Inequalities:","og_description":"Ao redor da Universidade existem diversas op\u00e7\u00f5es de restaurantes e caf\u00e9s muito agrad\u00e1veis. Aqui abaixo listamos algumas op\u00e7\u00f5es interessantes, informando a dist\u00e2ncia a partir do lugar do evento: Amor Amora Cozinha Artesanal Telefone: +55 53 3027-5490 Endere\u00e7o: Dom Pedro II, 458 &#8211; Centro, Pelotas &#8211; RS, 96010-300 Hor\u00e1rio: 11:30\u201314:00 Dist\u00e2ncia: 700 m Faixa de pre\u00e7o: &hellip; Continue lendo \"Restaurantes\"","og_url":"https:\/\/wp.ufpel.edu.br\/placeage\/restaurantes\/","og_site_name":"Ageing in Place in a World of Inequalities:","article_modified_time":"2019-04-02T18:14:00+00:00","og_image":[{"width":2048,"height":752,"url":"https:\/\/wp.ufpel.edu.br\/placeage\/files\/2019\/03\/RdhDo1L-e1553621483325.jpeg","type":"image\/jpeg"}],"twitter_card":"summary_large_image","twitter_misc":{"Est. tempo de leitura":"1 minuto"},"schema":{"@context":"https:\/\/schema.org","@graph":[{"@type":"WebPage","@id":"https:\/\/wp.ufpel.edu.br\/placeage\/restaurantes\/","url":"https:\/\/wp.ufpel.edu.br\/placeage\/restaurantes\/","name":"Restaurantes - Ageing in Place in a World of Inequalities:","isPartOf":{"@id":"https:\/\/wp.ufpel.edu.br\/placeage\/#website"},"primaryImageOfPage":{"@id":"https:\/\/wp.ufpel.edu.br\/placeage\/restaurantes\/#primaryimage"},"image":{"@id":"https:\/\/wp.ufpel.edu.br\/placeage\/restaurantes\/#primaryimage"},"thumbnailUrl":"https:\/\/wp.ufpel.edu.br\/placeage\/files\/2019\/03\/RdhDo1L-e1553621483325.jpeg","datePublished":"2019-03-25T17:17:47+00:00","dateModified":"2019-04-02T18:14:00+00:00","breadcrumb":{"@id":"https:\/\/wp.ufpel.edu.br\/placeage\/restaurantes\/#breadcrumb"},"inLanguage":"pt-BR","potentialAction":[{"@type":"ReadAction","target":["https:\/\/wp.ufpel.edu.br\/placeage\/restaurantes\/"]}]},{"@type":"ImageObject","inLanguage":"pt-BR","@id":"https:\/\/wp.ufpel.edu.br\/placeage\/restaurantes\/#primaryimage","url":"https:\/\/wp.ufpel.edu.br\/placeage\/files\/2019\/03\/RdhDo1L-e1553621483325.jpeg","contentUrl":"https:\/\/wp.ufpel.edu.br\/placeage\/files\/2019\/03\/RdhDo1L-e1553621483325.jpeg","width":2048,"height":752},{"@type":"BreadcrumbList","@id":"https:\/\/wp.ufpel.edu.br\/placeage\/restaurantes\/#breadcrumb","itemListElement":[{"@type":"ListItem","position":1,"name":"In\u00edcio","item":"https:\/\/wp.ufpel.edu.br\/placeage\/"},{"@type":"ListItem","position":2,"name":"Restaurantes"}]},{"@type":"WebSite","@id":"https:\/\/wp.ufpel.edu.br\/placeage\/#website","url":"https:\/\/wp.ufpel.edu.br\/placeage\/","name":"Symposium Ageing Inequalities","description":"How to Design Healthy Cities for All | IAPS SYMPOSIUM 2019","publisher":{"@id":"https:\/\/wp.ufpel.edu.br\/placeage\/#organization"},"potentialAction":[{"@type":"SearchAction","target":{"@type":"EntryPoint","urlTemplate":"https:\/\/wp.ufpel.edu.br\/placeage\/?s={search_term_string}"},"query-input":{"@type":"PropertyValueSpecification","valueRequired":true,"valueName":"search_term_string"}}],"inLanguage":"pt-BR"},{"@type":"Organization","@id":"https:\/\/wp.ufpel.edu.br\/placeage\/#organization","name":"Syposium IAPS 2019","url":"https:\/\/wp.ufpel.edu.br\/placeage\/","logo":{"@type":"ImageObject","inLanguage":"pt-BR","@id":"https:\/\/wp.ufpel.edu.br\/placeage\/#\/schema\/logo\/image\/","url":"https:\/\/wp.ufpel.edu.br\/placeage\/files\/2019\/04\/cropped-data-17-17-4.png","contentUrl":"https:\/\/wp.ufpel.edu.br\/placeage\/files\/2019\/04\/cropped-data-17-17-4.png","width":411,"height":250,"caption":"Syposium IAPS 2019"},"image":{"@id":"https:\/\/wp.ufpel.edu.br\/placeage\/#\/schema\/logo\/image\/"}}]}},"_links":{"self":[{"href":"https:\/\/wp.ufpel.edu.br\/placeage\/wp-json\/wp\/v2\/pages\/432","targetHints":{"allow":["GET"]}}],"collection":[{"href":"https:\/\/wp.ufpel.edu.br\/placeage\/wp-json\/wp\/v2\/pages"}],"about":[{"href":"https:\/\/wp.ufpel.edu.br\/placeage\/wp-json\/wp\/v2\/types\/page"}],"author":[{"embeddable":true,"href":"https:\/\/wp.ufpel.edu.br\/placeage\/wp-json\/wp\/v2\/users\/717"}],"replies":[{"embeddable":true,"href":"https:\/\/wp.ufpel.edu.br\/placeage\/wp-json\/wp\/v2\/comments?post=432"}],"version-history":[{"count":9,"href":"https:\/\/wp.ufpel.edu.br\/placeage\/wp-json\/wp\/v2\/pages\/432\/revisions"}],"predecessor-version":[{"id":1404,"href":"https:\/\/wp.ufpel.edu.br\/placeage\/wp-json\/wp\/v2\/pages\/432\/revisions\/1404"}],"wp:featuredmedia":[{"embeddable":true,"href":"https:\/\/wp.ufpel.edu.br\/placeage\/wp-json\/wp\/v2\/media\/539"}],"wp:attachment":[{"href":"https:\/\/wp.ufpel.edu.br\/placeage\/wp-json\/wp\/v2\/media?parent=432"}],"curies":[{"name":"wp","href":"https:\/\/api.w.org\/{rel}","templated":true}]}}