{"id":382,"date":"2019-03-22T17:15:53","date_gmt":"2019-03-22T20:15:53","guid":{"rendered":"https:\/\/wp.ufpel.edu.br\/placeage\/?page_id=382"},"modified":"2019-08-08T07:47:45","modified_gmt":"2019-08-08T10:47:45","slug":"submissoes_32","status":"publish","type":"page","link":"https:\/\/wp.ufpel.edu.br\/placeage\/submissoes_32\/","title":{"rendered":"Submiss\u00f5es"},"content":{"rendered":"<p style=\"text-align: justify\"><span style=\"font-family: helvetica, arial, sans-serif\">Os trabalhos poder\u00e3o ser submetidos e apresentados em portugu\u00eas, ingl\u00eas ou espanhol. Um <em>resumo expandido de 1500 a 2000 palavras<\/em> (sem contar as refer\u00eancias bibliogr\u00e1ficas) deve ser submetido atrav\u00e9s do <strong>Formul\u00e1rio de Submiss\u00e3o<\/strong> (Portugu\u00eas ou em Espanhol) at\u00e9 dia <span style=\"color: #800023\"><strong><span style=\"color: #333333\"><del>31 de Julho<\/del><\/span> 07 de agosto de 2019.<\/strong> <\/span>O trabalho dever\u00e1 estar ligado a uma das Linhas Tem\u00e1ticas do Simp\u00f3sio. Cada inscrito poder\u00e1 apresentar um trabalho como primeiro autor.<\/span><\/p>\n<p style=\"text-align: justify\"><span style=\"font-family: helvetica, arial, sans-serif\">O trabalho deve ser submetido tendo como modelo o <span style=\"color: #800023\"><strong>TEMPLATE<\/strong><\/span> (<a href=\"https:\/\/drive.google.com\/file\/d\/1MZWY4stfhTtOBQUFPI2Z88rAziggWi9j\/view?usp=sharing\" target=\"_blank\" rel=\"noopener noreferrer\">Portugu\u00eas<\/a>\u00a0ou <a href=\"https:\/\/drive.google.com\/file\/d\/12uYBKq7L8q6jBseFXZHGSKxZGeEzp6wu\/view?usp=sharing\" target=\"_blank\" rel=\"noopener noreferrer\">Espanhol<\/a>) e ser anexado ao formul\u00e1rio de submiss\u00e3o na extens\u00e3o <em>docx<\/em>.<\/span><\/p>\n<p style=\"text-align: justify\"><span style=\"font-family: helvetica, arial, sans-serif\">Ap\u00f3s o evento, os participantes ser\u00e3o convidados a submeter o artigo completo do seu trabalho para a edi\u00e7\u00e3o especial do peri\u00f3dico acad\u00eamico PIXO: <a href=\"https:\/\/periodicos.ufpel.edu.br\/ojs2\/index.php\/pixo\" target=\"_blank\" rel=\"noopener noreferrer\">https:\/\/periodicos.ufpel.edu.br\/ojs2\/index.php\/pixo<\/a><\/span><\/p>\n<p style=\"text-align: justify\"><span style=\"font-family: helvetica, arial, sans-serif\">Qualquer d\u00favida ou esclarecimento, por gentileza nos envie uma mensagem para o e-mail:<\/span><br \/>\n<span style=\"color: #333333;font-family: helvetica, arial, sans-serif\">simposioiaps2019@gmail.com<\/span><\/p>\n","protected":false},"excerpt":{"rendered":"<p>Os trabalhos poder\u00e3o ser submetidos e apresentados em portugu\u00eas, ingl\u00eas ou espanhol. Um resumo expandido de 1500 a 2000 palavras (sem contar as refer\u00eancias bibliogr\u00e1ficas) deve ser submetido atrav\u00e9s do Formul\u00e1rio de Submiss\u00e3o (Portugu\u00eas ou em Espanhol) at\u00e9 dia 31 de Julho 07 de agosto de 2019. O trabalho dever\u00e1 estar ligado a uma das &hellip; <\/p>\n<p class=\"link-more\"><a href=\"https:\/\/wp.ufpel.edu.br\/placeage\/submissoes_32\/\" class=\"more-link\">Continue lendo<span class=\"screen-reader-text\"> &#8220;Submiss\u00f5es&#8221;<\/span><\/a><\/p>\n","protected":false},"author":717,"featured_media":0,"parent":0,"menu_order":0,"comment_status":"closed","ping_status":"closed","template":"","meta":{"footnotes":""},"class_list":["post-382","page","type-page","status-publish","hentry"],"yoast_head":"<!-- This site is optimized with the Yoast SEO plugin v26.7 - https:\/\/yoast.com\/wordpress\/plugins\/seo\/ -->\n<title>Submiss\u00f5es - Ageing in Place in a World of Inequalities:<\/title>\n<meta name=\"robots\" content=\"index, follow, max-snippet:-1, max-image-preview:large, max-video-preview:-1\" \/>\n<link rel=\"canonical\" href=\"https:\/\/wp.ufpel.edu.br\/placeage\/submissoes_32\/\" \/>\n<meta property=\"og:locale\" content=\"pt_BR\" \/>\n<meta property=\"og:type\" content=\"article\" \/>\n<meta property=\"og:title\" content=\"Submiss\u00f5es - Ageing in Place in a World of Inequalities:\" \/>\n<meta property=\"og:description\" content=\"Os trabalhos poder\u00e3o ser submetidos e apresentados em portugu\u00eas, ingl\u00eas ou espanhol. Um resumo expandido de 1500 a 2000 palavras (sem contar as refer\u00eancias bibliogr\u00e1ficas) deve ser submetido atrav\u00e9s do Formul\u00e1rio de Submiss\u00e3o (Portugu\u00eas ou em Espanhol) at\u00e9 dia 31 de Julho 07 de agosto de 2019. O trabalho dever\u00e1 estar ligado a uma das &hellip; Continue lendo &quot;Submiss\u00f5es&quot;\" \/>\n<meta property=\"og:url\" content=\"https:\/\/wp.ufpel.edu.br\/placeage\/submissoes_32\/\" \/>\n<meta property=\"og:site_name\" content=\"Ageing in Place in a World of Inequalities:\" \/>\n<meta property=\"article:modified_time\" content=\"2019-08-08T10:47:45+00:00\" \/>\n<meta name=\"twitter:card\" content=\"summary_large_image\" \/>\n<meta name=\"twitter:label1\" content=\"Est. tempo de leitura\" \/>\n\t<meta name=\"twitter:data1\" content=\"1 minuto\" \/>\n<script type=\"application\/ld+json\" class=\"yoast-schema-graph\">{\"@context\":\"https:\/\/schema.org\",\"@graph\":[{\"@type\":\"WebPage\",\"@id\":\"https:\/\/wp.ufpel.edu.br\/placeage\/submissoes_32\/\",\"url\":\"https:\/\/wp.ufpel.edu.br\/placeage\/submissoes_32\/\",\"name\":\"Submiss\u00f5es - Ageing in Place in a World of Inequalities:\",\"isPartOf\":{\"@id\":\"https:\/\/wp.ufpel.edu.br\/placeage\/#website\"},\"datePublished\":\"2019-03-22T20:15:53+00:00\",\"dateModified\":\"2019-08-08T10:47:45+00:00\",\"breadcrumb\":{\"@id\":\"https:\/\/wp.ufpel.edu.br\/placeage\/submissoes_32\/#breadcrumb\"},\"inLanguage\":\"pt-BR\",\"potentialAction\":[{\"@type\":\"ReadAction\",\"target\":[\"https:\/\/wp.ufpel.edu.br\/placeage\/submissoes_32\/\"]}]},{\"@type\":\"BreadcrumbList\",\"@id\":\"https:\/\/wp.ufpel.edu.br\/placeage\/submissoes_32\/#breadcrumb\",\"itemListElement\":[{\"@type\":\"ListItem\",\"position\":1,\"name\":\"In\u00edcio\",\"item\":\"https:\/\/wp.ufpel.edu.br\/placeage\/\"},{\"@type\":\"ListItem\",\"position\":2,\"name\":\"Submiss\u00f5es\"}]},{\"@type\":\"WebSite\",\"@id\":\"https:\/\/wp.ufpel.edu.br\/placeage\/#website\",\"url\":\"https:\/\/wp.ufpel.edu.br\/placeage\/\",\"name\":\"Symposium Ageing Inequalities\",\"description\":\"How to Design Healthy Cities for All | IAPS SYMPOSIUM 2019\",\"publisher\":{\"@id\":\"https:\/\/wp.ufpel.edu.br\/placeage\/#organization\"},\"potentialAction\":[{\"@type\":\"SearchAction\",\"target\":{\"@type\":\"EntryPoint\",\"urlTemplate\":\"https:\/\/wp.ufpel.edu.br\/placeage\/?s={search_term_string}\"},\"query-input\":{\"@type\":\"PropertyValueSpecification\",\"valueRequired\":true,\"valueName\":\"search_term_string\"}}],\"inLanguage\":\"pt-BR\"},{\"@type\":\"Organization\",\"@id\":\"https:\/\/wp.ufpel.edu.br\/placeage\/#organization\",\"name\":\"Syposium IAPS 2019\",\"url\":\"https:\/\/wp.ufpel.edu.br\/placeage\/\",\"logo\":{\"@type\":\"ImageObject\",\"inLanguage\":\"pt-BR\",\"@id\":\"https:\/\/wp.ufpel.edu.br\/placeage\/#\/schema\/logo\/image\/\",\"url\":\"https:\/\/wp.ufpel.edu.br\/placeage\/files\/2019\/04\/cropped-data-17-17-4.png\",\"contentUrl\":\"https:\/\/wp.ufpel.edu.br\/placeage\/files\/2019\/04\/cropped-data-17-17-4.png\",\"width\":411,\"height\":250,\"caption\":\"Syposium IAPS 2019\"},\"image\":{\"@id\":\"https:\/\/wp.ufpel.edu.br\/placeage\/#\/schema\/logo\/image\/\"}}]}<\/script>\n<!-- \/ Yoast SEO plugin. -->","yoast_head_json":{"title":"Submiss\u00f5es - Ageing in Place in a World of Inequalities:","robots":{"index":"index","follow":"follow","max-snippet":"max-snippet:-1","max-image-preview":"max-image-preview:large","max-video-preview":"max-video-preview:-1"},"canonical":"https:\/\/wp.ufpel.edu.br\/placeage\/submissoes_32\/","og_locale":"pt_BR","og_type":"article","og_title":"Submiss\u00f5es - Ageing in Place in a World of Inequalities:","og_description":"Os trabalhos poder\u00e3o ser submetidos e apresentados em portugu\u00eas, ingl\u00eas ou espanhol. Um resumo expandido de 1500 a 2000 palavras (sem contar as refer\u00eancias bibliogr\u00e1ficas) deve ser submetido atrav\u00e9s do Formul\u00e1rio de Submiss\u00e3o (Portugu\u00eas ou em Espanhol) at\u00e9 dia 31 de Julho 07 de agosto de 2019. O trabalho dever\u00e1 estar ligado a uma das &hellip; Continue lendo \"Submiss\u00f5es\"","og_url":"https:\/\/wp.ufpel.edu.br\/placeage\/submissoes_32\/","og_site_name":"Ageing in Place in a World of Inequalities:","article_modified_time":"2019-08-08T10:47:45+00:00","twitter_card":"summary_large_image","twitter_misc":{"Est. tempo de leitura":"1 minuto"},"schema":{"@context":"https:\/\/schema.org","@graph":[{"@type":"WebPage","@id":"https:\/\/wp.ufpel.edu.br\/placeage\/submissoes_32\/","url":"https:\/\/wp.ufpel.edu.br\/placeage\/submissoes_32\/","name":"Submiss\u00f5es - Ageing in Place in a World of Inequalities:","isPartOf":{"@id":"https:\/\/wp.ufpel.edu.br\/placeage\/#website"},"datePublished":"2019-03-22T20:15:53+00:00","dateModified":"2019-08-08T10:47:45+00:00","breadcrumb":{"@id":"https:\/\/wp.ufpel.edu.br\/placeage\/submissoes_32\/#breadcrumb"},"inLanguage":"pt-BR","potentialAction":[{"@type":"ReadAction","target":["https:\/\/wp.ufpel.edu.br\/placeage\/submissoes_32\/"]}]},{"@type":"BreadcrumbList","@id":"https:\/\/wp.ufpel.edu.br\/placeage\/submissoes_32\/#breadcrumb","itemListElement":[{"@type":"ListItem","position":1,"name":"In\u00edcio","item":"https:\/\/wp.ufpel.edu.br\/placeage\/"},{"@type":"ListItem","position":2,"name":"Submiss\u00f5es"}]},{"@type":"WebSite","@id":"https:\/\/wp.ufpel.edu.br\/placeage\/#website","url":"https:\/\/wp.ufpel.edu.br\/placeage\/","name":"Symposium Ageing Inequalities","description":"How to Design Healthy Cities for All | IAPS SYMPOSIUM 2019","publisher":{"@id":"https:\/\/wp.ufpel.edu.br\/placeage\/#organization"},"potentialAction":[{"@type":"SearchAction","target":{"@type":"EntryPoint","urlTemplate":"https:\/\/wp.ufpel.edu.br\/placeage\/?s={search_term_string}"},"query-input":{"@type":"PropertyValueSpecification","valueRequired":true,"valueName":"search_term_string"}}],"inLanguage":"pt-BR"},{"@type":"Organization","@id":"https:\/\/wp.ufpel.edu.br\/placeage\/#organization","name":"Syposium IAPS 2019","url":"https:\/\/wp.ufpel.edu.br\/placeage\/","logo":{"@type":"ImageObject","inLanguage":"pt-BR","@id":"https:\/\/wp.ufpel.edu.br\/placeage\/#\/schema\/logo\/image\/","url":"https:\/\/wp.ufpel.edu.br\/placeage\/files\/2019\/04\/cropped-data-17-17-4.png","contentUrl":"https:\/\/wp.ufpel.edu.br\/placeage\/files\/2019\/04\/cropped-data-17-17-4.png","width":411,"height":250,"caption":"Syposium IAPS 2019"},"image":{"@id":"https:\/\/wp.ufpel.edu.br\/placeage\/#\/schema\/logo\/image\/"}}]}},"_links":{"self":[{"href":"https:\/\/wp.ufpel.edu.br\/placeage\/wp-json\/wp\/v2\/pages\/382","targetHints":{"allow":["GET"]}}],"collection":[{"href":"https:\/\/wp.ufpel.edu.br\/placeage\/wp-json\/wp\/v2\/pages"}],"about":[{"href":"https:\/\/wp.ufpel.edu.br\/placeage\/wp-json\/wp\/v2\/types\/page"}],"author":[{"embeddable":true,"href":"https:\/\/wp.ufpel.edu.br\/placeage\/wp-json\/wp\/v2\/users\/717"}],"replies":[{"embeddable":true,"href":"https:\/\/wp.ufpel.edu.br\/placeage\/wp-json\/wp\/v2\/comments?post=382"}],"version-history":[{"count":33,"href":"https:\/\/wp.ufpel.edu.br\/placeage\/wp-json\/wp\/v2\/pages\/382\/revisions"}],"predecessor-version":[{"id":1544,"href":"https:\/\/wp.ufpel.edu.br\/placeage\/wp-json\/wp\/v2\/pages\/382\/revisions\/1544"}],"wp:attachment":[{"href":"https:\/\/wp.ufpel.edu.br\/placeage\/wp-json\/wp\/v2\/media?parent=382"}],"curies":[{"name":"wp","href":"https:\/\/api.w.org\/{rel}","templated":true}]}}