{"id":375,"date":"2019-03-22T17:01:02","date_gmt":"2019-03-22T20:01:02","guid":{"rendered":"https:\/\/wp.ufpel.edu.br\/placeage\/?page_id=375"},"modified":"2019-04-05T18:52:08","modified_gmt":"2019-04-05T21:52:08","slug":"laboratorio-de-estudos-comportamentais","status":"publish","type":"page","link":"https:\/\/wp.ufpel.edu.br\/placeage\/laboratorio-de-estudos-comportamentais\/","title":{"rendered":"Laborat\u00f3rio de Estudos Comportamentais"},"content":{"rendered":"<p style=\"text-align: justify\"><span style=\"font-family: helvetica, arial, sans-serif\">O Laborat\u00f3rio foi criado dentro do Departamento de Arquitetura e Urbanismo da Faculdade de Arquitetura e Urbanismo da UFPel, a partir do interesse de um grupo de professores de realizar pesquisas multidisciplinares, na \u00e1rea da psicologia ambiental, arquitetura, urbanismo, sociologia e filosofia, com o objetivo de entender como as pessoas percebem e se comportam no ambiente da cidade. O Projeto \u2018Projetando Lugares com Idosos: Rumo \u00e0s Comunidades Amigas do Envelhecimento\u2019, financiado pelo Reino Unido, pela Ag\u00eancia Brit\u00e2nica ESRC (Economic and Social Research Council), e coordenado no Brasil pela Professora Adriana Portella, foi o ponto de partida que instigou a cria\u00e7\u00e3o do Laborat\u00f3rio na UFPel. Para maiores informa\u00e7\u00f5es acesse o site do Laborat\u00f3rio: <a href=\"https:\/\/wp.ufpel.edu.br\/labcom\/\">https:\/\/wp.ufpel.edu.br\/labcom\/<\/a><\/span><\/p>\n","protected":false},"excerpt":{"rendered":"<p>O Laborat\u00f3rio foi criado dentro do Departamento de Arquitetura e Urbanismo da Faculdade de Arquitetura e Urbanismo da UFPel, a partir do interesse de um grupo de professores de realizar pesquisas multidisciplinares, na \u00e1rea da psicologia ambiental, arquitetura, urbanismo, sociologia e filosofia, com o objetivo de entender como as pessoas percebem e se comportam no &hellip; <\/p>\n<p class=\"link-more\"><a href=\"https:\/\/wp.ufpel.edu.br\/placeage\/laboratorio-de-estudos-comportamentais\/\" class=\"more-link\">Continue lendo<span class=\"screen-reader-text\"> &#8220;Laborat\u00f3rio de Estudos Comportamentais&#8221;<\/span><\/a><\/p>\n","protected":false},"author":717,"featured_media":730,"parent":0,"menu_order":0,"comment_status":"closed","ping_status":"closed","template":"","meta":{"footnotes":""},"class_list":["post-375","page","type-page","status-publish","has-post-thumbnail","hentry"],"yoast_head":"<!-- This site is optimized with the Yoast SEO plugin v26.7 - https:\/\/yoast.com\/wordpress\/plugins\/seo\/ -->\n<title>Laborat\u00f3rio de Estudos Comportamentais - Ageing in Place in a World of Inequalities:<\/title>\n<meta name=\"robots\" content=\"index, follow, max-snippet:-1, max-image-preview:large, max-video-preview:-1\" \/>\n<link rel=\"canonical\" href=\"https:\/\/wp.ufpel.edu.br\/placeage\/laboratorio-de-estudos-comportamentais\/\" \/>\n<meta property=\"og:locale\" content=\"pt_BR\" \/>\n<meta property=\"og:type\" content=\"article\" \/>\n<meta property=\"og:title\" content=\"Laborat\u00f3rio de Estudos Comportamentais - Ageing in Place in a World of Inequalities:\" \/>\n<meta property=\"og:description\" content=\"O Laborat\u00f3rio foi criado dentro do Departamento de Arquitetura e Urbanismo da Faculdade de Arquitetura e Urbanismo da UFPel, a partir do interesse de um grupo de professores de realizar pesquisas multidisciplinares, na \u00e1rea da psicologia ambiental, arquitetura, urbanismo, sociologia e filosofia, com o objetivo de entender como as pessoas percebem e se comportam no &hellip; Continue lendo &quot;Laborat\u00f3rio de Estudos Comportamentais&quot;\" \/>\n<meta property=\"og:url\" content=\"https:\/\/wp.ufpel.edu.br\/placeage\/laboratorio-de-estudos-comportamentais\/\" \/>\n<meta property=\"og:site_name\" content=\"Ageing in Place in a World of Inequalities:\" \/>\n<meta property=\"article:modified_time\" content=\"2019-04-05T21:52:08+00:00\" \/>\n<meta property=\"og:image\" content=\"https:\/\/wp.ufpel.edu.br\/placeage\/files\/2019\/03\/labcom-22-1.jpg\" \/>\n\t<meta property=\"og:image:width\" content=\"1649\" \/>\n\t<meta property=\"og:image:height\" content=\"476\" \/>\n\t<meta property=\"og:image:type\" content=\"image\/jpeg\" \/>\n<meta name=\"twitter:card\" content=\"summary_large_image\" \/>\n<meta name=\"twitter:label1\" content=\"Est. tempo de leitura\" \/>\n\t<meta name=\"twitter:data1\" content=\"1 minuto\" \/>\n<script type=\"application\/ld+json\" class=\"yoast-schema-graph\">{\"@context\":\"https:\/\/schema.org\",\"@graph\":[{\"@type\":\"WebPage\",\"@id\":\"https:\/\/wp.ufpel.edu.br\/placeage\/laboratorio-de-estudos-comportamentais\/\",\"url\":\"https:\/\/wp.ufpel.edu.br\/placeage\/laboratorio-de-estudos-comportamentais\/\",\"name\":\"Laborat\u00f3rio de Estudos Comportamentais - Ageing in Place in a World of Inequalities:\",\"isPartOf\":{\"@id\":\"https:\/\/wp.ufpel.edu.br\/placeage\/#website\"},\"primaryImageOfPage\":{\"@id\":\"https:\/\/wp.ufpel.edu.br\/placeage\/laboratorio-de-estudos-comportamentais\/#primaryimage\"},\"image\":{\"@id\":\"https:\/\/wp.ufpel.edu.br\/placeage\/laboratorio-de-estudos-comportamentais\/#primaryimage\"},\"thumbnailUrl\":\"https:\/\/wp.ufpel.edu.br\/placeage\/files\/2019\/03\/labcom-22-1.jpg\",\"datePublished\":\"2019-03-22T20:01:02+00:00\",\"dateModified\":\"2019-04-05T21:52:08+00:00\",\"breadcrumb\":{\"@id\":\"https:\/\/wp.ufpel.edu.br\/placeage\/laboratorio-de-estudos-comportamentais\/#breadcrumb\"},\"inLanguage\":\"pt-BR\",\"potentialAction\":[{\"@type\":\"ReadAction\",\"target\":[\"https:\/\/wp.ufpel.edu.br\/placeage\/laboratorio-de-estudos-comportamentais\/\"]}]},{\"@type\":\"ImageObject\",\"inLanguage\":\"pt-BR\",\"@id\":\"https:\/\/wp.ufpel.edu.br\/placeage\/laboratorio-de-estudos-comportamentais\/#primaryimage\",\"url\":\"https:\/\/wp.ufpel.edu.br\/placeage\/files\/2019\/03\/labcom-22-1.jpg\",\"contentUrl\":\"https:\/\/wp.ufpel.edu.br\/placeage\/files\/2019\/03\/labcom-22-1.jpg\",\"width\":1649,\"height\":476},{\"@type\":\"BreadcrumbList\",\"@id\":\"https:\/\/wp.ufpel.edu.br\/placeage\/laboratorio-de-estudos-comportamentais\/#breadcrumb\",\"itemListElement\":[{\"@type\":\"ListItem\",\"position\":1,\"name\":\"In\u00edcio\",\"item\":\"https:\/\/wp.ufpel.edu.br\/placeage\/\"},{\"@type\":\"ListItem\",\"position\":2,\"name\":\"Laborat\u00f3rio de Estudos Comportamentais\"}]},{\"@type\":\"WebSite\",\"@id\":\"https:\/\/wp.ufpel.edu.br\/placeage\/#website\",\"url\":\"https:\/\/wp.ufpel.edu.br\/placeage\/\",\"name\":\"Symposium Ageing Inequalities\",\"description\":\"How to Design Healthy Cities for All | IAPS SYMPOSIUM 2019\",\"publisher\":{\"@id\":\"https:\/\/wp.ufpel.edu.br\/placeage\/#organization\"},\"potentialAction\":[{\"@type\":\"SearchAction\",\"target\":{\"@type\":\"EntryPoint\",\"urlTemplate\":\"https:\/\/wp.ufpel.edu.br\/placeage\/?s={search_term_string}\"},\"query-input\":{\"@type\":\"PropertyValueSpecification\",\"valueRequired\":true,\"valueName\":\"search_term_string\"}}],\"inLanguage\":\"pt-BR\"},{\"@type\":\"Organization\",\"@id\":\"https:\/\/wp.ufpel.edu.br\/placeage\/#organization\",\"name\":\"Syposium IAPS 2019\",\"url\":\"https:\/\/wp.ufpel.edu.br\/placeage\/\",\"logo\":{\"@type\":\"ImageObject\",\"inLanguage\":\"pt-BR\",\"@id\":\"https:\/\/wp.ufpel.edu.br\/placeage\/#\/schema\/logo\/image\/\",\"url\":\"https:\/\/wp.ufpel.edu.br\/placeage\/files\/2019\/04\/cropped-data-17-17-4.png\",\"contentUrl\":\"https:\/\/wp.ufpel.edu.br\/placeage\/files\/2019\/04\/cropped-data-17-17-4.png\",\"width\":411,\"height\":250,\"caption\":\"Syposium IAPS 2019\"},\"image\":{\"@id\":\"https:\/\/wp.ufpel.edu.br\/placeage\/#\/schema\/logo\/image\/\"}}]}<\/script>\n<!-- \/ Yoast SEO plugin. -->","yoast_head_json":{"title":"Laborat\u00f3rio de Estudos Comportamentais - Ageing in Place in a World of Inequalities:","robots":{"index":"index","follow":"follow","max-snippet":"max-snippet:-1","max-image-preview":"max-image-preview:large","max-video-preview":"max-video-preview:-1"},"canonical":"https:\/\/wp.ufpel.edu.br\/placeage\/laboratorio-de-estudos-comportamentais\/","og_locale":"pt_BR","og_type":"article","og_title":"Laborat\u00f3rio de Estudos Comportamentais - Ageing in Place in a World of Inequalities:","og_description":"O Laborat\u00f3rio foi criado dentro do Departamento de Arquitetura e Urbanismo da Faculdade de Arquitetura e Urbanismo da UFPel, a partir do interesse de um grupo de professores de realizar pesquisas multidisciplinares, na \u00e1rea da psicologia ambiental, arquitetura, urbanismo, sociologia e filosofia, com o objetivo de entender como as pessoas percebem e se comportam no &hellip; Continue lendo \"Laborat\u00f3rio de Estudos Comportamentais\"","og_url":"https:\/\/wp.ufpel.edu.br\/placeage\/laboratorio-de-estudos-comportamentais\/","og_site_name":"Ageing in Place in a World of Inequalities:","article_modified_time":"2019-04-05T21:52:08+00:00","og_image":[{"width":1649,"height":476,"url":"https:\/\/wp.ufpel.edu.br\/placeage\/files\/2019\/03\/labcom-22-1.jpg","type":"image\/jpeg"}],"twitter_card":"summary_large_image","twitter_misc":{"Est. tempo de leitura":"1 minuto"},"schema":{"@context":"https:\/\/schema.org","@graph":[{"@type":"WebPage","@id":"https:\/\/wp.ufpel.edu.br\/placeage\/laboratorio-de-estudos-comportamentais\/","url":"https:\/\/wp.ufpel.edu.br\/placeage\/laboratorio-de-estudos-comportamentais\/","name":"Laborat\u00f3rio de Estudos Comportamentais - Ageing in Place in a World of Inequalities:","isPartOf":{"@id":"https:\/\/wp.ufpel.edu.br\/placeage\/#website"},"primaryImageOfPage":{"@id":"https:\/\/wp.ufpel.edu.br\/placeage\/laboratorio-de-estudos-comportamentais\/#primaryimage"},"image":{"@id":"https:\/\/wp.ufpel.edu.br\/placeage\/laboratorio-de-estudos-comportamentais\/#primaryimage"},"thumbnailUrl":"https:\/\/wp.ufpel.edu.br\/placeage\/files\/2019\/03\/labcom-22-1.jpg","datePublished":"2019-03-22T20:01:02+00:00","dateModified":"2019-04-05T21:52:08+00:00","breadcrumb":{"@id":"https:\/\/wp.ufpel.edu.br\/placeage\/laboratorio-de-estudos-comportamentais\/#breadcrumb"},"inLanguage":"pt-BR","potentialAction":[{"@type":"ReadAction","target":["https:\/\/wp.ufpel.edu.br\/placeage\/laboratorio-de-estudos-comportamentais\/"]}]},{"@type":"ImageObject","inLanguage":"pt-BR","@id":"https:\/\/wp.ufpel.edu.br\/placeage\/laboratorio-de-estudos-comportamentais\/#primaryimage","url":"https:\/\/wp.ufpel.edu.br\/placeage\/files\/2019\/03\/labcom-22-1.jpg","contentUrl":"https:\/\/wp.ufpel.edu.br\/placeage\/files\/2019\/03\/labcom-22-1.jpg","width":1649,"height":476},{"@type":"BreadcrumbList","@id":"https:\/\/wp.ufpel.edu.br\/placeage\/laboratorio-de-estudos-comportamentais\/#breadcrumb","itemListElement":[{"@type":"ListItem","position":1,"name":"In\u00edcio","item":"https:\/\/wp.ufpel.edu.br\/placeage\/"},{"@type":"ListItem","position":2,"name":"Laborat\u00f3rio de Estudos Comportamentais"}]},{"@type":"WebSite","@id":"https:\/\/wp.ufpel.edu.br\/placeage\/#website","url":"https:\/\/wp.ufpel.edu.br\/placeage\/","name":"Symposium Ageing Inequalities","description":"How to Design Healthy Cities for All | IAPS SYMPOSIUM 2019","publisher":{"@id":"https:\/\/wp.ufpel.edu.br\/placeage\/#organization"},"potentialAction":[{"@type":"SearchAction","target":{"@type":"EntryPoint","urlTemplate":"https:\/\/wp.ufpel.edu.br\/placeage\/?s={search_term_string}"},"query-input":{"@type":"PropertyValueSpecification","valueRequired":true,"valueName":"search_term_string"}}],"inLanguage":"pt-BR"},{"@type":"Organization","@id":"https:\/\/wp.ufpel.edu.br\/placeage\/#organization","name":"Syposium IAPS 2019","url":"https:\/\/wp.ufpel.edu.br\/placeage\/","logo":{"@type":"ImageObject","inLanguage":"pt-BR","@id":"https:\/\/wp.ufpel.edu.br\/placeage\/#\/schema\/logo\/image\/","url":"https:\/\/wp.ufpel.edu.br\/placeage\/files\/2019\/04\/cropped-data-17-17-4.png","contentUrl":"https:\/\/wp.ufpel.edu.br\/placeage\/files\/2019\/04\/cropped-data-17-17-4.png","width":411,"height":250,"caption":"Syposium IAPS 2019"},"image":{"@id":"https:\/\/wp.ufpel.edu.br\/placeage\/#\/schema\/logo\/image\/"}}]}},"_links":{"self":[{"href":"https:\/\/wp.ufpel.edu.br\/placeage\/wp-json\/wp\/v2\/pages\/375","targetHints":{"allow":["GET"]}}],"collection":[{"href":"https:\/\/wp.ufpel.edu.br\/placeage\/wp-json\/wp\/v2\/pages"}],"about":[{"href":"https:\/\/wp.ufpel.edu.br\/placeage\/wp-json\/wp\/v2\/types\/page"}],"author":[{"embeddable":true,"href":"https:\/\/wp.ufpel.edu.br\/placeage\/wp-json\/wp\/v2\/users\/717"}],"replies":[{"embeddable":true,"href":"https:\/\/wp.ufpel.edu.br\/placeage\/wp-json\/wp\/v2\/comments?post=375"}],"version-history":[{"count":3,"href":"https:\/\/wp.ufpel.edu.br\/placeage\/wp-json\/wp\/v2\/pages\/375\/revisions"}],"predecessor-version":[{"id":1468,"href":"https:\/\/wp.ufpel.edu.br\/placeage\/wp-json\/wp\/v2\/pages\/375\/revisions\/1468"}],"wp:featuredmedia":[{"embeddable":true,"href":"https:\/\/wp.ufpel.edu.br\/placeage\/wp-json\/wp\/v2\/media\/730"}],"wp:attachment":[{"href":"https:\/\/wp.ufpel.edu.br\/placeage\/wp-json\/wp\/v2\/media?parent=375"}],"curies":[{"name":"wp","href":"https:\/\/api.w.org\/{rel}","templated":true}]}}