{"id":370,"date":"2019-03-22T16:54:24","date_gmt":"2019-03-22T19:54:24","guid":{"rendered":"https:\/\/wp.ufpel.edu.br\/placeage\/?page_id=370"},"modified":"2019-03-26T16:04:03","modified_gmt":"2019-03-26T19:04:03","slug":"programa-de-pos-graduacao-em-arquitetura-e-urbanismo","status":"publish","type":"page","link":"https:\/\/wp.ufpel.edu.br\/placeage\/programa-de-pos-graduacao-em-arquitetura-e-urbanismo\/","title":{"rendered":"Programa de P\u00f3s-Gradua\u00e7\u00e3o em Arquitetura e Urbanismo"},"content":{"rendered":"<p style=\"text-align: justify\"><span style=\"font-family: helvetica, arial, sans-serif\">O <span style=\"color: #800023\"><strong>Programa de P\u00f3s-Gradua\u00e7\u00e3o em Arquitetura e Urbanismo (PROGRAU)<\/strong> <\/span>promove diariamente a amplia\u00e7\u00e3o do conhecimento e perspectiva do aluno de gradua\u00e7\u00e3o diante das diversas interfaces do profissional de Arquitetura e Urbanismo. A integra\u00e7\u00e3o entre o curso de Gradua\u00e7\u00e3o e o de P\u00f3s-gradua\u00e7\u00e3o \u00e9 enfatizada pelos trabalhos dos alunos bolsistas de monitoria e de inicia\u00e7\u00e3o cient\u00edfica que colaboram com os alunos da P\u00f3s-gradua\u00e7\u00e3o nas experi\u00eancias de campo, e na operacionaliza\u00e7\u00e3o de trabalhos experimentais, possibilitando o crescimento de todos os atores envolvidos. Al\u00e9m disso, as atividades desenvolvidas pelo PROGRAU, tais como palestras, semin\u00e1rios e aula inaugural s\u00e3o abertas \u00e0 Gradua\u00e7\u00e3o de modo a incentivar os alunos a desenvolver pesquisa e a ingressar na P\u00f3s-gradua\u00e7\u00e3o, e futuramente na vida acad\u00eamica. O objetivo dessa integra\u00e7\u00e3o \u00e9 trazer as contribui\u00e7\u00f5es dos estudos te\u00f3ricos e pr\u00e1ticos desenvolvidos no Curso de Mestrado como um enriquecimento ao ensino de Gradua\u00e7\u00e3o em Arquitetura e Urbanismo, seja pela transfer\u00eancia de conhecimentos, pura e simples, seja pela repercuss\u00e3o favor\u00e1vel nos h\u00e1bitos e pr\u00e1ticas acad\u00eamicas e\/ou pelas diferentes modalidades de aproxima\u00e7\u00e3o entre os dois n\u00edveis de ensino. Para maiores informa\u00e7\u00f5es acesse o site do Programa: <a href=\"http:\/\/prograu.ufpel.edu.br\/index.php\/br\/\">http:\/\/prograu.ufpel.edu.br\/index.php\/br\/<\/a><\/span><\/p>\n","protected":false},"excerpt":{"rendered":"<p>O Programa de P\u00f3s-Gradua\u00e7\u00e3o em Arquitetura e Urbanismo (PROGRAU) promove diariamente a amplia\u00e7\u00e3o do conhecimento e perspectiva do aluno de gradua\u00e7\u00e3o diante das diversas interfaces do profissional de Arquitetura e Urbanismo. A integra\u00e7\u00e3o entre o curso de Gradua\u00e7\u00e3o e o de P\u00f3s-gradua\u00e7\u00e3o \u00e9 enfatizada pelos trabalhos dos alunos bolsistas de monitoria e de inicia\u00e7\u00e3o cient\u00edfica &hellip; <\/p>\n<p class=\"link-more\"><a href=\"https:\/\/wp.ufpel.edu.br\/placeage\/programa-de-pos-graduacao-em-arquitetura-e-urbanismo\/\" class=\"more-link\">Continue lendo<span class=\"screen-reader-text\"> &#8220;Programa de P\u00f3s-Gradua\u00e7\u00e3o em Arquitetura e Urbanismo&#8221;<\/span><\/a><\/p>\n","protected":false},"author":717,"featured_media":372,"parent":0,"menu_order":0,"comment_status":"closed","ping_status":"closed","template":"","meta":{"footnotes":""},"class_list":["post-370","page","type-page","status-publish","has-post-thumbnail","hentry"],"yoast_head":"<!-- This site is optimized with the Yoast SEO plugin v26.7 - https:\/\/yoast.com\/wordpress\/plugins\/seo\/ -->\n<title>Programa de P\u00f3s-Gradua\u00e7\u00e3o em Arquitetura e Urbanismo - Ageing in Place in a World of Inequalities:<\/title>\n<meta name=\"robots\" content=\"index, follow, max-snippet:-1, max-image-preview:large, max-video-preview:-1\" \/>\n<link rel=\"canonical\" href=\"https:\/\/wp.ufpel.edu.br\/placeage\/programa-de-pos-graduacao-em-arquitetura-e-urbanismo\/\" \/>\n<meta property=\"og:locale\" content=\"pt_BR\" \/>\n<meta property=\"og:type\" content=\"article\" \/>\n<meta property=\"og:title\" content=\"Programa de P\u00f3s-Gradua\u00e7\u00e3o em Arquitetura e Urbanismo - Ageing in Place in a World of Inequalities:\" \/>\n<meta property=\"og:description\" content=\"O Programa de P\u00f3s-Gradua\u00e7\u00e3o em Arquitetura e Urbanismo (PROGRAU) promove diariamente a amplia\u00e7\u00e3o do conhecimento e perspectiva do aluno de gradua\u00e7\u00e3o diante das diversas interfaces do profissional de Arquitetura e Urbanismo. A integra\u00e7\u00e3o entre o curso de Gradua\u00e7\u00e3o e o de P\u00f3s-gradua\u00e7\u00e3o \u00e9 enfatizada pelos trabalhos dos alunos bolsistas de monitoria e de inicia\u00e7\u00e3o cient\u00edfica &hellip; Continue lendo &quot;Programa de P\u00f3s-Gradua\u00e7\u00e3o em Arquitetura e Urbanismo&quot;\" \/>\n<meta property=\"og:url\" content=\"https:\/\/wp.ufpel.edu.br\/placeage\/programa-de-pos-graduacao-em-arquitetura-e-urbanismo\/\" \/>\n<meta property=\"og:site_name\" content=\"Ageing in Place in a World of Inequalities:\" \/>\n<meta property=\"article:modified_time\" content=\"2019-03-26T19:04:03+00:00\" \/>\n<meta property=\"og:image\" content=\"https:\/\/wp.ufpel.edu.br\/placeage\/files\/2019\/03\/luAFqOgC-e1553284552131.jpeg\" \/>\n\t<meta property=\"og:image:width\" content=\"1280\" \/>\n\t<meta property=\"og:image:height\" content=\"422\" \/>\n\t<meta property=\"og:image:type\" content=\"image\/jpeg\" \/>\n<meta name=\"twitter:card\" content=\"summary_large_image\" \/>\n<meta name=\"twitter:label1\" content=\"Est. tempo de leitura\" \/>\n\t<meta name=\"twitter:data1\" content=\"1 minuto\" \/>\n<script type=\"application\/ld+json\" class=\"yoast-schema-graph\">{\"@context\":\"https:\/\/schema.org\",\"@graph\":[{\"@type\":\"WebPage\",\"@id\":\"https:\/\/wp.ufpel.edu.br\/placeage\/programa-de-pos-graduacao-em-arquitetura-e-urbanismo\/\",\"url\":\"https:\/\/wp.ufpel.edu.br\/placeage\/programa-de-pos-graduacao-em-arquitetura-e-urbanismo\/\",\"name\":\"Programa de P\u00f3s-Gradua\u00e7\u00e3o em Arquitetura e Urbanismo - Ageing in Place in a World of Inequalities:\",\"isPartOf\":{\"@id\":\"https:\/\/wp.ufpel.edu.br\/placeage\/#website\"},\"primaryImageOfPage\":{\"@id\":\"https:\/\/wp.ufpel.edu.br\/placeage\/programa-de-pos-graduacao-em-arquitetura-e-urbanismo\/#primaryimage\"},\"image\":{\"@id\":\"https:\/\/wp.ufpel.edu.br\/placeage\/programa-de-pos-graduacao-em-arquitetura-e-urbanismo\/#primaryimage\"},\"thumbnailUrl\":\"https:\/\/wp.ufpel.edu.br\/placeage\/files\/2019\/03\/luAFqOgC-e1553284552131.jpeg\",\"datePublished\":\"2019-03-22T19:54:24+00:00\",\"dateModified\":\"2019-03-26T19:04:03+00:00\",\"breadcrumb\":{\"@id\":\"https:\/\/wp.ufpel.edu.br\/placeage\/programa-de-pos-graduacao-em-arquitetura-e-urbanismo\/#breadcrumb\"},\"inLanguage\":\"pt-BR\",\"potentialAction\":[{\"@type\":\"ReadAction\",\"target\":[\"https:\/\/wp.ufpel.edu.br\/placeage\/programa-de-pos-graduacao-em-arquitetura-e-urbanismo\/\"]}]},{\"@type\":\"ImageObject\",\"inLanguage\":\"pt-BR\",\"@id\":\"https:\/\/wp.ufpel.edu.br\/placeage\/programa-de-pos-graduacao-em-arquitetura-e-urbanismo\/#primaryimage\",\"url\":\"https:\/\/wp.ufpel.edu.br\/placeage\/files\/2019\/03\/luAFqOgC-e1553284552131.jpeg\",\"contentUrl\":\"https:\/\/wp.ufpel.edu.br\/placeage\/files\/2019\/03\/luAFqOgC-e1553284552131.jpeg\",\"width\":1280,\"height\":422},{\"@type\":\"BreadcrumbList\",\"@id\":\"https:\/\/wp.ufpel.edu.br\/placeage\/programa-de-pos-graduacao-em-arquitetura-e-urbanismo\/#breadcrumb\",\"itemListElement\":[{\"@type\":\"ListItem\",\"position\":1,\"name\":\"In\u00edcio\",\"item\":\"https:\/\/wp.ufpel.edu.br\/placeage\/\"},{\"@type\":\"ListItem\",\"position\":2,\"name\":\"Programa de P\u00f3s-Gradua\u00e7\u00e3o em Arquitetura e Urbanismo\"}]},{\"@type\":\"WebSite\",\"@id\":\"https:\/\/wp.ufpel.edu.br\/placeage\/#website\",\"url\":\"https:\/\/wp.ufpel.edu.br\/placeage\/\",\"name\":\"Symposium Ageing Inequalities\",\"description\":\"How to Design Healthy Cities for All | IAPS SYMPOSIUM 2019\",\"publisher\":{\"@id\":\"https:\/\/wp.ufpel.edu.br\/placeage\/#organization\"},\"potentialAction\":[{\"@type\":\"SearchAction\",\"target\":{\"@type\":\"EntryPoint\",\"urlTemplate\":\"https:\/\/wp.ufpel.edu.br\/placeage\/?s={search_term_string}\"},\"query-input\":{\"@type\":\"PropertyValueSpecification\",\"valueRequired\":true,\"valueName\":\"search_term_string\"}}],\"inLanguage\":\"pt-BR\"},{\"@type\":\"Organization\",\"@id\":\"https:\/\/wp.ufpel.edu.br\/placeage\/#organization\",\"name\":\"Syposium IAPS 2019\",\"url\":\"https:\/\/wp.ufpel.edu.br\/placeage\/\",\"logo\":{\"@type\":\"ImageObject\",\"inLanguage\":\"pt-BR\",\"@id\":\"https:\/\/wp.ufpel.edu.br\/placeage\/#\/schema\/logo\/image\/\",\"url\":\"https:\/\/wp.ufpel.edu.br\/placeage\/files\/2019\/04\/cropped-data-17-17-4.png\",\"contentUrl\":\"https:\/\/wp.ufpel.edu.br\/placeage\/files\/2019\/04\/cropped-data-17-17-4.png\",\"width\":411,\"height\":250,\"caption\":\"Syposium IAPS 2019\"},\"image\":{\"@id\":\"https:\/\/wp.ufpel.edu.br\/placeage\/#\/schema\/logo\/image\/\"}}]}<\/script>\n<!-- \/ Yoast SEO plugin. -->","yoast_head_json":{"title":"Programa de P\u00f3s-Gradua\u00e7\u00e3o em Arquitetura e Urbanismo - Ageing in Place in a World of Inequalities:","robots":{"index":"index","follow":"follow","max-snippet":"max-snippet:-1","max-image-preview":"max-image-preview:large","max-video-preview":"max-video-preview:-1"},"canonical":"https:\/\/wp.ufpel.edu.br\/placeage\/programa-de-pos-graduacao-em-arquitetura-e-urbanismo\/","og_locale":"pt_BR","og_type":"article","og_title":"Programa de P\u00f3s-Gradua\u00e7\u00e3o em Arquitetura e Urbanismo - Ageing in Place in a World of Inequalities:","og_description":"O Programa de P\u00f3s-Gradua\u00e7\u00e3o em Arquitetura e Urbanismo (PROGRAU) promove diariamente a amplia\u00e7\u00e3o do conhecimento e perspectiva do aluno de gradua\u00e7\u00e3o diante das diversas interfaces do profissional de Arquitetura e Urbanismo. A integra\u00e7\u00e3o entre o curso de Gradua\u00e7\u00e3o e o de P\u00f3s-gradua\u00e7\u00e3o \u00e9 enfatizada pelos trabalhos dos alunos bolsistas de monitoria e de inicia\u00e7\u00e3o cient\u00edfica &hellip; Continue lendo \"Programa de P\u00f3s-Gradua\u00e7\u00e3o em Arquitetura e Urbanismo\"","og_url":"https:\/\/wp.ufpel.edu.br\/placeage\/programa-de-pos-graduacao-em-arquitetura-e-urbanismo\/","og_site_name":"Ageing in Place in a World of Inequalities:","article_modified_time":"2019-03-26T19:04:03+00:00","og_image":[{"width":1280,"height":422,"url":"https:\/\/wp.ufpel.edu.br\/placeage\/files\/2019\/03\/luAFqOgC-e1553284552131.jpeg","type":"image\/jpeg"}],"twitter_card":"summary_large_image","twitter_misc":{"Est. tempo de leitura":"1 minuto"},"schema":{"@context":"https:\/\/schema.org","@graph":[{"@type":"WebPage","@id":"https:\/\/wp.ufpel.edu.br\/placeage\/programa-de-pos-graduacao-em-arquitetura-e-urbanismo\/","url":"https:\/\/wp.ufpel.edu.br\/placeage\/programa-de-pos-graduacao-em-arquitetura-e-urbanismo\/","name":"Programa de P\u00f3s-Gradua\u00e7\u00e3o em Arquitetura e Urbanismo - Ageing in Place in a World of Inequalities:","isPartOf":{"@id":"https:\/\/wp.ufpel.edu.br\/placeage\/#website"},"primaryImageOfPage":{"@id":"https:\/\/wp.ufpel.edu.br\/placeage\/programa-de-pos-graduacao-em-arquitetura-e-urbanismo\/#primaryimage"},"image":{"@id":"https:\/\/wp.ufpel.edu.br\/placeage\/programa-de-pos-graduacao-em-arquitetura-e-urbanismo\/#primaryimage"},"thumbnailUrl":"https:\/\/wp.ufpel.edu.br\/placeage\/files\/2019\/03\/luAFqOgC-e1553284552131.jpeg","datePublished":"2019-03-22T19:54:24+00:00","dateModified":"2019-03-26T19:04:03+00:00","breadcrumb":{"@id":"https:\/\/wp.ufpel.edu.br\/placeage\/programa-de-pos-graduacao-em-arquitetura-e-urbanismo\/#breadcrumb"},"inLanguage":"pt-BR","potentialAction":[{"@type":"ReadAction","target":["https:\/\/wp.ufpel.edu.br\/placeage\/programa-de-pos-graduacao-em-arquitetura-e-urbanismo\/"]}]},{"@type":"ImageObject","inLanguage":"pt-BR","@id":"https:\/\/wp.ufpel.edu.br\/placeage\/programa-de-pos-graduacao-em-arquitetura-e-urbanismo\/#primaryimage","url":"https:\/\/wp.ufpel.edu.br\/placeage\/files\/2019\/03\/luAFqOgC-e1553284552131.jpeg","contentUrl":"https:\/\/wp.ufpel.edu.br\/placeage\/files\/2019\/03\/luAFqOgC-e1553284552131.jpeg","width":1280,"height":422},{"@type":"BreadcrumbList","@id":"https:\/\/wp.ufpel.edu.br\/placeage\/programa-de-pos-graduacao-em-arquitetura-e-urbanismo\/#breadcrumb","itemListElement":[{"@type":"ListItem","position":1,"name":"In\u00edcio","item":"https:\/\/wp.ufpel.edu.br\/placeage\/"},{"@type":"ListItem","position":2,"name":"Programa de P\u00f3s-Gradua\u00e7\u00e3o em Arquitetura e Urbanismo"}]},{"@type":"WebSite","@id":"https:\/\/wp.ufpel.edu.br\/placeage\/#website","url":"https:\/\/wp.ufpel.edu.br\/placeage\/","name":"Symposium Ageing Inequalities","description":"How to Design Healthy Cities for All | IAPS SYMPOSIUM 2019","publisher":{"@id":"https:\/\/wp.ufpel.edu.br\/placeage\/#organization"},"potentialAction":[{"@type":"SearchAction","target":{"@type":"EntryPoint","urlTemplate":"https:\/\/wp.ufpel.edu.br\/placeage\/?s={search_term_string}"},"query-input":{"@type":"PropertyValueSpecification","valueRequired":true,"valueName":"search_term_string"}}],"inLanguage":"pt-BR"},{"@type":"Organization","@id":"https:\/\/wp.ufpel.edu.br\/placeage\/#organization","name":"Syposium IAPS 2019","url":"https:\/\/wp.ufpel.edu.br\/placeage\/","logo":{"@type":"ImageObject","inLanguage":"pt-BR","@id":"https:\/\/wp.ufpel.edu.br\/placeage\/#\/schema\/logo\/image\/","url":"https:\/\/wp.ufpel.edu.br\/placeage\/files\/2019\/04\/cropped-data-17-17-4.png","contentUrl":"https:\/\/wp.ufpel.edu.br\/placeage\/files\/2019\/04\/cropped-data-17-17-4.png","width":411,"height":250,"caption":"Syposium IAPS 2019"},"image":{"@id":"https:\/\/wp.ufpel.edu.br\/placeage\/#\/schema\/logo\/image\/"}}]}},"_links":{"self":[{"href":"https:\/\/wp.ufpel.edu.br\/placeage\/wp-json\/wp\/v2\/pages\/370","targetHints":{"allow":["GET"]}}],"collection":[{"href":"https:\/\/wp.ufpel.edu.br\/placeage\/wp-json\/wp\/v2\/pages"}],"about":[{"href":"https:\/\/wp.ufpel.edu.br\/placeage\/wp-json\/wp\/v2\/types\/page"}],"author":[{"embeddable":true,"href":"https:\/\/wp.ufpel.edu.br\/placeage\/wp-json\/wp\/v2\/users\/717"}],"replies":[{"embeddable":true,"href":"https:\/\/wp.ufpel.edu.br\/placeage\/wp-json\/wp\/v2\/comments?post=370"}],"version-history":[{"count":2,"href":"https:\/\/wp.ufpel.edu.br\/placeage\/wp-json\/wp\/v2\/pages\/370\/revisions"}],"predecessor-version":[{"id":592,"href":"https:\/\/wp.ufpel.edu.br\/placeage\/wp-json\/wp\/v2\/pages\/370\/revisions\/592"}],"wp:featuredmedia":[{"embeddable":true,"href":"https:\/\/wp.ufpel.edu.br\/placeage\/wp-json\/wp\/v2\/media\/372"}],"wp:attachment":[{"href":"https:\/\/wp.ufpel.edu.br\/placeage\/wp-json\/wp\/v2\/media?parent=370"}],"curies":[{"name":"wp","href":"https:\/\/api.w.org\/{rel}","templated":true}]}}