{"id":357,"date":"2019-03-22T16:31:49","date_gmt":"2019-03-22T19:31:49","guid":{"rendered":"https:\/\/wp.ufpel.edu.br\/placeage\/?page_id=357"},"modified":"2019-03-30T00:38:51","modified_gmt":"2019-03-30T03:38:51","slug":"ufpel","status":"publish","type":"page","link":"https:\/\/wp.ufpel.edu.br\/placeage\/ufpel\/","title":{"rendered":"Universidade Federal de Pelotas"},"content":{"rendered":"<p style=\"text-align: justify\"><span style=\"font-family: helvetica, arial, sans-serif\"><span style=\"color: #800023\"><strong>A Universidade Federal de Pelotas &#8211; UFPel<\/strong><\/span>, onde este Simp\u00f3sio est\u00e1 sendo sediado, \u00e9 uma institui\u00e7\u00e3o brasileira de ensino superior, cujos campus se localizam nas cidades de Pelotas e Cap\u00e3o do Le\u00e3o, no estado do Rio Grande do Sul no Brasil (ver mapa). Atualmente, o principal Campus localiza-se no pr\u00e9dio hist\u00f3rico do antigo Anglo na Zona Portu\u00e1ria de Pelotas.<\/span><\/p>\n<p style=\"text-align: justify\"><span style=\"font-family: helvetica, arial, sans-serif\">Segundo um hist\u00f3rico da UFPel, no local do principal Campus existiu at\u00e9 1916 a charqueada de Brutus Almeida, posteriormente a Companhia Frigor\u00edfica Rio Grande, que foi vendida em 1924 para a firma inglesa Westerns Brothers, que transformou o local no Frigor\u00edfico Anglo. O Frigor\u00edfico Anglo S.A. come\u00e7ou a funcionar em Pelotas por volta de 1940, e o bairro da Balsa, ao lado do frigor\u00edfico, foi ocupado por oper\u00e1rios que vinham at\u00e9 de outras cidades, para morar perto do trabalho. O Frigor\u00edfico foi criado pelos brit\u00e2nicos na Segunda Guerra Mundial com o principal objetivo de mandar carne enlatada para a Inglaterra, para os soldados no front.<\/span><\/p>\n<p style=\"text-align: justify\"><span style=\"font-family: helvetica, arial, sans-serif\">A Universidade foi fundada em 8 de agosto de 1969. Participaram do n\u00facleo formador da UFPel as seguintes unidades: Faculdade de Ci\u00eancias Dom\u00e9sticas, Faculdade de Veterin\u00e1ria, Faculdade de Direito, Faculdade de Odontologia e Instituto de Sociologia e Pol\u00edtica e a tradicional Faculdade de Agronomia Eliseu Maciel (a mais antiga do Brasil, tendo suas origens na Imperial Escola de Medicina Veterin\u00e1ria e de Agricultura Practica fundada em 1883). No mesmo ano, em 16 de dezembro de 1969, a UFPel ficou integrada, al\u00e9m daquelas do n\u00facleo formador, pelas seguintes unidades acad\u00eamicas: Instituto de Biologia, Instituto de Ci\u00eancias Humanas, Instituto de Qu\u00edmica e Geoci\u00eancias, Instituto de F\u00edsica e Matem\u00e1tica e Instituto de Artes. Foram agregadas tamb\u00e9m \u00e0 Universidade as seguintes institui\u00e7\u00f5es: Escola de Belas Artes \u201cDona Carmen Tr\u00e1paga Sim\u00f5es\u201d, Faculdade de Medicina da Institui\u00e7\u00e3o Pr\u00f3-Ensino Superior do Sul do Estado e Conservat\u00f3rio de M\u00fasica de Pelotas. Integraram a Universidade, como \u00f3rg\u00e3os suplementares, a Esta\u00e7\u00e3o Experimental de Piratini; o Centro de Treinamento e Informa\u00e7\u00e3o do Sul; a Imprensa Universit\u00e1ria; a Biblioteca Central; o Museu e a Casa para Estudante e, como \u00f3rg\u00e3os complementares, o Col\u00e9gio Agr\u00edcola Visconde da Gra\u00e7a e o Col\u00e9gio de Economia Dom\u00e9stica Rural.<\/span><\/p>\n<p style=\"text-align: justify\"><span style=\"font-family: helvetica, arial, sans-serif\">Hoje a UFPel oferece 99 cursos de gradua\u00e7\u00e3o, 39 cursos de mestrado e 16 de doutorado distribu\u00eddos em 20 unidades acad\u00eamicas. A Universidade tamb\u00e9m possui cursos de mestrado e\/ou doutorado em todas as \u00e1reas do conhecimento: Ci\u00eancias Exatas e da Terra, Ci\u00eancias Biol\u00f3gicas, Engenharias, Ci\u00eancias Agr\u00e1rias, Ci\u00eancias da Sa\u00fade, Ci\u00eancias Sociais Aplicadas, Ci\u00eancias Humanas, Lingu\u00edstica, Letras e Artes, contando tamb\u00e9m com cursos com atua\u00e7\u00e3o multidisciplinar. Para maiores informa\u00e7\u00f5es acesse o site da Universidade: <a href=\"http:\/\/www.ufpel.edu.br\/\">http:\/\/www.ufpel.edu.br\/<\/a><\/span><\/p>\n","protected":false},"excerpt":{"rendered":"<p>A Universidade Federal de Pelotas &#8211; UFPel, onde este Simp\u00f3sio est\u00e1 sendo sediado, \u00e9 uma institui\u00e7\u00e3o brasileira de ensino superior, cujos campus se localizam nas cidades de Pelotas e Cap\u00e3o do Le\u00e3o, no estado do Rio Grande do Sul no Brasil (ver mapa). Atualmente, o principal Campus localiza-se no pr\u00e9dio hist\u00f3rico do antigo Anglo na &hellip; <\/p>\n<p class=\"link-more\"><a href=\"https:\/\/wp.ufpel.edu.br\/placeage\/ufpel\/\" class=\"more-link\">Continue lendo<span class=\"screen-reader-text\"> &#8220;Universidade Federal de Pelotas&#8221;<\/span><\/a><\/p>\n","protected":false},"author":717,"featured_media":359,"parent":0,"menu_order":0,"comment_status":"closed","ping_status":"closed","template":"","meta":{"footnotes":""},"class_list":["post-357","page","type-page","status-publish","has-post-thumbnail","hentry"],"yoast_head":"<!-- This site is optimized with the Yoast SEO plugin v26.7 - https:\/\/yoast.com\/wordpress\/plugins\/seo\/ -->\n<title>Universidade Federal de Pelotas - Ageing in Place in a World of Inequalities:<\/title>\n<meta name=\"robots\" content=\"index, follow, max-snippet:-1, max-image-preview:large, max-video-preview:-1\" \/>\n<link rel=\"canonical\" href=\"https:\/\/wp.ufpel.edu.br\/placeage\/ufpel\/\" \/>\n<meta property=\"og:locale\" content=\"pt_BR\" \/>\n<meta property=\"og:type\" content=\"article\" \/>\n<meta property=\"og:title\" content=\"Universidade Federal de Pelotas - Ageing in Place in a World of Inequalities:\" \/>\n<meta property=\"og:description\" content=\"A Universidade Federal de Pelotas &#8211; UFPel, onde este Simp\u00f3sio est\u00e1 sendo sediado, \u00e9 uma institui\u00e7\u00e3o brasileira de ensino superior, cujos campus se localizam nas cidades de Pelotas e Cap\u00e3o do Le\u00e3o, no estado do Rio Grande do Sul no Brasil (ver mapa). Atualmente, o principal Campus localiza-se no pr\u00e9dio hist\u00f3rico do antigo Anglo na &hellip; Continue lendo &quot;Universidade Federal de Pelotas&quot;\" \/>\n<meta property=\"og:url\" content=\"https:\/\/wp.ufpel.edu.br\/placeage\/ufpel\/\" \/>\n<meta property=\"og:site_name\" content=\"Ageing in Place in a World of Inequalities:\" \/>\n<meta property=\"article:modified_time\" content=\"2019-03-30T03:38:51+00:00\" \/>\n<meta property=\"og:image\" content=\"https:\/\/wp.ufpel.edu.br\/placeage\/files\/2019\/03\/Mb92KcXx-e1553283099454.jpeg\" \/>\n\t<meta property=\"og:image:width\" content=\"1280\" \/>\n\t<meta property=\"og:image:height\" content=\"259\" \/>\n\t<meta property=\"og:image:type\" content=\"image\/jpeg\" \/>\n<meta name=\"twitter:card\" content=\"summary_large_image\" \/>\n<meta name=\"twitter:label1\" content=\"Est. tempo de leitura\" \/>\n\t<meta name=\"twitter:data1\" content=\"2 minutos\" \/>\n<script type=\"application\/ld+json\" class=\"yoast-schema-graph\">{\"@context\":\"https:\/\/schema.org\",\"@graph\":[{\"@type\":\"WebPage\",\"@id\":\"https:\/\/wp.ufpel.edu.br\/placeage\/ufpel\/\",\"url\":\"https:\/\/wp.ufpel.edu.br\/placeage\/ufpel\/\",\"name\":\"Universidade Federal de Pelotas - Ageing in Place in a World of Inequalities:\",\"isPartOf\":{\"@id\":\"https:\/\/wp.ufpel.edu.br\/placeage\/#website\"},\"primaryImageOfPage\":{\"@id\":\"https:\/\/wp.ufpel.edu.br\/placeage\/ufpel\/#primaryimage\"},\"image\":{\"@id\":\"https:\/\/wp.ufpel.edu.br\/placeage\/ufpel\/#primaryimage\"},\"thumbnailUrl\":\"https:\/\/wp.ufpel.edu.br\/placeage\/files\/2019\/03\/Mb92KcXx-e1553283099454.jpeg\",\"datePublished\":\"2019-03-22T19:31:49+00:00\",\"dateModified\":\"2019-03-30T03:38:51+00:00\",\"breadcrumb\":{\"@id\":\"https:\/\/wp.ufpel.edu.br\/placeage\/ufpel\/#breadcrumb\"},\"inLanguage\":\"pt-BR\",\"potentialAction\":[{\"@type\":\"ReadAction\",\"target\":[\"https:\/\/wp.ufpel.edu.br\/placeage\/ufpel\/\"]}]},{\"@type\":\"ImageObject\",\"inLanguage\":\"pt-BR\",\"@id\":\"https:\/\/wp.ufpel.edu.br\/placeage\/ufpel\/#primaryimage\",\"url\":\"https:\/\/wp.ufpel.edu.br\/placeage\/files\/2019\/03\/Mb92KcXx-e1553283099454.jpeg\",\"contentUrl\":\"https:\/\/wp.ufpel.edu.br\/placeage\/files\/2019\/03\/Mb92KcXx-e1553283099454.jpeg\",\"width\":1280,\"height\":259},{\"@type\":\"BreadcrumbList\",\"@id\":\"https:\/\/wp.ufpel.edu.br\/placeage\/ufpel\/#breadcrumb\",\"itemListElement\":[{\"@type\":\"ListItem\",\"position\":1,\"name\":\"In\u00edcio\",\"item\":\"https:\/\/wp.ufpel.edu.br\/placeage\/\"},{\"@type\":\"ListItem\",\"position\":2,\"name\":\"Universidade Federal de Pelotas\"}]},{\"@type\":\"WebSite\",\"@id\":\"https:\/\/wp.ufpel.edu.br\/placeage\/#website\",\"url\":\"https:\/\/wp.ufpel.edu.br\/placeage\/\",\"name\":\"Symposium Ageing Inequalities\",\"description\":\"How to Design Healthy Cities for All | IAPS SYMPOSIUM 2019\",\"publisher\":{\"@id\":\"https:\/\/wp.ufpel.edu.br\/placeage\/#organization\"},\"potentialAction\":[{\"@type\":\"SearchAction\",\"target\":{\"@type\":\"EntryPoint\",\"urlTemplate\":\"https:\/\/wp.ufpel.edu.br\/placeage\/?s={search_term_string}\"},\"query-input\":{\"@type\":\"PropertyValueSpecification\",\"valueRequired\":true,\"valueName\":\"search_term_string\"}}],\"inLanguage\":\"pt-BR\"},{\"@type\":\"Organization\",\"@id\":\"https:\/\/wp.ufpel.edu.br\/placeage\/#organization\",\"name\":\"Syposium IAPS 2019\",\"url\":\"https:\/\/wp.ufpel.edu.br\/placeage\/\",\"logo\":{\"@type\":\"ImageObject\",\"inLanguage\":\"pt-BR\",\"@id\":\"https:\/\/wp.ufpel.edu.br\/placeage\/#\/schema\/logo\/image\/\",\"url\":\"https:\/\/wp.ufpel.edu.br\/placeage\/files\/2019\/04\/cropped-data-17-17-4.png\",\"contentUrl\":\"https:\/\/wp.ufpel.edu.br\/placeage\/files\/2019\/04\/cropped-data-17-17-4.png\",\"width\":411,\"height\":250,\"caption\":\"Syposium IAPS 2019\"},\"image\":{\"@id\":\"https:\/\/wp.ufpel.edu.br\/placeage\/#\/schema\/logo\/image\/\"}}]}<\/script>\n<!-- \/ Yoast SEO plugin. -->","yoast_head_json":{"title":"Universidade Federal de Pelotas - Ageing in Place in a World of Inequalities:","robots":{"index":"index","follow":"follow","max-snippet":"max-snippet:-1","max-image-preview":"max-image-preview:large","max-video-preview":"max-video-preview:-1"},"canonical":"https:\/\/wp.ufpel.edu.br\/placeage\/ufpel\/","og_locale":"pt_BR","og_type":"article","og_title":"Universidade Federal de Pelotas - Ageing in Place in a World of Inequalities:","og_description":"A Universidade Federal de Pelotas &#8211; UFPel, onde este Simp\u00f3sio est\u00e1 sendo sediado, \u00e9 uma institui\u00e7\u00e3o brasileira de ensino superior, cujos campus se localizam nas cidades de Pelotas e Cap\u00e3o do Le\u00e3o, no estado do Rio Grande do Sul no Brasil (ver mapa). Atualmente, o principal Campus localiza-se no pr\u00e9dio hist\u00f3rico do antigo Anglo na &hellip; Continue lendo \"Universidade Federal de Pelotas\"","og_url":"https:\/\/wp.ufpel.edu.br\/placeage\/ufpel\/","og_site_name":"Ageing in Place in a World of Inequalities:","article_modified_time":"2019-03-30T03:38:51+00:00","og_image":[{"width":1280,"height":259,"url":"https:\/\/wp.ufpel.edu.br\/placeage\/files\/2019\/03\/Mb92KcXx-e1553283099454.jpeg","type":"image\/jpeg"}],"twitter_card":"summary_large_image","twitter_misc":{"Est. tempo de leitura":"2 minutos"},"schema":{"@context":"https:\/\/schema.org","@graph":[{"@type":"WebPage","@id":"https:\/\/wp.ufpel.edu.br\/placeage\/ufpel\/","url":"https:\/\/wp.ufpel.edu.br\/placeage\/ufpel\/","name":"Universidade Federal de Pelotas - Ageing in Place in a World of Inequalities:","isPartOf":{"@id":"https:\/\/wp.ufpel.edu.br\/placeage\/#website"},"primaryImageOfPage":{"@id":"https:\/\/wp.ufpel.edu.br\/placeage\/ufpel\/#primaryimage"},"image":{"@id":"https:\/\/wp.ufpel.edu.br\/placeage\/ufpel\/#primaryimage"},"thumbnailUrl":"https:\/\/wp.ufpel.edu.br\/placeage\/files\/2019\/03\/Mb92KcXx-e1553283099454.jpeg","datePublished":"2019-03-22T19:31:49+00:00","dateModified":"2019-03-30T03:38:51+00:00","breadcrumb":{"@id":"https:\/\/wp.ufpel.edu.br\/placeage\/ufpel\/#breadcrumb"},"inLanguage":"pt-BR","potentialAction":[{"@type":"ReadAction","target":["https:\/\/wp.ufpel.edu.br\/placeage\/ufpel\/"]}]},{"@type":"ImageObject","inLanguage":"pt-BR","@id":"https:\/\/wp.ufpel.edu.br\/placeage\/ufpel\/#primaryimage","url":"https:\/\/wp.ufpel.edu.br\/placeage\/files\/2019\/03\/Mb92KcXx-e1553283099454.jpeg","contentUrl":"https:\/\/wp.ufpel.edu.br\/placeage\/files\/2019\/03\/Mb92KcXx-e1553283099454.jpeg","width":1280,"height":259},{"@type":"BreadcrumbList","@id":"https:\/\/wp.ufpel.edu.br\/placeage\/ufpel\/#breadcrumb","itemListElement":[{"@type":"ListItem","position":1,"name":"In\u00edcio","item":"https:\/\/wp.ufpel.edu.br\/placeage\/"},{"@type":"ListItem","position":2,"name":"Universidade Federal de Pelotas"}]},{"@type":"WebSite","@id":"https:\/\/wp.ufpel.edu.br\/placeage\/#website","url":"https:\/\/wp.ufpel.edu.br\/placeage\/","name":"Symposium Ageing Inequalities","description":"How to Design Healthy Cities for All | IAPS SYMPOSIUM 2019","publisher":{"@id":"https:\/\/wp.ufpel.edu.br\/placeage\/#organization"},"potentialAction":[{"@type":"SearchAction","target":{"@type":"EntryPoint","urlTemplate":"https:\/\/wp.ufpel.edu.br\/placeage\/?s={search_term_string}"},"query-input":{"@type":"PropertyValueSpecification","valueRequired":true,"valueName":"search_term_string"}}],"inLanguage":"pt-BR"},{"@type":"Organization","@id":"https:\/\/wp.ufpel.edu.br\/placeage\/#organization","name":"Syposium IAPS 2019","url":"https:\/\/wp.ufpel.edu.br\/placeage\/","logo":{"@type":"ImageObject","inLanguage":"pt-BR","@id":"https:\/\/wp.ufpel.edu.br\/placeage\/#\/schema\/logo\/image\/","url":"https:\/\/wp.ufpel.edu.br\/placeage\/files\/2019\/04\/cropped-data-17-17-4.png","contentUrl":"https:\/\/wp.ufpel.edu.br\/placeage\/files\/2019\/04\/cropped-data-17-17-4.png","width":411,"height":250,"caption":"Syposium IAPS 2019"},"image":{"@id":"https:\/\/wp.ufpel.edu.br\/placeage\/#\/schema\/logo\/image\/"}}]}},"_links":{"self":[{"href":"https:\/\/wp.ufpel.edu.br\/placeage\/wp-json\/wp\/v2\/pages\/357","targetHints":{"allow":["GET"]}}],"collection":[{"href":"https:\/\/wp.ufpel.edu.br\/placeage\/wp-json\/wp\/v2\/pages"}],"about":[{"href":"https:\/\/wp.ufpel.edu.br\/placeage\/wp-json\/wp\/v2\/types\/page"}],"author":[{"embeddable":true,"href":"https:\/\/wp.ufpel.edu.br\/placeage\/wp-json\/wp\/v2\/users\/717"}],"replies":[{"embeddable":true,"href":"https:\/\/wp.ufpel.edu.br\/placeage\/wp-json\/wp\/v2\/comments?post=357"}],"version-history":[{"count":4,"href":"https:\/\/wp.ufpel.edu.br\/placeage\/wp-json\/wp\/v2\/pages\/357\/revisions"}],"predecessor-version":[{"id":962,"href":"https:\/\/wp.ufpel.edu.br\/placeage\/wp-json\/wp\/v2\/pages\/357\/revisions\/962"}],"wp:featuredmedia":[{"embeddable":true,"href":"https:\/\/wp.ufpel.edu.br\/placeage\/wp-json\/wp\/v2\/media\/359"}],"wp:attachment":[{"href":"https:\/\/wp.ufpel.edu.br\/placeage\/wp-json\/wp\/v2\/media?parent=357"}],"curies":[{"name":"wp","href":"https:\/\/api.w.org\/{rel}","templated":true}]}}