{"id":350,"date":"2019-03-22T16:27:01","date_gmt":"2019-03-22T19:27:01","guid":{"rendered":"https:\/\/wp.ufpel.edu.br\/placeage\/?page_id=350"},"modified":"2019-04-01T14:50:41","modified_gmt":"2019-04-01T17:50:41","slug":"cidade-de-pelotas","status":"publish","type":"page","link":"https:\/\/wp.ufpel.edu.br\/placeage\/cidade-de-pelotas\/","title":{"rendered":"Cidade de Pelotas | Como chegar"},"content":{"rendered":"<p style=\"text-align: justify\"><span style=\"font-family: helvetica, arial, sans-serif;font-size: 12pt\"><span style=\"font-size: 14pt\"><strong><span style=\"color: #800023\">Pelotas<\/span><\/strong><\/span> \u00e9 uma cidade na regi\u00e3o sul do Brasil, sendo localizada pr\u00f3xima ao Uruguai e a Argentina. A regi\u00e3o destaca-se pela gastronomia, pr\u00e9dios hist\u00f3ricos, paisagem natural, praia e clima frio. A cidade est\u00e1 localizada no estado do Rio Grande do Sul, a 250 quil\u00f4metros da capital, Porto Alegre. Possui uma popula\u00e7\u00e3o de aproximadamente 330 mil habitantes, sendo a terceira cidade mais populosa do estado.<\/span><\/p>\n<p style=\"text-align: justify\"><span style=\"font-family: helvetica, arial, sans-serif;font-size: 12pt\">A Freguesia de S\u00e3o Francisco de Paula foi fundada em 7 de Julho de 1812 e elevada \u00e0 categoria de Vila em 7 de abril de 1832. Tr\u00eas anos depois, em 1835, a Vila \u00e9 elevada \u00e0 condi\u00e7\u00e3o de Cidade, com o nome de Pelotas. O nome do munic\u00edpio, \u201cPelotas\u201d, teve origem nas embarca\u00e7\u00f5es de varas de corticeira forradas de couro, usadas para a travessia dos rios na \u00e9poca das charqueadas. Charqueada \u00e9 uma \u00e1rea rural onde se produz o charque, onde a carne salgada \u00e9 exposta para o processo de desidrata\u00e7\u00e3o. A ind\u00fastria saladeiril e o ciclo do charque (s\u00e9culo XIX), deixaram suas marcas no extremo sul do Brasil, tornando Pelotas refer\u00eancia hist\u00f3rica.<\/span><\/p>\n<p style=\"text-align: justify\"><span style=\"font-family: helvetica, arial, sans-serif;font-size: 12pt\">Entretanto, a hist\u00f3ria do povoado pelotense come\u00e7a em junho de 1758, com a primeira ocupa\u00e7\u00e3o de suas terras, sendo que em 1763, fugindo da invas\u00e3o espanhola no estado, muitos habitantes buscaram ref\u00fagio nas terras da futura cidade. Mais tarde, vieram tamb\u00e9m os retirantes da Col\u00f4nia do Sacramento do Uruguai, entregue pelos portugueses aos espanh\u00f3is em 1777. Em 1780, instala-se em Pelotas o charqueador portugu\u00eas Jos\u00e9 Pinto Martins. A prosperidade do estabelecimento estimulou a cria\u00e7\u00e3o de outras charqueadas e o crescimento da regi\u00e3o, dando origem \u00e0 povoa\u00e7\u00e3o que demarcaria o in\u00edcio da cidade. Com o sucesso dessa ind\u00fastria, os charqueadores, dispondo de duas esta\u00e7\u00f5es amenas, constru\u00edam palacetes para suas habita\u00e7\u00f5es e promoviam a cultura e a educa\u00e7\u00e3o, no ambiente urbano, exemplificado pela inaugura\u00e7\u00e3o do Teatro Sete de Abril em 1831, quatro anos antes de Pelotas ser elevada \u00e0 condi\u00e7\u00e3o de cidade.<\/span><\/p>\n<p style=\"text-align: justify\"><span style=\"font-family: helvetica, arial, sans-serif;font-size: 12pt\">Atualmente Pelotas \u00e9 conhecida como a Capital Nacional do Doce. Teve os primeiros doces portugueses produzidos aproximadamente na d\u00e9cada de 1860, quando come\u00e7a o per\u00edodo de apogeu do munic\u00edpio. De 1860 a 1890 os investimentos foram intensos em atividades de cunho cultural que caracterizaram, durante anos, Pelotas como a cidade mais aristocr\u00e1tica do Rio Grande do Sul. Os doces eram servidos nos intervalos dos saraus (festas com m\u00fasica) envolvidos em pap\u00e9is de seda rendados e franjados. Sua produ\u00e7\u00e3o era realizada de maneira caseira pelas mulheres. Como existiam rigorosas regras de costumes na \u00e9poca, muitas atividades n\u00e3o poderiam ser desenvolvidas ao ar livre; as mulheres passaram ent\u00e3o a praticar a culin\u00e1ria, com reconhecido destaque tamb\u00e9m nas atividades de bordado, m\u00fasica e pintura. Esse fato, portanto, contribuiu para a intensa produ\u00e7\u00e3o e aprimoramento dos doces em Pelotas.<\/span><\/p>\n<p style=\"text-align: justify\"><span style=\"font-family: helvetica, arial, sans-serif;font-size: 12pt\">A cidade hoje \u00e9 repleta de estudantes de gradua\u00e7\u00e3o e p\u00f3s-gradua\u00e7\u00e3o, os quais s\u00e3o respons\u00e1veis pela ess\u00eancia acad\u00eamica, cient\u00edfica, cultural e simb\u00f3lica do lugar. A cidade conta com cinco institui\u00e7\u00f5es de ensino superior, quatro escolas t\u00e9cnicas, dois teatros, uma biblioteca p\u00fablica, vinte e tr\u00eas museus, um aeroporto e um porto localizado \u00e0s margens do Canal S\u00e3o Gon\u00e7alo.<\/span><\/p>\n<p style=\"text-align: justify\"><span style=\"font-family: helvetica, arial, sans-serif;font-size: 12pt\"><strong>COMO CHEGAR:<\/strong><br \/>\n<strong><span style=\"color: #800023\"><br \/>\nAvi\u00e3o<br \/>\n<\/span><\/strong>A maioria dos voos internacionais chegam ao Brasil \u00e0s cidades de Bras\u00edlia, S\u00e3o Paulo e Rio de Janeiro. A partir destas cidades, o melhor caminho para chegar em Pelotas \u00e9 pegando um voo para a cidade de Porto Alegre. A companhia a\u00e9rea <a href=\"https:\/\/www.voeazul.com.br\/\">AZUL<\/a> oferece voos regulares de Porto Alegre para Pelotas (45 minutos). Voc\u00ea pode verificar a disponibilidade de voos nacionais da sua cidade para Pelotas diretamente no site da AZUL. Outras companhias tamb\u00e9m operam voos at\u00e9 Porto Alegre. O trecho Porto Alegre-Pelotas do voo AZUL pode ser adquirido separadamente.<\/span><\/p>\n<p style=\"text-align: justify\"><span style=\"font-family: helvetica, arial, sans-serif;font-size: 12pt\"><a href=\"http:\/\/www4.infraero.gov.br\/aeroportos\/aeroporto-internacional-de-pelotas-rs-joao-simoes-lopes-neto\/\" target=\"_blank\" rel=\"noopener noreferrer\">Aeroporto Internacional Pelotas Jo\u00e3o Sim\u00f5es Lopes Neto<\/a><\/span><br \/>\n<span style=\"font-family: helvetica, arial, sans-serif;font-size: 12pt\">Av. Zeferino Costa, S\/n \u2013 Tr\u00eas Vendas, Pelotas \u2013 RS, 96070-480<\/span><br \/>\n<span style=\"font-family: helvetica, arial, sans-serif;font-size: 12pt\">Contato: (53) 3223-1227<\/span><\/p>\n<p style=\"text-align: justify\"><span style=\"font-family: helvetica, arial, sans-serif;font-size: 12pt\"><img loading=\"lazy\" decoding=\"async\" class=\"alignnone wp-image-352 size-full\" src=\"https:\/\/wp.ufpel.edu.br\/placeage\/files\/2019\/03\/Pelotas-Divulga\u00e7\u00e3o-Infraero-170505.jpg\" alt=\"\" width=\"800\" height=\"407\" srcset=\"https:\/\/wp.ufpel.edu.br\/placeage\/files\/2019\/03\/Pelotas-Divulga\u00e7\u00e3o-Infraero-170505.jpg 800w, https:\/\/wp.ufpel.edu.br\/placeage\/files\/2019\/03\/Pelotas-Divulga\u00e7\u00e3o-Infraero-170505-400x204.jpg 400w, https:\/\/wp.ufpel.edu.br\/placeage\/files\/2019\/03\/Pelotas-Divulga\u00e7\u00e3o-Infraero-170505-768x391.jpg 768w\" sizes=\"auto, (max-width: 706px) 89vw, (max-width: 767px) 82vw, 740px\" \/><\/span><\/p>\n<p style=\"text-align: justify\"><span style=\"font-family: helvetica, arial, sans-serif;font-size: 12pt\"><strong><span style=\"color: #800023\">\u00d4nibus<br \/>\n<\/span><\/strong>Outra op\u00e7\u00e3o \u00e9 vir a Pelotas de \u00f4nibus. Se voc\u00ea est\u00e1 no estado do Rio Grande do Sul, Brasil, esta \u00e9 a melhor alternativa. Existem v\u00e1rias linhas de \u00f4nibus dispon\u00edveis. Uma das empresas com maior fluxo no estado para a regi\u00e3o de Pelotas \u00e9 a do <a href=\"http:\/\/www.expressoembaixador.com.br\/site\/content\/home\/index.php\" target=\"_blank\" rel=\"noopener noreferrer\">Expresso Embaixador<\/a>. Existem hor\u00e1rios de \u00f4nibus de 1 em 1 hora partindo de Porto Alegre para Pelotas.<\/span><\/p>\n<p style=\"text-align: justify\"><span style=\"font-family: helvetica, arial, sans-serif;font-size: 12pt\">Se voc\u00ea est\u00e1 no Uruguai ou Argentina tamb\u00e9m \u00e9 v\u00e1lido explorar a op\u00e7\u00e3o de chegada de \u00f4nibus.<\/span><\/p>\n<p style=\"text-align: justify\"><span style=\"font-family: helvetica, arial, sans-serif;font-size: 12pt\"><img decoding=\"async\" src=\"http:\/\/dicastudo.com.br\/wp-content\/uploads\/2013\/09\/rodoviaria-pelotas.jpg\" alt=\"Resultado de imagem para rodoviaria de pelotas\" \/><\/span><\/p>\n<p style=\"text-align: justify\"><span style=\"font-family: helvetica, arial, sans-serif;font-size: 12pt\"><strong><span style=\"color: #800023\">Carro<br \/>\n<\/span><\/strong>Se voc\u00ea estiver no estado do Rio Grande do Sul, no Uruguai ou Argentina, \u00e9 f\u00e1cil chegar em Pelotas de carro. No <a href=\"https:\/\/www.google.com.br\/maps\/@-31.7605147,-52.3666606,15z\">GoogleMaps<\/a> voc\u00ea encontra todas as rotas terrestres.<\/span><\/p>\n<p style=\"text-align: justify\"><strong><span style=\"font-family: helvetica, arial, sans-serif;color: #800023\">\u00a0<\/span><\/strong><\/p>\n","protected":false},"excerpt":{"rendered":"<p>Pelotas \u00e9 uma cidade na regi\u00e3o sul do Brasil, sendo localizada pr\u00f3xima ao Uruguai e a Argentina. A regi\u00e3o destaca-se pela gastronomia, pr\u00e9dios hist\u00f3ricos, paisagem natural, praia e clima frio. A cidade est\u00e1 localizada no estado do Rio Grande do Sul, a 250 quil\u00f4metros da capital, Porto Alegre. Possui uma popula\u00e7\u00e3o de aproximadamente 330 mil &hellip; <\/p>\n<p class=\"link-more\"><a href=\"https:\/\/wp.ufpel.edu.br\/placeage\/cidade-de-pelotas\/\" class=\"more-link\">Continue lendo<span class=\"screen-reader-text\"> &#8220;Cidade de Pelotas | Como chegar&#8221;<\/span><\/a><\/p>\n","protected":false},"author":717,"featured_media":362,"parent":0,"menu_order":0,"comment_status":"closed","ping_status":"closed","template":"","meta":{"footnotes":""},"class_list":["post-350","page","type-page","status-publish","has-post-thumbnail","hentry"],"yoast_head":"<!-- This site is optimized with the Yoast SEO plugin v26.7 - https:\/\/yoast.com\/wordpress\/plugins\/seo\/ -->\n<title>Cidade de Pelotas | Como chegar - Ageing in Place in a World of Inequalities:<\/title>\n<meta name=\"robots\" content=\"index, follow, max-snippet:-1, max-image-preview:large, max-video-preview:-1\" \/>\n<link rel=\"canonical\" href=\"https:\/\/wp.ufpel.edu.br\/placeage\/cidade-de-pelotas\/\" \/>\n<meta property=\"og:locale\" content=\"pt_BR\" \/>\n<meta property=\"og:type\" content=\"article\" \/>\n<meta property=\"og:title\" content=\"Cidade de Pelotas | Como chegar - Ageing in Place in a World of Inequalities:\" \/>\n<meta property=\"og:description\" content=\"Pelotas \u00e9 uma cidade na regi\u00e3o sul do Brasil, sendo localizada pr\u00f3xima ao Uruguai e a Argentina. A regi\u00e3o destaca-se pela gastronomia, pr\u00e9dios hist\u00f3ricos, paisagem natural, praia e clima frio. A cidade est\u00e1 localizada no estado do Rio Grande do Sul, a 250 quil\u00f4metros da capital, Porto Alegre. Possui uma popula\u00e7\u00e3o de aproximadamente 330 mil &hellip; Continue lendo &quot;Cidade de Pelotas | Como chegar&quot;\" \/>\n<meta property=\"og:url\" content=\"https:\/\/wp.ufpel.edu.br\/placeage\/cidade-de-pelotas\/\" \/>\n<meta property=\"og:site_name\" content=\"Ageing in Place in a World of Inequalities:\" \/>\n<meta property=\"article:modified_time\" content=\"2019-04-01T17:50:41+00:00\" \/>\n<meta property=\"og:image\" content=\"https:\/\/wp.ufpel.edu.br\/placeage\/files\/2019\/03\/T0HqseBc-e1553283400627.jpeg\" \/>\n\t<meta property=\"og:image:width\" content=\"1280\" \/>\n\t<meta property=\"og:image:height\" content=\"371\" \/>\n\t<meta property=\"og:image:type\" content=\"image\/jpeg\" \/>\n<meta name=\"twitter:card\" content=\"summary_large_image\" \/>\n<meta name=\"twitter:label1\" content=\"Est. tempo de leitura\" \/>\n\t<meta name=\"twitter:data1\" content=\"4 minutos\" \/>\n<script type=\"application\/ld+json\" class=\"yoast-schema-graph\">{\"@context\":\"https:\/\/schema.org\",\"@graph\":[{\"@type\":\"WebPage\",\"@id\":\"https:\/\/wp.ufpel.edu.br\/placeage\/cidade-de-pelotas\/\",\"url\":\"https:\/\/wp.ufpel.edu.br\/placeage\/cidade-de-pelotas\/\",\"name\":\"Cidade de Pelotas | Como chegar - Ageing in Place in a World of Inequalities:\",\"isPartOf\":{\"@id\":\"https:\/\/wp.ufpel.edu.br\/placeage\/#website\"},\"primaryImageOfPage\":{\"@id\":\"https:\/\/wp.ufpel.edu.br\/placeage\/cidade-de-pelotas\/#primaryimage\"},\"image\":{\"@id\":\"https:\/\/wp.ufpel.edu.br\/placeage\/cidade-de-pelotas\/#primaryimage\"},\"thumbnailUrl\":\"https:\/\/wp.ufpel.edu.br\/placeage\/files\/2019\/03\/T0HqseBc-e1553283400627.jpeg\",\"datePublished\":\"2019-03-22T19:27:01+00:00\",\"dateModified\":\"2019-04-01T17:50:41+00:00\",\"breadcrumb\":{\"@id\":\"https:\/\/wp.ufpel.edu.br\/placeage\/cidade-de-pelotas\/#breadcrumb\"},\"inLanguage\":\"pt-BR\",\"potentialAction\":[{\"@type\":\"ReadAction\",\"target\":[\"https:\/\/wp.ufpel.edu.br\/placeage\/cidade-de-pelotas\/\"]}]},{\"@type\":\"ImageObject\",\"inLanguage\":\"pt-BR\",\"@id\":\"https:\/\/wp.ufpel.edu.br\/placeage\/cidade-de-pelotas\/#primaryimage\",\"url\":\"https:\/\/wp.ufpel.edu.br\/placeage\/files\/2019\/03\/T0HqseBc-e1553283400627.jpeg\",\"contentUrl\":\"https:\/\/wp.ufpel.edu.br\/placeage\/files\/2019\/03\/T0HqseBc-e1553283400627.jpeg\",\"width\":1280,\"height\":371},{\"@type\":\"BreadcrumbList\",\"@id\":\"https:\/\/wp.ufpel.edu.br\/placeage\/cidade-de-pelotas\/#breadcrumb\",\"itemListElement\":[{\"@type\":\"ListItem\",\"position\":1,\"name\":\"In\u00edcio\",\"item\":\"https:\/\/wp.ufpel.edu.br\/placeage\/\"},{\"@type\":\"ListItem\",\"position\":2,\"name\":\"Cidade de Pelotas | Como chegar\"}]},{\"@type\":\"WebSite\",\"@id\":\"https:\/\/wp.ufpel.edu.br\/placeage\/#website\",\"url\":\"https:\/\/wp.ufpel.edu.br\/placeage\/\",\"name\":\"Symposium Ageing Inequalities\",\"description\":\"How to Design Healthy Cities for All | IAPS SYMPOSIUM 2019\",\"publisher\":{\"@id\":\"https:\/\/wp.ufpel.edu.br\/placeage\/#organization\"},\"potentialAction\":[{\"@type\":\"SearchAction\",\"target\":{\"@type\":\"EntryPoint\",\"urlTemplate\":\"https:\/\/wp.ufpel.edu.br\/placeage\/?s={search_term_string}\"},\"query-input\":{\"@type\":\"PropertyValueSpecification\",\"valueRequired\":true,\"valueName\":\"search_term_string\"}}],\"inLanguage\":\"pt-BR\"},{\"@type\":\"Organization\",\"@id\":\"https:\/\/wp.ufpel.edu.br\/placeage\/#organization\",\"name\":\"Syposium IAPS 2019\",\"url\":\"https:\/\/wp.ufpel.edu.br\/placeage\/\",\"logo\":{\"@type\":\"ImageObject\",\"inLanguage\":\"pt-BR\",\"@id\":\"https:\/\/wp.ufpel.edu.br\/placeage\/#\/schema\/logo\/image\/\",\"url\":\"https:\/\/wp.ufpel.edu.br\/placeage\/files\/2019\/04\/cropped-data-17-17-4.png\",\"contentUrl\":\"https:\/\/wp.ufpel.edu.br\/placeage\/files\/2019\/04\/cropped-data-17-17-4.png\",\"width\":411,\"height\":250,\"caption\":\"Syposium IAPS 2019\"},\"image\":{\"@id\":\"https:\/\/wp.ufpel.edu.br\/placeage\/#\/schema\/logo\/image\/\"}}]}<\/script>\n<!-- \/ Yoast SEO plugin. -->","yoast_head_json":{"title":"Cidade de Pelotas | Como chegar - Ageing in Place in a World of Inequalities:","robots":{"index":"index","follow":"follow","max-snippet":"max-snippet:-1","max-image-preview":"max-image-preview:large","max-video-preview":"max-video-preview:-1"},"canonical":"https:\/\/wp.ufpel.edu.br\/placeage\/cidade-de-pelotas\/","og_locale":"pt_BR","og_type":"article","og_title":"Cidade de Pelotas | Como chegar - Ageing in Place in a World of Inequalities:","og_description":"Pelotas \u00e9 uma cidade na regi\u00e3o sul do Brasil, sendo localizada pr\u00f3xima ao Uruguai e a Argentina. A regi\u00e3o destaca-se pela gastronomia, pr\u00e9dios hist\u00f3ricos, paisagem natural, praia e clima frio. A cidade est\u00e1 localizada no estado do Rio Grande do Sul, a 250 quil\u00f4metros da capital, Porto Alegre. Possui uma popula\u00e7\u00e3o de aproximadamente 330 mil &hellip; Continue lendo \"Cidade de Pelotas | Como chegar\"","og_url":"https:\/\/wp.ufpel.edu.br\/placeage\/cidade-de-pelotas\/","og_site_name":"Ageing in Place in a World of Inequalities:","article_modified_time":"2019-04-01T17:50:41+00:00","og_image":[{"width":1280,"height":371,"url":"https:\/\/wp.ufpel.edu.br\/placeage\/files\/2019\/03\/T0HqseBc-e1553283400627.jpeg","type":"image\/jpeg"}],"twitter_card":"summary_large_image","twitter_misc":{"Est. tempo de leitura":"4 minutos"},"schema":{"@context":"https:\/\/schema.org","@graph":[{"@type":"WebPage","@id":"https:\/\/wp.ufpel.edu.br\/placeage\/cidade-de-pelotas\/","url":"https:\/\/wp.ufpel.edu.br\/placeage\/cidade-de-pelotas\/","name":"Cidade de Pelotas | Como chegar - Ageing in Place in a World of Inequalities:","isPartOf":{"@id":"https:\/\/wp.ufpel.edu.br\/placeage\/#website"},"primaryImageOfPage":{"@id":"https:\/\/wp.ufpel.edu.br\/placeage\/cidade-de-pelotas\/#primaryimage"},"image":{"@id":"https:\/\/wp.ufpel.edu.br\/placeage\/cidade-de-pelotas\/#primaryimage"},"thumbnailUrl":"https:\/\/wp.ufpel.edu.br\/placeage\/files\/2019\/03\/T0HqseBc-e1553283400627.jpeg","datePublished":"2019-03-22T19:27:01+00:00","dateModified":"2019-04-01T17:50:41+00:00","breadcrumb":{"@id":"https:\/\/wp.ufpel.edu.br\/placeage\/cidade-de-pelotas\/#breadcrumb"},"inLanguage":"pt-BR","potentialAction":[{"@type":"ReadAction","target":["https:\/\/wp.ufpel.edu.br\/placeage\/cidade-de-pelotas\/"]}]},{"@type":"ImageObject","inLanguage":"pt-BR","@id":"https:\/\/wp.ufpel.edu.br\/placeage\/cidade-de-pelotas\/#primaryimage","url":"https:\/\/wp.ufpel.edu.br\/placeage\/files\/2019\/03\/T0HqseBc-e1553283400627.jpeg","contentUrl":"https:\/\/wp.ufpel.edu.br\/placeage\/files\/2019\/03\/T0HqseBc-e1553283400627.jpeg","width":1280,"height":371},{"@type":"BreadcrumbList","@id":"https:\/\/wp.ufpel.edu.br\/placeage\/cidade-de-pelotas\/#breadcrumb","itemListElement":[{"@type":"ListItem","position":1,"name":"In\u00edcio","item":"https:\/\/wp.ufpel.edu.br\/placeage\/"},{"@type":"ListItem","position":2,"name":"Cidade de Pelotas | Como chegar"}]},{"@type":"WebSite","@id":"https:\/\/wp.ufpel.edu.br\/placeage\/#website","url":"https:\/\/wp.ufpel.edu.br\/placeage\/","name":"Symposium Ageing Inequalities","description":"How to Design Healthy Cities for All | IAPS SYMPOSIUM 2019","publisher":{"@id":"https:\/\/wp.ufpel.edu.br\/placeage\/#organization"},"potentialAction":[{"@type":"SearchAction","target":{"@type":"EntryPoint","urlTemplate":"https:\/\/wp.ufpel.edu.br\/placeage\/?s={search_term_string}"},"query-input":{"@type":"PropertyValueSpecification","valueRequired":true,"valueName":"search_term_string"}}],"inLanguage":"pt-BR"},{"@type":"Organization","@id":"https:\/\/wp.ufpel.edu.br\/placeage\/#organization","name":"Syposium IAPS 2019","url":"https:\/\/wp.ufpel.edu.br\/placeage\/","logo":{"@type":"ImageObject","inLanguage":"pt-BR","@id":"https:\/\/wp.ufpel.edu.br\/placeage\/#\/schema\/logo\/image\/","url":"https:\/\/wp.ufpel.edu.br\/placeage\/files\/2019\/04\/cropped-data-17-17-4.png","contentUrl":"https:\/\/wp.ufpel.edu.br\/placeage\/files\/2019\/04\/cropped-data-17-17-4.png","width":411,"height":250,"caption":"Syposium IAPS 2019"},"image":{"@id":"https:\/\/wp.ufpel.edu.br\/placeage\/#\/schema\/logo\/image\/"}}]}},"_links":{"self":[{"href":"https:\/\/wp.ufpel.edu.br\/placeage\/wp-json\/wp\/v2\/pages\/350","targetHints":{"allow":["GET"]}}],"collection":[{"href":"https:\/\/wp.ufpel.edu.br\/placeage\/wp-json\/wp\/v2\/pages"}],"about":[{"href":"https:\/\/wp.ufpel.edu.br\/placeage\/wp-json\/wp\/v2\/types\/page"}],"author":[{"embeddable":true,"href":"https:\/\/wp.ufpel.edu.br\/placeage\/wp-json\/wp\/v2\/users\/717"}],"replies":[{"embeddable":true,"href":"https:\/\/wp.ufpel.edu.br\/placeage\/wp-json\/wp\/v2\/comments?post=350"}],"version-history":[{"count":8,"href":"https:\/\/wp.ufpel.edu.br\/placeage\/wp-json\/wp\/v2\/pages\/350\/revisions"}],"predecessor-version":[{"id":1163,"href":"https:\/\/wp.ufpel.edu.br\/placeage\/wp-json\/wp\/v2\/pages\/350\/revisions\/1163"}],"wp:featuredmedia":[{"embeddable":true,"href":"https:\/\/wp.ufpel.edu.br\/placeage\/wp-json\/wp\/v2\/media\/362"}],"wp:attachment":[{"href":"https:\/\/wp.ufpel.edu.br\/placeage\/wp-json\/wp\/v2\/media?parent=350"}],"curies":[{"name":"wp","href":"https:\/\/api.w.org\/{rel}","templated":true}]}}