{"id":337,"date":"2019-03-22T15:23:53","date_gmt":"2019-03-22T18:23:53","guid":{"rendered":"https:\/\/wp.ufpel.edu.br\/placeage\/?page_id=337"},"modified":"2019-03-30T10:26:58","modified_gmt":"2019-03-30T13:26:58","slug":"local","status":"publish","type":"page","link":"https:\/\/wp.ufpel.edu.br\/placeage\/local\/","title":{"rendered":"Local"},"content":{"rendered":"<p style=\"text-align: justify\"><span style=\"font-family: helvetica, arial, sans-serif\">O Simp\u00f3sio acontecer\u00e1 no <a href=\"https:\/\/www.google.com\/maps\/place\/CEHUS\/@-31.7792218,-52.3423224,17z\/data=!3m1!4b1!4m5!3m4!1s0x9511b5c71c937a61:0x725c6d1cf98c9ec5!8m2!3d-31.7792218!4d-52.3401337\"><strong><span style=\"color: #800023\">CEHUS<\/span><\/strong><\/a> (<\/span><span style=\"font-family: helvetica, arial, sans-serif;font-size: 12pt\">Centro de Pesquisas em Ci\u00eancias Humanas, Sociais, Sociais Aplicadas, Artes e Linguagem) <\/span><span style=\"font-family: helvetica, arial, sans-serif\">da Universidade Federal de Pelotas, na cidade de Pelotas, no estado do Rio Grande do Sul, Brasil. O pr\u00e9dio se localiza na \u00e1rea portu\u00e1ria da cidade, onde v\u00e1rias faculdades da Universidade se localizam.<\/span><\/p>\n<p><strong style=\"font-size: 1rem\"><span style=\"font-family: helvetica, arial, sans-serif\">Endere\u00e7o: Rua Alberto Rosa, 117 &#8211; Centro, Pelotas &#8211; RS, 96010-770<\/span><\/strong><\/p>\n<p><img loading=\"lazy\" decoding=\"async\" class=\"alignnone wp-image-348 size-full\" src=\"https:\/\/wp.ufpel.edu.br\/placeage\/files\/2019\/03\/maps_local_2-18-e1553282003317.jpg\" alt=\"\" width=\"2634\" height=\"1802\" srcset=\"https:\/\/wp.ufpel.edu.br\/placeage\/files\/2019\/03\/maps_local_2-18-e1553282003317.jpg 2634w, https:\/\/wp.ufpel.edu.br\/placeage\/files\/2019\/03\/maps_local_2-18-e1553282003317-400x274.jpg 400w, https:\/\/wp.ufpel.edu.br\/placeage\/files\/2019\/03\/maps_local_2-18-e1553282003317-768x525.jpg 768w, https:\/\/wp.ufpel.edu.br\/placeage\/files\/2019\/03\/maps_local_2-18-e1553282003317-1024x701.jpg 1024w\" sizes=\"auto, (max-width: 706px) 89vw, (max-width: 767px) 82vw, 740px\" \/><\/p>\n","protected":false},"excerpt":{"rendered":"<p>O Simp\u00f3sio acontecer\u00e1 no CEHUS (Centro de Pesquisas em Ci\u00eancias Humanas, Sociais, Sociais Aplicadas, Artes e Linguagem) da Universidade Federal de Pelotas, na cidade de Pelotas, no estado do Rio Grande do Sul, Brasil. O pr\u00e9dio se localiza na \u00e1rea portu\u00e1ria da cidade, onde v\u00e1rias faculdades da Universidade se localizam. Endere\u00e7o: Rua Alberto Rosa, 117 &hellip; <\/p>\n<p class=\"link-more\"><a href=\"https:\/\/wp.ufpel.edu.br\/placeage\/local\/\" class=\"more-link\">Continue lendo<span class=\"screen-reader-text\"> &#8220;Local&#8221;<\/span><\/a><\/p>\n","protected":false},"author":717,"featured_media":722,"parent":0,"menu_order":0,"comment_status":"closed","ping_status":"closed","template":"","meta":{"footnotes":""},"class_list":["post-337","page","type-page","status-publish","has-post-thumbnail","hentry"],"yoast_head":"<!-- This site is optimized with the Yoast SEO plugin v26.7 - https:\/\/yoast.com\/wordpress\/plugins\/seo\/ -->\n<title>Local - Ageing in Place in a World of Inequalities:<\/title>\n<meta name=\"robots\" content=\"index, follow, max-snippet:-1, max-image-preview:large, max-video-preview:-1\" \/>\n<link rel=\"canonical\" href=\"https:\/\/wp.ufpel.edu.br\/placeage\/local\/\" \/>\n<meta property=\"og:locale\" content=\"pt_BR\" \/>\n<meta property=\"og:type\" content=\"article\" \/>\n<meta property=\"og:title\" content=\"Local - Ageing in Place in a World of Inequalities:\" \/>\n<meta property=\"og:description\" content=\"O Simp\u00f3sio acontecer\u00e1 no CEHUS (Centro de Pesquisas em Ci\u00eancias Humanas, Sociais, Sociais Aplicadas, Artes e Linguagem) da Universidade Federal de Pelotas, na cidade de Pelotas, no estado do Rio Grande do Sul, Brasil. O pr\u00e9dio se localiza na \u00e1rea portu\u00e1ria da cidade, onde v\u00e1rias faculdades da Universidade se localizam. Endere\u00e7o: Rua Alberto Rosa, 117 &hellip; Continue lendo &quot;Local&quot;\" \/>\n<meta property=\"og:url\" content=\"https:\/\/wp.ufpel.edu.br\/placeage\/local\/\" \/>\n<meta property=\"og:site_name\" content=\"Ageing in Place in a World of Inequalities:\" \/>\n<meta property=\"article:modified_time\" content=\"2019-03-30T13:26:58+00:00\" \/>\n<meta property=\"og:image\" content=\"https:\/\/wp.ufpel.edu.br\/placeage\/files\/2019\/03\/DSC00012-e1553804026106.jpg\" \/>\n\t<meta property=\"og:image:width\" content=\"5152\" \/>\n\t<meta property=\"og:image:height\" content=\"2189\" \/>\n\t<meta property=\"og:image:type\" content=\"image\/jpeg\" \/>\n<meta name=\"twitter:card\" content=\"summary_large_image\" \/>\n<script type=\"application\/ld+json\" class=\"yoast-schema-graph\">{\"@context\":\"https:\/\/schema.org\",\"@graph\":[{\"@type\":\"WebPage\",\"@id\":\"https:\/\/wp.ufpel.edu.br\/placeage\/local\/\",\"url\":\"https:\/\/wp.ufpel.edu.br\/placeage\/local\/\",\"name\":\"Local - Ageing in Place in a World of Inequalities:\",\"isPartOf\":{\"@id\":\"https:\/\/wp.ufpel.edu.br\/placeage\/#website\"},\"primaryImageOfPage\":{\"@id\":\"https:\/\/wp.ufpel.edu.br\/placeage\/local\/#primaryimage\"},\"image\":{\"@id\":\"https:\/\/wp.ufpel.edu.br\/placeage\/local\/#primaryimage\"},\"thumbnailUrl\":\"https:\/\/wp.ufpel.edu.br\/placeage\/files\/2019\/03\/DSC00012-e1553804026106.jpg\",\"datePublished\":\"2019-03-22T18:23:53+00:00\",\"dateModified\":\"2019-03-30T13:26:58+00:00\",\"breadcrumb\":{\"@id\":\"https:\/\/wp.ufpel.edu.br\/placeage\/local\/#breadcrumb\"},\"inLanguage\":\"pt-BR\",\"potentialAction\":[{\"@type\":\"ReadAction\",\"target\":[\"https:\/\/wp.ufpel.edu.br\/placeage\/local\/\"]}]},{\"@type\":\"ImageObject\",\"inLanguage\":\"pt-BR\",\"@id\":\"https:\/\/wp.ufpel.edu.br\/placeage\/local\/#primaryimage\",\"url\":\"https:\/\/wp.ufpel.edu.br\/placeage\/files\/2019\/03\/DSC00012-e1553804026106.jpg\",\"contentUrl\":\"https:\/\/wp.ufpel.edu.br\/placeage\/files\/2019\/03\/DSC00012-e1553804026106.jpg\",\"width\":5152,\"height\":2189},{\"@type\":\"BreadcrumbList\",\"@id\":\"https:\/\/wp.ufpel.edu.br\/placeage\/local\/#breadcrumb\",\"itemListElement\":[{\"@type\":\"ListItem\",\"position\":1,\"name\":\"In\u00edcio\",\"item\":\"https:\/\/wp.ufpel.edu.br\/placeage\/\"},{\"@type\":\"ListItem\",\"position\":2,\"name\":\"Local\"}]},{\"@type\":\"WebSite\",\"@id\":\"https:\/\/wp.ufpel.edu.br\/placeage\/#website\",\"url\":\"https:\/\/wp.ufpel.edu.br\/placeage\/\",\"name\":\"Symposium Ageing Inequalities\",\"description\":\"How to Design Healthy Cities for All | IAPS SYMPOSIUM 2019\",\"publisher\":{\"@id\":\"https:\/\/wp.ufpel.edu.br\/placeage\/#organization\"},\"potentialAction\":[{\"@type\":\"SearchAction\",\"target\":{\"@type\":\"EntryPoint\",\"urlTemplate\":\"https:\/\/wp.ufpel.edu.br\/placeage\/?s={search_term_string}\"},\"query-input\":{\"@type\":\"PropertyValueSpecification\",\"valueRequired\":true,\"valueName\":\"search_term_string\"}}],\"inLanguage\":\"pt-BR\"},{\"@type\":\"Organization\",\"@id\":\"https:\/\/wp.ufpel.edu.br\/placeage\/#organization\",\"name\":\"Syposium IAPS 2019\",\"url\":\"https:\/\/wp.ufpel.edu.br\/placeage\/\",\"logo\":{\"@type\":\"ImageObject\",\"inLanguage\":\"pt-BR\",\"@id\":\"https:\/\/wp.ufpel.edu.br\/placeage\/#\/schema\/logo\/image\/\",\"url\":\"https:\/\/wp.ufpel.edu.br\/placeage\/files\/2019\/04\/cropped-data-17-17-4.png\",\"contentUrl\":\"https:\/\/wp.ufpel.edu.br\/placeage\/files\/2019\/04\/cropped-data-17-17-4.png\",\"width\":411,\"height\":250,\"caption\":\"Syposium IAPS 2019\"},\"image\":{\"@id\":\"https:\/\/wp.ufpel.edu.br\/placeage\/#\/schema\/logo\/image\/\"}}]}<\/script>\n<!-- \/ Yoast SEO plugin. -->","yoast_head_json":{"title":"Local - Ageing in Place in a World of Inequalities:","robots":{"index":"index","follow":"follow","max-snippet":"max-snippet:-1","max-image-preview":"max-image-preview:large","max-video-preview":"max-video-preview:-1"},"canonical":"https:\/\/wp.ufpel.edu.br\/placeage\/local\/","og_locale":"pt_BR","og_type":"article","og_title":"Local - Ageing in Place in a World of Inequalities:","og_description":"O Simp\u00f3sio acontecer\u00e1 no CEHUS (Centro de Pesquisas em Ci\u00eancias Humanas, Sociais, Sociais Aplicadas, Artes e Linguagem) da Universidade Federal de Pelotas, na cidade de Pelotas, no estado do Rio Grande do Sul, Brasil. O pr\u00e9dio se localiza na \u00e1rea portu\u00e1ria da cidade, onde v\u00e1rias faculdades da Universidade se localizam. Endere\u00e7o: Rua Alberto Rosa, 117 &hellip; Continue lendo \"Local\"","og_url":"https:\/\/wp.ufpel.edu.br\/placeage\/local\/","og_site_name":"Ageing in Place in a World of Inequalities:","article_modified_time":"2019-03-30T13:26:58+00:00","og_image":[{"width":5152,"height":2189,"url":"https:\/\/wp.ufpel.edu.br\/placeage\/files\/2019\/03\/DSC00012-e1553804026106.jpg","type":"image\/jpeg"}],"twitter_card":"summary_large_image","schema":{"@context":"https:\/\/schema.org","@graph":[{"@type":"WebPage","@id":"https:\/\/wp.ufpel.edu.br\/placeage\/local\/","url":"https:\/\/wp.ufpel.edu.br\/placeage\/local\/","name":"Local - Ageing in Place in a World of Inequalities:","isPartOf":{"@id":"https:\/\/wp.ufpel.edu.br\/placeage\/#website"},"primaryImageOfPage":{"@id":"https:\/\/wp.ufpel.edu.br\/placeage\/local\/#primaryimage"},"image":{"@id":"https:\/\/wp.ufpel.edu.br\/placeage\/local\/#primaryimage"},"thumbnailUrl":"https:\/\/wp.ufpel.edu.br\/placeage\/files\/2019\/03\/DSC00012-e1553804026106.jpg","datePublished":"2019-03-22T18:23:53+00:00","dateModified":"2019-03-30T13:26:58+00:00","breadcrumb":{"@id":"https:\/\/wp.ufpel.edu.br\/placeage\/local\/#breadcrumb"},"inLanguage":"pt-BR","potentialAction":[{"@type":"ReadAction","target":["https:\/\/wp.ufpel.edu.br\/placeage\/local\/"]}]},{"@type":"ImageObject","inLanguage":"pt-BR","@id":"https:\/\/wp.ufpel.edu.br\/placeage\/local\/#primaryimage","url":"https:\/\/wp.ufpel.edu.br\/placeage\/files\/2019\/03\/DSC00012-e1553804026106.jpg","contentUrl":"https:\/\/wp.ufpel.edu.br\/placeage\/files\/2019\/03\/DSC00012-e1553804026106.jpg","width":5152,"height":2189},{"@type":"BreadcrumbList","@id":"https:\/\/wp.ufpel.edu.br\/placeage\/local\/#breadcrumb","itemListElement":[{"@type":"ListItem","position":1,"name":"In\u00edcio","item":"https:\/\/wp.ufpel.edu.br\/placeage\/"},{"@type":"ListItem","position":2,"name":"Local"}]},{"@type":"WebSite","@id":"https:\/\/wp.ufpel.edu.br\/placeage\/#website","url":"https:\/\/wp.ufpel.edu.br\/placeage\/","name":"Symposium Ageing Inequalities","description":"How to Design Healthy Cities for All | IAPS SYMPOSIUM 2019","publisher":{"@id":"https:\/\/wp.ufpel.edu.br\/placeage\/#organization"},"potentialAction":[{"@type":"SearchAction","target":{"@type":"EntryPoint","urlTemplate":"https:\/\/wp.ufpel.edu.br\/placeage\/?s={search_term_string}"},"query-input":{"@type":"PropertyValueSpecification","valueRequired":true,"valueName":"search_term_string"}}],"inLanguage":"pt-BR"},{"@type":"Organization","@id":"https:\/\/wp.ufpel.edu.br\/placeage\/#organization","name":"Syposium IAPS 2019","url":"https:\/\/wp.ufpel.edu.br\/placeage\/","logo":{"@type":"ImageObject","inLanguage":"pt-BR","@id":"https:\/\/wp.ufpel.edu.br\/placeage\/#\/schema\/logo\/image\/","url":"https:\/\/wp.ufpel.edu.br\/placeage\/files\/2019\/04\/cropped-data-17-17-4.png","contentUrl":"https:\/\/wp.ufpel.edu.br\/placeage\/files\/2019\/04\/cropped-data-17-17-4.png","width":411,"height":250,"caption":"Syposium IAPS 2019"},"image":{"@id":"https:\/\/wp.ufpel.edu.br\/placeage\/#\/schema\/logo\/image\/"}}]}},"_links":{"self":[{"href":"https:\/\/wp.ufpel.edu.br\/placeage\/wp-json\/wp\/v2\/pages\/337","targetHints":{"allow":["GET"]}}],"collection":[{"href":"https:\/\/wp.ufpel.edu.br\/placeage\/wp-json\/wp\/v2\/pages"}],"about":[{"href":"https:\/\/wp.ufpel.edu.br\/placeage\/wp-json\/wp\/v2\/types\/page"}],"author":[{"embeddable":true,"href":"https:\/\/wp.ufpel.edu.br\/placeage\/wp-json\/wp\/v2\/users\/717"}],"replies":[{"embeddable":true,"href":"https:\/\/wp.ufpel.edu.br\/placeage\/wp-json\/wp\/v2\/comments?post=337"}],"version-history":[{"count":10,"href":"https:\/\/wp.ufpel.edu.br\/placeage\/wp-json\/wp\/v2\/pages\/337\/revisions"}],"predecessor-version":[{"id":1003,"href":"https:\/\/wp.ufpel.edu.br\/placeage\/wp-json\/wp\/v2\/pages\/337\/revisions\/1003"}],"wp:featuredmedia":[{"embeddable":true,"href":"https:\/\/wp.ufpel.edu.br\/placeage\/wp-json\/wp\/v2\/media\/722"}],"wp:attachment":[{"href":"https:\/\/wp.ufpel.edu.br\/placeage\/wp-json\/wp\/v2\/media?parent=337"}],"curies":[{"name":"wp","href":"https:\/\/api.w.org\/{rel}","templated":true}]}}