{"id":312,"date":"2019-03-22T14:28:36","date_gmt":"2019-03-22T17:28:36","guid":{"rendered":"https:\/\/wp.ufpel.edu.br\/placeage\/?page_id=312"},"modified":"2019-04-08T22:09:02","modified_gmt":"2019-04-09T01:09:02","slug":"palestrantes-mesa-redonda","status":"publish","type":"page","link":"https:\/\/wp.ufpel.edu.br\/placeage\/palestrantes-mesa-redonda\/","title":{"rendered":"Palestrantes e Mesa Redonda"},"content":{"rendered":"<p style=\"text-align: justify\"><span style=\"color: #333333;font-family: helvetica, arial, sans-serif;font-size: 12pt\"><strong><span style=\"font-size: 14pt\">Prof. Dr. Ricardo Garc\u00eda Mira<\/span><br \/>\n<\/strong>Ex-presidente do IAPS<br \/>\nDepartamento de Psicologia<br \/>\nFaculdade de Ci\u00eancias da Educa\u00e7\u00e3o da Universidade da A Coru\u00f1a, Espanha<\/span><br \/>\n<span style=\"font-family: helvetica, arial, sans-serif;font-size: 12pt\"><span style=\"color: #333333\">ricardo.garcia.mira@udc.es<\/span><br \/>\n<img loading=\"lazy\" decoding=\"async\" class=\"alignnone wp-image-1425 size-medium\" src=\"https:\/\/wp.ufpel.edu.br\/placeage\/files\/2019\/04\/ricardo_2-15-1-e1554292382857-400x296.jpg\" alt=\"\" width=\"400\" height=\"296\" srcset=\"https:\/\/wp.ufpel.edu.br\/placeage\/files\/2019\/04\/ricardo_2-15-1-e1554292382857-400x296.jpg 400w, https:\/\/wp.ufpel.edu.br\/placeage\/files\/2019\/04\/ricardo_2-15-1-e1554292382857.jpg 738w\" sizes=\"auto, (max-width: 400px) 100vw, 400px\" \/><br \/>\n<\/span><\/p>\n<p style=\"text-align: justify\"><span style=\"font-family: helvetica, arial, sans-serif;font-size: 12pt\">Desde 1995 \u00e9 Professor de Psicologia Social e Ambiental na Universidade de A Coru\u00f1a, na Espanha. Ele \u00e9 o diretor do Grupo de Pesquisa Pessoa-Ambiente da Universidade de A Coru\u00f1a (<a href=\"http:\/\/www.people-environment-udc.org\">www.people-environment-udc.org<\/a>). Ele foi <em>Visiting Reader<\/em> na Universidade de Surrey em Guildford, no Reino Unido de 2003 a 2012. Ele tamb\u00e9m foi\u00a0 <em>International Visiting Scholar<\/em> na Universidade do Estado do Texas nos EUA, em 2001, bem como professor visitante na Universidade de Tallinn na Est\u00f4nia, em 2002, na Universidade de Timisoara de 2004 a 2005, na Universidade Al. I. Cuza de 2005 a 2006, na Universidade Aut\u00f4noma do M\u00e9xico em 2006 e na Universidade Federal do Cear\u00e1 no Brasil em 2012. Em dezembro de 2015 foi eleito deputado no Congresso da Espanha e reeleito em 2016.<\/span><\/p>\n<p style=\"text-align: justify\"><span style=\"font-family: helvetica, arial, sans-serif;font-size: 12pt\"><span style=\"color: #333333\"><span style=\"font-size: 14pt\"><strong>Prof. Dr. Mark del Aguila<\/strong><\/span><strong><br \/>\n<\/strong><\/span><\/span><span style=\"font-family: helvetica, arial, sans-serif\">Universidade do Sul da Austr\u00e1lia, Austr\u00e1lia\u00a0<\/span><br \/>\n<span style=\"font-family: helvetica, arial, sans-serif\">markdelaguila@gmail.com\u00a0\u00a0\u00a0<\/span><img loading=\"lazy\" decoding=\"async\" class=\"alignnone wp-image-1383 size-medium\" src=\"https:\/\/wp.ufpel.edu.br\/placeage\/files\/2019\/04\/palestrante_4-37-e1554212910443-400x294.png\" alt=\"\" width=\"400\" height=\"294\" srcset=\"https:\/\/wp.ufpel.edu.br\/placeage\/files\/2019\/04\/palestrante_4-37-e1554212910443-400x294.png 400w, https:\/\/wp.ufpel.edu.br\/placeage\/files\/2019\/04\/palestrante_4-37-e1554212910443.png 744w\" sizes=\"auto, (max-width: 400px) 100vw, 400px\" \/><\/p>\n<p style=\"text-align: justify\"><span style=\"color: #333333;font-family: helvetica, arial, sans-serif\">Mark \u00e9 um dos coordenadores da IAPS <em>Environment and Gerontology Network<\/em>. Bacharel em psicologia pela Universidade de <em>Queensland<\/em> (1982); Ph.D. em Arquitetura pela <em>University of Sydney<\/em> (1991) e atualmente est\u00e1 completando seus estudos para se registrar como arquiteto na <em>University of South Australia<\/em>. Foi professor assistente visitante em Gerontologia na <em>Simon Fraser University<\/em>, <em>British Columbia Real Estate Foundation Research Fellow<\/em> em <em>Environmental Gerontology<\/em> no <em>Gerontology Research Centre. <\/em>Simon Fraser University, Professor Visitante (m\u00e9todos de pesquisa), Universidade Aut\u00f4noma do M\u00e9xico, UNAM, Professor Visitante ( arquitetura) e Universidade Nacional de Kyungpook, Daegu, Coreia do Sul.<\/span><\/p>\n<p style=\"text-align: justify\"><span style=\"font-family: helvetica, arial, sans-serif;font-size: 12pt\"><span style=\"color: #333333;font-size: 14pt\"><strong>Prof. Dr. Hartmut <\/strong><\/span><span style=\"color: #333333\"><strong><span style=\"font-size: 14pt\"> G\u00fcnther<\/span><br \/>\n<\/strong>Universidade de Bras\u00edlia<\/span><br \/>\n<span style=\"color: #333333\">Instituto de Psicologia<br \/>\n<\/span>hartmut.gunther@me.com<br \/>\n<img loading=\"lazy\" decoding=\"async\" class=\"alignnone wp-image-317 size-medium\" src=\"https:\/\/wp.ufpel.edu.br\/placeage\/files\/2019\/03\/palestrante_1-14-e1553276463137-400x294.jpg\" alt=\"\" width=\"400\" height=\"294\" srcset=\"https:\/\/wp.ufpel.edu.br\/placeage\/files\/2019\/03\/palestrante_1-14-e1553276463137-400x294.jpg 400w, https:\/\/wp.ufpel.edu.br\/placeage\/files\/2019\/03\/palestrante_1-14-e1553276463137.jpg 742w\" sizes=\"auto, (max-width: 400px) 100vw, 400px\" \/><\/span><\/p>\n<p style=\"text-align: justify\"><span style=\"font-family: helvetica, arial, sans-serif;color: #333333;font-size: 12pt\">Estudou psicologia nas universidades de Hamburg (1966-67) e de Marburg na Alemanha (1967-68) e possui gradua\u00e7\u00e3o em Psicologia pelo Albion College, em Michigan nos EUA (1969). Realizou mestrado em psicologia experimental (AEC) na Western Michigan University (1970) e doutorado em Psicologia Social na University of California at Davis (1975). \u00c9 professor em\u00e9rito da Universidade de Bras\u00edlia, atua, atualmente, como pesquisador colaborador s\u00eanior e coordenador do Laborat\u00f3rio de Psicologia Ambiental. Continua ensinando Psicologia Ambiental e Planejamento de Pesquisa. Realiza pesquisas no campo de psicologia ambiental, especialmente sobre qualidade de vida urbana e psicologia do tr\u00e2nsito.<\/span><\/p>\n<p><span style=\"font-family: helvetica, arial, sans-serif;font-size: 12pt\"><span style=\"color: #333333\"><span style=\"font-size: 14pt\"><strong>Profa. Dra. Isolda Ara\u00fajo G\u00fcnther<\/strong><\/span><strong><br \/>\n<\/strong><\/span>Universidade de Bras\u00edlia, Brasil<\/span><br \/>\n<span style=\"font-family: helvetica, arial, sans-serif;font-size: 12pt\">Instituto de Psicologia<\/span><br \/>\n<span style=\"font-family: helvetica, arial, sans-serif;font-size: 12pt\">isolda.gunther@gmail.com<\/span><img loading=\"lazy\" decoding=\"async\" class=\"alignnone wp-image-1426 \" src=\"https:\/\/wp.ufpel.edu.br\/placeage\/files\/2019\/04\/isolda_2-38-1-e1554292415527-400x294.jpg\" alt=\"\" width=\"400\" height=\"294\" srcset=\"https:\/\/wp.ufpel.edu.br\/placeage\/files\/2019\/04\/isolda_2-38-1-e1554292415527-400x294.jpg 400w, https:\/\/wp.ufpel.edu.br\/placeage\/files\/2019\/04\/isolda_2-38-1-e1554292415527.jpg 742w\" sizes=\"auto, (max-width: 400px) 100vw, 400px\" \/><\/p>\n<p style=\"text-align: justify\"><span style=\"font-family: helvetica, arial, sans-serif\">Possui gradua\u00e7\u00e3o em forma\u00e7\u00e3o de psic\u00f3logo (1970), licenciatura em psicologia (1969) e bacharelato (1968) pela Universidade Cat\u00f3lica de Pernambuco, mestrado em Psicologia Experimental (Psicologia Social) pela Universidade Federal da Para\u00edba (1979), doutorado em Psicologia do Desenvolvimento pela Michigan State University, EUA (1983), p\u00f3s-doutorado pela City University of New York, EUA (1997-1998) e pela Carl von Ossietzky Universit\u00e4t Oldenburg, Alemanha (2003-2003).\u00a0 Desde 1993, \u00e9 Pesquisadora Colaboradora S\u00eanior na Universidade de Bras\u00edlia. Atua nas \u00e1reas da psicologia do desenvolvimento e da psicologia ambiental.<\/span><\/p>\n","protected":false},"excerpt":{"rendered":"<p>Prof. Dr. Ricardo Garc\u00eda Mira Ex-presidente do IAPS Departamento de Psicologia Faculdade de Ci\u00eancias da Educa\u00e7\u00e3o da Universidade da A Coru\u00f1a, Espanha ricardo.garcia.mira@udc.es Desde 1995 \u00e9 Professor de Psicologia Social e Ambiental na Universidade de A Coru\u00f1a, na Espanha. Ele \u00e9 o diretor do Grupo de Pesquisa Pessoa-Ambiente da Universidade de A Coru\u00f1a (www.people-environment-udc.org). Ele &hellip; <\/p>\n<p class=\"link-more\"><a href=\"https:\/\/wp.ufpel.edu.br\/placeage\/palestrantes-mesa-redonda\/\" class=\"more-link\">Continue lendo<span class=\"screen-reader-text\"> &#8220;Palestrantes e Mesa Redonda&#8221;<\/span><\/a><\/p>\n","protected":false},"author":717,"featured_media":0,"parent":0,"menu_order":0,"comment_status":"closed","ping_status":"closed","template":"","meta":{"footnotes":""},"class_list":["post-312","page","type-page","status-publish","hentry"],"yoast_head":"<!-- This site is optimized with the Yoast SEO plugin v26.7 - https:\/\/yoast.com\/wordpress\/plugins\/seo\/ -->\n<title>Palestrantes e Mesa Redonda - Ageing in Place in a World of Inequalities:<\/title>\n<meta name=\"robots\" content=\"index, follow, max-snippet:-1, max-image-preview:large, max-video-preview:-1\" \/>\n<link rel=\"canonical\" href=\"https:\/\/wp.ufpel.edu.br\/placeage\/palestrantes-mesa-redonda\/\" \/>\n<meta property=\"og:locale\" content=\"pt_BR\" \/>\n<meta property=\"og:type\" content=\"article\" \/>\n<meta property=\"og:title\" content=\"Palestrantes e Mesa Redonda - Ageing in Place in a World of Inequalities:\" \/>\n<meta property=\"og:description\" content=\"Prof. Dr. Ricardo Garc\u00eda Mira Ex-presidente do IAPS Departamento de Psicologia Faculdade de Ci\u00eancias da Educa\u00e7\u00e3o da Universidade da A Coru\u00f1a, Espanha ricardo.garcia.mira@udc.es Desde 1995 \u00e9 Professor de Psicologia Social e Ambiental na Universidade de A Coru\u00f1a, na Espanha. Ele \u00e9 o diretor do Grupo de Pesquisa Pessoa-Ambiente da Universidade de A Coru\u00f1a (www.people-environment-udc.org). Ele &hellip; Continue lendo &quot;Palestrantes e Mesa Redonda&quot;\" \/>\n<meta property=\"og:url\" content=\"https:\/\/wp.ufpel.edu.br\/placeage\/palestrantes-mesa-redonda\/\" \/>\n<meta property=\"og:site_name\" content=\"Ageing in Place in a World of Inequalities:\" \/>\n<meta property=\"article:modified_time\" content=\"2019-04-09T01:09:02+00:00\" \/>\n<meta property=\"og:image\" content=\"https:\/\/wp.ufpel.edu.br\/placeage\/files\/2019\/04\/ricardo_2-15-1-e1554292382857-400x296.jpg\" \/>\n<meta name=\"twitter:card\" content=\"summary_large_image\" \/>\n<meta name=\"twitter:label1\" content=\"Est. tempo de leitura\" \/>\n\t<meta name=\"twitter:data1\" content=\"2 minutos\" \/>\n<script type=\"application\/ld+json\" class=\"yoast-schema-graph\">{\"@context\":\"https:\/\/schema.org\",\"@graph\":[{\"@type\":\"WebPage\",\"@id\":\"https:\/\/wp.ufpel.edu.br\/placeage\/palestrantes-mesa-redonda\/\",\"url\":\"https:\/\/wp.ufpel.edu.br\/placeage\/palestrantes-mesa-redonda\/\",\"name\":\"Palestrantes e Mesa Redonda - Ageing in Place in a World of Inequalities:\",\"isPartOf\":{\"@id\":\"https:\/\/wp.ufpel.edu.br\/placeage\/#website\"},\"primaryImageOfPage\":{\"@id\":\"https:\/\/wp.ufpel.edu.br\/placeage\/palestrantes-mesa-redonda\/#primaryimage\"},\"image\":{\"@id\":\"https:\/\/wp.ufpel.edu.br\/placeage\/palestrantes-mesa-redonda\/#primaryimage\"},\"thumbnailUrl\":\"https:\/\/wp.ufpel.edu.br\/placeage\/files\/2019\/04\/ricardo_2-15-1-e1554292382857-400x296.jpg\",\"datePublished\":\"2019-03-22T17:28:36+00:00\",\"dateModified\":\"2019-04-09T01:09:02+00:00\",\"breadcrumb\":{\"@id\":\"https:\/\/wp.ufpel.edu.br\/placeage\/palestrantes-mesa-redonda\/#breadcrumb\"},\"inLanguage\":\"pt-BR\",\"potentialAction\":[{\"@type\":\"ReadAction\",\"target\":[\"https:\/\/wp.ufpel.edu.br\/placeage\/palestrantes-mesa-redonda\/\"]}]},{\"@type\":\"ImageObject\",\"inLanguage\":\"pt-BR\",\"@id\":\"https:\/\/wp.ufpel.edu.br\/placeage\/palestrantes-mesa-redonda\/#primaryimage\",\"url\":\"https:\/\/wp.ufpel.edu.br\/placeage\/files\/2019\/04\/ricardo_2-15-1-e1554292382857.jpg\",\"contentUrl\":\"https:\/\/wp.ufpel.edu.br\/placeage\/files\/2019\/04\/ricardo_2-15-1-e1554292382857.jpg\",\"width\":738,\"height\":546},{\"@type\":\"BreadcrumbList\",\"@id\":\"https:\/\/wp.ufpel.edu.br\/placeage\/palestrantes-mesa-redonda\/#breadcrumb\",\"itemListElement\":[{\"@type\":\"ListItem\",\"position\":1,\"name\":\"In\u00edcio\",\"item\":\"https:\/\/wp.ufpel.edu.br\/placeage\/\"},{\"@type\":\"ListItem\",\"position\":2,\"name\":\"Palestrantes e Mesa Redonda\"}]},{\"@type\":\"WebSite\",\"@id\":\"https:\/\/wp.ufpel.edu.br\/placeage\/#website\",\"url\":\"https:\/\/wp.ufpel.edu.br\/placeage\/\",\"name\":\"Symposium Ageing Inequalities\",\"description\":\"How to Design Healthy Cities for All | IAPS SYMPOSIUM 2019\",\"publisher\":{\"@id\":\"https:\/\/wp.ufpel.edu.br\/placeage\/#organization\"},\"potentialAction\":[{\"@type\":\"SearchAction\",\"target\":{\"@type\":\"EntryPoint\",\"urlTemplate\":\"https:\/\/wp.ufpel.edu.br\/placeage\/?s={search_term_string}\"},\"query-input\":{\"@type\":\"PropertyValueSpecification\",\"valueRequired\":true,\"valueName\":\"search_term_string\"}}],\"inLanguage\":\"pt-BR\"},{\"@type\":\"Organization\",\"@id\":\"https:\/\/wp.ufpel.edu.br\/placeage\/#organization\",\"name\":\"Syposium IAPS 2019\",\"url\":\"https:\/\/wp.ufpel.edu.br\/placeage\/\",\"logo\":{\"@type\":\"ImageObject\",\"inLanguage\":\"pt-BR\",\"@id\":\"https:\/\/wp.ufpel.edu.br\/placeage\/#\/schema\/logo\/image\/\",\"url\":\"https:\/\/wp.ufpel.edu.br\/placeage\/files\/2019\/04\/cropped-data-17-17-4.png\",\"contentUrl\":\"https:\/\/wp.ufpel.edu.br\/placeage\/files\/2019\/04\/cropped-data-17-17-4.png\",\"width\":411,\"height\":250,\"caption\":\"Syposium IAPS 2019\"},\"image\":{\"@id\":\"https:\/\/wp.ufpel.edu.br\/placeage\/#\/schema\/logo\/image\/\"}}]}<\/script>\n<!-- \/ Yoast SEO plugin. -->","yoast_head_json":{"title":"Palestrantes e Mesa Redonda - Ageing in Place in a World of Inequalities:","robots":{"index":"index","follow":"follow","max-snippet":"max-snippet:-1","max-image-preview":"max-image-preview:large","max-video-preview":"max-video-preview:-1"},"canonical":"https:\/\/wp.ufpel.edu.br\/placeage\/palestrantes-mesa-redonda\/","og_locale":"pt_BR","og_type":"article","og_title":"Palestrantes e Mesa Redonda - Ageing in Place in a World of Inequalities:","og_description":"Prof. Dr. Ricardo Garc\u00eda Mira Ex-presidente do IAPS Departamento de Psicologia Faculdade de Ci\u00eancias da Educa\u00e7\u00e3o da Universidade da A Coru\u00f1a, Espanha ricardo.garcia.mira@udc.es Desde 1995 \u00e9 Professor de Psicologia Social e Ambiental na Universidade de A Coru\u00f1a, na Espanha. Ele \u00e9 o diretor do Grupo de Pesquisa Pessoa-Ambiente da Universidade de A Coru\u00f1a (www.people-environment-udc.org). Ele &hellip; Continue lendo \"Palestrantes e Mesa Redonda\"","og_url":"https:\/\/wp.ufpel.edu.br\/placeage\/palestrantes-mesa-redonda\/","og_site_name":"Ageing in Place in a World of Inequalities:","article_modified_time":"2019-04-09T01:09:02+00:00","og_image":[{"url":"https:\/\/wp.ufpel.edu.br\/placeage\/files\/2019\/04\/ricardo_2-15-1-e1554292382857-400x296.jpg","type":"","width":"","height":""}],"twitter_card":"summary_large_image","twitter_misc":{"Est. tempo de leitura":"2 minutos"},"schema":{"@context":"https:\/\/schema.org","@graph":[{"@type":"WebPage","@id":"https:\/\/wp.ufpel.edu.br\/placeage\/palestrantes-mesa-redonda\/","url":"https:\/\/wp.ufpel.edu.br\/placeage\/palestrantes-mesa-redonda\/","name":"Palestrantes e Mesa Redonda - Ageing in Place in a World of Inequalities:","isPartOf":{"@id":"https:\/\/wp.ufpel.edu.br\/placeage\/#website"},"primaryImageOfPage":{"@id":"https:\/\/wp.ufpel.edu.br\/placeage\/palestrantes-mesa-redonda\/#primaryimage"},"image":{"@id":"https:\/\/wp.ufpel.edu.br\/placeage\/palestrantes-mesa-redonda\/#primaryimage"},"thumbnailUrl":"https:\/\/wp.ufpel.edu.br\/placeage\/files\/2019\/04\/ricardo_2-15-1-e1554292382857-400x296.jpg","datePublished":"2019-03-22T17:28:36+00:00","dateModified":"2019-04-09T01:09:02+00:00","breadcrumb":{"@id":"https:\/\/wp.ufpel.edu.br\/placeage\/palestrantes-mesa-redonda\/#breadcrumb"},"inLanguage":"pt-BR","potentialAction":[{"@type":"ReadAction","target":["https:\/\/wp.ufpel.edu.br\/placeage\/palestrantes-mesa-redonda\/"]}]},{"@type":"ImageObject","inLanguage":"pt-BR","@id":"https:\/\/wp.ufpel.edu.br\/placeage\/palestrantes-mesa-redonda\/#primaryimage","url":"https:\/\/wp.ufpel.edu.br\/placeage\/files\/2019\/04\/ricardo_2-15-1-e1554292382857.jpg","contentUrl":"https:\/\/wp.ufpel.edu.br\/placeage\/files\/2019\/04\/ricardo_2-15-1-e1554292382857.jpg","width":738,"height":546},{"@type":"BreadcrumbList","@id":"https:\/\/wp.ufpel.edu.br\/placeage\/palestrantes-mesa-redonda\/#breadcrumb","itemListElement":[{"@type":"ListItem","position":1,"name":"In\u00edcio","item":"https:\/\/wp.ufpel.edu.br\/placeage\/"},{"@type":"ListItem","position":2,"name":"Palestrantes e Mesa Redonda"}]},{"@type":"WebSite","@id":"https:\/\/wp.ufpel.edu.br\/placeage\/#website","url":"https:\/\/wp.ufpel.edu.br\/placeage\/","name":"Symposium Ageing Inequalities","description":"How to Design Healthy Cities for All | IAPS SYMPOSIUM 2019","publisher":{"@id":"https:\/\/wp.ufpel.edu.br\/placeage\/#organization"},"potentialAction":[{"@type":"SearchAction","target":{"@type":"EntryPoint","urlTemplate":"https:\/\/wp.ufpel.edu.br\/placeage\/?s={search_term_string}"},"query-input":{"@type":"PropertyValueSpecification","valueRequired":true,"valueName":"search_term_string"}}],"inLanguage":"pt-BR"},{"@type":"Organization","@id":"https:\/\/wp.ufpel.edu.br\/placeage\/#organization","name":"Syposium IAPS 2019","url":"https:\/\/wp.ufpel.edu.br\/placeage\/","logo":{"@type":"ImageObject","inLanguage":"pt-BR","@id":"https:\/\/wp.ufpel.edu.br\/placeage\/#\/schema\/logo\/image\/","url":"https:\/\/wp.ufpel.edu.br\/placeage\/files\/2019\/04\/cropped-data-17-17-4.png","contentUrl":"https:\/\/wp.ufpel.edu.br\/placeage\/files\/2019\/04\/cropped-data-17-17-4.png","width":411,"height":250,"caption":"Syposium IAPS 2019"},"image":{"@id":"https:\/\/wp.ufpel.edu.br\/placeage\/#\/schema\/logo\/image\/"}}]}},"_links":{"self":[{"href":"https:\/\/wp.ufpel.edu.br\/placeage\/wp-json\/wp\/v2\/pages\/312","targetHints":{"allow":["GET"]}}],"collection":[{"href":"https:\/\/wp.ufpel.edu.br\/placeage\/wp-json\/wp\/v2\/pages"}],"about":[{"href":"https:\/\/wp.ufpel.edu.br\/placeage\/wp-json\/wp\/v2\/types\/page"}],"author":[{"embeddable":true,"href":"https:\/\/wp.ufpel.edu.br\/placeage\/wp-json\/wp\/v2\/users\/717"}],"replies":[{"embeddable":true,"href":"https:\/\/wp.ufpel.edu.br\/placeage\/wp-json\/wp\/v2\/comments?post=312"}],"version-history":[{"count":33,"href":"https:\/\/wp.ufpel.edu.br\/placeage\/wp-json\/wp\/v2\/pages\/312\/revisions"}],"predecessor-version":[{"id":1473,"href":"https:\/\/wp.ufpel.edu.br\/placeage\/wp-json\/wp\/v2\/pages\/312\/revisions\/1473"}],"wp:attachment":[{"href":"https:\/\/wp.ufpel.edu.br\/placeage\/wp-json\/wp\/v2\/media?parent=312"}],"curies":[{"name":"wp","href":"https:\/\/api.w.org\/{rel}","templated":true}]}}