{"id":208,"date":"2019-03-21T15:15:25","date_gmt":"2019-03-21T18:15:25","guid":{"rendered":"https:\/\/wp.ufpel.edu.br\/placeage\/?page_id=208"},"modified":"2019-11-23T12:57:44","modified_gmt":"2019-11-23T15:57:44","slug":"inscricao","status":"publish","type":"page","link":"https:\/\/wp.ufpel.edu.br\/placeage\/inscricao\/","title":{"rendered":"Inscri\u00e7\u00f5es"},"content":{"rendered":"<p style=\"text-align: justify\"><span style=\"font-family: helvetica, arial, sans-serif\">As Inscri\u00e7\u00f5es para o Simp\u00f3sio est\u00e3o abertas de <span style=\"color: #800023\"><strong>1 de abril a 26 de novembro de 2019<\/strong>.<\/span> <\/span><\/p>\n<p style=\"text-align: justify\"><span style=\"font-family: helvetica, arial, sans-serif\">O participante poder\u00e1 se registrar para apresenta\u00e7\u00e3o oral ou apenas como ouvinte das sess\u00f5es tem\u00e1ticas e palestras. A apresenta\u00e7\u00e3o oral ser\u00e1 de 10-15 minutos (projetores estar\u00e3o dispon\u00edveis). <\/span><\/p>\n<p style=\"text-align: justify\"><span style=\"font-family: helvetica, arial, sans-serif\">Para promover um evento que permita a inclus\u00e3o de pesquisadores de diversos pa\u00edses e contribua para a sustentabilidade, o simp\u00f3sio ser\u00e1 <em>paperless<\/em>, permitindo baixas taxas de inscri\u00e7\u00e3o.<\/span><\/p>\n<p style=\"text-align: justify\"><span style=\"font-family: helvetica, arial, sans-serif\">Para se inscrever basta preencher <strong>o formul\u00e1rio de inscri\u00e7\u00e3o <\/strong>(<a href=\"https:\/\/forms.gle\/RaxwZJKkzyocfWnj7\" target=\"_blank\" rel=\"noopener noreferrer\">Portugu\u00eas <\/a>ou <a href=\"https:\/\/forms.gle\/DsukZ7gwFAyoAHfK7\" target=\"_blank\" rel=\"noopener noreferrer\">Espanhol<\/a>).<\/span><\/p>\n<p style=\"text-align: justify\"><span style=\"font-family: helvetica, arial, sans-serif\">Todos participantes inscritos receber\u00e3o <strong>Certificado de Participa\u00e7\u00e3o\/ Apresenta\u00e7\u00e3o<\/strong> do Evento, o qual ser\u00e1 enviado para o e-mail informado no Formul\u00e1rio de Inscri\u00e7\u00e3o.<\/span><\/p>\n<p style=\"text-align: justify\"><span style=\"font-family: helvetica, arial, sans-serif;color: #800023\"><strong>VALORES DAS INSCRI\u00c7\u00d5ES<\/strong><\/span><\/p>\n<p style=\"text-align: justify\"><span style=\"font-family: helvetica, arial, sans-serif\"><span style=\"background-color: #e8e6e6\"><strong>Ouvintes:<\/strong><\/span> gratuito.<\/span><\/p>\n<ul>\n<li><span style=\"font-family: helvetica, arial, sans-serif\"><strong><span style=\"background-color: #e8e6e6\">Apresenta\u00e7\u00e3o Oral:<\/span><br \/>\n<\/strong><span style=\"background-color: #dbdbdb\">MEMBROS DO IAPS: gratuito<\/span><span style=\"background-color: #e0e0e0\"><br \/>\n<\/span><span style=\"font-size: 1rem\">(Se voc\u00ea entrar no link <\/span><a style=\"font-size: 1rem\" href=\"https:\/\/iaps-association.org\/membership\/join-iaps\/\">https:\/\/iaps-association.org\/membership\/join-iaps\/<\/a><span style=\"font-size: 1rem\"> , voc\u00ea poder\u00e1 se associar no IAPS. Para estudantes, aposentados e pesquisadores residentes em pa\u00edses em desenvolvimento, a taxa anual de inscri\u00e7\u00e3o \u00e9 somente <\/span><strong style=\"font-size: 1rem\"><span style=\"color: #993300\">25 euros<\/span><\/strong><span style=\"font-size: 1rem\">. Os membros do IAPS ter\u00e3o gratuidade no evento e ainda acesso a todos os benef\u00edcios de fazer parte dessa importante associa\u00e7\u00e3o internacional de pesquisa). Nesse caso, basta anexar ao formul\u00e1rio de inscri\u00e7\u00e3o um <\/span><em style=\"font-size: 1rem\">print screen<\/em><span style=\"font-size: 1rem\"> do status do seu <\/span><em style=\"font-size: 1rem\">membership<\/em><span style=\"font-size: 1rem\"> que pode ser obtido na p\u00e1gina de <\/span><a style=\"font-size: 1rem\" href=\"https:\/\/members.iaps-association.org\/usuario\/login\">login do IAPS<\/a><span style=\"font-size: 1rem\">.<\/span><\/span><\/li>\n<li style=\"text-align: justify\"><span style=\"font-family: helvetica, arial, sans-serif\"><span style=\"background-color: #dbdbdb\">N\u00c3O-MEMBROS DO IAPS: R$ 155,00.<\/span><span style=\"background-color: #e0e0e0\"><br \/>\n<\/span><br \/>\n<strong><span style=\"color: #993300\">(A comiss\u00e3o organizadora do evento encoraja fortemente o pagamento via Associa\u00e7\u00e3o do IAPS, uma vez que o valor para ser membro \u00e9 menor do que o valor para n\u00e3o-membros, al\u00e9m de aproveitar dos benef\u00edcios da mesma).\u00a0<\/span><\/strong><\/span><\/li>\n<\/ul>\n<p style=\"text-align: justify\"><span style=\"font-family: helvetica, arial, sans-serif\"><em>OBS.: Alunos que s\u00e3o apoiados por A\u00e7\u00f5es Afirmativas (pol\u00edticas p\u00fablicas para a prote\u00e7\u00e3o de minorias e grupos discriminados no passado) da Universidade s\u00e3o isento de inscri\u00e7\u00e3o. \u00c9 somente anexar no formul\u00e1rio de inscri\u00e7\u00e3o uma carta atestando o apoio.<\/em><\/span><\/p>\n<ul>\n<li style=\"text-align: justify\"><span style=\"font-family: helvetica, arial, sans-serif\"><span style=\"background-color: #e8e6e6\">CONFRATERNIZA\u00c7\u00c3O:<\/span> ALMO\u00c7O NA CHARQUEADA S\u00c3O JO\u00c3O com transporte inclu\u00eddo (churrasco ga\u00facho, saladas e sobremesa).<br \/>\nValor de R$ 140,00. <span style=\"color: #993300\">Pagamento em dinheiro no primeiro dia do evento<\/span> (o pagamento da confraterniza\u00e7\u00e3o <strong>N\u00c3O<\/strong> ser\u00e1 feito por dep\u00f3sito e sim em dinheiro).<\/span><\/li>\n<\/ul>\n<p><span style=\"font-family: helvetica, arial, sans-serif\"><span style=\"color: #800000\"><strong>PAGAMENTOS<br \/>\n<\/strong><\/span><br \/>\nPara os n\u00e3o-membros do IAPS as inscri\u00e7\u00f5es podem ser pagas por<strong> <span style=\"color: #993300\">via GRU<\/span> <\/strong>atrav\u00e9s do link: <span style=\"font-size: 10pt\"><a href=\"http:\/\/consulta.tesouro.fazenda.gov.br\/gru_novosite\/gru_simples.asp\">http:\/\/consulta.tesouro.fazenda.gov.br\/gru_novosite\/gru_simples.asp<\/a><\/span><br \/>\n<\/span><\/p>\n<p style=\"font-weight: 400\"><span style=\"font-family: helvetica, arial, sans-serif\">Preencher o boleto conforme as informa\u00e7\u00f5es abaixo:<\/span><br \/>\n<span style=\"font-family: helvetica, arial, sans-serif\">Unidade Gestora (UG): <strong>154047<\/strong><\/span><br \/>\n<span style=\"font-family: helvetica, arial, sans-serif\">Gest\u00e3o:<strong> 15264<\/strong><\/span><br \/>\n<span style=\"font-family: helvetica, arial, sans-serif\">C\u00f3digo de Recolhimento:<strong> 28911-6<\/strong><\/span><br \/>\n<span style=\"font-family: helvetica, arial, sans-serif\">Compet\u00eancia: <strong>10\/2019<\/strong><\/span><br \/>\n<span style=\"font-family: helvetica, arial, sans-serif\">Vencimento: <strong>15\/10\/2019<\/strong><\/span><br \/>\n<span style=\"font-family: helvetica, arial, sans-serif\">CPF do contribuinte: <strong>n\u00famero de CPF<\/strong><\/span><br \/>\n<span style=\"font-family: helvetica, arial, sans-serif\">Nome do contribuinte: <strong>nome correspondente ao CPF<\/strong><\/span><br \/>\n<span style=\"font-family: helvetica, arial, sans-serif\">Valor principal: <strong>R$ 155,00<\/strong><\/span><br \/>\n<span style=\"font-family: helvetica, arial, sans-serif\">Valor total: <strong>R$155,00<\/strong><\/span><\/p>\n<p style=\"text-align: justify\"><span style=\"font-family: helvetica, arial, sans-serif\">Ap\u00f3s preenchimento das informa\u00e7\u00f5es emitir GRU e pagar o boleto. <\/span><span style=\"font-family: helvetica, arial, sans-serif\">O boleto gerado poder\u00e1 ser pago <span style=\"color: #993300\"><strong>somente no Banco do Brasil.<\/strong><\/span> Clientes do Banco do Brasil poder\u00e3o efetuar o pagamento por meio dos Terminais de Auto-Atendimento ou pela Internet.<\/span><\/p>\n<p style=\"text-align: justify\"><span style=\"font-family: helvetica, arial, sans-serif;color: #800023\"><strong><span style=\"color: #993300\">*IMPORTANTE:<\/span> <\/strong>O comprovante de pagamento da taxa de inscri\u00e7\u00e3o deve ser anexado no formul\u00e1rio de inscri\u00e7\u00e3o<strong>\u00a0<\/strong>para efetiva\u00e7\u00e3o da participa\u00e7\u00e3o no evento como apresentador.<br \/>\n<\/span><\/p>\n<hr \/>\n<p style=\"text-align: justify\"><span style=\"font-family: helvetica, arial, sans-serif\">Pagamentos no exterior de GRU:<\/span><\/p>\n<div>\n<ul>\n<li style=\"text-align: justify\"><span style=\"font-family: helvetica, arial, sans-serif\"><span style=\"color: #000000\">O depositante dever\u00e1 emitir o \u201cSWIFT\u201d, em um banco no\u00a0<\/span>exterior<span style=\"color: #000000\">, com o c\u00f3digo <strong><span style=\"color: #993300\">(<\/span><\/strong><\/span><strong><span style=\"color: #993300\">BRASBRRJBSA<\/span><\/strong><span style=\"color: #000000\"><strong><span style=\"color: #993300\">)<\/span><\/strong> informando o banco, a ag\u00eancia e a conta com 18 caracteres da seguinte forma:\u00a0<\/span><span style=\"color: #993300\"><b>001160710001705008<\/b><\/span><span style=\"color: #000000\">; e<\/span><\/span><\/li>\n<li style=\"text-align: justify\"><span style=\"font-family: helvetica, arial, sans-serif\"><span style=\"color: #000000\">Mencionar o c\u00f3digo IDENTIFICADOR 1 <strong><span style=\"color: #993300\">(<\/span><\/strong><\/span><strong><span style=\"color: #993300\"><strong>1<\/strong>5404715264XXXXXX<\/span><\/strong><span style=\"color: #000000\"><strong><span style=\"color: #993300\">)<\/span><\/strong>, onde os campos com X dever\u00e3o ser substitu\u00eddos pelo identificador que est\u00e1 sendo utilizado na emiss\u00e3o das GRU&#8217;s,\u00a0<\/span><\/span><\/li>\n<li style=\"text-align: justify\"><span style=\"color: #000000;font-family: helvetica, arial, sans-serif\">Mencionar tamb\u00e9m o CNPJ da <span style=\"color: #993300\"><strong>FUNDA\u00c7\u00c3O UNIVERSIDADE FEDERAL DE PELOTAS &#8211; 92242080000100<\/strong><\/span>\u00a0, visando a identificar o \u00d3rg\u00e3o de destino.<\/span><\/li>\n<\/ul>\n<\/div>\n","protected":false},"excerpt":{"rendered":"<p>As Inscri\u00e7\u00f5es para o Simp\u00f3sio est\u00e3o abertas de 1 de abril a 26 de novembro de 2019. O participante poder\u00e1 se registrar para apresenta\u00e7\u00e3o oral ou apenas como ouvinte das sess\u00f5es tem\u00e1ticas e palestras. A apresenta\u00e7\u00e3o oral ser\u00e1 de 10-15 minutos (projetores estar\u00e3o dispon\u00edveis). Para promover um evento que permita a inclus\u00e3o de pesquisadores de &hellip; <\/p>\n<p class=\"link-more\"><a href=\"https:\/\/wp.ufpel.edu.br\/placeage\/inscricao\/\" class=\"more-link\">Continue lendo<span class=\"screen-reader-text\"> &#8220;Inscri\u00e7\u00f5es&#8221;<\/span><\/a><\/p>\n","protected":false},"author":717,"featured_media":0,"parent":0,"menu_order":0,"comment_status":"closed","ping_status":"closed","template":"","meta":{"footnotes":""},"class_list":["post-208","page","type-page","status-publish","hentry"],"yoast_head":"<!-- This site is optimized with the Yoast SEO plugin v26.7 - https:\/\/yoast.com\/wordpress\/plugins\/seo\/ -->\n<title>Inscri\u00e7\u00f5es - Ageing in Place in a World of Inequalities:<\/title>\n<meta name=\"robots\" content=\"index, follow, max-snippet:-1, max-image-preview:large, max-video-preview:-1\" \/>\n<link rel=\"canonical\" href=\"https:\/\/wp.ufpel.edu.br\/placeage\/inscricao\/\" \/>\n<meta property=\"og:locale\" content=\"pt_BR\" \/>\n<meta property=\"og:type\" content=\"article\" \/>\n<meta property=\"og:title\" content=\"Inscri\u00e7\u00f5es - Ageing in Place in a World of Inequalities:\" \/>\n<meta property=\"og:description\" content=\"As Inscri\u00e7\u00f5es para o Simp\u00f3sio est\u00e3o abertas de 1 de abril a 26 de novembro de 2019. O participante poder\u00e1 se registrar para apresenta\u00e7\u00e3o oral ou apenas como ouvinte das sess\u00f5es tem\u00e1ticas e palestras. A apresenta\u00e7\u00e3o oral ser\u00e1 de 10-15 minutos (projetores estar\u00e3o dispon\u00edveis). Para promover um evento que permita a inclus\u00e3o de pesquisadores de &hellip; Continue lendo &quot;Inscri\u00e7\u00f5es&quot;\" \/>\n<meta property=\"og:url\" content=\"https:\/\/wp.ufpel.edu.br\/placeage\/inscricao\/\" \/>\n<meta property=\"og:site_name\" content=\"Ageing in Place in a World of Inequalities:\" \/>\n<meta property=\"article:modified_time\" content=\"2019-11-23T15:57:44+00:00\" \/>\n<meta name=\"twitter:card\" content=\"summary_large_image\" \/>\n<meta name=\"twitter:label1\" content=\"Est. tempo de leitura\" \/>\n\t<meta name=\"twitter:data1\" content=\"3 minutos\" \/>\n<script type=\"application\/ld+json\" class=\"yoast-schema-graph\">{\"@context\":\"https:\/\/schema.org\",\"@graph\":[{\"@type\":\"WebPage\",\"@id\":\"https:\/\/wp.ufpel.edu.br\/placeage\/inscricao\/\",\"url\":\"https:\/\/wp.ufpel.edu.br\/placeage\/inscricao\/\",\"name\":\"Inscri\u00e7\u00f5es - Ageing in Place in a World of Inequalities:\",\"isPartOf\":{\"@id\":\"https:\/\/wp.ufpel.edu.br\/placeage\/#website\"},\"datePublished\":\"2019-03-21T18:15:25+00:00\",\"dateModified\":\"2019-11-23T15:57:44+00:00\",\"breadcrumb\":{\"@id\":\"https:\/\/wp.ufpel.edu.br\/placeage\/inscricao\/#breadcrumb\"},\"inLanguage\":\"pt-BR\",\"potentialAction\":[{\"@type\":\"ReadAction\",\"target\":[\"https:\/\/wp.ufpel.edu.br\/placeage\/inscricao\/\"]}]},{\"@type\":\"BreadcrumbList\",\"@id\":\"https:\/\/wp.ufpel.edu.br\/placeage\/inscricao\/#breadcrumb\",\"itemListElement\":[{\"@type\":\"ListItem\",\"position\":1,\"name\":\"In\u00edcio\",\"item\":\"https:\/\/wp.ufpel.edu.br\/placeage\/\"},{\"@type\":\"ListItem\",\"position\":2,\"name\":\"Inscri\u00e7\u00f5es\"}]},{\"@type\":\"WebSite\",\"@id\":\"https:\/\/wp.ufpel.edu.br\/placeage\/#website\",\"url\":\"https:\/\/wp.ufpel.edu.br\/placeage\/\",\"name\":\"Symposium Ageing Inequalities\",\"description\":\"How to Design Healthy Cities for All | IAPS SYMPOSIUM 2019\",\"publisher\":{\"@id\":\"https:\/\/wp.ufpel.edu.br\/placeage\/#organization\"},\"potentialAction\":[{\"@type\":\"SearchAction\",\"target\":{\"@type\":\"EntryPoint\",\"urlTemplate\":\"https:\/\/wp.ufpel.edu.br\/placeage\/?s={search_term_string}\"},\"query-input\":{\"@type\":\"PropertyValueSpecification\",\"valueRequired\":true,\"valueName\":\"search_term_string\"}}],\"inLanguage\":\"pt-BR\"},{\"@type\":\"Organization\",\"@id\":\"https:\/\/wp.ufpel.edu.br\/placeage\/#organization\",\"name\":\"Syposium IAPS 2019\",\"url\":\"https:\/\/wp.ufpel.edu.br\/placeage\/\",\"logo\":{\"@type\":\"ImageObject\",\"inLanguage\":\"pt-BR\",\"@id\":\"https:\/\/wp.ufpel.edu.br\/placeage\/#\/schema\/logo\/image\/\",\"url\":\"https:\/\/wp.ufpel.edu.br\/placeage\/files\/2019\/04\/cropped-data-17-17-4.png\",\"contentUrl\":\"https:\/\/wp.ufpel.edu.br\/placeage\/files\/2019\/04\/cropped-data-17-17-4.png\",\"width\":411,\"height\":250,\"caption\":\"Syposium IAPS 2019\"},\"image\":{\"@id\":\"https:\/\/wp.ufpel.edu.br\/placeage\/#\/schema\/logo\/image\/\"}}]}<\/script>\n<!-- \/ Yoast SEO plugin. -->","yoast_head_json":{"title":"Inscri\u00e7\u00f5es - Ageing in Place in a World of Inequalities:","robots":{"index":"index","follow":"follow","max-snippet":"max-snippet:-1","max-image-preview":"max-image-preview:large","max-video-preview":"max-video-preview:-1"},"canonical":"https:\/\/wp.ufpel.edu.br\/placeage\/inscricao\/","og_locale":"pt_BR","og_type":"article","og_title":"Inscri\u00e7\u00f5es - Ageing in Place in a World of Inequalities:","og_description":"As Inscri\u00e7\u00f5es para o Simp\u00f3sio est\u00e3o abertas de 1 de abril a 26 de novembro de 2019. O participante poder\u00e1 se registrar para apresenta\u00e7\u00e3o oral ou apenas como ouvinte das sess\u00f5es tem\u00e1ticas e palestras. A apresenta\u00e7\u00e3o oral ser\u00e1 de 10-15 minutos (projetores estar\u00e3o dispon\u00edveis). Para promover um evento que permita a inclus\u00e3o de pesquisadores de &hellip; Continue lendo \"Inscri\u00e7\u00f5es\"","og_url":"https:\/\/wp.ufpel.edu.br\/placeage\/inscricao\/","og_site_name":"Ageing in Place in a World of Inequalities:","article_modified_time":"2019-11-23T15:57:44+00:00","twitter_card":"summary_large_image","twitter_misc":{"Est. tempo de leitura":"3 minutos"},"schema":{"@context":"https:\/\/schema.org","@graph":[{"@type":"WebPage","@id":"https:\/\/wp.ufpel.edu.br\/placeage\/inscricao\/","url":"https:\/\/wp.ufpel.edu.br\/placeage\/inscricao\/","name":"Inscri\u00e7\u00f5es - Ageing in Place in a World of Inequalities:","isPartOf":{"@id":"https:\/\/wp.ufpel.edu.br\/placeage\/#website"},"datePublished":"2019-03-21T18:15:25+00:00","dateModified":"2019-11-23T15:57:44+00:00","breadcrumb":{"@id":"https:\/\/wp.ufpel.edu.br\/placeage\/inscricao\/#breadcrumb"},"inLanguage":"pt-BR","potentialAction":[{"@type":"ReadAction","target":["https:\/\/wp.ufpel.edu.br\/placeage\/inscricao\/"]}]},{"@type":"BreadcrumbList","@id":"https:\/\/wp.ufpel.edu.br\/placeage\/inscricao\/#breadcrumb","itemListElement":[{"@type":"ListItem","position":1,"name":"In\u00edcio","item":"https:\/\/wp.ufpel.edu.br\/placeage\/"},{"@type":"ListItem","position":2,"name":"Inscri\u00e7\u00f5es"}]},{"@type":"WebSite","@id":"https:\/\/wp.ufpel.edu.br\/placeage\/#website","url":"https:\/\/wp.ufpel.edu.br\/placeage\/","name":"Symposium Ageing Inequalities","description":"How to Design Healthy Cities for All | IAPS SYMPOSIUM 2019","publisher":{"@id":"https:\/\/wp.ufpel.edu.br\/placeage\/#organization"},"potentialAction":[{"@type":"SearchAction","target":{"@type":"EntryPoint","urlTemplate":"https:\/\/wp.ufpel.edu.br\/placeage\/?s={search_term_string}"},"query-input":{"@type":"PropertyValueSpecification","valueRequired":true,"valueName":"search_term_string"}}],"inLanguage":"pt-BR"},{"@type":"Organization","@id":"https:\/\/wp.ufpel.edu.br\/placeage\/#organization","name":"Syposium IAPS 2019","url":"https:\/\/wp.ufpel.edu.br\/placeage\/","logo":{"@type":"ImageObject","inLanguage":"pt-BR","@id":"https:\/\/wp.ufpel.edu.br\/placeage\/#\/schema\/logo\/image\/","url":"https:\/\/wp.ufpel.edu.br\/placeage\/files\/2019\/04\/cropped-data-17-17-4.png","contentUrl":"https:\/\/wp.ufpel.edu.br\/placeage\/files\/2019\/04\/cropped-data-17-17-4.png","width":411,"height":250,"caption":"Syposium IAPS 2019"},"image":{"@id":"https:\/\/wp.ufpel.edu.br\/placeage\/#\/schema\/logo\/image\/"}}]}},"_links":{"self":[{"href":"https:\/\/wp.ufpel.edu.br\/placeage\/wp-json\/wp\/v2\/pages\/208","targetHints":{"allow":["GET"]}}],"collection":[{"href":"https:\/\/wp.ufpel.edu.br\/placeage\/wp-json\/wp\/v2\/pages"}],"about":[{"href":"https:\/\/wp.ufpel.edu.br\/placeage\/wp-json\/wp\/v2\/types\/page"}],"author":[{"embeddable":true,"href":"https:\/\/wp.ufpel.edu.br\/placeage\/wp-json\/wp\/v2\/users\/717"}],"replies":[{"embeddable":true,"href":"https:\/\/wp.ufpel.edu.br\/placeage\/wp-json\/wp\/v2\/comments?post=208"}],"version-history":[{"count":48,"href":"https:\/\/wp.ufpel.edu.br\/placeage\/wp-json\/wp\/v2\/pages\/208\/revisions"}],"predecessor-version":[{"id":1685,"href":"https:\/\/wp.ufpel.edu.br\/placeage\/wp-json\/wp\/v2\/pages\/208\/revisions\/1685"}],"wp:attachment":[{"href":"https:\/\/wp.ufpel.edu.br\/placeage\/wp-json\/wp\/v2\/media?parent=208"}],"curies":[{"name":"wp","href":"https:\/\/api.w.org\/{rel}","templated":true}]}}