{"id":1621,"date":"2019-11-19T19:03:55","date_gmt":"2019-11-19T22:03:55","guid":{"rendered":"https:\/\/wp.ufpel.edu.br\/placeage\/?page_id=1621"},"modified":"2019-11-25T08:03:36","modified_gmt":"2019-11-25T11:03:36","slug":"cronograma-de-apresentacoes","status":"publish","type":"page","link":"https:\/\/wp.ufpel.edu.br\/placeage\/cronograma-de-apresentacoes\/","title":{"rendered":"Cronograma de apresenta\u00e7\u00f5es"},"content":{"rendered":"<p>Rela\u00e7\u00e3o do cronograma de apresenta\u00e7\u00f5es do SIMP\u00d3SIO IAPS 2019:<\/p>\n<p><a href=\"https:\/\/drive.google.com\/file\/d\/1lhqloqovgwGfyos9Mu-hzQ0KUvYVu84P\/view?usp=sharing\" target=\"_blank\" rel=\"noopener noreferrer\">Acesse aqui:<\/a><\/p>\n<p><img loading=\"lazy\" decoding=\"async\" class=\"aligncenter wp-image-1635 size-full\" src=\"https:\/\/wp.ufpel.edu.br\/placeage\/files\/2019\/11\/crono-01.jpg\" alt=\"\" width=\"843\" height=\"596\" srcset=\"https:\/\/wp.ufpel.edu.br\/placeage\/files\/2019\/11\/crono-01.jpg 843w, https:\/\/wp.ufpel.edu.br\/placeage\/files\/2019\/11\/crono-01-400x283.jpg 400w, https:\/\/wp.ufpel.edu.br\/placeage\/files\/2019\/11\/crono-01-768x543.jpg 768w\" sizes=\"auto, (max-width: 706px) 89vw, (max-width: 767px) 82vw, 740px\" \/><\/p>\n","protected":false},"excerpt":{"rendered":"<p>Rela\u00e7\u00e3o do cronograma de apresenta\u00e7\u00f5es do SIMP\u00d3SIO IAPS 2019: Acesse aqui:<\/p>\n","protected":false},"author":717,"featured_media":0,"parent":0,"menu_order":0,"comment_status":"closed","ping_status":"closed","template":"","meta":{"footnotes":""},"class_list":["post-1621","page","type-page","status-publish","hentry"],"yoast_head":"<!-- This site is optimized with the Yoast SEO plugin v26.7 - https:\/\/yoast.com\/wordpress\/plugins\/seo\/ -->\n<title>Cronograma de apresenta\u00e7\u00f5es - Ageing in Place in a World of Inequalities:<\/title>\n<meta name=\"robots\" content=\"index, follow, max-snippet:-1, max-image-preview:large, max-video-preview:-1\" \/>\n<link rel=\"canonical\" href=\"https:\/\/wp.ufpel.edu.br\/placeage\/cronograma-de-apresentacoes\/\" \/>\n<meta property=\"og:locale\" content=\"pt_BR\" \/>\n<meta property=\"og:type\" content=\"article\" \/>\n<meta property=\"og:title\" content=\"Cronograma de apresenta\u00e7\u00f5es - Ageing in Place in a World of Inequalities:\" \/>\n<meta property=\"og:description\" content=\"Rela\u00e7\u00e3o do cronograma de apresenta\u00e7\u00f5es do SIMP\u00d3SIO IAPS 2019: Acesse aqui:\" \/>\n<meta property=\"og:url\" content=\"https:\/\/wp.ufpel.edu.br\/placeage\/cronograma-de-apresentacoes\/\" \/>\n<meta property=\"og:site_name\" content=\"Ageing in Place in a World of Inequalities:\" \/>\n<meta property=\"article:modified_time\" content=\"2019-11-25T11:03:36+00:00\" \/>\n<meta property=\"og:image\" content=\"https:\/\/wp.ufpel.edu.br\/placeage\/files\/2019\/11\/crono-01.jpg\" \/>\n<meta name=\"twitter:card\" content=\"summary_large_image\" \/>\n<script type=\"application\/ld+json\" class=\"yoast-schema-graph\">{\"@context\":\"https:\/\/schema.org\",\"@graph\":[{\"@type\":\"WebPage\",\"@id\":\"https:\/\/wp.ufpel.edu.br\/placeage\/cronograma-de-apresentacoes\/\",\"url\":\"https:\/\/wp.ufpel.edu.br\/placeage\/cronograma-de-apresentacoes\/\",\"name\":\"Cronograma de apresenta\u00e7\u00f5es - Ageing in Place in a World of Inequalities:\",\"isPartOf\":{\"@id\":\"https:\/\/wp.ufpel.edu.br\/placeage\/#website\"},\"primaryImageOfPage\":{\"@id\":\"https:\/\/wp.ufpel.edu.br\/placeage\/cronograma-de-apresentacoes\/#primaryimage\"},\"image\":{\"@id\":\"https:\/\/wp.ufpel.edu.br\/placeage\/cronograma-de-apresentacoes\/#primaryimage\"},\"thumbnailUrl\":\"https:\/\/wp.ufpel.edu.br\/placeage\/files\/2019\/11\/crono-01.jpg\",\"datePublished\":\"2019-11-19T22:03:55+00:00\",\"dateModified\":\"2019-11-25T11:03:36+00:00\",\"breadcrumb\":{\"@id\":\"https:\/\/wp.ufpel.edu.br\/placeage\/cronograma-de-apresentacoes\/#breadcrumb\"},\"inLanguage\":\"pt-BR\",\"potentialAction\":[{\"@type\":\"ReadAction\",\"target\":[\"https:\/\/wp.ufpel.edu.br\/placeage\/cronograma-de-apresentacoes\/\"]}]},{\"@type\":\"ImageObject\",\"inLanguage\":\"pt-BR\",\"@id\":\"https:\/\/wp.ufpel.edu.br\/placeage\/cronograma-de-apresentacoes\/#primaryimage\",\"url\":\"https:\/\/wp.ufpel.edu.br\/placeage\/files\/2019\/11\/crono-01.jpg\",\"contentUrl\":\"https:\/\/wp.ufpel.edu.br\/placeage\/files\/2019\/11\/crono-01.jpg\",\"width\":843,\"height\":596},{\"@type\":\"BreadcrumbList\",\"@id\":\"https:\/\/wp.ufpel.edu.br\/placeage\/cronograma-de-apresentacoes\/#breadcrumb\",\"itemListElement\":[{\"@type\":\"ListItem\",\"position\":1,\"name\":\"In\u00edcio\",\"item\":\"https:\/\/wp.ufpel.edu.br\/placeage\/\"},{\"@type\":\"ListItem\",\"position\":2,\"name\":\"Cronograma de apresenta\u00e7\u00f5es\"}]},{\"@type\":\"WebSite\",\"@id\":\"https:\/\/wp.ufpel.edu.br\/placeage\/#website\",\"url\":\"https:\/\/wp.ufpel.edu.br\/placeage\/\",\"name\":\"Symposium Ageing Inequalities\",\"description\":\"How to Design Healthy Cities for All | IAPS SYMPOSIUM 2019\",\"publisher\":{\"@id\":\"https:\/\/wp.ufpel.edu.br\/placeage\/#organization\"},\"potentialAction\":[{\"@type\":\"SearchAction\",\"target\":{\"@type\":\"EntryPoint\",\"urlTemplate\":\"https:\/\/wp.ufpel.edu.br\/placeage\/?s={search_term_string}\"},\"query-input\":{\"@type\":\"PropertyValueSpecification\",\"valueRequired\":true,\"valueName\":\"search_term_string\"}}],\"inLanguage\":\"pt-BR\"},{\"@type\":\"Organization\",\"@id\":\"https:\/\/wp.ufpel.edu.br\/placeage\/#organization\",\"name\":\"Syposium IAPS 2019\",\"url\":\"https:\/\/wp.ufpel.edu.br\/placeage\/\",\"logo\":{\"@type\":\"ImageObject\",\"inLanguage\":\"pt-BR\",\"@id\":\"https:\/\/wp.ufpel.edu.br\/placeage\/#\/schema\/logo\/image\/\",\"url\":\"https:\/\/wp.ufpel.edu.br\/placeage\/files\/2019\/04\/cropped-data-17-17-4.png\",\"contentUrl\":\"https:\/\/wp.ufpel.edu.br\/placeage\/files\/2019\/04\/cropped-data-17-17-4.png\",\"width\":411,\"height\":250,\"caption\":\"Syposium IAPS 2019\"},\"image\":{\"@id\":\"https:\/\/wp.ufpel.edu.br\/placeage\/#\/schema\/logo\/image\/\"}}]}<\/script>\n<!-- \/ Yoast SEO plugin. -->","yoast_head_json":{"title":"Cronograma de apresenta\u00e7\u00f5es - Ageing in Place in a World of Inequalities:","robots":{"index":"index","follow":"follow","max-snippet":"max-snippet:-1","max-image-preview":"max-image-preview:large","max-video-preview":"max-video-preview:-1"},"canonical":"https:\/\/wp.ufpel.edu.br\/placeage\/cronograma-de-apresentacoes\/","og_locale":"pt_BR","og_type":"article","og_title":"Cronograma de apresenta\u00e7\u00f5es - Ageing in Place in a World of Inequalities:","og_description":"Rela\u00e7\u00e3o do cronograma de apresenta\u00e7\u00f5es do SIMP\u00d3SIO IAPS 2019: Acesse aqui:","og_url":"https:\/\/wp.ufpel.edu.br\/placeage\/cronograma-de-apresentacoes\/","og_site_name":"Ageing in Place in a World of Inequalities:","article_modified_time":"2019-11-25T11:03:36+00:00","og_image":[{"url":"https:\/\/wp.ufpel.edu.br\/placeage\/files\/2019\/11\/crono-01.jpg","type":"","width":"","height":""}],"twitter_card":"summary_large_image","schema":{"@context":"https:\/\/schema.org","@graph":[{"@type":"WebPage","@id":"https:\/\/wp.ufpel.edu.br\/placeage\/cronograma-de-apresentacoes\/","url":"https:\/\/wp.ufpel.edu.br\/placeage\/cronograma-de-apresentacoes\/","name":"Cronograma de apresenta\u00e7\u00f5es - Ageing in Place in a World of Inequalities:","isPartOf":{"@id":"https:\/\/wp.ufpel.edu.br\/placeage\/#website"},"primaryImageOfPage":{"@id":"https:\/\/wp.ufpel.edu.br\/placeage\/cronograma-de-apresentacoes\/#primaryimage"},"image":{"@id":"https:\/\/wp.ufpel.edu.br\/placeage\/cronograma-de-apresentacoes\/#primaryimage"},"thumbnailUrl":"https:\/\/wp.ufpel.edu.br\/placeage\/files\/2019\/11\/crono-01.jpg","datePublished":"2019-11-19T22:03:55+00:00","dateModified":"2019-11-25T11:03:36+00:00","breadcrumb":{"@id":"https:\/\/wp.ufpel.edu.br\/placeage\/cronograma-de-apresentacoes\/#breadcrumb"},"inLanguage":"pt-BR","potentialAction":[{"@type":"ReadAction","target":["https:\/\/wp.ufpel.edu.br\/placeage\/cronograma-de-apresentacoes\/"]}]},{"@type":"ImageObject","inLanguage":"pt-BR","@id":"https:\/\/wp.ufpel.edu.br\/placeage\/cronograma-de-apresentacoes\/#primaryimage","url":"https:\/\/wp.ufpel.edu.br\/placeage\/files\/2019\/11\/crono-01.jpg","contentUrl":"https:\/\/wp.ufpel.edu.br\/placeage\/files\/2019\/11\/crono-01.jpg","width":843,"height":596},{"@type":"BreadcrumbList","@id":"https:\/\/wp.ufpel.edu.br\/placeage\/cronograma-de-apresentacoes\/#breadcrumb","itemListElement":[{"@type":"ListItem","position":1,"name":"In\u00edcio","item":"https:\/\/wp.ufpel.edu.br\/placeage\/"},{"@type":"ListItem","position":2,"name":"Cronograma de apresenta\u00e7\u00f5es"}]},{"@type":"WebSite","@id":"https:\/\/wp.ufpel.edu.br\/placeage\/#website","url":"https:\/\/wp.ufpel.edu.br\/placeage\/","name":"Symposium Ageing Inequalities","description":"How to Design Healthy Cities for All | IAPS SYMPOSIUM 2019","publisher":{"@id":"https:\/\/wp.ufpel.edu.br\/placeage\/#organization"},"potentialAction":[{"@type":"SearchAction","target":{"@type":"EntryPoint","urlTemplate":"https:\/\/wp.ufpel.edu.br\/placeage\/?s={search_term_string}"},"query-input":{"@type":"PropertyValueSpecification","valueRequired":true,"valueName":"search_term_string"}}],"inLanguage":"pt-BR"},{"@type":"Organization","@id":"https:\/\/wp.ufpel.edu.br\/placeage\/#organization","name":"Syposium IAPS 2019","url":"https:\/\/wp.ufpel.edu.br\/placeage\/","logo":{"@type":"ImageObject","inLanguage":"pt-BR","@id":"https:\/\/wp.ufpel.edu.br\/placeage\/#\/schema\/logo\/image\/","url":"https:\/\/wp.ufpel.edu.br\/placeage\/files\/2019\/04\/cropped-data-17-17-4.png","contentUrl":"https:\/\/wp.ufpel.edu.br\/placeage\/files\/2019\/04\/cropped-data-17-17-4.png","width":411,"height":250,"caption":"Syposium IAPS 2019"},"image":{"@id":"https:\/\/wp.ufpel.edu.br\/placeage\/#\/schema\/logo\/image\/"}}]}},"_links":{"self":[{"href":"https:\/\/wp.ufpel.edu.br\/placeage\/wp-json\/wp\/v2\/pages\/1621","targetHints":{"allow":["GET"]}}],"collection":[{"href":"https:\/\/wp.ufpel.edu.br\/placeage\/wp-json\/wp\/v2\/pages"}],"about":[{"href":"https:\/\/wp.ufpel.edu.br\/placeage\/wp-json\/wp\/v2\/types\/page"}],"author":[{"embeddable":true,"href":"https:\/\/wp.ufpel.edu.br\/placeage\/wp-json\/wp\/v2\/users\/717"}],"replies":[{"embeddable":true,"href":"https:\/\/wp.ufpel.edu.br\/placeage\/wp-json\/wp\/v2\/comments?post=1621"}],"version-history":[{"count":8,"href":"https:\/\/wp.ufpel.edu.br\/placeage\/wp-json\/wp\/v2\/pages\/1621\/revisions"}],"predecessor-version":[{"id":1706,"href":"https:\/\/wp.ufpel.edu.br\/placeage\/wp-json\/wp\/v2\/pages\/1621\/revisions\/1706"}],"wp:attachment":[{"href":"https:\/\/wp.ufpel.edu.br\/placeage\/wp-json\/wp\/v2\/media?parent=1621"}],"curies":[{"name":"wp","href":"https:\/\/api.w.org\/{rel}","templated":true}]}}