{"id":143,"date":"2019-03-20T15:08:25","date_gmt":"2019-03-20T18:08:25","guid":{"rendered":"https:\/\/wp.ufpel.edu.br\/placeage\/?page_id=143"},"modified":"2019-04-03T12:15:54","modified_gmt":"2019-04-03T15:15:54","slug":"iaps","status":"publish","type":"page","link":"https:\/\/wp.ufpel.edu.br\/placeage\/iaps\/","title":{"rendered":"IAPS"},"content":{"rendered":"<p style=\"text-align: justify\"><span style=\"font-family: helvetica, arial, sans-serif\"><strong>IA<span style=\"color: #800023\">P<\/span>S <\/strong><em>(International Association of People-Environment Studies)<\/em><\/span><\/p>\n<p style=\"text-align: justify\"><span style=\"font-family: helvetica, arial, sans-serif\">A Associa\u00e7\u00e3o do IAPS foi fundada em 1981, embora suas origens remontam a uma s\u00e9rie de confer\u00eancias de sucesso em v\u00e1rios pa\u00edses europeus a partir de 1969.<\/span><\/p>\n<p style=\"text-align: justify\"><span style=\"font-family: helvetica, arial, sans-serif\">O IAPS \u00e9 o f\u00f3rum para estudiosos que t\u00eam interesse em um interc\u00e2mbio interdisciplinar e no estudo das inter-rela\u00e7\u00f5es entre pessoas e ambiente (incluindo ambientes naturais e constru\u00eddos) e a rela\u00e7\u00e3o desse campo com outras ci\u00eancias sociais e biol\u00f3gicas. O escopo do IAPS reflete as capacidades e aspira\u00e7\u00f5es cient\u00edficas e pr\u00e1ticas no trabalho em rela\u00e7\u00e3o \u00e0s pessoas em seus ambientes. As \u00e1reas de estudo dessa Associa\u00e7\u00e3o incluem os seguintes temas:<\/span><\/p>\n<ul style=\"text-align: justify\">\n<li style=\"text-align: justify\"><span style=\"font-family: helvetica, arial, sans-serif\"> Psicologia ambiental;<\/span><\/li>\n<li style=\"text-align: justify\"><span style=\"font-family: helvetica, arial, sans-serif\">Sustentabilidade e inova\u00e7\u00e3o social;<\/span><\/li>\n<li style=\"text-align: justify\"><span style=\"font-family: helvetica, arial, sans-serif\"> Cogni\u00e7\u00e3o espacial e descoberta de novos caminhos;<\/span><\/li>\n<li style=\"text-align: justify\"><span style=\"font-family: helvetica, arial, sans-serif\"> Aspectos ecol\u00f3gicos das a\u00e7\u00f5es humanas;<\/span><\/li>\n<li style=\"text-align: justify\"><span style=\"font-family: helvetica, arial, sans-serif\">Avalia\u00e7\u00e3o de edif\u00edcios e paisagens naturais;<\/span><\/li>\n<li style=\"text-align: justify\"><span style=\"font-family: helvetica, arial, sans-serif\"> Concep\u00e7\u00e3o e habita\u00e7\u00e3o de edif\u00edcios e espa\u00e7os dom\u00e9sticos, de trabalho e p\u00fablicos;<\/span><\/li>\n<li style=\"text-align: justify\"><span style=\"font-family: helvetica, arial, sans-serif\"> Uso social do espa\u00e7o; aglomera\u00e7\u00e3o, privacidade, territorialidade, espa\u00e7o pessoal;<\/span><\/li>\n<li style=\"text-align: justify\"><span style=\"font-family: helvetica, arial, sans-serif\"> Comportamento de lazer e turismo em ambientes f\u00edsicos;<\/span><\/li>\n<li style=\"text-align: justify\"><span style=\"font-family: helvetica, arial, sans-serif\">Significado dos ambientes constru\u00eddos;<\/span><\/li>\n<li><span style=\"font-family: helvetica, arial, sans-serif\">\u00a0Teorias de lugar e identidade;<\/span><\/li>\n<li style=\"text-align: justify\"><span style=\"font-family: helvetica, arial, sans-serif\"> Crise de recursos e pesquisa ambiental;<\/span><\/li>\n<li style=\"text-align: justify\"><span style=\"font-family: helvetica, arial, sans-serif\"> Riscos e perigos: sua percep\u00e7\u00e3o e gerenciamento;<\/span><\/li>\n<li style=\"text-align: justify\"><span style=\"font-family: helvetica, arial, sans-serif\"> Estresse relacionado ao trabalho e configura\u00e7\u00f5es residenciais;<\/span><\/li>\n<li style=\"text-align: justify\"><span style=\"font-family: helvetica, arial, sans-serif\"> Design urbano, arquitetura, paisagismo e seu efeito sobre as pessoas;<\/span><\/li>\n<li style=\"text-align: justify\"><span style=\"font-family: helvetica, arial, sans-serif\"> Trabalho e princ\u00edpios multi, inter e transdisciplinar;<\/span><\/li>\n<li style=\"text-align: justify\"><span style=\"font-family: helvetica, arial, sans-serif\"> Estilos de vida sustent\u00e1veis \u200b\u200be economia verde.<\/span><\/li>\n<\/ul>\n<p style=\"text-align: justify\"><span style=\"font-family: helvetica, arial, sans-serif\">O IAPS \u00e9 uma organiza\u00e7\u00e3o cient\u00edfica sem fins lucrativos que depende exclusivamente das taxas pagas pelos seus associados. H\u00e1 uma s\u00e9rie de benef\u00edcios em se tornar um associado do IAPS:<\/span><\/p>\n<ul>\n<li style=\"text-align: justify\"><span style=\"font-family: helvetica, arial, sans-serif\">Taxas reduzidas para participar de confer\u00eancias e semin\u00e1rios;<\/span><\/li>\n<li style=\"text-align: justify\"><span style=\"font-family: helvetica, arial, sans-serif\">Acesso livre ao IAPS Bulletin;<\/span><\/li>\n<li style=\"text-align: justify\"><span style=\"font-family: helvetica, arial, sans-serif\">Acesso \u00e0s nossas redes de pesquisa e participa\u00e7\u00e3o em suas atividades, discuss\u00f5es e eventos;<\/span><\/li>\n<li style=\"text-align: justify\"><span style=\"font-family: helvetica, arial, sans-serif\">Taxas de assinatura com desconto para peri\u00f3dicos especificados;<\/span><\/li>\n<li style=\"text-align: justify\"><span style=\"font-family: helvetica, arial, sans-serif\">O direito de votar e defender a ades\u00e3o do Conselho de Administra\u00e7\u00e3o;<\/span><\/li>\n<li style=\"text-align: justify\"><span style=\"font-family: helvetica, arial, sans-serif\">Participa\u00e7\u00e3o na lista de discuss\u00e3o e recebimento de atualiza\u00e7\u00f5es regulares sobre eventos, trabalhos, discuss\u00f5es.<\/span><\/li>\n<\/ul>\n<p><span style=\"font-family: helvetica, arial, sans-serif\"><a href=\"https:\/\/iaps-association.org\/\" target=\"_blank\" rel=\"noopener noreferrer\">https:\/\/iaps-association.org\/<\/a><\/span><\/p>\n<p>&nbsp;<\/p>\n","protected":false},"excerpt":{"rendered":"<p>IAPS (International Association of People-Environment Studies) A Associa\u00e7\u00e3o do IAPS foi fundada em 1981, embora suas origens remontam a uma s\u00e9rie de confer\u00eancias de sucesso em v\u00e1rios pa\u00edses europeus a partir de 1969. O IAPS \u00e9 o f\u00f3rum para estudiosos que t\u00eam interesse em um interc\u00e2mbio interdisciplinar e no estudo das inter-rela\u00e7\u00f5es entre pessoas e &hellip; <\/p>\n<p class=\"link-more\"><a href=\"https:\/\/wp.ufpel.edu.br\/placeage\/iaps\/\" class=\"more-link\">Continue lendo<span class=\"screen-reader-text\"> &#8220;IAPS&#8221;<\/span><\/a><\/p>\n","protected":false},"author":717,"featured_media":145,"parent":0,"menu_order":0,"comment_status":"closed","ping_status":"closed","template":"","meta":{"footnotes":""},"class_list":["post-143","page","type-page","status-publish","has-post-thumbnail","hentry"],"yoast_head":"<!-- This site is optimized with the Yoast SEO plugin v26.7 - https:\/\/yoast.com\/wordpress\/plugins\/seo\/ -->\n<title>IAPS - Ageing in Place in a World of Inequalities:<\/title>\n<meta name=\"robots\" content=\"index, follow, max-snippet:-1, max-image-preview:large, max-video-preview:-1\" \/>\n<link rel=\"canonical\" href=\"https:\/\/wp.ufpel.edu.br\/placeage\/iaps\/\" \/>\n<meta property=\"og:locale\" content=\"pt_BR\" \/>\n<meta property=\"og:type\" content=\"article\" \/>\n<meta property=\"og:title\" content=\"IAPS - Ageing in Place in a World of Inequalities:\" \/>\n<meta property=\"og:description\" content=\"IAPS (International Association of People-Environment Studies) A Associa\u00e7\u00e3o do IAPS foi fundada em 1981, embora suas origens remontam a uma s\u00e9rie de confer\u00eancias de sucesso em v\u00e1rios pa\u00edses europeus a partir de 1969. O IAPS \u00e9 o f\u00f3rum para estudiosos que t\u00eam interesse em um interc\u00e2mbio interdisciplinar e no estudo das inter-rela\u00e7\u00f5es entre pessoas e &hellip; Continue lendo &quot;IAPS&quot;\" \/>\n<meta property=\"og:url\" content=\"https:\/\/wp.ufpel.edu.br\/placeage\/iaps\/\" \/>\n<meta property=\"og:site_name\" content=\"Ageing in Place in a World of Inequalities:\" \/>\n<meta property=\"article:modified_time\" content=\"2019-04-03T15:15:54+00:00\" \/>\n<meta property=\"og:image\" content=\"https:\/\/wp.ufpel.edu.br\/placeage\/files\/2019\/03\/IAPS-e1553200440204.jpg\" \/>\n\t<meta property=\"og:image:width\" content=\"500\" \/>\n\t<meta property=\"og:image:height\" content=\"203\" \/>\n\t<meta property=\"og:image:type\" content=\"image\/jpeg\" \/>\n<meta name=\"twitter:card\" content=\"summary_large_image\" \/>\n<meta name=\"twitter:label1\" content=\"Est. tempo de leitura\" \/>\n\t<meta name=\"twitter:data1\" content=\"2 minutos\" \/>\n<script type=\"application\/ld+json\" class=\"yoast-schema-graph\">{\"@context\":\"https:\/\/schema.org\",\"@graph\":[{\"@type\":\"WebPage\",\"@id\":\"https:\/\/wp.ufpel.edu.br\/placeage\/iaps\/\",\"url\":\"https:\/\/wp.ufpel.edu.br\/placeage\/iaps\/\",\"name\":\"IAPS - Ageing in Place in a World of Inequalities:\",\"isPartOf\":{\"@id\":\"https:\/\/wp.ufpel.edu.br\/placeage\/#website\"},\"primaryImageOfPage\":{\"@id\":\"https:\/\/wp.ufpel.edu.br\/placeage\/iaps\/#primaryimage\"},\"image\":{\"@id\":\"https:\/\/wp.ufpel.edu.br\/placeage\/iaps\/#primaryimage\"},\"thumbnailUrl\":\"https:\/\/wp.ufpel.edu.br\/placeage\/files\/2019\/03\/IAPS-e1553200440204.jpg\",\"datePublished\":\"2019-03-20T18:08:25+00:00\",\"dateModified\":\"2019-04-03T15:15:54+00:00\",\"breadcrumb\":{\"@id\":\"https:\/\/wp.ufpel.edu.br\/placeage\/iaps\/#breadcrumb\"},\"inLanguage\":\"pt-BR\",\"potentialAction\":[{\"@type\":\"ReadAction\",\"target\":[\"https:\/\/wp.ufpel.edu.br\/placeage\/iaps\/\"]}]},{\"@type\":\"ImageObject\",\"inLanguage\":\"pt-BR\",\"@id\":\"https:\/\/wp.ufpel.edu.br\/placeage\/iaps\/#primaryimage\",\"url\":\"https:\/\/wp.ufpel.edu.br\/placeage\/files\/2019\/03\/IAPS-e1553200440204.jpg\",\"contentUrl\":\"https:\/\/wp.ufpel.edu.br\/placeage\/files\/2019\/03\/IAPS-e1553200440204.jpg\",\"width\":500,\"height\":203},{\"@type\":\"BreadcrumbList\",\"@id\":\"https:\/\/wp.ufpel.edu.br\/placeage\/iaps\/#breadcrumb\",\"itemListElement\":[{\"@type\":\"ListItem\",\"position\":1,\"name\":\"In\u00edcio\",\"item\":\"https:\/\/wp.ufpel.edu.br\/placeage\/\"},{\"@type\":\"ListItem\",\"position\":2,\"name\":\"IAPS\"}]},{\"@type\":\"WebSite\",\"@id\":\"https:\/\/wp.ufpel.edu.br\/placeage\/#website\",\"url\":\"https:\/\/wp.ufpel.edu.br\/placeage\/\",\"name\":\"Symposium Ageing Inequalities\",\"description\":\"How to Design Healthy Cities for All | IAPS SYMPOSIUM 2019\",\"publisher\":{\"@id\":\"https:\/\/wp.ufpel.edu.br\/placeage\/#organization\"},\"potentialAction\":[{\"@type\":\"SearchAction\",\"target\":{\"@type\":\"EntryPoint\",\"urlTemplate\":\"https:\/\/wp.ufpel.edu.br\/placeage\/?s={search_term_string}\"},\"query-input\":{\"@type\":\"PropertyValueSpecification\",\"valueRequired\":true,\"valueName\":\"search_term_string\"}}],\"inLanguage\":\"pt-BR\"},{\"@type\":\"Organization\",\"@id\":\"https:\/\/wp.ufpel.edu.br\/placeage\/#organization\",\"name\":\"Syposium IAPS 2019\",\"url\":\"https:\/\/wp.ufpel.edu.br\/placeage\/\",\"logo\":{\"@type\":\"ImageObject\",\"inLanguage\":\"pt-BR\",\"@id\":\"https:\/\/wp.ufpel.edu.br\/placeage\/#\/schema\/logo\/image\/\",\"url\":\"https:\/\/wp.ufpel.edu.br\/placeage\/files\/2019\/04\/cropped-data-17-17-4.png\",\"contentUrl\":\"https:\/\/wp.ufpel.edu.br\/placeage\/files\/2019\/04\/cropped-data-17-17-4.png\",\"width\":411,\"height\":250,\"caption\":\"Syposium IAPS 2019\"},\"image\":{\"@id\":\"https:\/\/wp.ufpel.edu.br\/placeage\/#\/schema\/logo\/image\/\"}}]}<\/script>\n<!-- \/ Yoast SEO plugin. -->","yoast_head_json":{"title":"IAPS - Ageing in Place in a World of Inequalities:","robots":{"index":"index","follow":"follow","max-snippet":"max-snippet:-1","max-image-preview":"max-image-preview:large","max-video-preview":"max-video-preview:-1"},"canonical":"https:\/\/wp.ufpel.edu.br\/placeage\/iaps\/","og_locale":"pt_BR","og_type":"article","og_title":"IAPS - Ageing in Place in a World of Inequalities:","og_description":"IAPS (International Association of People-Environment Studies) A Associa\u00e7\u00e3o do IAPS foi fundada em 1981, embora suas origens remontam a uma s\u00e9rie de confer\u00eancias de sucesso em v\u00e1rios pa\u00edses europeus a partir de 1969. O IAPS \u00e9 o f\u00f3rum para estudiosos que t\u00eam interesse em um interc\u00e2mbio interdisciplinar e no estudo das inter-rela\u00e7\u00f5es entre pessoas e &hellip; Continue lendo \"IAPS\"","og_url":"https:\/\/wp.ufpel.edu.br\/placeage\/iaps\/","og_site_name":"Ageing in Place in a World of Inequalities:","article_modified_time":"2019-04-03T15:15:54+00:00","og_image":[{"width":500,"height":203,"url":"https:\/\/wp.ufpel.edu.br\/placeage\/files\/2019\/03\/IAPS-e1553200440204.jpg","type":"image\/jpeg"}],"twitter_card":"summary_large_image","twitter_misc":{"Est. tempo de leitura":"2 minutos"},"schema":{"@context":"https:\/\/schema.org","@graph":[{"@type":"WebPage","@id":"https:\/\/wp.ufpel.edu.br\/placeage\/iaps\/","url":"https:\/\/wp.ufpel.edu.br\/placeage\/iaps\/","name":"IAPS - Ageing in Place in a World of Inequalities:","isPartOf":{"@id":"https:\/\/wp.ufpel.edu.br\/placeage\/#website"},"primaryImageOfPage":{"@id":"https:\/\/wp.ufpel.edu.br\/placeage\/iaps\/#primaryimage"},"image":{"@id":"https:\/\/wp.ufpel.edu.br\/placeage\/iaps\/#primaryimage"},"thumbnailUrl":"https:\/\/wp.ufpel.edu.br\/placeage\/files\/2019\/03\/IAPS-e1553200440204.jpg","datePublished":"2019-03-20T18:08:25+00:00","dateModified":"2019-04-03T15:15:54+00:00","breadcrumb":{"@id":"https:\/\/wp.ufpel.edu.br\/placeage\/iaps\/#breadcrumb"},"inLanguage":"pt-BR","potentialAction":[{"@type":"ReadAction","target":["https:\/\/wp.ufpel.edu.br\/placeage\/iaps\/"]}]},{"@type":"ImageObject","inLanguage":"pt-BR","@id":"https:\/\/wp.ufpel.edu.br\/placeage\/iaps\/#primaryimage","url":"https:\/\/wp.ufpel.edu.br\/placeage\/files\/2019\/03\/IAPS-e1553200440204.jpg","contentUrl":"https:\/\/wp.ufpel.edu.br\/placeage\/files\/2019\/03\/IAPS-e1553200440204.jpg","width":500,"height":203},{"@type":"BreadcrumbList","@id":"https:\/\/wp.ufpel.edu.br\/placeage\/iaps\/#breadcrumb","itemListElement":[{"@type":"ListItem","position":1,"name":"In\u00edcio","item":"https:\/\/wp.ufpel.edu.br\/placeage\/"},{"@type":"ListItem","position":2,"name":"IAPS"}]},{"@type":"WebSite","@id":"https:\/\/wp.ufpel.edu.br\/placeage\/#website","url":"https:\/\/wp.ufpel.edu.br\/placeage\/","name":"Symposium Ageing Inequalities","description":"How to Design Healthy Cities for All | IAPS SYMPOSIUM 2019","publisher":{"@id":"https:\/\/wp.ufpel.edu.br\/placeage\/#organization"},"potentialAction":[{"@type":"SearchAction","target":{"@type":"EntryPoint","urlTemplate":"https:\/\/wp.ufpel.edu.br\/placeage\/?s={search_term_string}"},"query-input":{"@type":"PropertyValueSpecification","valueRequired":true,"valueName":"search_term_string"}}],"inLanguage":"pt-BR"},{"@type":"Organization","@id":"https:\/\/wp.ufpel.edu.br\/placeage\/#organization","name":"Syposium IAPS 2019","url":"https:\/\/wp.ufpel.edu.br\/placeage\/","logo":{"@type":"ImageObject","inLanguage":"pt-BR","@id":"https:\/\/wp.ufpel.edu.br\/placeage\/#\/schema\/logo\/image\/","url":"https:\/\/wp.ufpel.edu.br\/placeage\/files\/2019\/04\/cropped-data-17-17-4.png","contentUrl":"https:\/\/wp.ufpel.edu.br\/placeage\/files\/2019\/04\/cropped-data-17-17-4.png","width":411,"height":250,"caption":"Syposium IAPS 2019"},"image":{"@id":"https:\/\/wp.ufpel.edu.br\/placeage\/#\/schema\/logo\/image\/"}}]}},"_links":{"self":[{"href":"https:\/\/wp.ufpel.edu.br\/placeage\/wp-json\/wp\/v2\/pages\/143","targetHints":{"allow":["GET"]}}],"collection":[{"href":"https:\/\/wp.ufpel.edu.br\/placeage\/wp-json\/wp\/v2\/pages"}],"about":[{"href":"https:\/\/wp.ufpel.edu.br\/placeage\/wp-json\/wp\/v2\/types\/page"}],"author":[{"embeddable":true,"href":"https:\/\/wp.ufpel.edu.br\/placeage\/wp-json\/wp\/v2\/users\/717"}],"replies":[{"embeddable":true,"href":"https:\/\/wp.ufpel.edu.br\/placeage\/wp-json\/wp\/v2\/comments?post=143"}],"version-history":[{"count":8,"href":"https:\/\/wp.ufpel.edu.br\/placeage\/wp-json\/wp\/v2\/pages\/143\/revisions"}],"predecessor-version":[{"id":1452,"href":"https:\/\/wp.ufpel.edu.br\/placeage\/wp-json\/wp\/v2\/pages\/143\/revisions\/1452"}],"wp:featuredmedia":[{"embeddable":true,"href":"https:\/\/wp.ufpel.edu.br\/placeage\/wp-json\/wp\/v2\/media\/145"}],"wp:attachment":[{"href":"https:\/\/wp.ufpel.edu.br\/placeage\/wp-json\/wp\/v2\/media?parent=143"}],"curies":[{"name":"wp","href":"https:\/\/api.w.org\/{rel}","templated":true}]}}