{"id":76,"date":"2020-12-29T09:02:18","date_gmt":"2020-12-29T12:02:18","guid":{"rendered":"https:\/\/pibidquimicaufpel.wordpress.com\/?page_id=76"},"modified":"2021-03-17T20:41:38","modified_gmt":"2021-03-17T23:41:38","slug":"equipe","status":"publish","type":"page","link":"https:\/\/wp.ufpel.edu.br\/pibidquimica\/equipe\/","title":{"rendered":"Equipe"},"content":{"rendered":"\r\n<p class=\"has-text-align-left\" style=\"text-align: justify\">O PIBID Qu\u00edmica \u00e9 um grupo formado por docentes e discentes do curso de Licenciatura em Qu\u00edmica da UFPel em conjunto com docentes de escolas p\u00fablicas parceiras. Abaixo seguem nossos integrantes atuais.<\/p>\r\n\r\n\r\n\r\n\r\n\r\n<div class=\"wp-block-media-text alignwide is-stacked-on-mobile\">\r\n<figure class=\"wp-block-media-text__media\"><\/figure>\r\n<div class=\"wp-block-media-text__content\">\r\n<h2 class=\"has-text-align-left wp-block-heading\">Prof\u00aa. Dra. Alzira Yamasaki<\/h2>\r\n\r\n\r\n\r\n<p class=\"has-text-align-left\" style=\"font-size: 16px\"><em>Coordena\u00e7\u00e3o de Projeto<\/em><\/p>\r\n\r\n\r\n\r\n\r\n\r\n<p class=\"has-text-align-left\" style=\"font-size: 16px\">Enviar e-mail para: <a href=\"mailto:email@exemplo.com\">alzyama@gmail.com<\/a><\/p>\r\n<\/div>\r\n<\/div>\r\n\r\n\r\n\r\n<div class=\"wp-block-media-text alignwide has-media-on-the-right is-stacked-on-mobile\">\r\n<figure class=\"wp-block-media-text__media\"><\/figure>\r\n<div class=\"wp-block-media-text__content\">\r\n<h2 class=\"has-text-align-left wp-block-heading\">Prof. Dr. Bruno dos Santos Pastoriza<\/h2>\r\n<p><em>Colaborador e coordenador do Resid\u00eancia Pedag\u00f3gica &#8211; Qu\u00edmica<\/em><\/p>\r\n\r\n\r\n\r\n\r\n\r\n<p class=\"has-text-align-left\" style=\"font-size: 16px\">Enviar e-mail para:\u00a0<a href=\"bspastoriza@gmail.com\">bspastoriza@gmail.com<\/a><\/p>\r\n<\/div>\r\n<\/div>\r\n\r\n\r\n\r\n<div class=\"wp-block-media-text alignwide is-stacked-on-mobile\">\r\n<figure class=\"wp-block-media-text__media\"><\/figure>\r\n<div class=\"wp-block-media-text__content\">\r\n<h2 class=\"has-text-align-left wp-block-heading\">Prof. Jader Rodrigues Pereira<\/h2>\r\n<p><em>Professor supervisor da Escola Estadual Coronel Pedro Os\u00f3rio<\/em><\/p>\r\n\r\n\r\n\r\n\r\n\r\n\r\n\r\n<p class=\"has-text-align-left\" style=\"font-size: 16px\">Enviar e-mail para: <a href=\"mailto:email@exemplo.com\">jaderrpereira@gmail.com<\/a><\/p>\r\n<\/div>\r\n<\/div>\r\n\r\n\r\n\r\n<div class=\"wp-block-spacer desktop-only\" style=\"height: 32px\" aria-hidden=\"true\">\r\n<h2 class=\"has-text-align-left\">Prof. Dr. Marcelo Dourado Moncks<\/h2>\r\n<p><em>Professor supervisor da Escola Estadual F\u00e9lix da Cunha<\/em><\/p>\r\n<p>Enviar e-mail para: <a href=\"mailto:douradomoncks.marcelo@gmail.com\">douradomoncks.marcelo@gmail.com<\/a><\/p>\r\n<p><strong>Discentes\/Pibidianos:<\/strong><\/p>\r\n<p style=\"text-align: center\"><strong>Alexandre Teixeira de Castro Terrabuio<\/strong><\/p>\r\n<p style=\"text-align: center\"><strong>Diego Nascimento da Costa<\/strong><\/p>\r\n<p style=\"text-align: center\"><strong>Dielen Beneventana L\u00fcdtke<\/strong><\/p>\r\n<p style=\"text-align: center\"><strong>Guilherme Brahm dos Santos<\/strong><\/p>\r\n<p style=\"text-align: center\"><strong>Jeniffer Batista Carvalho<\/strong><\/p>\r\n<p style=\"text-align: center\"><strong>Kerolyn Oliveira dos Santos<\/strong><\/p>\r\n<p style=\"text-align: center\"><strong>Laura Bardini<\/strong><\/p>\r\n<p style=\"text-align: center\"><strong>Mariana Bacelo<\/strong><\/p>\r\n<p style=\"text-align: center\"><strong>Miral Miranda Neto<\/strong><\/p>\r\n<p style=\"text-align: center\"><strong>Muriel Belo Pereira<\/strong><\/p>\r\n<p style=\"text-align: center\"><strong>Paula da Silva Silveira<\/strong><\/p>\r\n<p style=\"text-align: center\"><strong>Roger Bruno de Mendon\u00e7a<\/strong><\/p>\r\n<p style=\"text-align: center\"><strong>Samantha Lucas Schneid<\/strong><\/p>\r\n<p style=\"text-align: center\"><strong>Th\u00e9o Lahorgue Roscoff<\/strong><\/p>\r\n<p>&nbsp;<\/p>\r\n<\/div>\r\n<p>&nbsp;<\/p>\r\n<p>&nbsp;<\/p>\r\n<p>&nbsp;<\/p>\r\n<p>&nbsp;<\/p>\r\n<p>&nbsp;<\/p>\r\n<p>&nbsp;<\/p>\r\n<p>&nbsp;<\/p>\r\n<p>&nbsp;<\/p>\r\n<p>&nbsp;<\/p>\r\n<p>&nbsp;<\/p>\r\n<p>&nbsp;<\/p>\r\n<p>&nbsp;<\/p>\r\n<p>&nbsp;<\/p>\r\n<p>&nbsp;<\/p>\r\n\r\n\r\n\r\n<p>&nbsp;<\/p>\r\n<p>&nbsp;<\/p>\r\n<p>&nbsp;<\/p>\r\n<p>&nbsp;<\/p>\r\n<hr class=\"wp-block-separator is-style-wide\" \/>\r\n\r\n\r\n<div class=\"wp-block-spacer desktop-only\" style=\"height: 32px\" aria-hidden=\"true\">\u00a0<\/div>\r\n\r\n\r\n\r\n<h2 class=\"has-text-align-center wp-block-heading\">Quer trabalhar com a gente?<\/h2>\r\n\r\n\r\n\r\n<div class=\"wp-block-button aligncenter\"><a class=\"wp-block-button__link\" href=\"https:\/\/wp.ufpel.edu.br\/pibidquimica\/contato\/\">Fale conosco!<\/a><\/div>\r\n\r\n\r\n\r\n<div class=\"wp-block-spacer desktop-only\" style=\"height: 32px\" aria-hidden=\"true\">\u00a0<\/div>\r\n\r\n\r\n<hr class=\"wp-block-separator is-style-wide\" \/>\r\n\r\n\r\n<div class=\"wp-block-spacer\" style=\"height: 32px\" aria-hidden=\"true\">\u00a0<\/div>\r\n","protected":false},"excerpt":{"rendered":"<p>O PIBID Qu\u00edmica \u00e9 um grupo formado por docentes e discentes do curso de Licenciatura em Qu\u00edmica da UFPel em conjunto com docentes de escolas p\u00fablicas parceiras. Abaixo seguem nossos integrantes atuais. Prof\u00aa. Dra. Alzira Yamasaki Coordena\u00e7\u00e3o de Projeto Enviar e-mail para: alzyama@gmail.com Prof. Dr. Bruno dos Santos Pastoriza Colaborador e coordenador do Resid\u00eancia Pedag\u00f3gica &hellip; <a href=\"https:\/\/wp.ufpel.edu.br\/pibidquimica\/equipe\/\" class=\"more-link\">Continue lendo <span class=\"screen-reader-text\">Equipe<\/span> <span class=\"meta-nav\">&rarr;<\/span><\/a><\/p>\n","protected":false},"author":1097,"featured_media":0,"parent":0,"menu_order":0,"comment_status":"closed","ping_status":"closed","template":"","meta":{"footnotes":""},"class_list":["post-76","page","type-page","status-publish","hentry"],"_links":{"self":[{"href":"https:\/\/wp.ufpel.edu.br\/pibidquimica\/wp-json\/wp\/v2\/pages\/76","targetHints":{"allow":["GET"]}}],"collection":[{"href":"https:\/\/wp.ufpel.edu.br\/pibidquimica\/wp-json\/wp\/v2\/pages"}],"about":[{"href":"https:\/\/wp.ufpel.edu.br\/pibidquimica\/wp-json\/wp\/v2\/types\/page"}],"author":[{"embeddable":true,"href":"https:\/\/wp.ufpel.edu.br\/pibidquimica\/wp-json\/wp\/v2\/users\/1097"}],"replies":[{"embeddable":true,"href":"https:\/\/wp.ufpel.edu.br\/pibidquimica\/wp-json\/wp\/v2\/comments?post=76"}],"version-history":[{"count":13,"href":"https:\/\/wp.ufpel.edu.br\/pibidquimica\/wp-json\/wp\/v2\/pages\/76\/revisions"}],"predecessor-version":[{"id":296,"href":"https:\/\/wp.ufpel.edu.br\/pibidquimica\/wp-json\/wp\/v2\/pages\/76\/revisions\/296"}],"wp:attachment":[{"href":"https:\/\/wp.ufpel.edu.br\/pibidquimica\/wp-json\/wp\/v2\/media?parent=76"}],"curies":[{"name":"wp","href":"https:\/\/api.w.org\/{rel}","templated":true}]}}