{"id":324,"date":"2021-06-28T21:28:47","date_gmt":"2021-06-29T00:28:47","guid":{"rendered":"https:\/\/wp.ufpel.edu.br\/pibidquimica\/?page_id=324"},"modified":"2021-06-29T17:13:27","modified_gmt":"2021-06-29T20:13:27","slug":"auxilio-pave-etapa-2","status":"publish","type":"page","link":"https:\/\/wp.ufpel.edu.br\/pibidquimica\/auxilio-pave-etapa-2\/","title":{"rendered":"Aux\u00edlio para o PAVE (Etapa 2)"},"content":{"rendered":"<h6 style=\"text-align: justify\">E a\u00ed galerinha, tudo bem? N\u00f3s somos o PIBID Qu\u00edmica UFPel, e estamos aqui te esperando para a aprova\u00e7\u00e3o em todas as etapas do PAVE (Programa de Avalia\u00e7\u00e3o da Vida Escolar)<\/h6>\n<h6 style=\"text-align: justify\">O PAVE te concede uma futura vaga no nosso Sistema Federal de ensino. Vulgo, gradua\u00e7\u00e3o.<\/h6>\n<h6 style=\"text-align: justify\">\nE com esses pontos, precisamos te trazer alguns refor\u00e7os para que voc\u00ea suceda na sua batalha. Tanto no PAVE, quanto no ENEM. Ent\u00e3o, fique atento nas pr\u00f3ximas postagens que te traremos para auxili\u00e1-lo nos teus estudos.<\/h6>\n<h4><em><b>QU\u00cdMICA (Assuntos Segunda Etapa):<\/b><\/em><\/h4>\n<p>1. ESTEQUIOMETRIA.<br \/>\n2.DISPERS\u00d5ES: DEFINI\u00c7\u00c3O; SOLUBILIDADE E CURVAS DE SOLUBILIDADE;<br \/>\nCONCENTRA\u00c7\u00d5ES: DENSIDADE, CONCENTRA\u00c7\u00c3O COMUM, MOLARIDADE E T\u00cdTULO;<br \/>\nDILUI\u00c7\u00c3O DE DISPERS\u00d5ES.<br \/>\n3. TERMOQU\u00cdMICA.<br \/>\n4. CIN\u00c9TICA E EQUIL\u00cdBRIO QU\u00cdMICO.<br \/>\n5. ELETROQU\u00cdMICA.<\/p>\n<p><strong>1 &#8211; ESTEQUIOMETRIA<\/strong><\/p>\n<p><iframe loading=\"lazy\" title=\"ESTEQUIOMETRIA: O QUE CAI NO VESTIBULAR? | QU\u00cdMICA | QUER QUE DESENHE? | DESCOMPLICA\" width=\"474\" height=\"267\" src=\"https:\/\/www.youtube.com\/embed\/VV6_UuhbSxU?feature=oembed\" frameborder=\"0\" allow=\"accelerometer; autoplay; clipboard-write; encrypted-media; gyroscope; picture-in-picture; web-share\" referrerpolicy=\"strict-origin-when-cross-origin\" allowfullscreen><\/iframe><\/p>\n<p><iframe loading=\"lazy\" title=\"Estequiometria B\u00e1sica - Passo a Passo!\" width=\"474\" height=\"267\" src=\"https:\/\/www.youtube.com\/embed\/lHaNpSqdabs?feature=oembed\" frameborder=\"0\" allow=\"accelerometer; autoplay; clipboard-write; encrypted-media; gyroscope; picture-in-picture; web-share\" referrerpolicy=\"strict-origin-when-cross-origin\" allowfullscreen><\/iframe><\/p>\n<p>&nbsp;<\/p>\n<p><em><strong>1A &#8211; Resolu\u00e7\u00e3o de exerc\u00edcios de Estequiometria:<\/strong><\/em><\/p>\n<p><iframe loading=\"lazy\" title=\"Exerc\u00edcios de Estequiometria - Prof.Gabriel Cabral\" width=\"474\" height=\"267\" src=\"https:\/\/www.youtube.com\/embed\/nURxu2Fq05w?feature=oembed\" frameborder=\"0\" allow=\"accelerometer; autoplay; clipboard-write; encrypted-media; gyroscope; picture-in-picture; web-share\" referrerpolicy=\"strict-origin-when-cross-origin\" allowfullscreen><\/iframe><\/p>\n<p><strong>2 &#8211; TERMOQU\u00cdMICA<\/strong><\/p>\n<p><iframe loading=\"lazy\" title=\"Termoqu\u00edmica: Energia de Liga\u00e7\u00e3o Passo a Passo. www.professorgabrielcabral.com.br\" width=\"474\" height=\"267\" src=\"https:\/\/www.youtube.com\/embed\/pIwh699z_1c?feature=oembed\" frameborder=\"0\" allow=\"accelerometer; autoplay; clipboard-write; encrypted-media; gyroscope; picture-in-picture; web-share\" referrerpolicy=\"strict-origin-when-cross-origin\" allowfullscreen><\/iframe><\/p>\n<p><iframe loading=\"lazy\" title=\"REVIS\u00c3O ENEM | QU\u00cdMICA: TERMOQU\u00cdMICA | ESQUENTA ENEM | DESCOMPLICA\" width=\"474\" height=\"267\" src=\"https:\/\/www.youtube.com\/embed\/zytBSQMYxxg?feature=oembed\" frameborder=\"0\" allow=\"accelerometer; autoplay; clipboard-write; encrypted-media; gyroscope; picture-in-picture; web-share\" referrerpolicy=\"strict-origin-when-cross-origin\" allowfullscreen><\/iframe><\/p>\n<p><em><strong>2A &#8211; Resolu\u00e7\u00e3o de exerc\u00edcios de Termoqu\u00edmica:<\/strong><\/em><\/p>\n<p><iframe loading=\"lazy\" title=\"Exerc\u00edcios Termoqu\u00edmica - Resolu\u00e7\u00e3o lista Enem n\u00ba 2\" width=\"474\" height=\"267\" src=\"https:\/\/www.youtube.com\/embed\/i5JC-IrvHGE?feature=oembed\" frameborder=\"0\" allow=\"accelerometer; autoplay; clipboard-write; encrypted-media; gyroscope; picture-in-picture; web-share\" referrerpolicy=\"strict-origin-when-cross-origin\" allowfullscreen><\/iframe><\/p>\n<p><strong>3 &#8211; CIN\u00c9TICA E EQU\u00cdLIBRIO QU\u00cdMICO<\/strong><\/p>\n<p><iframe loading=\"lazy\" title=\"QU\u00cdMICA ENEM: CIN\u00c9TICA QU\u00cdMICA | QUER QUE DESENHE | MAPA MENTAL\" width=\"474\" height=\"267\" src=\"https:\/\/www.youtube.com\/embed\/tj638Wk3GNg?feature=oembed\" frameborder=\"0\" allow=\"accelerometer; autoplay; clipboard-write; encrypted-media; gyroscope; picture-in-picture; web-share\" referrerpolicy=\"strict-origin-when-cross-origin\" allowfullscreen><\/iframe><\/p>\n<p><iframe loading=\"lazy\" title=\"AULA QU\u00cdMICA - CIN\u00c9TICA: o que \u00e9? Principais conceitos  - STOODI\" width=\"474\" height=\"267\" src=\"https:\/\/www.youtube.com\/embed\/gjR4WbrOjq4?start=704&#038;feature=oembed\" frameborder=\"0\" allow=\"accelerometer; autoplay; clipboard-write; encrypted-media; gyroscope; picture-in-picture; web-share\" referrerpolicy=\"strict-origin-when-cross-origin\" allowfullscreen><\/iframe><\/p>\n<p><em><strong>3A &#8211; Resolu\u00e7\u00e3o de Exerc\u00edcios de Cin\u00e9tica e Equil\u00edbrio Qu\u00edmico:<\/strong><\/em><\/p>\n<p><iframe loading=\"lazy\" title=\"[EXERC\u00cdCIOS] Kc e Kp\" width=\"474\" height=\"267\" src=\"https:\/\/www.youtube.com\/embed\/dLZW6MXvbYc?feature=oembed\" frameborder=\"0\" allow=\"accelerometer; autoplay; clipboard-write; encrypted-media; gyroscope; picture-in-picture; web-share\" referrerpolicy=\"strict-origin-when-cross-origin\" allowfullscreen><\/iframe><\/p>\n<p><iframe loading=\"lazy\" title=\"[EXERC\u00cdCIOS] CIN\u00c9TICA QU\u00cdMICA: VELOCIDADE M\u00c9DIA\" width=\"474\" height=\"267\" src=\"https:\/\/www.youtube.com\/embed\/Bz7x-ttbU3s?start=547&#038;feature=oembed\" frameborder=\"0\" allow=\"accelerometer; autoplay; clipboard-write; encrypted-media; gyroscope; picture-in-picture; web-share\" referrerpolicy=\"strict-origin-when-cross-origin\" allowfullscreen><\/iframe><\/p>\n<p>&nbsp;<\/p>\n","protected":false},"excerpt":{"rendered":"<p>E a\u00ed galerinha, tudo bem? N\u00f3s somos o PIBID Qu\u00edmica UFPel, e estamos aqui te esperando para a aprova\u00e7\u00e3o em todas as etapas do PAVE (Programa de Avalia\u00e7\u00e3o da Vida Escolar) O PAVE te concede uma futura vaga no nosso Sistema Federal de ensino. Vulgo, gradua\u00e7\u00e3o. E com esses pontos, precisamos te trazer alguns refor\u00e7os &hellip; <a href=\"https:\/\/wp.ufpel.edu.br\/pibidquimica\/auxilio-pave-etapa-2\/\" class=\"more-link\">Continue lendo <span class=\"screen-reader-text\">Aux\u00edlio para o PAVE (Etapa 2)<\/span> <span class=\"meta-nav\">&rarr;<\/span><\/a><\/p>\n","protected":false},"author":1097,"featured_media":0,"parent":0,"menu_order":0,"comment_status":"closed","ping_status":"closed","template":"","meta":{"footnotes":""},"class_list":["post-324","page","type-page","status-publish","hentry"],"_links":{"self":[{"href":"https:\/\/wp.ufpel.edu.br\/pibidquimica\/wp-json\/wp\/v2\/pages\/324","targetHints":{"allow":["GET"]}}],"collection":[{"href":"https:\/\/wp.ufpel.edu.br\/pibidquimica\/wp-json\/wp\/v2\/pages"}],"about":[{"href":"https:\/\/wp.ufpel.edu.br\/pibidquimica\/wp-json\/wp\/v2\/types\/page"}],"author":[{"embeddable":true,"href":"https:\/\/wp.ufpel.edu.br\/pibidquimica\/wp-json\/wp\/v2\/users\/1097"}],"replies":[{"embeddable":true,"href":"https:\/\/wp.ufpel.edu.br\/pibidquimica\/wp-json\/wp\/v2\/comments?post=324"}],"version-history":[{"count":4,"href":"https:\/\/wp.ufpel.edu.br\/pibidquimica\/wp-json\/wp\/v2\/pages\/324\/revisions"}],"predecessor-version":[{"id":336,"href":"https:\/\/wp.ufpel.edu.br\/pibidquimica\/wp-json\/wp\/v2\/pages\/324\/revisions\/336"}],"wp:attachment":[{"href":"https:\/\/wp.ufpel.edu.br\/pibidquimica\/wp-json\/wp\/v2\/media?parent=324"}],"curies":[{"name":"wp","href":"https:\/\/api.w.org\/{rel}","templated":true}]}}