{"id":309,"date":"2021-06-28T21:18:43","date_gmt":"2021-06-29T00:18:43","guid":{"rendered":"https:\/\/wp.ufpel.edu.br\/pibidquimica\/?page_id=309"},"modified":"2021-06-29T17:16:00","modified_gmt":"2021-06-29T20:16:00","slug":"auxilio-para-o-pave","status":"publish","type":"page","link":"https:\/\/wp.ufpel.edu.br\/pibidquimica\/auxilio-para-o-pave\/","title":{"rendered":"Aux\u00edlio para o PAVE (Etapa 1)"},"content":{"rendered":"<h6 style=\"text-align: justify\">E a\u00ed galerinha, tudo bem? N\u00f3s somos o PIBID Qu\u00edmica UFPel, e estamos aqui te esperando para a aprova\u00e7\u00e3o em todas as etapas do PAVE (Programa de Avalia\u00e7\u00e3o da Vida Escolar)<\/h6>\n<h6 style=\"text-align: justify\">O PAVE te concede uma futura vaga no nosso Sistema Federal de ensino. Vulgo, gradua\u00e7\u00e3o.<\/h6>\n<h6 style=\"text-align: justify\">\nE com esses pontos, precisamos te trazer alguns refor\u00e7os para que voc\u00ea suceda na sua batalha. Tanto no PAVE, quanto no ENEM. Ent\u00e3o, fique atento nas pr\u00f3ximas postagens que te traremos para auxili\u00e1-lo nos teus estudos.<\/h6>\n<h4 style=\"text-align: justify\"><em><b>QU\u00cdMICA (Assuntos Primeira Etapa):<\/b><\/em><\/h4>\n<ol>\n<li style=\"text-align: left\"><span style=\"font-weight: 400\"> INTRODU\u00c7\u00c3O \u00c0 QU\u00cdMICA: CONSTITUI\u00c7\u00c3O E TRANSFORMA\u00c7\u00d5ES DA MAT\u00c9RIA, ELEMENTOS QU\u00cdMICOS, SUBST\u00c2NCIAS E MISTURAS.<\/span><\/li>\n<li style=\"text-align: left\"><span style=\"font-weight: 400\"> ATOM\u00cdSTICA.\u00a0<\/span><\/li>\n<li style=\"text-align: left\"><span style=\"font-weight: 400\"> CLASSIFICA\u00c7\u00c3O PERI\u00d3DICA DOS ELEMENTOS QU\u00cdMICOS.<\/span><\/li>\n<li style=\"text-align: left\"><span style=\"font-weight: 400\"> LIGA\u00c7\u00d5ES E INTERA\u00c7\u00d5ES QU\u00cdMICAS.<\/span><\/li>\n<li style=\"text-align: left\"><span style=\"font-weight: 400\"> N\u00daMERO DE OXIDA\u00c7\u00c3O.\u00a0<\/span><\/li>\n<li style=\"text-align: left\"><span style=\"font-weight: 400\"> FUN\u00c7\u00d5ES QU\u00cdMICAS.<\/span><\/li>\n<li style=\"text-align: left\"><span style=\"font-weight: 400\"> REA\u00c7\u00d5ES QU\u00cdMICAS.<\/span><\/li>\n<\/ol>\n<p><strong>1 -INTRODU\u00c7\u00c3O \u00c0 QU\u00cdMICA.<\/strong><\/p>\n<p><iframe loading=\"lazy\" title=\"INTRODU\u00c7\u00c3O \u00c0 QU\u00cdMICA\" width=\"474\" height=\"267\" src=\"https:\/\/www.youtube.com\/embed\/t-w9znZhNbk?feature=oembed\" frameborder=\"0\" allow=\"accelerometer; autoplay; clipboard-write; encrypted-media; gyroscope; picture-in-picture; web-share\" referrerpolicy=\"strict-origin-when-cross-origin\" allowfullscreen><\/iframe><\/p>\n<p><em><strong>1A &#8211; Exerc\u00edcios de Introdu\u00e7\u00e3o \u00e0 qu\u00edmica:<\/strong><\/em><\/p>\n<p><iframe loading=\"lazy\" title=\"Qu\u00edmica Simples - Resolu\u00e7\u00e3o de Exerc\u00edcios (Introdu\u00e7\u00e3o \u00e0 Qu\u00edmica)\" width=\"474\" height=\"267\" src=\"https:\/\/www.youtube.com\/embed\/ZBitdw_dGVA?feature=oembed\" frameborder=\"0\" allow=\"accelerometer; autoplay; clipboard-write; encrypted-media; gyroscope; picture-in-picture; web-share\" referrerpolicy=\"strict-origin-when-cross-origin\" allowfullscreen><\/iframe><\/p>\n<p><strong>2 &#8211; ATOM\u00cdSTICA.<\/strong><\/p>\n<p><span style=\"font-weight: 400\">V\u00eddeo 1:<\/span><\/p>\n<p><iframe loading=\"lazy\" title=\"Atom\u00edstica - Estrutura da Mat\u00e9ria e Modelos At\u00f4micos - Aula de Qu\u00edmica para Vestibular e ENEM\" width=\"474\" height=\"267\" src=\"https:\/\/www.youtube.com\/embed\/-9qjIqC3LhM?feature=oembed\" frameborder=\"0\" allow=\"accelerometer; autoplay; clipboard-write; encrypted-media; gyroscope; picture-in-picture; web-share\" referrerpolicy=\"strict-origin-when-cross-origin\" allowfullscreen><\/iframe><\/p>\n<p><span style=\"font-weight: 400\">V\u00eddeo 2:<\/span><\/p>\n<p><iframe loading=\"lazy\" title=\"(Atom\u00edstica) Conceitos fundamentais - Com o Prof. Silvio Predis\" width=\"474\" height=\"267\" src=\"https:\/\/www.youtube.com\/embed\/TKzOAhty0nA?feature=oembed\" frameborder=\"0\" allow=\"accelerometer; autoplay; clipboard-write; encrypted-media; gyroscope; picture-in-picture; web-share\" referrerpolicy=\"strict-origin-when-cross-origin\" allowfullscreen><\/iframe><\/p>\n<p><span style=\"font-weight: 400\">V\u00eddeo 3\u00a0 (um v\u00eddeo mais completo):<\/span><\/p>\n<p><iframe loading=\"lazy\" title=\"\u00c1TOMO, Part\u00edculas, \u00cdON: C\u00e1tion e \u00c2nion, DISTRIBUI\u00c7\u00c3O ELETR\u00d4NICA (Linus Pauling)| Aula 04 (Qu\u00edmica I)\" width=\"474\" height=\"267\" src=\"https:\/\/www.youtube.com\/embed\/17HKkknyTVM?feature=oembed\" frameborder=\"0\" allow=\"accelerometer; autoplay; clipboard-write; encrypted-media; gyroscope; picture-in-picture; web-share\" referrerpolicy=\"strict-origin-when-cross-origin\" allowfullscreen><\/iframe><\/p>\n<p><em><strong>2A &#8211; Exerc\u00edcios de Atom\u00edstica:<\/strong><\/em><\/p>\n<p><iframe loading=\"lazy\" title=\"Modelos At\u00f4micos   Resolu\u00e7\u00e3o de Exerc\u00edcios\" width=\"474\" height=\"267\" src=\"https:\/\/www.youtube.com\/embed\/QRKFKl6cmDc?start=323&#038;feature=oembed\" frameborder=\"0\" allow=\"accelerometer; autoplay; clipboard-write; encrypted-media; gyroscope; picture-in-picture; web-share\" referrerpolicy=\"strict-origin-when-cross-origin\" allowfullscreen><\/iframe><\/p>\n<p><strong>3 &#8211; CLASSIFICA\u00c7\u00c3O PERI\u00d3DICA DOS ELEMENTOS QU\u00cdMICOS.<\/strong><\/p>\n<p><span style=\"font-weight: 400\">V\u00eddeo 1:<\/span><\/p>\n<p><iframe loading=\"lazy\" title=\"INTRODU\u00c7\u00c3O \u00e0 TABELA PERI\u00d3DICA: Organiza\u00e7\u00e3o Elementos, Massa At\u00f4mica, S\u00edmbolos | Aula 07 (Qu\u00edmica I)\" width=\"474\" height=\"267\" src=\"https:\/\/www.youtube.com\/embed\/TGtw2reBkaU?feature=oembed\" frameborder=\"0\" allow=\"accelerometer; autoplay; clipboard-write; encrypted-media; gyroscope; picture-in-picture; web-share\" referrerpolicy=\"strict-origin-when-cross-origin\" allowfullscreen><\/iframe><\/p>\n<p><span style=\"font-weight: 400\">V\u00eddeo 2:<\/span><\/p>\n<p><iframe loading=\"lazy\" title=\"TABELA PERI\u00d3DICA: Divis\u00f5es, Caracter\u00edsticas, Fam\u00edlias, RAIO AT\u00d4MICO e I\u00d4NICO |Aula 08 (Qu\u00edmica I)\" width=\"474\" height=\"267\" src=\"https:\/\/www.youtube.com\/embed\/tALz9306I8M?feature=oembed\" frameborder=\"0\" allow=\"accelerometer; autoplay; clipboard-write; encrypted-media; gyroscope; picture-in-picture; web-share\" referrerpolicy=\"strict-origin-when-cross-origin\" allowfullscreen><\/iframe><\/p>\n<p><span style=\"font-weight: 400\">V\u00eddeo 3:<\/span><\/p>\n<p><iframe loading=\"lazy\" title=\"Qu\u00edmica - Distribui\u00e7\u00e3o Eletr\u00f4nica\" width=\"474\" height=\"267\" src=\"https:\/\/www.youtube.com\/embed\/zYZMuUSIMj8?feature=oembed\" frameborder=\"0\" allow=\"accelerometer; autoplay; clipboard-write; encrypted-media; gyroscope; picture-in-picture; web-share\" referrerpolicy=\"strict-origin-when-cross-origin\" allowfullscreen><\/iframe><\/p>\n<p><em><strong>3A &#8211; Exerc\u00edcios sobre classifica\u00e7\u00e3o peri\u00f3dica dos elementos qu\u00edmicos:<\/strong><\/em><\/p>\n<p><iframe loading=\"lazy\" title=\"Exerc\u00edcio 13 - Classifica\u00e7\u00e3o Peri\u00f3dica dos Elementos\" width=\"474\" height=\"267\" src=\"https:\/\/www.youtube.com\/embed\/tU1Xbaz4XuQ?feature=oembed\" frameborder=\"0\" allow=\"accelerometer; autoplay; clipboard-write; encrypted-media; gyroscope; picture-in-picture; web-share\" referrerpolicy=\"strict-origin-when-cross-origin\" allowfullscreen><\/iframe><\/p>\n<p><strong>\u00a04 &#8211; LIGA\u00c7\u00d5ES E INTERA\u00c7\u00d5ES QU\u00cdMICAS.<\/strong><\/p>\n<p><span style=\"font-weight: 400\">V\u00eddeo 1:<\/span><\/p>\n<p><iframe loading=\"lazy\" title=\"Qu\u00edmica - Liga\u00e7\u00f5es Qu\u00edmicas\" width=\"474\" height=\"267\" src=\"https:\/\/www.youtube.com\/embed\/DJCEuoBQV_M?feature=oembed\" frameborder=\"0\" allow=\"accelerometer; autoplay; clipboard-write; encrypted-media; gyroscope; picture-in-picture; web-share\" referrerpolicy=\"strict-origin-when-cross-origin\" allowfullscreen><\/iframe><\/p>\n<p><span style=\"font-weight: 400\">V\u00eddeo 2:<\/span><\/p>\n<p><iframe loading=\"lazy\" title=\"FOR\u00c7AS INTERMOLECULARES\" width=\"474\" height=\"267\" src=\"https:\/\/www.youtube.com\/embed\/vDvFbls_0IY?feature=oembed\" frameborder=\"0\" allow=\"accelerometer; autoplay; clipboard-write; encrypted-media; gyroscope; picture-in-picture; web-share\" referrerpolicy=\"strict-origin-when-cross-origin\" allowfullscreen><\/iframe><\/p>\n<p><em><strong>4A &#8211; Exerc\u00edcios sobre Liga\u00e7\u00f5es e Intera\u00e7\u00f5es Qu\u00edmicas:<\/strong><\/em><\/p>\n<p><span style=\"font-weight: 400\">V\u00eddeo 1:<\/span><\/p>\n<p><iframe loading=\"lazy\" title=\"25- Exerc\u00edcios de For\u00e7as Intermoleculares [Parte II]\" width=\"474\" height=\"267\" src=\"https:\/\/www.youtube.com\/embed\/aLM-va6fM-k?feature=oembed\" frameborder=\"0\" allow=\"accelerometer; autoplay; clipboard-write; encrypted-media; gyroscope; picture-in-picture; web-share\" referrerpolicy=\"strict-origin-when-cross-origin\" allowfullscreen><\/iframe><\/p>\n<p><span style=\"font-weight: 400\">V\u00eddeo 2:<\/span><\/p>\n<p><iframe loading=\"lazy\" title=\"LIGA\u00c7\u00d5ES QU\u00cdMICAS - Exerc\u00edcios de vestibular - Aula 1 - Professor Vin\u00edcius Dias\" width=\"474\" height=\"267\" src=\"https:\/\/www.youtube.com\/embed\/DQzY43ksOW4?feature=oembed\" frameborder=\"0\" allow=\"accelerometer; autoplay; clipboard-write; encrypted-media; gyroscope; picture-in-picture; web-share\" referrerpolicy=\"strict-origin-when-cross-origin\" allowfullscreen><\/iframe><\/p>\n<p><span style=\"font-weight: 400\">V\u00eddeo 3:<\/span><\/p>\n<p><iframe loading=\"lazy\" title=\"Liga\u00e7\u00f5es Qu\u00edmicas   Exerc\u00edcios   V\u00eddeo 05 - ENEM\" width=\"474\" height=\"267\" src=\"https:\/\/www.youtube.com\/embed\/-LdNE7-5-F0?feature=oembed\" frameborder=\"0\" allow=\"accelerometer; autoplay; clipboard-write; encrypted-media; gyroscope; picture-in-picture; web-share\" referrerpolicy=\"strict-origin-when-cross-origin\" allowfullscreen><\/iframe><\/p>\n<p><strong>5 &#8211; N\u00daMERO DE OXIDA\u00c7\u00c3O.\u00a0<\/strong><\/p>\n<p><iframe loading=\"lazy\" title=\"NOX - N\u00daMERO DE OXIDA\u00c7\u00c3O\" width=\"474\" height=\"267\" src=\"https:\/\/www.youtube.com\/embed\/U7no8O1hrLE?feature=oembed\" frameborder=\"0\" allow=\"accelerometer; autoplay; clipboard-write; encrypted-media; gyroscope; picture-in-picture; web-share\" referrerpolicy=\"strict-origin-when-cross-origin\" allowfullscreen><\/iframe><\/p>\n<p><em><strong>5A &#8211; Exerc\u00edcios sobre N\u00famero de Oxida\u00e7\u00e3o:<\/strong><\/em><\/p>\n<p><iframe loading=\"lazy\" title=\"N\u00famero de Oxida\u00e7\u00e3o (Nox) - Exerc\u00edcios (Prof. Gabriel Cabral)\" width=\"474\" height=\"267\" src=\"https:\/\/www.youtube.com\/embed\/kcAsB9jaduU?feature=oembed\" frameborder=\"0\" allow=\"accelerometer; autoplay; clipboard-write; encrypted-media; gyroscope; picture-in-picture; web-share\" referrerpolicy=\"strict-origin-when-cross-origin\" allowfullscreen><\/iframe><\/p>\n<p><strong>6 &#8211; FUN\u00c7\u00d5ES QU\u00cdMICAS.<\/strong><\/p>\n<p><span style=\"font-weight: 400\">V\u00eddeo 1:<\/span><\/p>\n<p><iframe loading=\"lazy\" title=\"\u00c1CIDOS - FUN\u00c7\u00d5ES INORG\u00c2NICAS\" width=\"474\" height=\"267\" src=\"https:\/\/www.youtube.com\/embed\/jJ0PfLUBKnQ?feature=oembed\" frameborder=\"0\" allow=\"accelerometer; autoplay; clipboard-write; encrypted-media; gyroscope; picture-in-picture; web-share\" referrerpolicy=\"strict-origin-when-cross-origin\" allowfullscreen><\/iframe><\/p>\n<p><span style=\"font-weight: 400\">V\u00eddeo 2:<\/span><\/p>\n<p><iframe loading=\"lazy\" title=\"BASES - FUN\u00c7\u00d5ES INORG\u00c2NICAS\" width=\"474\" height=\"267\" src=\"https:\/\/www.youtube.com\/embed\/gHYNjKn_gpI?feature=oembed\" frameborder=\"0\" allow=\"accelerometer; autoplay; clipboard-write; encrypted-media; gyroscope; picture-in-picture; web-share\" referrerpolicy=\"strict-origin-when-cross-origin\" allowfullscreen><\/iframe><\/p>\n<p><em><strong>6A &#8211; Exerc\u00edcios de Fun\u00e7\u00f5es Qu\u00edmicas:<\/strong><\/em><\/p>\n<p><iframe loading=\"lazy\" title=\"FUN\u00c7\u00d5ES INORG\u00c2NICAS  - EXERC\u00cdCIOS DE VESTIBULAR - Aula 1- \u00c1cidos - Professor Vin\u00edcius Dias\" width=\"474\" height=\"267\" src=\"https:\/\/www.youtube.com\/embed\/wXjhsDGKjas?feature=oembed\" frameborder=\"0\" allow=\"accelerometer; autoplay; clipboard-write; encrypted-media; gyroscope; picture-in-picture; web-share\" referrerpolicy=\"strict-origin-when-cross-origin\" allowfullscreen><\/iframe><\/p>\n<p><strong>7- REA\u00c7\u00d5ES QU\u00cdMICAS.<\/strong><\/p>\n<p><span style=\"font-weight: 400\">V\u00eddeo 1:<\/span><\/p>\n<p><iframe loading=\"lazy\" title=\"MABA QU\u00cdMICA - REA\u00c7\u00d5ES QU\u00cdMICA - O que s\u00e3o ( Exatas Exatas )\" width=\"474\" height=\"267\" src=\"https:\/\/www.youtube.com\/embed\/4N98_uBOgjA?feature=oembed\" frameborder=\"0\" allow=\"accelerometer; autoplay; clipboard-write; encrypted-media; gyroscope; picture-in-picture; web-share\" referrerpolicy=\"strict-origin-when-cross-origin\" allowfullscreen><\/iframe><\/p>\n<p><span style=\"font-weight: 400\">V\u00eddeo 2:<\/span><\/p>\n<p><iframe loading=\"lazy\" title=\"REA\u00c7\u00d5ES QU\u00cdMICAS INORG\u00c2NICAS: S\u00edntese, Decomposi\u00e7\u00e3o, Deslocamento, Dupla Troca | Aula 26 (Qu\u00edmica I)\" width=\"474\" height=\"267\" src=\"https:\/\/www.youtube.com\/embed\/-xVxTA3UynA?start=193&#038;feature=oembed\" frameborder=\"0\" allow=\"accelerometer; autoplay; clipboard-write; encrypted-media; gyroscope; picture-in-picture; web-share\" referrerpolicy=\"strict-origin-when-cross-origin\" allowfullscreen><\/iframe><\/p>\n<p><span style=\"font-weight: 400\"><em><strong>7A &#8211; Exerc\u00edcios de Rea\u00e7\u00f5es Qu\u00edmicas:<\/strong><\/em>\u00a0<\/span><\/p>\n<p><iframe loading=\"lazy\" title=\"Exerc\u00edcios Resolvidos - Rea\u00e7\u00f5es Qu\u00edmicas\" width=\"474\" height=\"267\" src=\"https:\/\/www.youtube.com\/embed\/V9gY8cagm1I?start=73&#038;feature=oembed\" frameborder=\"0\" allow=\"accelerometer; autoplay; clipboard-write; encrypted-media; gyroscope; picture-in-picture; web-share\" referrerpolicy=\"strict-origin-when-cross-origin\" allowfullscreen><\/iframe><\/p>\n<p><iframe loading=\"lazy\" title=\"List\u00e3o Pol\u00edmeros - Resolu\u00e7\u00e3o de exerc\u00edcios\" width=\"474\" height=\"267\" src=\"https:\/\/www.youtube.com\/embed\/Jv8jCUVNbL4?feature=oembed\" frameborder=\"0\" allow=\"accelerometer; autoplay; clipboard-write; encrypted-media; gyroscope; picture-in-picture; web-share\" referrerpolicy=\"strict-origin-when-cross-origin\" allowfullscreen><\/iframe><\/p>\n","protected":false},"excerpt":{"rendered":"<p>E a\u00ed galerinha, tudo bem? N\u00f3s somos o PIBID Qu\u00edmica UFPel, e estamos aqui te esperando para a aprova\u00e7\u00e3o em todas as etapas do PAVE (Programa de Avalia\u00e7\u00e3o da Vida Escolar) O PAVE te concede uma futura vaga no nosso Sistema Federal de ensino. Vulgo, gradua\u00e7\u00e3o. E com esses pontos, precisamos te trazer alguns refor\u00e7os &hellip; <a href=\"https:\/\/wp.ufpel.edu.br\/pibidquimica\/auxilio-para-o-pave\/\" class=\"more-link\">Continue lendo <span class=\"screen-reader-text\">Aux\u00edlio para o PAVE (Etapa 1)<\/span> <span class=\"meta-nav\">&rarr;<\/span><\/a><\/p>\n","protected":false},"author":1097,"featured_media":0,"parent":0,"menu_order":0,"comment_status":"closed","ping_status":"closed","template":"","meta":{"footnotes":""},"class_list":["post-309","page","type-page","status-publish","hentry"],"_links":{"self":[{"href":"https:\/\/wp.ufpel.edu.br\/pibidquimica\/wp-json\/wp\/v2\/pages\/309","targetHints":{"allow":["GET"]}}],"collection":[{"href":"https:\/\/wp.ufpel.edu.br\/pibidquimica\/wp-json\/wp\/v2\/pages"}],"about":[{"href":"https:\/\/wp.ufpel.edu.br\/pibidquimica\/wp-json\/wp\/v2\/types\/page"}],"author":[{"embeddable":true,"href":"https:\/\/wp.ufpel.edu.br\/pibidquimica\/wp-json\/wp\/v2\/users\/1097"}],"replies":[{"embeddable":true,"href":"https:\/\/wp.ufpel.edu.br\/pibidquimica\/wp-json\/wp\/v2\/comments?post=309"}],"version-history":[{"count":10,"href":"https:\/\/wp.ufpel.edu.br\/pibidquimica\/wp-json\/wp\/v2\/pages\/309\/revisions"}],"predecessor-version":[{"id":331,"href":"https:\/\/wp.ufpel.edu.br\/pibidquimica\/wp-json\/wp\/v2\/pages\/309\/revisions\/331"}],"wp:attachment":[{"href":"https:\/\/wp.ufpel.edu.br\/pibidquimica\/wp-json\/wp\/v2\/media?parent=309"}],"curies":[{"name":"wp","href":"https:\/\/api.w.org\/{rel}","templated":true}]}}