{"id":13,"date":"2021-01-06T19:32:06","date_gmt":"2021-01-06T22:32:06","guid":{"rendered":"https:\/\/wp.ufpel.edu.br\/pibidquimica\/?page_id=13"},"modified":"2021-07-01T12:01:29","modified_gmt":"2021-07-01T15:01:29","slug":"podcasts","status":"publish","type":"page","link":"https:\/\/wp.ufpel.edu.br\/pibidquimica\/podcasts\/","title":{"rendered":"Podcasts"},"content":{"rendered":"<h1><\/h1>\n<h1><\/h1>\n<h1><span style=\"font-size: 36pt\">Podcast Universidade\u00a0<\/span><\/h1>\n<h1 class=\"css-1xvo5lj\">Como estudar e se preparar para o ENEM?<\/h1>\n<p><img loading=\"lazy\" decoding=\"async\" class=\" wp-image-355 aligncenter\" src=\"https:\/\/wp.ufpel.edu.br\/pibidquimica\/files\/2021\/07\/estudarenem-400x400.jpeg\" alt=\"\" width=\"199\" height=\"199\" srcset=\"https:\/\/wp.ufpel.edu.br\/pibidquimica\/files\/2021\/07\/estudarenem.jpeg 400w, https:\/\/wp.ufpel.edu.br\/pibidquimica\/files\/2021\/07\/estudarenem-200x200.jpeg 200w\" sizes=\"auto, (max-width: 199px) 100vw, 199px\" \/><\/p>\n<p>Al\u00e9m da prepara\u00e7\u00e3o, temos que lidar com a ansiedade da nova etapa. Ser\u00e1 que escolhi certo e vou gostar do curso? Alunos da Licenciatura em Qu\u00edmica da Universidade Federal de Pelotas comentam experi\u00eancias pessoais e tamb\u00e9m d\u00e3o dicas de estudo nesse processo pr\u00e9-exame.<\/p>\n<audio class=\"wp-audio-shortcode\" id=\"audio-13-1\" preload=\"none\" style=\"width: 100%;\" controls=\"controls\"><source type=\"audio\/mpeg\" src=\"https:\/\/wp.ufpel.edu.br\/pibidquimica\/files\/2021\/07\/Faculdade-e-so-assistir-aula.m4a?_=1\" \/><a href=\"https:\/\/wp.ufpel.edu.br\/pibidquimica\/files\/2021\/07\/Faculdade-e-so-assistir-aula.m4a\">https:\/\/wp.ufpel.edu.br\/pibidquimica\/files\/2021\/07\/Faculdade-e-so-assistir-aula.m4a<\/a><\/audio>\n<p>acompanhe tamb\u00e9m no link:\u00a0<a href=\"https:\/\/anchor.fm\/pibidquimicaufpel\">https:\/\/anchor.fm\/pibidquimicaufpel<\/a><\/p>\n<h1><strong>F\u00e1rmacos<\/strong><\/h1>\n<p><img loading=\"lazy\" decoding=\"async\" class=\"wp-image-347 aligncenter\" src=\"https:\/\/wp.ufpel.edu.br\/pibidquimica\/files\/2021\/06\/farmacos-400x400.jpeg\" alt=\"\" width=\"207\" height=\"207\" srcset=\"https:\/\/wp.ufpel.edu.br\/pibidquimica\/files\/2021\/06\/farmacos.jpeg 400w, https:\/\/wp.ufpel.edu.br\/pibidquimica\/files\/2021\/06\/farmacos-200x200.jpeg 200w\" sizes=\"auto, (max-width: 207px) 100vw, 207px\" \/><\/p>\n<p>Neste epis\u00f3dio tem\u00e1tico do PIBID Qu\u00edmica da UFPEL, Diego, Kerolyn, Laura e Miral, ir\u00e3o explicar e compartilhar um pouco da hist\u00f3ria e da qu\u00edmica dos F\u00e1rmacos.<\/p>\n<audio class=\"wp-audio-shortcode\" id=\"audio-13-2\" preload=\"none\" style=\"width: 100%;\" controls=\"controls\"><source type=\"audio\/mpeg\" src=\"https:\/\/wp.ufpel.edu.br\/pibidquimica\/files\/2021\/06\/Quimica-dos-cosmeticos.m4a?_=2\" \/><a href=\"https:\/\/wp.ufpel.edu.br\/pibidquimica\/files\/2021\/06\/Quimica-dos-cosmeticos.m4a\">https:\/\/wp.ufpel.edu.br\/pibidquimica\/files\/2021\/06\/Quimica-dos-cosmeticos.m4a<\/a><\/audio>\n<p>acompanhe tamb\u00e9m no link:\u00a0<a href=\"https:\/\/anchor.fm\/pibidquimicaufpel\">https:\/\/anchor.fm\/pibidquimicaufpel<\/a><\/p>\n<p>&nbsp;<\/p>\n<h1><strong>Qu\u00edmica nos Cosm\u00e9ticos<\/strong><\/h1>\n<p><img loading=\"lazy\" decoding=\"async\" class=\"wp-image-348 aligncenter\" src=\"https:\/\/wp.ufpel.edu.br\/pibidquimica\/files\/2021\/06\/quimicanoscosmeticos-400x400.jpeg\" alt=\"\" width=\"202\" height=\"202\" srcset=\"https:\/\/wp.ufpel.edu.br\/pibidquimica\/files\/2021\/06\/quimicanoscosmeticos.jpeg 400w, https:\/\/wp.ufpel.edu.br\/pibidquimica\/files\/2021\/06\/quimicanoscosmeticos-200x200.jpeg 200w\" sizes=\"auto, (max-width: 202px) 100vw, 202px\" \/><\/p>\n<p>Este \u00e9 um epis\u00f3dio tem\u00e1tico feito pelos alunos do Pibid Qu\u00edmica da UFPel sobre a Qu\u00edmica dos Cosm\u00e9ticos. Dielen e Guilherme v\u00e3o comentar sobre como surgiram os cosm\u00e9ticos e como a qu\u00edmica influencia nos mesmos.<\/p>\n<audio class=\"wp-audio-shortcode\" id=\"audio-13-3\" preload=\"none\" style=\"width: 100%;\" controls=\"controls\"><source type=\"audio\/mpeg\" src=\"https:\/\/wp.ufpel.edu.br\/pibidquimica\/files\/2021\/06\/Farmacos.m4a?_=3\" \/><a href=\"https:\/\/wp.ufpel.edu.br\/pibidquimica\/files\/2021\/06\/Farmacos.m4a\">https:\/\/wp.ufpel.edu.br\/pibidquimica\/files\/2021\/06\/Farmacos.m4a<\/a><\/audio>\n<p>acompanhe tamb\u00e9m no link:\u00a0<a href=\"https:\/\/anchor.fm\/pibidquimicaufpel\">https:\/\/anchor.fm\/pibidquimicaufpel<\/a><\/p>\n<p>&nbsp;<\/p>\n<h1><strong>Tabela Peri\u00f3dica e sua Hist\u00f3ria<\/strong><\/h1>\n<p><img loading=\"lazy\" decoding=\"async\" class=\"wp-image-349 aligncenter\" src=\"https:\/\/wp.ufpel.edu.br\/pibidquimica\/files\/2021\/06\/tabelaperiodica-400x400.jpeg\" alt=\"\" width=\"192\" height=\"192\" srcset=\"https:\/\/wp.ufpel.edu.br\/pibidquimica\/files\/2021\/06\/tabelaperiodica.jpeg 400w, https:\/\/wp.ufpel.edu.br\/pibidquimica\/files\/2021\/06\/tabelaperiodica-200x200.jpeg 200w\" sizes=\"auto, (max-width: 192px) 100vw, 192px\" \/><\/p>\n<p>N\u00f3s, alunos do PIBID de Qu\u00edmica da Universidade Federal de Pelotas, iremos contar um pouco para voc\u00eas sobre a hist\u00f3ria da Tabela Peri\u00f3dica, a import\u00e2ncia dela e dos cientistas que foram cruciais para esses estudos! Retratamos nesse epis\u00f3dio de forma descontra\u00edda e usando uma linguagem informal, pontos que julgamos necess\u00e1rios e importantes para o in\u00edcio dos estudos sobre a TP!<\/p>\n<audio class=\"wp-audio-shortcode\" id=\"audio-13-4\" preload=\"none\" style=\"width: 100%;\" controls=\"controls\"><source type=\"audio\/mpeg\" src=\"https:\/\/wp.ufpel.edu.br\/pibidquimica\/files\/2021\/06\/Tabela-Periodica.m4a?_=4\" \/><a href=\"https:\/\/wp.ufpel.edu.br\/pibidquimica\/files\/2021\/06\/Tabela-Periodica.m4a\">https:\/\/wp.ufpel.edu.br\/pibidquimica\/files\/2021\/06\/Tabela-Periodica.m4a<\/a><\/audio>\n<p>acompanhe tamb\u00e9m no link:\u00a0<a href=\"https:\/\/anchor.fm\/pibidquimicaufpel\">https:\/\/anchor.fm\/pibidquimicaufpel<\/a><\/p>\n<h1 class=\"css-1xvo5lj\">Faculdade \u00e9 s\u00f3 assistir as aulas, certo?<\/h1>\n<p><img loading=\"lazy\" decoding=\"async\" class=\"wp-image-353 aligncenter\" src=\"https:\/\/wp.ufpel.edu.br\/pibidquimica\/files\/2021\/07\/assistir-aula-400x400.jpeg\" alt=\"\" width=\"206\" height=\"206\" srcset=\"https:\/\/wp.ufpel.edu.br\/pibidquimica\/files\/2021\/07\/assistir-aula.jpeg 400w, https:\/\/wp.ufpel.edu.br\/pibidquimica\/files\/2021\/07\/assistir-aula-200x200.jpeg 200w\" sizes=\"auto, (max-width: 206px) 100vw, 206px\" \/><\/p>\n<p>Neste epis\u00f3dio, alunos da Licenciatura em Qu\u00edmica da Universidade Federal de Pelotas comentam como funcionam as atividades extracurriculares dentro da universidade, como participar delas e qual a sua import\u00e2ncia na forma\u00e7\u00e3o.<\/p>\n<audio class=\"wp-audio-shortcode\" id=\"audio-13-5\" preload=\"none\" style=\"width: 100%;\" controls=\"controls\"><source type=\"audio\/mpeg\" src=\"https:\/\/wp.ufpel.edu.br\/pibidquimica\/files\/2021\/07\/Estudar-para-o-enem.m4a?_=5\" \/><a href=\"https:\/\/wp.ufpel.edu.br\/pibidquimica\/files\/2021\/07\/Estudar-para-o-enem.m4a\">https:\/\/wp.ufpel.edu.br\/pibidquimica\/files\/2021\/07\/Estudar-para-o-enem.m4a<\/a><\/audio>\n<p>acompanhe tamb\u00e9m no link:\u00a0<a href=\"https:\/\/anchor.fm\/pibidquimicaufpel\">https:\/\/anchor.fm\/pibidquimicaufpel<\/a><\/p>\n","protected":false},"excerpt":{"rendered":"<p>Podcast Universidade\u00a0 Como estudar e se preparar para o ENEM? Al\u00e9m da prepara\u00e7\u00e3o, temos que lidar com a ansiedade da nova etapa. Ser\u00e1 que escolhi certo e vou gostar do curso? Alunos da Licenciatura em Qu\u00edmica da Universidade Federal de Pelotas comentam experi\u00eancias pessoais e tamb\u00e9m d\u00e3o dicas de estudo nesse processo pr\u00e9-exame. acompanhe tamb\u00e9m &hellip; <a href=\"https:\/\/wp.ufpel.edu.br\/pibidquimica\/podcasts\/\" class=\"more-link\">Continue lendo <span class=\"screen-reader-text\">Podcasts<\/span> <span class=\"meta-nav\">&rarr;<\/span><\/a><\/p>\n","protected":false},"author":1097,"featured_media":0,"parent":0,"menu_order":0,"comment_status":"closed","ping_status":"closed","template":"","meta":{"footnotes":""},"class_list":["post-13","page","type-page","status-publish","hentry"],"_links":{"self":[{"href":"https:\/\/wp.ufpel.edu.br\/pibidquimica\/wp-json\/wp\/v2\/pages\/13","targetHints":{"allow":["GET"]}}],"collection":[{"href":"https:\/\/wp.ufpel.edu.br\/pibidquimica\/wp-json\/wp\/v2\/pages"}],"about":[{"href":"https:\/\/wp.ufpel.edu.br\/pibidquimica\/wp-json\/wp\/v2\/types\/page"}],"author":[{"embeddable":true,"href":"https:\/\/wp.ufpel.edu.br\/pibidquimica\/wp-json\/wp\/v2\/users\/1097"}],"replies":[{"embeddable":true,"href":"https:\/\/wp.ufpel.edu.br\/pibidquimica\/wp-json\/wp\/v2\/comments?post=13"}],"version-history":[{"count":13,"href":"https:\/\/wp.ufpel.edu.br\/pibidquimica\/wp-json\/wp\/v2\/pages\/13\/revisions"}],"predecessor-version":[{"id":300,"href":"https:\/\/wp.ufpel.edu.br\/pibidquimica\/wp-json\/wp\/v2\/pages\/13\/revisions\/300"}],"wp:attachment":[{"href":"https:\/\/wp.ufpel.edu.br\/pibidquimica\/wp-json\/wp\/v2\/media?parent=13"}],"curies":[{"name":"wp","href":"https:\/\/api.w.org\/{rel}","templated":true}]}}