{"id":10,"date":"2021-01-06T19:31:33","date_gmt":"2021-01-06T22:31:33","guid":{"rendered":"https:\/\/wp.ufpel.edu.br\/pibidquimica\/?page_id=10"},"modified":"2021-01-06T19:31:33","modified_gmt":"2021-01-06T22:31:33","slug":"video-aulas","status":"publish","type":"page","link":"https:\/\/wp.ufpel.edu.br\/pibidquimica\/video-aulas\/","title":{"rendered":"V\u00eddeo-aulas"},"content":{"rendered":"<p>P\u00e1gina para colocar os links para os v\u00eddeos de cada grupo.<\/p>\n","protected":false},"excerpt":{"rendered":"<p>P\u00e1gina para colocar os links para os v\u00eddeos de cada grupo.<\/p>\n","protected":false},"author":1097,"featured_media":0,"parent":0,"menu_order":0,"comment_status":"closed","ping_status":"closed","template":"","meta":{"footnotes":""},"class_list":["post-10","page","type-page","status-publish","hentry"],"_links":{"self":[{"href":"https:\/\/wp.ufpel.edu.br\/pibidquimica\/wp-json\/wp\/v2\/pages\/10","targetHints":{"allow":["GET"]}}],"collection":[{"href":"https:\/\/wp.ufpel.edu.br\/pibidquimica\/wp-json\/wp\/v2\/pages"}],"about":[{"href":"https:\/\/wp.ufpel.edu.br\/pibidquimica\/wp-json\/wp\/v2\/types\/page"}],"author":[{"embeddable":true,"href":"https:\/\/wp.ufpel.edu.br\/pibidquimica\/wp-json\/wp\/v2\/users\/1097"}],"replies":[{"embeddable":true,"href":"https:\/\/wp.ufpel.edu.br\/pibidquimica\/wp-json\/wp\/v2\/comments?post=10"}],"version-history":[{"count":1,"href":"https:\/\/wp.ufpel.edu.br\/pibidquimica\/wp-json\/wp\/v2\/pages\/10\/revisions"}],"predecessor-version":[{"id":12,"href":"https:\/\/wp.ufpel.edu.br\/pibidquimica\/wp-json\/wp\/v2\/pages\/10\/revisions\/12"}],"wp:attachment":[{"href":"https:\/\/wp.ufpel.edu.br\/pibidquimica\/wp-json\/wp\/v2\/media?parent=10"}],"curies":[{"name":"wp","href":"https:\/\/api.w.org\/{rel}","templated":true}]}}