{"id":407,"date":"2015-09-08T16:55:01","date_gmt":"2015-09-08T19:55:01","guid":{"rendered":"https:\/\/wp.ufpel.edu.br\/pibidfisica\/?page_id=407"},"modified":"2024-05-29T21:41:27","modified_gmt":"2024-05-30T00:41:27","slug":"oficinas","status":"publish","type":"page","link":"https:\/\/wp.ufpel.edu.br\/pibidfisica\/atividades\/oficinas\/","title":{"rendered":"Roteiros para oficinas"},"content":{"rendered":"<p>Na rela\u00e7\u00e3o abaixo apresentamos uma s\u00e9rie de materiais, na forma de textos e roteiros, que foram utilizados na realiza\u00e7\u00e3o de oficinas pelo PIBID-F\u00ecsica ao longo dos \u00faltimos anos.<\/p>\n<p>\u2022 <span style=\"color: #ff0000;\">F\u00edsica na Viagem<\/span><br \/>\n&#8212; <span style=\"color: #3366ff;\"><a style=\"color: #3366ff;\" href=\"https:\/\/wp.ufpel.edu.br\/pibidfisica\/files\/2020\/01\/oficina-fisica-viagem-pibid-professor.pdf\" target=\"_blank\" rel=\"noopener noreferrer\">texto professor<\/a><\/span><br \/>\n&#8212; <span style=\"color: #3366ff;\"><a style=\"color: #3366ff;\" href=\"https:\/\/wp.ufpel.edu.br\/pibidfisica\/files\/2020\/01\/Oficina-Fisica-na-Viagem-alunos.pdf\" target=\"_blank\" rel=\"noopener noreferrer\">roteiro<\/a><\/span> (alunos)<\/p>\n<p>\u2022\u00a0<span style=\"color: #ff0000;\">Energias Renov\u00e1veis (E\u00f3lica)<\/span><br \/>\n&#8212; <a href=\"https:\/\/wp.ufpel.edu.br\/pibidfisica\/files\/2015\/09\/plano-da-oficina-energias-renovaveis-11-2014.pdf\" target=\"_blank\" rel=\"noopener noreferrer\"><span style=\"color: #3366ff;\">plano de oficina<\/span><\/a><br \/>\n&#8212; <span style=\"color: #3366ff;\"><a style=\"color: #3366ff;\" href=\"https:\/\/wp.ufpel.edu.br\/pibidfisica\/files\/2015\/09\/Roteiro-Usina-Eolica.pdf\" target=\"_blank\" rel=\"noopener noreferrer\">roteiro<\/a><\/span><br \/>\n&#8212; fotos: <a href=\"https:\/\/wp.ufpel.edu.br\/pibidfisica\/files\/2015\/09\/CAM01886.jpg\" target=\"_blank\" rel=\"noopener noreferrer\">(<span style=\"color: #3366ff;\">1<\/span>)<\/a>\u00a0 ;\u00a0 <a href=\"https:\/\/wp.ufpel.edu.br\/pibidfisica\/files\/2015\/09\/CAM01885.jpg\" target=\"_blank\" rel=\"noopener noreferrer\">(<span style=\"color: #3366ff;\">2<\/span>)<\/a>\u00a0 ;\u00a0 <a href=\"https:\/\/wp.ufpel.edu.br\/pibidfisica\/files\/2015\/09\/CAM01024.jpg\" target=\"_blank\" rel=\"noopener noreferrer\">(<span style=\"color: #3366ff;\">3<\/span>)<\/a><br \/>\n&#8212; <span style=\"color: #3366ff;\"><a style=\"color: #3366ff;\" href=\"https:\/\/www.youtube.com\/watch?v=DgOB85gd1l8\" target=\"_blank\" rel=\"noopener noreferrer\">document\u00e1rio<\/a><\/span><\/p>\n<p>\u2022 <span style=\"color: #ff0000;\">\u00d3ptica: Refra\u00e7\u00e3o da Luz<\/span><br \/>\n&#8212; <span style=\"color: #3366ff;\"><a style=\"color: #3366ff;\" href=\"https:\/\/wp.ufpel.edu.br\/pibidfisica\/files\/2020\/01\/roteiro_pibid_otica_refracao.pdf\" target=\"_blank\" rel=\"noopener noreferrer\">roteiro<\/a><\/span><\/p>\n<p>\u2022 <span style=\"color: #ff0000;\">Astronomia<\/span><br \/>\n&#8212; <a href=\"https:\/\/wp.ufpel.edu.br\/pibidfisica\/files\/2020\/01\/PIBID-oficina-astronomia.pdf\" target=\"_blank\" rel=\"noopener noreferrer\"><span style=\"color: #3366ff;\">apresenta\u00e7\u00e3o<\/span><\/a> (slides pdf &#8211; sem anima\u00e7\u00e3o)<br \/>\n&#8212; <span style=\"color: #3366ff;\"><a style=\"color: #3366ff;\" href=\"https:\/\/wp.ufpel.edu.br\/pibidfisica\/files\/2020\/01\/Roteiro-telescopio-v1.pdf\" target=\"_blank\" rel=\"noopener noreferrer\">roteiro<\/a><\/span> (telesc\u00f3pio)<\/p>\n<p>\u2022 <span style=\"color: #ff0000;\">\u00d3ptica da Vis\u00e3o<\/span><br \/>\n&#8212; <a href=\"https:\/\/wp.ufpel.edu.br\/pibidfisica\/files\/2020\/01\/optica-da-visao-pibid-2019.pdf\" target=\"_blank\" rel=\"noopener noreferrer\"><span style=\"color: #3366ff;\">apresenta\u00e7\u00e3o<\/span><\/a><br \/>\n&#8212; fotos (1) (2) (3)<\/p>\n<p>\u2022<span style=\"color: #ff0000;\"> Sons e sensa\u00e7\u00f5es<\/span><br \/>\n&#8212; Plano\u00a0 <a href=\"https:\/\/wp.ufpel.edu.br\/pibidfisica\/files\/2015\/11\/Intro_Ondas.pdf\" target=\"_blank\" rel=\"noopener noreferrer\">(<span style=\"color: #3366ff;\">1<\/span>)<\/a>\u00a0 &#8211; intro: ondas<br \/>\n&#8212; Plano\u00a0 <a href=\"https:\/\/wp.ufpel.edu.br\/pibidfisica\/files\/2015\/11\/ondas-e-montagem-auto-falante.pdf\" target=\"_blank\" rel=\"noopener noreferrer\">(<span style=\"color: #3366ff;\">2<\/span>)<\/a> &#8211; ondas e roteiro: <span style=\"color: #0000ff;\">montagem de um auto falante<\/span><br \/>\n&#8212; <a href=\"https:\/\/wp.ufpel.edu.br\/pibidfisica\/files\/2015\/11\/Anatomia-do-ouvido-humano.pdf\" target=\"_blank\" rel=\"noopener noreferrer\"><span style=\"color: #3366ff;\">Anatomia do ouvido humano<\/span><\/a><br \/>\n&#8212; <span style=\"color: #3366ff;\"><a style=\"color: #3366ff;\" href=\"https:\/\/wp.ufpel.edu.br\/pibidfisica\/files\/2015\/11\/BannerPIBIDFisica-instrumentos.png\" target=\"_blank\" rel=\"noopener noreferrer\">Banner<\/a><\/span> (instrumentos musicais)<\/p>\n<p>\u2022 <span style=\"color: #ff0000;\">Oficina MRU<\/span><br \/>\n&#8212; <a href=\"https:\/\/wp.ufpel.edu.br\/pibidfisica\/files\/2015\/11\/Plano-de-oficina-MRU.pdf\" target=\"_blank\" rel=\"noopener noreferrer\"><span style=\"color: #3366ff;\">plano de oficina<\/span><\/a><br \/>\n&#8212; <a href=\"https:\/\/wp.ufpel.edu.br\/pibidfisica\/files\/2015\/11\/Oficina-MRU1.pdf\" target=\"_blank\" rel=\"noopener noreferrer\"><span style=\"color: #3366ff;\">roteiro 1<\/span><\/a><br \/>\n&#8212; <a href=\"https:\/\/wp.ufpel.edu.br\/pibidfisica\/files\/2015\/11\/Oficina-MRU2.pdf\" target=\"_blank\" rel=\"noopener noreferrer\"><span style=\"color: #3366ff;\">roteiro 2<\/span><\/a><\/p>\n<p>\u2022 <span style=\"color: #ff0000;\">Oficina Magnetismo<\/span><br \/>\n&#8212; Campo Magn\u00e9tico<br \/>\n&#8212; <a href=\"https:\/\/wp.ufpel.edu.br\/pibidfisica\/files\/2020\/01\/roteiro-motor-eletrico-simples.pdf\" target=\"_blank\" rel=\"noopener noreferrer\"><span style=\"color: #3366ff;\">Motor el\u00e9trico<\/span><\/a><\/p>\n<p>\u2022 <span style=\"color: #ff0000;\">Oficina Forno Solar<\/span><br \/>\n&#8212; <span style=\"color: #3366ff;\"><a style=\"color: #3366ff;\" href=\"https:\/\/wp.ufpel.edu.br\/pibidfisica\/files\/2020\/01\/plano-Oficina-forno-solar.pdf\" target=\"_blank\" rel=\"noopener noreferrer\">plano<\/a><\/span><br \/>\n&#8212; <span style=\"color: #3366ff;\"><a style=\"color: #3366ff;\" href=\"https:\/\/wp.ufpel.edu.br\/pibidfisica\/files\/2020\/01\/roteiro-oficina-forno-solar.pdf\" target=\"_blank\" rel=\"noopener noreferrer\">roteiro<\/a><\/span><\/p>\n<p>\u2022 <span style=\"color: #ff0000;\">Oficina Holograma<\/span><br \/>\n&#8212; roteiro<\/p>\n<p>\u2022 <span style=\"color: #ff0000;\">Oficina de Matem\u00e1tica B\u00e1sica<\/span><br \/>\n&#8212; <span style=\"color: #3366ff;\"><a style=\"color: #3366ff;\" href=\"https:\/\/wp.ufpel.edu.br\/pibidfisica\/files\/2020\/01\/oficina-1.pdf\" target=\"_blank\" rel=\"noopener noreferrer\">parte 1<\/a><\/span> (teste inicial\/nivelamento)<br \/>\n&#8212; parte 2 (corre\u00e7\u00f5es)<br \/>\n&#8212; <span style=\"color: #3366ff;\"><a style=\"color: #3366ff;\" href=\"https:\/\/wp.ufpel.edu.br\/pibidfisica\/files\/2020\/01\/oficina-3.pdf\" target=\"_blank\" rel=\"noopener noreferrer\">parte 3<\/a><\/span> (+ termo)<\/p>\n","protected":false},"excerpt":{"rendered":"<p>Na rela\u00e7\u00e3o abaixo apresentamos uma s\u00e9rie de materiais, na forma de textos e roteiros, que foram utilizados na realiza\u00e7\u00e3o de oficinas pelo PIBID-F\u00ecsica ao longo dos \u00faltimos anos. \u2022 F\u00edsica na Viagem &#8212; texto professor &#8212; roteiro (alunos) \u2022\u00a0Energias Renov\u00e1veis (E\u00f3lica) &#8212; plano de oficina &#8212; roteiro &#8212; fotos: (1)\u00a0 ;\u00a0 (2)\u00a0 ;\u00a0 (3) &#8212; [&hellip;]<\/p>\n","protected":false},"author":457,"featured_media":0,"parent":1108,"menu_order":0,"comment_status":"closed","ping_status":"closed","template":"","meta":{"footnotes":""},"class_list":["post-407","page","type-page","status-publish","hentry"],"_links":{"self":[{"href":"https:\/\/wp.ufpel.edu.br\/pibidfisica\/wp-json\/wp\/v2\/pages\/407","targetHints":{"allow":["GET"]}}],"collection":[{"href":"https:\/\/wp.ufpel.edu.br\/pibidfisica\/wp-json\/wp\/v2\/pages"}],"about":[{"href":"https:\/\/wp.ufpel.edu.br\/pibidfisica\/wp-json\/wp\/v2\/types\/page"}],"author":[{"embeddable":true,"href":"https:\/\/wp.ufpel.edu.br\/pibidfisica\/wp-json\/wp\/v2\/users\/457"}],"replies":[{"embeddable":true,"href":"https:\/\/wp.ufpel.edu.br\/pibidfisica\/wp-json\/wp\/v2\/comments?post=407"}],"version-history":[{"count":39,"href":"https:\/\/wp.ufpel.edu.br\/pibidfisica\/wp-json\/wp\/v2\/pages\/407\/revisions"}],"predecessor-version":[{"id":1117,"href":"https:\/\/wp.ufpel.edu.br\/pibidfisica\/wp-json\/wp\/v2\/pages\/407\/revisions\/1117"}],"up":[{"embeddable":true,"href":"https:\/\/wp.ufpel.edu.br\/pibidfisica\/wp-json\/wp\/v2\/pages\/1108"}],"wp:attachment":[{"href":"https:\/\/wp.ufpel.edu.br\/pibidfisica\/wp-json\/wp\/v2\/media?parent=407"}],"curies":[{"name":"wp","href":"https:\/\/api.w.org\/{rel}","templated":true}]}}