{"id":1108,"date":"2024-05-29T21:21:28","date_gmt":"2024-05-30T00:21:28","guid":{"rendered":"https:\/\/wp.ufpel.edu.br\/pibidfisica\/?page_id=1108"},"modified":"2024-05-31T16:29:39","modified_gmt":"2024-05-31T19:29:39","slug":"atividades","status":"publish","type":"page","link":"https:\/\/wp.ufpel.edu.br\/pibidfisica\/atividades\/","title":{"rendered":"Atividades do PIBID"},"content":{"rendered":"<p>Os subprojetos PIBID-F\u00edsica s\u00e3o executados, geralmente, em ciclo formativo, em que o n\u00facleo de inicia\u00e7\u00e3o \u00e0 doc\u00eancia realiza o planejamento das atividades que ser\u00e3o desenvolvidas nas escolas, executa as atividades, retorna para a UFPel para realizar a avalia\u00e7\u00e3o dos resultados das atividades e, por fim, realiza a socializa\u00e7\u00e3o ampla dos resultados obtidos, em geral por meio de um semin\u00e1rio de inicia\u00e7\u00e3o \u00e0 doc\u00eancia realizado na UFPel, bem como pela participa\u00e7\u00e3o em eventos. As atividades desenvolvidas no n\u00facleo de inicia\u00e7\u00e3o \u00e0 doc\u00eancia se dividem em duas grandes categorias: atividades na UFPel e atividades nas escolas (com os alunos da educa\u00e7\u00e3o b\u00e1sica).<\/p>\n<p>Na UFPel, as atividades envolvem os discentes do Curso de Licenciatura em F\u00edsica, os coordenadores de \u00e1rea (professores do Instituto de F\u00edsica e Matem\u00e1tica da UFPel) e os supervisores (professores) das escolas envolvidas no projeto. Essas atividades podem consistir de reuni\u00f5es de planejamento, forma\u00e7\u00e3o, grupos de estudos, testagem de material e sequ\u00eancias did\u00e1ticas, elabora\u00e7\u00e3o de manuais e roteiros, oficinas, cursos e minicursos, participa\u00e7\u00e3o em eventos culturais, acompanhamento e socializa\u00e7\u00e3o de resultados.<\/p>\n<p>As atividades nas escolas s\u00e3o a pr\u00e1xis das atividades desenvolvidas na UFPel. Na maioria das vezes, ocorrem no espa\u00e7o escolar, mas podem ser realizadas em outros espa\u00e7os formativos. Essas atividades pr\u00e1ticas devem sempre envolver a participa\u00e7\u00e3o dos alunos da educa\u00e7\u00e3o b\u00e1sica. S\u00e3o alguns exemplos de atividades que o PIBID-F\u00edsica tem desenvolvido ao longo dos anos: visitas \u00e0s escolas, monitoria, desenvolvimento, testagem e aplica\u00e7\u00e3o de material did\u00e1tico, realiza\u00e7\u00e3o cursos, minicursos e oficinas de F\u00edsica experimental, participa\u00e7\u00e3o em feiras de Ci\u00eancias, dentre outros.<\/p>\n<p>Neste menu voc\u00ea encontrar\u00e1 algumas das atividades desenvolvidas pelo PIBID-F\u00edsica ao longo dos \u00faltimos anos. Estas atividades s\u00e3o propostas a cada edi\u00e7\u00e3o do PIBID, e dependem das escolas e turmas atendidas pelo projeto.<\/p>\n","protected":false},"excerpt":{"rendered":"<p>Os subprojetos PIBID-F\u00edsica s\u00e3o executados, geralmente, em ciclo formativo, em que o n\u00facleo de inicia\u00e7\u00e3o \u00e0 doc\u00eancia realiza o planejamento das atividades que ser\u00e3o desenvolvidas nas escolas, executa as atividades, retorna para a UFPel para realizar a avalia\u00e7\u00e3o dos resultados das atividades e, por fim, realiza a socializa\u00e7\u00e3o ampla dos resultados obtidos, em geral por [&hellip;]<\/p>\n","protected":false},"author":803,"featured_media":0,"parent":0,"menu_order":2,"comment_status":"closed","ping_status":"closed","template":"","meta":{"footnotes":""},"class_list":["post-1108","page","type-page","status-publish","hentry"],"_links":{"self":[{"href":"https:\/\/wp.ufpel.edu.br\/pibidfisica\/wp-json\/wp\/v2\/pages\/1108","targetHints":{"allow":["GET"]}}],"collection":[{"href":"https:\/\/wp.ufpel.edu.br\/pibidfisica\/wp-json\/wp\/v2\/pages"}],"about":[{"href":"https:\/\/wp.ufpel.edu.br\/pibidfisica\/wp-json\/wp\/v2\/types\/page"}],"author":[{"embeddable":true,"href":"https:\/\/wp.ufpel.edu.br\/pibidfisica\/wp-json\/wp\/v2\/users\/803"}],"replies":[{"embeddable":true,"href":"https:\/\/wp.ufpel.edu.br\/pibidfisica\/wp-json\/wp\/v2\/comments?post=1108"}],"version-history":[{"count":8,"href":"https:\/\/wp.ufpel.edu.br\/pibidfisica\/wp-json\/wp\/v2\/pages\/1108\/revisions"}],"predecessor-version":[{"id":1147,"href":"https:\/\/wp.ufpel.edu.br\/pibidfisica\/wp-json\/wp\/v2\/pages\/1108\/revisions\/1147"}],"wp:attachment":[{"href":"https:\/\/wp.ufpel.edu.br\/pibidfisica\/wp-json\/wp\/v2\/media?parent=1108"}],"curies":[{"name":"wp","href":"https:\/\/api.w.org\/{rel}","templated":true}]}}