{"id":1070,"date":"2024-05-27T21:12:11","date_gmt":"2024-05-28T00:12:11","guid":{"rendered":"https:\/\/wp.ufpel.edu.br\/pibidfisica\/?page_id=1070"},"modified":"2024-11-14T11:02:19","modified_gmt":"2024-11-14T14:02:19","slug":"pibid-2009","status":"publish","type":"page","link":"https:\/\/wp.ufpel.edu.br\/pibidfisica\/sobre\/pibid-2009\/","title":{"rendered":"PIBID 2009"},"content":{"rendered":"<p>O Edital do PIBID\/CAPES de 2007 teve dura\u00e7\u00e3o de 24 meses, com in\u00edcio em fevereiro de 2009 e t\u00e9rmino em janeiro de 2011, tendo sido desenvolvido na forma de um subprojeto interdisciplinar na \u00e1rea de Ci\u00eancias da Natureza com os Cursos de Licenciatura em F\u00edsica, Qu\u00edmica e Ci\u00eancias Biol\u00f3gicas. O Edital foi lan\u00e7ado em dezembro de 2007 e ao longo de 2008 foram realizados diversos encontros para apresentar o formato do programa, as institui\u00e7\u00f5es interessadas selecionaram os coordenadores institucionais e de \u00e1rea, posteriormente cada institui\u00e7\u00e3o redigiu sua proposta de projeto para conduzir as atividades do PIBID, e os projetos de institui\u00e7\u00f5es de todo pa\u00eds foram submetidos para avalia\u00e7\u00e3o pela CAPES. As institui\u00e7\u00f5es contempladas com bolsas realizaram sele\u00e7\u00f5es de estudantes e professores de escolas, e assim, as atividades do novo programa iniciaram em 2009.<\/p>\n<h3>Coordenador de \u00c1rea<\/h3>\n<p>Prof. Jos\u00e9 Francisco Dias da Fonseca<\/p>\n<h3>Escola e Supervisor<\/h3>\n<table style=\"width: 728px;\" border=\"0\" frame=\"hsides\">\n<tbody>\n<tr>\n<td style=\"width: 410px;\">Col\u00e9gio Estadual Dom Jo\u00e3o Braga<\/td>\n<td style=\"width: 318px;\">Prof. ?????<\/td>\n<\/tr>\n<tr>\n<td style=\"width: 410px;\">Escola T\u00e9cnica Estadual Profa. Sylvia Mello<\/td>\n<td style=\"width: 318px;\">Prof. ?????<\/td>\n<\/tr>\n<tr>\n<td style=\"width: 410px;\">Escola Estadual Nossa Senhora de Lourdes<\/td>\n<td style=\"width: 318px;\">Prof. ?????<\/td>\n<\/tr>\n<tr>\n<td style=\"width: 410px;\">Instituto Educacional Assis Brasil<\/td>\n<td style=\"width: 318px;\">Prof. ?????<\/td>\n<\/tr>\n<\/tbody>\n<\/table>\n<h3>Bolsistas<\/h3>\n<p>????<\/p>\n<p>&nbsp;<\/p>\n","protected":false},"excerpt":{"rendered":"<p>O Edital do PIBID\/CAPES de 2007 teve dura\u00e7\u00e3o de 24 meses, com in\u00edcio em fevereiro de 2009 e t\u00e9rmino em janeiro de 2011, tendo sido desenvolvido na forma de um subprojeto interdisciplinar na \u00e1rea de Ci\u00eancias da Natureza com os Cursos de Licenciatura em F\u00edsica, Qu\u00edmica e Ci\u00eancias Biol\u00f3gicas. O Edital foi lan\u00e7ado em dezembro [&hellip;]<\/p>\n","protected":false},"author":803,"featured_media":0,"parent":2,"menu_order":5,"comment_status":"closed","ping_status":"closed","template":"","meta":{"footnotes":""},"class_list":["post-1070","page","type-page","status-publish","hentry"],"_links":{"self":[{"href":"https:\/\/wp.ufpel.edu.br\/pibidfisica\/wp-json\/wp\/v2\/pages\/1070","targetHints":{"allow":["GET"]}}],"collection":[{"href":"https:\/\/wp.ufpel.edu.br\/pibidfisica\/wp-json\/wp\/v2\/pages"}],"about":[{"href":"https:\/\/wp.ufpel.edu.br\/pibidfisica\/wp-json\/wp\/v2\/types\/page"}],"author":[{"embeddable":true,"href":"https:\/\/wp.ufpel.edu.br\/pibidfisica\/wp-json\/wp\/v2\/users\/803"}],"replies":[{"embeddable":true,"href":"https:\/\/wp.ufpel.edu.br\/pibidfisica\/wp-json\/wp\/v2\/comments?post=1070"}],"version-history":[{"count":10,"href":"https:\/\/wp.ufpel.edu.br\/pibidfisica\/wp-json\/wp\/v2\/pages\/1070\/revisions"}],"predecessor-version":[{"id":1197,"href":"https:\/\/wp.ufpel.edu.br\/pibidfisica\/wp-json\/wp\/v2\/pages\/1070\/revisions\/1197"}],"up":[{"embeddable":true,"href":"https:\/\/wp.ufpel.edu.br\/pibidfisica\/wp-json\/wp\/v2\/pages\/2"}],"wp:attachment":[{"href":"https:\/\/wp.ufpel.edu.br\/pibidfisica\/wp-json\/wp\/v2\/media?parent=1070"}],"curies":[{"name":"wp","href":"https:\/\/api.w.org\/{rel}","templated":true}]}}