{"id":1067,"date":"2024-05-27T21:07:30","date_gmt":"2024-05-28T00:07:30","guid":{"rendered":"https:\/\/wp.ufpel.edu.br\/pibidfisica\/?page_id=1067"},"modified":"2024-05-28T14:09:10","modified_gmt":"2024-05-28T17:09:10","slug":"pibid-2011","status":"publish","type":"page","link":"https:\/\/wp.ufpel.edu.br\/pibidfisica\/sobre\/pibid-2011\/","title":{"rendered":"PIBID 2011"},"content":{"rendered":"<p>O Edital do PIBID\/CAPES de 2011 teve dura\u00e7\u00e3o de 24 meses, com in\u00edcio em junho de 2011 e t\u00e9rmino em maio de 2013, tendo sido desenvolvido na forma de um subprojeto interdisciplinar na \u00e1rea de Ci\u00eancias da Natureza com os Cursos de Licenciatura em F\u00edsica, Qu\u00edmica e Ci\u00eancias Biol\u00f3gicas.<\/p>\n<h3>Coordenador de \u00c1rea<\/h3>\n<p>Prof. Jos\u00e9 Francisco Dias da Fonseca<\/p>\n<h3>Colaboradores<\/h3>\n<p>Prof. Douglas Langie da Silva<\/p>\n<p>Prof. F\u00e1bio Teixeira Dias<\/p>\n<p>Prof. Valdemar das Neves Vieira<\/p>\n<p>Prof. Victor Paulo Barros Gon\u00e7alves<\/p>\n<p>Prof. Werner Krambeck Sauter<\/p>\n<h3>Escolas e Supervisores<\/h3>\n<table style=\"width: 720px;\" border=\"0\" frame=\"hsides\">\n<tbody>\n<tr>\n<td style=\"width: 403px;\">Col\u00e9gio Estadual Dom Jo\u00e3o Braga<\/td>\n<td style=\"width: 317px;\">Prof. ???<\/td>\n<\/tr>\n<tr>\n<td style=\"width: 403px;\">Escola T\u00e9cnica Estadual Profa. Sylvia Mello<\/td>\n<td style=\"width: 317px;\">Prof. ???<\/td>\n<\/tr>\n<tr>\n<td style=\"width: 403px;\">Escola Estadual Nossa Senhora de Lourdes<\/td>\n<td style=\"width: 317px;\">Prof. ???<\/td>\n<\/tr>\n<tr>\n<td style=\"width: 403px;\">Instituto Educacional Assis Brasil<\/td>\n<td style=\"width: 317px;\">Prof. ???<\/td>\n<\/tr>\n<\/tbody>\n<\/table>\n<h3>Bolsistas<\/h3>\n<p>?????<\/p>\n","protected":false},"excerpt":{"rendered":"<p>O Edital do PIBID\/CAPES de 2011 teve dura\u00e7\u00e3o de 24 meses, com in\u00edcio em junho de 2011 e t\u00e9rmino em maio de 2013, tendo sido desenvolvido na forma de um subprojeto interdisciplinar na \u00e1rea de Ci\u00eancias da Natureza com os Cursos de Licenciatura em F\u00edsica, Qu\u00edmica e Ci\u00eancias Biol\u00f3gicas. Coordenador de \u00c1rea Prof. Jos\u00e9 Francisco [&hellip;]<\/p>\n","protected":false},"author":803,"featured_media":0,"parent":2,"menu_order":4,"comment_status":"closed","ping_status":"closed","template":"","meta":{"footnotes":""},"class_list":["post-1067","page","type-page","status-publish","hentry"],"_links":{"self":[{"href":"https:\/\/wp.ufpel.edu.br\/pibidfisica\/wp-json\/wp\/v2\/pages\/1067","targetHints":{"allow":["GET"]}}],"collection":[{"href":"https:\/\/wp.ufpel.edu.br\/pibidfisica\/wp-json\/wp\/v2\/pages"}],"about":[{"href":"https:\/\/wp.ufpel.edu.br\/pibidfisica\/wp-json\/wp\/v2\/types\/page"}],"author":[{"embeddable":true,"href":"https:\/\/wp.ufpel.edu.br\/pibidfisica\/wp-json\/wp\/v2\/users\/803"}],"replies":[{"embeddable":true,"href":"https:\/\/wp.ufpel.edu.br\/pibidfisica\/wp-json\/wp\/v2\/comments?post=1067"}],"version-history":[{"count":3,"href":"https:\/\/wp.ufpel.edu.br\/pibidfisica\/wp-json\/wp\/v2\/pages\/1067\/revisions"}],"predecessor-version":[{"id":1086,"href":"https:\/\/wp.ufpel.edu.br\/pibidfisica\/wp-json\/wp\/v2\/pages\/1067\/revisions\/1086"}],"up":[{"embeddable":true,"href":"https:\/\/wp.ufpel.edu.br\/pibidfisica\/wp-json\/wp\/v2\/pages\/2"}],"wp:attachment":[{"href":"https:\/\/wp.ufpel.edu.br\/pibidfisica\/wp-json\/wp\/v2\/media?parent=1067"}],"curies":[{"name":"wp","href":"https:\/\/api.w.org\/{rel}","templated":true}]}}