{"id":1064,"date":"2024-05-27T21:00:23","date_gmt":"2024-05-28T00:00:23","guid":{"rendered":"https:\/\/wp.ufpel.edu.br\/pibidfisica\/?page_id=1064"},"modified":"2024-11-14T11:22:10","modified_gmt":"2024-11-14T14:22:10","slug":"pibid-2014","status":"publish","type":"page","link":"https:\/\/wp.ufpel.edu.br\/pibidfisica\/sobre\/pibid-2014\/","title":{"rendered":"PIBID 2014"},"content":{"rendered":"<p>O Edital do PIBID\/CAPES de 2013 teve dura\u00e7\u00e3o de 48 meses, com in\u00edcio em abril de 2014 e t\u00e9rmino em mar\u00e7o\u00a0 e 2018, tendo sido desenvolvido em duas frentes de trabalho: disciplinar (\u00e1rea da F\u00edsica) e interdisciplinar (com estudantes de exatas, humanas, etc.).<\/p>\n<h3>Coordenador de \u00c1rea<\/h3>\n<p>Prof. Rafael Cavagnoli<\/p>\n<p>&nbsp;<\/p>\n<h3>Escolas e Supervisoras<\/h3>\n<table style=\"width: 736px; height: 72px;\" border=\"0\" frame=\"hsides\">\n<tbody>\n<tr style=\"height: 24px;\">\n<td style=\"width: 336px; height: 24px;\">Col\u00e9gio Estadual Dom Jo\u00e3o Braga<\/td>\n<td style=\"width: 400px; height: 24px;\">Profa. K\u00e1tia Grequi<\/td>\n<\/tr>\n<tr style=\"height: 24px;\">\n<td style=\"width: 336px; height: 24px;\">E. E. E. M. Areal<\/td>\n<td style=\"width: 400px; height: 24px;\">Profa. Margarete Becker Borges<\/td>\n<\/tr>\n<tr style=\"height: 24px;\">\n<td style=\"width: 336px; height: 24px;\">E. E. E. M. Areal<\/td>\n<td style=\"width: 400px; height: 24px;\">Profa. Joseane Rusch da Silva<\/td>\n<\/tr>\n<tr style=\"height: 24px;\">\n<td style=\"width: 336px; height: 24px;\">I.E.E. Assis Brasil<\/td>\n<td style=\"width: 400px; height: 24px;\">Prof. Andr\u00e9 Luiz da Silva Pires<\/td>\n<\/tr>\n<tr style=\"height: 24px;\">\n<td style=\"width: 336px; height: 24px;\">Col\u00e9gio Estadual F\u00e9lix da Cunha<\/td>\n<td style=\"width: 400px; height: 24px;\">Profa. Elisabeth Carneiro da Cunha<\/td>\n<\/tr>\n<\/tbody>\n<\/table>\n<p>&nbsp;<\/p>\n<p><b>Bolsistas<\/b> (em diferentes \u00e9pocas)<\/p>\n<p>Alisson Castro Batista<\/p>\n<p>Amanda Ferraz de Mello<\/p>\n<p>Ananda Ramires das Neves Stigger<\/p>\n<p>Bruna Campos Fonseca<\/p>\n<p>Bruna Madeira Pereira<\/p>\n<p>Cl\u00e1udia Graciela Rehermann Silveira<\/p>\n<p>D\u00e9rick William dos Santos G\u00f3is<\/p>\n<p>Felipe Carvalho da Silva<\/p>\n<p>Felipe Ferreira Ribeiro<\/p>\n<p>Fl\u00e1via Iohana Ferrari<\/p>\n<p>Franci\u00e9li Silveira Bittencourt<\/p>\n<p>Francine do Couto Lima<\/p>\n<p>Gabriel G\u00fcez Vargas Veronez<\/p>\n<p>J\u00e9ssica Ferreira da Rosa Martinez<\/p>\n<p>Jo\u00e3o V\u00edtor de Paula Barboza<\/p>\n<p>Jos\u00e9 Fernando de Freitas Avelar Fernandes<\/p>\n<p>Josiane Estela Rolof<\/p>\n<p>J\u00falio Bluhm Rodriguez<\/p>\n<p>Lara Ferreira Silveira<\/p>\n<p>Lorraine D\u00fcstenhafet<\/p>\n<p>Lorr\u00e1yne de Menezes da Silva<\/p>\n<p>Marcelo Rebonato<\/p>\n<p>Marcos Alexandre Brito Nolasco<\/p>\n<p>Mateus Bigolin Lorenzon<\/p>\n<p>Mateus Souza Dutra<\/p>\n<p>Matheus da Rosa Madeira<\/p>\n<p>Matheus Souza Quadrado<\/p>\n<p>Mathias Munhoz Pires<\/p>\n<p>Nicolau Barreto Pereira<\/p>\n<p>Ramon Goulart da Silva<\/p>\n<p>Samantha Cardoso Alves<\/p>\n<p>Tairize Farias Krolow<\/p>\n<p>T\u00eailor Iuri Ferrari<\/p>\n<p>Thiago Snocck Campelo<\/p>\n<p>Victoria Tain\u00e1 Pires de Medeiros<\/p>\n<p>Wagner Rehbein dos Santos<\/p>\n<p>William Ludwig Zastrow<\/p>\n<p>&nbsp;<\/p>\n","protected":false},"excerpt":{"rendered":"<p>O Edital do PIBID\/CAPES de 2013 teve dura\u00e7\u00e3o de 48 meses, com in\u00edcio em abril de 2014 e t\u00e9rmino em mar\u00e7o\u00a0 e 2018, tendo sido desenvolvido em duas frentes de trabalho: disciplinar (\u00e1rea da F\u00edsica) e interdisciplinar (com estudantes de exatas, humanas, etc.). Coordenador de \u00c1rea Prof. Rafael Cavagnoli &nbsp; Escolas e Supervisoras Col\u00e9gio Estadual [&hellip;]<\/p>\n","protected":false},"author":803,"featured_media":0,"parent":2,"menu_order":3,"comment_status":"closed","ping_status":"closed","template":"","meta":{"footnotes":""},"class_list":["post-1064","page","type-page","status-publish","hentry"],"_links":{"self":[{"href":"https:\/\/wp.ufpel.edu.br\/pibidfisica\/wp-json\/wp\/v2\/pages\/1064","targetHints":{"allow":["GET"]}}],"collection":[{"href":"https:\/\/wp.ufpel.edu.br\/pibidfisica\/wp-json\/wp\/v2\/pages"}],"about":[{"href":"https:\/\/wp.ufpel.edu.br\/pibidfisica\/wp-json\/wp\/v2\/types\/page"}],"author":[{"embeddable":true,"href":"https:\/\/wp.ufpel.edu.br\/pibidfisica\/wp-json\/wp\/v2\/users\/803"}],"replies":[{"embeddable":true,"href":"https:\/\/wp.ufpel.edu.br\/pibidfisica\/wp-json\/wp\/v2\/comments?post=1064"}],"version-history":[{"count":7,"href":"https:\/\/wp.ufpel.edu.br\/pibidfisica\/wp-json\/wp\/v2\/pages\/1064\/revisions"}],"predecessor-version":[{"id":1201,"href":"https:\/\/wp.ufpel.edu.br\/pibidfisica\/wp-json\/wp\/v2\/pages\/1064\/revisions\/1201"}],"up":[{"embeddable":true,"href":"https:\/\/wp.ufpel.edu.br\/pibidfisica\/wp-json\/wp\/v2\/pages\/2"}],"wp:attachment":[{"href":"https:\/\/wp.ufpel.edu.br\/pibidfisica\/wp-json\/wp\/v2\/media?parent=1064"}],"curies":[{"name":"wp","href":"https:\/\/api.w.org\/{rel}","templated":true}]}}