{"id":1059,"date":"2024-05-27T20:53:33","date_gmt":"2024-05-27T23:53:33","guid":{"rendered":"https:\/\/wp.ufpel.edu.br\/pibidfisica\/?page_id=1059"},"modified":"2024-05-27T21:15:21","modified_gmt":"2024-05-28T00:15:21","slug":"pibid-2018","status":"publish","type":"page","link":"https:\/\/wp.ufpel.edu.br\/pibidfisica\/sobre\/pibid-2018\/","title":{"rendered":"PIBID 2018"},"content":{"rendered":"<p>O Edital do PIBID\/CAPES de 2018 teve dura\u00e7\u00e3o de 18 meses, com in\u00edcio em agosto de 2018 e t\u00e9rmino em janeiro de 2020, tendo sido desenvolvido na forma de um subprojeto interdisciplinar com o Curso de Qu\u00edmica.<\/p>\n<h3>Coordenador de \u00c1rea<\/h3>\n<p>Prof. Rafael Cavagnoli<\/p>\n<h3>Escola e Supervisora<\/h3>\n<table style=\"width: 701px;\" border=\"0\" frame=\"hsides\">\n<tbody>\n<tr>\n<td style=\"width: 367px;\">E. E. E. M. Areal<\/td>\n<td style=\"width: 334px;\">Profa. Maria Joseane Rusch da Silva<\/td>\n<\/tr>\n<\/tbody>\n<\/table>\n<h3>Bolsistas<\/h3>\n<p>Gabriel Martins dos Santos<\/p>\n<p>Giovani da Silva Vargas<\/p>\n<p>Jean Batista Carneiro<\/p>\n<p>Julia Farias Ferreira<\/p>\n<p>Larissa Borba de Miranda<\/p>\n<p>Renata Belmudes Schneider<\/p>\n<p>Thiago Kurz Pedra<\/p>\n<p>Samantha Cardoso Alves<\/p>\n<p>Davi Balwardt Dutra<\/p>\n<p>Mateus Dutra<\/p>\n<p>Felipe Ribeiro<\/p>\n<p>&nbsp;<\/p>\n","protected":false},"excerpt":{"rendered":"<p>O Edital do PIBID\/CAPES de 2018 teve dura\u00e7\u00e3o de 18 meses, com in\u00edcio em agosto de 2018 e t\u00e9rmino em janeiro de 2020, tendo sido desenvolvido na forma de um subprojeto interdisciplinar com o Curso de Qu\u00edmica. Coordenador de \u00c1rea Prof. Rafael Cavagnoli Escola e Supervisora E. E. E. M. Areal Profa. Maria Joseane Rusch [&hellip;]<\/p>\n","protected":false},"author":803,"featured_media":0,"parent":2,"menu_order":2,"comment_status":"closed","ping_status":"closed","template":"","meta":{"footnotes":""},"class_list":["post-1059","page","type-page","status-publish","hentry"],"_links":{"self":[{"href":"https:\/\/wp.ufpel.edu.br\/pibidfisica\/wp-json\/wp\/v2\/pages\/1059","targetHints":{"allow":["GET"]}}],"collection":[{"href":"https:\/\/wp.ufpel.edu.br\/pibidfisica\/wp-json\/wp\/v2\/pages"}],"about":[{"href":"https:\/\/wp.ufpel.edu.br\/pibidfisica\/wp-json\/wp\/v2\/types\/page"}],"author":[{"embeddable":true,"href":"https:\/\/wp.ufpel.edu.br\/pibidfisica\/wp-json\/wp\/v2\/users\/803"}],"replies":[{"embeddable":true,"href":"https:\/\/wp.ufpel.edu.br\/pibidfisica\/wp-json\/wp\/v2\/comments?post=1059"}],"version-history":[{"count":2,"href":"https:\/\/wp.ufpel.edu.br\/pibidfisica\/wp-json\/wp\/v2\/pages\/1059\/revisions"}],"predecessor-version":[{"id":1076,"href":"https:\/\/wp.ufpel.edu.br\/pibidfisica\/wp-json\/wp\/v2\/pages\/1059\/revisions\/1076"}],"up":[{"embeddable":true,"href":"https:\/\/wp.ufpel.edu.br\/pibidfisica\/wp-json\/wp\/v2\/pages\/2"}],"wp:attachment":[{"href":"https:\/\/wp.ufpel.edu.br\/pibidfisica\/wp-json\/wp\/v2\/media?parent=1059"}],"curies":[{"name":"wp","href":"https:\/\/api.w.org\/{rel}","templated":true}]}}