{"id":1054,"date":"2024-05-27T20:49:55","date_gmt":"2024-05-27T23:49:55","guid":{"rendered":"https:\/\/wp.ufpel.edu.br\/pibidfisica\/?page_id=1054"},"modified":"2024-11-14T12:03:31","modified_gmt":"2024-11-14T15:03:31","slug":"edital-2018","status":"publish","type":"page","link":"https:\/\/wp.ufpel.edu.br\/pibidfisica\/sobre\/edital-2018\/","title":{"rendered":"PIBID 2020"},"content":{"rendered":"<p>O Edital do PIBID\/CAPES de 2020 teve dura\u00e7\u00e3o de 18 meses, com in\u00edcio em outubro de 2020 e t\u00e9rmino em mar\u00e7o de 2022, tendo sido desenvolvido na forma de um subprojeto interdisciplinar com o Curso de Qu\u00edmica. Em fun\u00e7\u00e3o da pandemia (Covid19) as atividades passaram para o formato remoto.<\/p>\n<h3>Coordenador de \u00c1rea<\/h3>\n<p>Prof. Rafael Cavagnoli<\/p>\n<h3>Escola e Supervisora<\/h3>\n<table style=\"width: 735px;\" border=\"0\" frame=\"hsides\">\n<tbody>\n<tr>\n<td style=\"width: 361px;\">E. E. E. M. Coronel Pedro Os\u00f3rio<\/td>\n<td style=\"width: 374px;\">Profa. Cris Elena Padilha de Silva<\/td>\n<\/tr>\n<\/tbody>\n<\/table>\n<h3>Bolsistas<\/h3>\n<p>Eduardo Casara<\/p>\n<p>Gustavo de Souza Costa<\/p>\n<p>Henrique de Mattos Gon\u00e7alves<\/p>\n<p>Ittalo de Sosa Nornberg<\/p>\n<p>Joabe Schmitt Farias<\/p>\n<p>Marcelo Augusto Pereira dos Santos<\/p>\n<p>Maruan Silva dos Santos<\/p>\n","protected":false},"excerpt":{"rendered":"<p>O Edital do PIBID\/CAPES de 2020 teve dura\u00e7\u00e3o de 18 meses, com in\u00edcio em outubro de 2020 e t\u00e9rmino em mar\u00e7o de 2022, tendo sido desenvolvido na forma de um subprojeto interdisciplinar com o Curso de Qu\u00edmica. Em fun\u00e7\u00e3o da pandemia (Covid19) as atividades passaram para o formato remoto. Coordenador de \u00c1rea Prof. Rafael Cavagnoli [&hellip;]<\/p>\n","protected":false},"author":803,"featured_media":0,"parent":2,"menu_order":1,"comment_status":"closed","ping_status":"closed","template":"","meta":{"footnotes":""},"class_list":["post-1054","page","type-page","status-publish","hentry"],"_links":{"self":[{"href":"https:\/\/wp.ufpel.edu.br\/pibidfisica\/wp-json\/wp\/v2\/pages\/1054","targetHints":{"allow":["GET"]}}],"collection":[{"href":"https:\/\/wp.ufpel.edu.br\/pibidfisica\/wp-json\/wp\/v2\/pages"}],"about":[{"href":"https:\/\/wp.ufpel.edu.br\/pibidfisica\/wp-json\/wp\/v2\/types\/page"}],"author":[{"embeddable":true,"href":"https:\/\/wp.ufpel.edu.br\/pibidfisica\/wp-json\/wp\/v2\/users\/803"}],"replies":[{"embeddable":true,"href":"https:\/\/wp.ufpel.edu.br\/pibidfisica\/wp-json\/wp\/v2\/comments?post=1054"}],"version-history":[{"count":7,"href":"https:\/\/wp.ufpel.edu.br\/pibidfisica\/wp-json\/wp\/v2\/pages\/1054\/revisions"}],"predecessor-version":[{"id":1204,"href":"https:\/\/wp.ufpel.edu.br\/pibidfisica\/wp-json\/wp\/v2\/pages\/1054\/revisions\/1204"}],"up":[{"embeddable":true,"href":"https:\/\/wp.ufpel.edu.br\/pibidfisica\/wp-json\/wp\/v2\/pages\/2"}],"wp:attachment":[{"href":"https:\/\/wp.ufpel.edu.br\/pibidfisica\/wp-json\/wp\/v2\/media?parent=1054"}],"curies":[{"name":"wp","href":"https:\/\/api.w.org\/{rel}","templated":true}]}}