{"id":1005,"date":"2024-05-27T17:46:52","date_gmt":"2024-05-27T20:46:52","guid":{"rendered":"https:\/\/wp.ufpel.edu.br\/pibidfisica\/?page_id=1005"},"modified":"2024-05-27T20:54:34","modified_gmt":"2024-05-27T23:54:34","slug":"sobre-o-pibid-fisica","status":"publish","type":"page","link":"https:\/\/wp.ufpel.edu.br\/pibidfisica\/sobre\/sobre-o-pibid-fisica\/","title":{"rendered":"PIBID 2022"},"content":{"rendered":"<p>O Edital do PIBID\/CAPES de 2022 teve dura\u00e7\u00e3o de 18 meses, com in\u00edcio em novembro de 2022 e t\u00e9rmino em abril de 2024, tendo sido desenvolvido na forma de um subprojeto interdisciplinar com o Curso de Qu\u00edmica.<\/p>\n<h3>Coordenador de \u00c1rea<\/h3>\n<p>Prof. Alexandre Diehl<\/p>\n<h3>Escola e Supervisora<\/h3>\n<table style=\"width: 727px;\" border=\"0\" frame=\"hsides\">\n<tbody>\n<tr style=\"height: 24px;\">\n<td style=\"width: 362px; height: 24px;\">E. E. E. M. Coronel Pedro Os\u00f3rio<\/td>\n<td style=\"width: 365px; height: 24px;\">Profa. Cris Elena Padilha de Silva<\/td>\n<\/tr>\n<\/tbody>\n<\/table>\n<h3>Bolsistas<\/h3>\n<p>Ana Carolina Costa Ara\u00fajo<\/p>\n<p>Bianca Bugs Mallmann<\/p>\n<p>Bruno de Oliveira Bentos<\/p>\n<p>D\u00e9bora Maria Bohm Ludtke<\/p>\n<p>Elizane da Porci\u00fancula Peres<\/p>\n<p>Kaiury Matias Pereira<\/p>\n<p>Liliam de Lima Rocha<\/p>\n<p>Miguel Lima da Silva<\/p>\n<p>Nathan Lemos Passos<\/p>\n<p>Pietra Forli Braz<\/p>\n<p>Rafael da Silva Braz<\/p>\n<p>Thais P\u00f4rto dos Santos<\/p>\n<p>Thierre Mora de Almeida<\/p>\n","protected":false},"excerpt":{"rendered":"<p>O Edital do PIBID\/CAPES de 2022 teve dura\u00e7\u00e3o de 18 meses, com in\u00edcio em novembro de 2022 e t\u00e9rmino em abril de 2024, tendo sido desenvolvido na forma de um subprojeto interdisciplinar com o Curso de Qu\u00edmica. Coordenador de \u00c1rea Prof. Alexandre Diehl Escola e Supervisora E. E. E. M. Coronel Pedro Os\u00f3rio Profa. Cris [&hellip;]<\/p>\n","protected":false},"author":803,"featured_media":0,"parent":2,"menu_order":0,"comment_status":"closed","ping_status":"closed","template":"","meta":{"footnotes":""},"class_list":["post-1005","page","type-page","status-publish","hentry"],"_links":{"self":[{"href":"https:\/\/wp.ufpel.edu.br\/pibidfisica\/wp-json\/wp\/v2\/pages\/1005","targetHints":{"allow":["GET"]}}],"collection":[{"href":"https:\/\/wp.ufpel.edu.br\/pibidfisica\/wp-json\/wp\/v2\/pages"}],"about":[{"href":"https:\/\/wp.ufpel.edu.br\/pibidfisica\/wp-json\/wp\/v2\/types\/page"}],"author":[{"embeddable":true,"href":"https:\/\/wp.ufpel.edu.br\/pibidfisica\/wp-json\/wp\/v2\/users\/803"}],"replies":[{"embeddable":true,"href":"https:\/\/wp.ufpel.edu.br\/pibidfisica\/wp-json\/wp\/v2\/comments?post=1005"}],"version-history":[{"count":6,"href":"https:\/\/wp.ufpel.edu.br\/pibidfisica\/wp-json\/wp\/v2\/pages\/1005\/revisions"}],"predecessor-version":[{"id":1063,"href":"https:\/\/wp.ufpel.edu.br\/pibidfisica\/wp-json\/wp\/v2\/pages\/1005\/revisions\/1063"}],"up":[{"embeddable":true,"href":"https:\/\/wp.ufpel.edu.br\/pibidfisica\/wp-json\/wp\/v2\/pages\/2"}],"wp:attachment":[{"href":"https:\/\/wp.ufpel.edu.br\/pibidfisica\/wp-json\/wp\/v2\/media?parent=1005"}],"curies":[{"name":"wp","href":"https:\/\/api.w.org\/{rel}","templated":true}]}}