{"id":86,"date":"2021-03-25T19:36:30","date_gmt":"2021-03-25T22:36:30","guid":{"rendered":"https:\/\/wp.ufpel.edu.br\/pibidfilosofiasociologia\/?page_id=86"},"modified":"2021-03-26T08:19:52","modified_gmt":"2021-03-26T11:19:52","slug":"enderecos-de-sites-e-redes-sociais-relacionadas","status":"publish","type":"page","link":"https:\/\/wp.ufpel.edu.br\/pibidfilosofiasociologia\/enderecos-de-sites-e-redes-sociais-relacionadas\/","title":{"rendered":"Endere\u00e7os de Sites e redes sociais relacionadas"},"content":{"rendered":"<p><a href=\"https:\/\/wp.ufpel.edu.br\/pibid\/\">PIBID Institucional &#8211; UFPel<\/a><\/p>\n<p><a href=\"https:\/\/www.facebook.com\/groups\/pibidufpel2020\">PIBID Filosofia &#8211; Sociologia &#8211; UFPel<\/a><\/p>\n<p><a href=\"https:\/\/wp.ufpel.edu.br\/transposicaosociologia\/\">Projeto de Ensino transposi\u00e7\u00e3o did\u00e1tica e o ensino de sociologia<\/a><\/p>\n","protected":false},"excerpt":{"rendered":"<p>PIBID Institucional &#8211; UFPel PIBID Filosofia &#8211; Sociologia &#8211; UFPel Projeto de Ensino transposi\u00e7\u00e3o did\u00e1tica e o ensino de sociologia<\/p>\n","protected":false},"author":1072,"featured_media":0,"parent":0,"menu_order":0,"comment_status":"closed","ping_status":"closed","template":"","meta":{"footnotes":""},"class_list":["post-86","page","type-page","status-publish","hentry"],"_links":{"self":[{"href":"https:\/\/wp.ufpel.edu.br\/pibidfilosofiasociologia\/wp-json\/wp\/v2\/pages\/86","targetHints":{"allow":["GET"]}}],"collection":[{"href":"https:\/\/wp.ufpel.edu.br\/pibidfilosofiasociologia\/wp-json\/wp\/v2\/pages"}],"about":[{"href":"https:\/\/wp.ufpel.edu.br\/pibidfilosofiasociologia\/wp-json\/wp\/v2\/types\/page"}],"author":[{"embeddable":true,"href":"https:\/\/wp.ufpel.edu.br\/pibidfilosofiasociologia\/wp-json\/wp\/v2\/users\/1072"}],"replies":[{"embeddable":true,"href":"https:\/\/wp.ufpel.edu.br\/pibidfilosofiasociologia\/wp-json\/wp\/v2\/comments?post=86"}],"version-history":[{"count":5,"href":"https:\/\/wp.ufpel.edu.br\/pibidfilosofiasociologia\/wp-json\/wp\/v2\/pages\/86\/revisions"}],"predecessor-version":[{"id":98,"href":"https:\/\/wp.ufpel.edu.br\/pibidfilosofiasociologia\/wp-json\/wp\/v2\/pages\/86\/revisions\/98"}],"wp:attachment":[{"href":"https:\/\/wp.ufpel.edu.br\/pibidfilosofiasociologia\/wp-json\/wp\/v2\/media?parent=86"}],"curies":[{"name":"wp","href":"https:\/\/api.w.org\/{rel}","templated":true}]}}