{"id":26,"date":"2020-10-02T19:43:57","date_gmt":"2020-10-02T22:43:57","guid":{"rendered":"https:\/\/wp.ufpel.edu.br\/pibidfilosofiasociologia\/?page_id=26"},"modified":"2021-03-26T12:33:03","modified_gmt":"2021-03-26T15:33:03","slug":"eventos","status":"publish","type":"page","link":"https:\/\/wp.ufpel.edu.br\/pibidfilosofiasociologia\/eventos\/","title":{"rendered":"EVENTOS"},"content":{"rendered":"<p><strong>Conversa com o GPACE<\/strong><\/p>\n<p>Dia 07 de abril de 2021, \u00e0s 10 horas, o Grupo de Pesquisa em Alimenta\u00e7\u00e3o, Consumo e Cultura (GEPAC), far\u00e1 uma conversa com os Pibidianos UFPel, n\u00facleo Filosofia\/Sociologia, sobre a constru\u00e7\u00e3o situa\u00e7\u00f5es did\u00e1ticas e de metodologias ativas para pensar conflitos sociais, desenvolvidas no livro Educa\u00e7\u00e3o em movimento(s).<\/p>\n","protected":false},"excerpt":{"rendered":"<p>Conversa com o GPACE Dia 07 de abril de 2021, \u00e0s 10 horas, o Grupo de Pesquisa em Alimenta\u00e7\u00e3o, Consumo e Cultura (GEPAC), far\u00e1 uma conversa com os Pibidianos UFPel, n\u00facleo Filosofia\/Sociologia, sobre a constru\u00e7\u00e3o situa\u00e7\u00f5es did\u00e1ticas e de metodologias ativas para pensar conflitos sociais, desenvolvidas no livro Educa\u00e7\u00e3o em movimento(s).<\/p>\n","protected":false},"author":1072,"featured_media":0,"parent":0,"menu_order":4,"comment_status":"closed","ping_status":"closed","template":"","meta":{"footnotes":""},"class_list":["post-26","page","type-page","status-publish","hentry"],"_links":{"self":[{"href":"https:\/\/wp.ufpel.edu.br\/pibidfilosofiasociologia\/wp-json\/wp\/v2\/pages\/26","targetHints":{"allow":["GET"]}}],"collection":[{"href":"https:\/\/wp.ufpel.edu.br\/pibidfilosofiasociologia\/wp-json\/wp\/v2\/pages"}],"about":[{"href":"https:\/\/wp.ufpel.edu.br\/pibidfilosofiasociologia\/wp-json\/wp\/v2\/types\/page"}],"author":[{"embeddable":true,"href":"https:\/\/wp.ufpel.edu.br\/pibidfilosofiasociologia\/wp-json\/wp\/v2\/users\/1072"}],"replies":[{"embeddable":true,"href":"https:\/\/wp.ufpel.edu.br\/pibidfilosofiasociologia\/wp-json\/wp\/v2\/comments?post=26"}],"version-history":[{"count":4,"href":"https:\/\/wp.ufpel.edu.br\/pibidfilosofiasociologia\/wp-json\/wp\/v2\/pages\/26\/revisions"}],"predecessor-version":[{"id":127,"href":"https:\/\/wp.ufpel.edu.br\/pibidfilosofiasociologia\/wp-json\/wp\/v2\/pages\/26\/revisions\/127"}],"wp:attachment":[{"href":"https:\/\/wp.ufpel.edu.br\/pibidfilosofiasociologia\/wp-json\/wp\/v2\/media?parent=26"}],"curies":[{"name":"wp","href":"https:\/\/api.w.org\/{rel}","templated":true}]}}