{"id":16,"date":"2020-10-02T19:33:08","date_gmt":"2020-10-02T22:33:08","guid":{"rendered":"https:\/\/wp.ufpel.edu.br\/pibidfilosofiasociologia\/?page_id=16"},"modified":"2021-03-25T19:14:23","modified_gmt":"2021-03-25T22:14:23","slug":"documentos","status":"publish","type":"page","link":"https:\/\/wp.ufpel.edu.br\/pibidfilosofiasociologia\/documentos\/","title":{"rendered":"DOCUMENTOS E ARQUIVOS"},"content":{"rendered":"<p><a href=\"https:\/\/wp.ufpel.edu.br\/pibidfilosofiasociologia\/files\/2020\/10\/2-BNCC-CIENCIA-HUMANAS.pdf\">BNCC CI\u00caNCIA HUMANAS<\/a><\/p>\n<p><a href=\"https:\/\/wp.ufpel.edu.br\/pibidfilosofiasociologia\/files\/2021\/03\/Educacao-em-Movimentos.pdf\">EDUCA\u00c7\u00c3O EM MOVIMENTO(S)<\/a><\/p>\n","protected":false},"excerpt":{"rendered":"<p>BNCC CI\u00caNCIA HUMANAS EDUCA\u00c7\u00c3O EM MOVIMENTO(S)<\/p>\n","protected":false},"author":1072,"featured_media":0,"parent":0,"menu_order":3,"comment_status":"closed","ping_status":"closed","template":"","meta":{"footnotes":""},"class_list":["post-16","page","type-page","status-publish","hentry"],"_links":{"self":[{"href":"https:\/\/wp.ufpel.edu.br\/pibidfilosofiasociologia\/wp-json\/wp\/v2\/pages\/16","targetHints":{"allow":["GET"]}}],"collection":[{"href":"https:\/\/wp.ufpel.edu.br\/pibidfilosofiasociologia\/wp-json\/wp\/v2\/pages"}],"about":[{"href":"https:\/\/wp.ufpel.edu.br\/pibidfilosofiasociologia\/wp-json\/wp\/v2\/types\/page"}],"author":[{"embeddable":true,"href":"https:\/\/wp.ufpel.edu.br\/pibidfilosofiasociologia\/wp-json\/wp\/v2\/users\/1072"}],"replies":[{"embeddable":true,"href":"https:\/\/wp.ufpel.edu.br\/pibidfilosofiasociologia\/wp-json\/wp\/v2\/comments?post=16"}],"version-history":[{"count":7,"href":"https:\/\/wp.ufpel.edu.br\/pibidfilosofiasociologia\/wp-json\/wp\/v2\/pages\/16\/revisions"}],"predecessor-version":[{"id":82,"href":"https:\/\/wp.ufpel.edu.br\/pibidfilosofiasociologia\/wp-json\/wp\/v2\/pages\/16\/revisions\/82"}],"wp:attachment":[{"href":"https:\/\/wp.ufpel.edu.br\/pibidfilosofiasociologia\/wp-json\/wp\/v2\/media?parent=16"}],"curies":[{"name":"wp","href":"https:\/\/api.w.org\/{rel}","templated":true}]}}