{"id":13,"date":"2020-10-02T19:32:10","date_gmt":"2020-10-02T22:32:10","guid":{"rendered":"https:\/\/wp.ufpel.edu.br\/pibidfilosofiasociologia\/?page_id=13"},"modified":"2021-03-26T12:26:05","modified_gmt":"2021-03-26T15:26:05","slug":"equipe","status":"publish","type":"page","link":"https:\/\/wp.ufpel.edu.br\/pibidfilosofiasociologia\/equipe\/","title":{"rendered":"EQUIPE"},"content":{"rendered":"<p><strong>COORDENADORES:<\/strong><\/p>\n<p><em>Marcus Vinicius Spolle &#8211; Sociologia<\/em><\/p>\n<p><em>Pedro Leite (Coordenador Volunt\u00e1rio) &#8211; Filosofila<\/em><\/p>\n<p><strong>SUPERVISORES:<\/strong><\/p>\n<p><em>Ubirat\u00e3 Duarte Terres &#8211; Filosofia &#8211; Col\u00e9gio Pelotense (2os. anos)<\/em><\/p>\n<p><em>Ana L\u00facia Borges Silveira\u00a0&#8211; Sociologia &#8211; \u00a0Col\u00e9gio Pelotense (3os. anos)<\/em><\/p>\n<p><strong>BOLSISTAS:<\/strong><\/p>\n<p><em>Amanda Maria Dutra Lima <\/em><strong><br \/>\n<\/strong><em>Claudia Feraz Almeida <\/em><br \/>\n<em>Camila Muller Cardoso <\/em><br \/>\n<em>Erick Andrei Barbosa <\/em><br \/>\n<em>Fernando Lima Marques <\/em><br \/>\n<em>Gabriela Soares da Rosa <\/em><br \/>\n<em>Gabriele Leite Pereira <\/em><br \/>\n<em>J\u00falia Motta Pinto <\/em><br \/>\n<em>Kai Krause Lacerda <\/em><br \/>\n<em>Luadne Amorim Porto de Castro <\/em><br \/>\n<em>Magda Tatiana Ferreira Garcia <\/em><br \/>\n<em>Marco Aur\u00e9lio O. da Costa Filho <\/em><br \/>\n<em>Milena Rodrigues Estev\u00e3o <\/em><br \/>\n<em>Rafael Gon\u00e7alves da Silveira <\/em><br \/>\n<em>Victoria Paula Sabbag <\/em><br \/>\n<em>Vinicius Fontoura Koch <\/em><strong><br \/>\n<\/strong><\/p>\n<p><strong>BOLSISTAS VOLUNT\u00c1RIOS<br \/>\n<\/strong><\/p>\n<p>Aline Soares Ara\u00fajo<br \/>\nYuri Vieira Sousa<\/p>\n<p>&nbsp;<\/p>\n<p>&nbsp;<\/p>\n<p>&nbsp;<\/p>\n<p>&nbsp;<\/p>\n","protected":false},"excerpt":{"rendered":"<p>COORDENADORES: Marcus Vinicius Spolle &#8211; Sociologia Pedro Leite (Coordenador Volunt\u00e1rio) &#8211; Filosofila SUPERVISORES: Ubirat\u00e3 Duarte Terres &#8211; Filosofia &#8211; Col\u00e9gio Pelotense (2os. anos) Ana L\u00facia Borges Silveira\u00a0&#8211; Sociologia &#8211; \u00a0Col\u00e9gio Pelotense (3os. anos) BOLSISTAS: Amanda Maria Dutra Lima Claudia Feraz Almeida Camila Muller Cardoso Erick Andrei Barbosa Fernando Lima Marques Gabriela Soares da Rosa Gabriele [&hellip;]<\/p>\n","protected":false},"author":1072,"featured_media":0,"parent":0,"menu_order":2,"comment_status":"closed","ping_status":"closed","template":"","meta":{"footnotes":""},"class_list":["post-13","page","type-page","status-publish","hentry"],"_links":{"self":[{"href":"https:\/\/wp.ufpel.edu.br\/pibidfilosofiasociologia\/wp-json\/wp\/v2\/pages\/13","targetHints":{"allow":["GET"]}}],"collection":[{"href":"https:\/\/wp.ufpel.edu.br\/pibidfilosofiasociologia\/wp-json\/wp\/v2\/pages"}],"about":[{"href":"https:\/\/wp.ufpel.edu.br\/pibidfilosofiasociologia\/wp-json\/wp\/v2\/types\/page"}],"author":[{"embeddable":true,"href":"https:\/\/wp.ufpel.edu.br\/pibidfilosofiasociologia\/wp-json\/wp\/v2\/users\/1072"}],"replies":[{"embeddable":true,"href":"https:\/\/wp.ufpel.edu.br\/pibidfilosofiasociologia\/wp-json\/wp\/v2\/comments?post=13"}],"version-history":[{"count":5,"href":"https:\/\/wp.ufpel.edu.br\/pibidfilosofiasociologia\/wp-json\/wp\/v2\/pages\/13\/revisions"}],"predecessor-version":[{"id":125,"href":"https:\/\/wp.ufpel.edu.br\/pibidfilosofiasociologia\/wp-json\/wp\/v2\/pages\/13\/revisions\/125"}],"wp:attachment":[{"href":"https:\/\/wp.ufpel.edu.br\/pibidfilosofiasociologia\/wp-json\/wp\/v2\/media?parent=13"}],"curies":[{"name":"wp","href":"https:\/\/api.w.org\/{rel}","templated":true}]}}