{"id":53,"date":"2021-05-30T13:59:01","date_gmt":"2021-05-30T16:59:01","guid":{"rendered":"https:\/\/wp.ufpel.edu.br\/pibidedinfantil\/?page_id=53"},"modified":"2021-12-23T15:05:30","modified_gmt":"2021-12-23T18:05:30","slug":"53-2","status":"publish","type":"page","link":"https:\/\/wp.ufpel.edu.br\/pibidedinfantil\/53-2\/","title":{"rendered":"Escola Municipal de Educa\u00e7\u00e3o Infantil Prof\u00aa Ivanir Dias"},"content":{"rendered":"<p><strong>E.M.E.I Prof\u00aa Ivanir Dias<\/strong><\/p>\n<p><strong>Localiza\u00e7\u00e3o:<\/strong> Bairro Cohab Tablado.<\/p>\n<p><strong>A escola conta com 5 turma, atente 103 crian\u00e7as e possui um total de 24 funcion\u00e1rios.<\/strong><\/p>\n<hr \/>\n<p style=\"text-align: center\"><strong>Filosofia da Escola<\/strong><\/p>\n<p style=\"text-align: justify\">Proporcionar \u00e0s crian\u00e7as o cuidar\/educar e situa\u00e7\u00f5es prazerosas de descobertas e aprendizagens, com aten\u00e7\u00e3o ao desenvolvimento integral, em seus aspectos f\u00edsico, psicol\u00f3gico, intelectual e social para contribuir n forma\u00e7\u00e3o de pessoas conscientes de seus direitos e deveres. Nossas a\u00e7\u00f5es s\u00e3o pautadas na import\u00e2ncia do brincar e na forma l\u00fadica de aprender. Tamb\u00e9m trabalhamos com o intuito de reconhecer as diferen\u00e7as entre os alunos e valorizar essas caracter\u00edsticas por meio de atividades que favore\u00e7am as potencialidades de cada crian\u00e7a e a inclus\u00e3o escolar.<\/p>\n<hr \/>\n<p style=\"text-align: center\"><strong>Metodologia de Ensino<\/strong><\/p>\n<p>A metodologia adotada na escola envolve o m\u00e9todo construtivista, onde coloca o aluno no centro do processo de aprendizado entendendo que este aprender\u00e1 a partir da intera\u00e7\u00f5es com o outro e com o meio, desempenhando um papel ativo ao buscar conhecimento na medida em que interesses e questionamentos surgem.<\/p>\n<p>Tamb\u00e9m adotamos a metodologia de projetos, favorecendo o desenvolvimento de habilidades e compet\u00eancias, j\u00e1 que requer decis\u00e3o, escolha, fala, escuta e argumenta\u00e7\u00e3o, uma s\u00e9rie de a\u00e7\u00f5es que propiciem \u00e0s crian\u00e7as e professores a mobiliza\u00e7\u00e3o de conhecimentos de diferentes \u00e1reas. Partindo de um tema gerador ou uma problematiza\u00e7\u00e3o.<\/p>\n","protected":false},"excerpt":{"rendered":"<p>E.M.E.I Prof\u00aa Ivanir Dias Localiza\u00e7\u00e3o: Bairro Cohab Tablado. A escola conta com 5 turma, atente 103 crian\u00e7as e possui um total de 24 funcion\u00e1rios. Filosofia da Escola Proporcionar \u00e0s crian\u00e7as o cuidar\/educar e situa\u00e7\u00f5es prazerosas de descobertas e aprendizagens, com&#8230; <a class=\"more-link\" href=\"https:\/\/wp.ufpel.edu.br\/pibidedinfantil\/53-2\/\">Continue lendo &rarr;<\/a><\/p>\n","protected":false},"author":1154,"featured_media":0,"parent":0,"menu_order":0,"comment_status":"closed","ping_status":"closed","template":"","meta":{"footnotes":""},"class_list":["post-53","page","type-page","status-publish","hentry"],"_links":{"self":[{"href":"https:\/\/wp.ufpel.edu.br\/pibidedinfantil\/wp-json\/wp\/v2\/pages\/53","targetHints":{"allow":["GET"]}}],"collection":[{"href":"https:\/\/wp.ufpel.edu.br\/pibidedinfantil\/wp-json\/wp\/v2\/pages"}],"about":[{"href":"https:\/\/wp.ufpel.edu.br\/pibidedinfantil\/wp-json\/wp\/v2\/types\/page"}],"author":[{"embeddable":true,"href":"https:\/\/wp.ufpel.edu.br\/pibidedinfantil\/wp-json\/wp\/v2\/users\/1154"}],"replies":[{"embeddable":true,"href":"https:\/\/wp.ufpel.edu.br\/pibidedinfantil\/wp-json\/wp\/v2\/comments?post=53"}],"version-history":[{"count":11,"href":"https:\/\/wp.ufpel.edu.br\/pibidedinfantil\/wp-json\/wp\/v2\/pages\/53\/revisions"}],"predecessor-version":[{"id":830,"href":"https:\/\/wp.ufpel.edu.br\/pibidedinfantil\/wp-json\/wp\/v2\/pages\/53\/revisions\/830"}],"wp:attachment":[{"href":"https:\/\/wp.ufpel.edu.br\/pibidedinfantil\/wp-json\/wp\/v2\/media?parent=53"}],"curies":[{"name":"wp","href":"https:\/\/api.w.org\/{rel}","templated":true}]}}