{"id":20,"date":"2021-05-29T16:57:32","date_gmt":"2021-05-29T19:57:32","guid":{"rendered":"https:\/\/wp.ufpel.edu.br\/pibidedinfantil\/?page_id=20"},"modified":"2021-06-02T23:57:47","modified_gmt":"2021-06-03T02:57:47","slug":"escolas-parceiras","status":"publish","type":"page","link":"https:\/\/wp.ufpel.edu.br\/pibidedinfantil\/escolas-parceiras\/","title":{"rendered":"Escolas Parceiras"},"content":{"rendered":"<p style=\"text-align: center\"><strong>Escola Municipal de Educa\u00e7\u00e3o Infantil Darcy Ribeiro<\/strong><\/p>\n<p>&nbsp;<\/p>\n<p><strong>Localiza\u00e7\u00e3o: <\/strong>Cohab Fragata.<\/p>\n<p><strong>A escola conta com 17 turmas, atende 230 crian\u00e7as e possui 41 funcion\u00e1rios.<\/strong><\/p>\n<p>&nbsp;<\/p>\n<p style=\"text-align: center\" data-ccp-props=\"{&quot;335551550&quot;:2,&quot;335551620&quot;:2,&quot;335559683&quot;:0,&quot;335559685&quot;:0,&quot;335559731&quot;:0,&quot;335559737&quot;:0,&quot;335562764&quot;:2,&quot;335562765&quot;:1,&quot;335562766&quot;:4,&quot;335562767&quot;:0,&quot;335562768&quot;:4,&quot;335562769&quot;:0}\"><b><span data-usefontface=\"true\" data-contrast=\"none\">Filosofia da Escola<\/span><\/b>\u200b<\/p>\n<p data-ccp-props=\"{&quot;335551550&quot;:6,&quot;335551620&quot;:6,&quot;335559683&quot;:0,&quot;335559685&quot;:0,&quot;335559731&quot;:0,&quot;335559737&quot;:0,&quot;335562764&quot;:2,&quot;335562765&quot;:1,&quot;335562766&quot;:4,&quot;335562767&quot;:0,&quot;335562768&quot;:4,&quot;335562769&quot;:0}\"><span data-usefontface=\"true\" data-contrast=\"none\">A filosofia da EMEI Darcy Ribeiro tem como prerrogativa a concep\u00e7\u00e3o do cuidar e educar, elementos estes <\/span><span data-usefontface=\"true\" data-contrast=\"none\">importantes no processo educativo contribuindo de forma significativa na aprendizagem e no\u00a0<\/span><span data-usefontface=\"true\" data-contrast=\"none\">desenvolvimento das crian\u00e7as de 0 a 5 anos. Com este intuito proporcionamos um ambiente acolhedor,\u00a0<\/span><span data-usefontface=\"true\" data-contrast=\"none\">rico em novas experi\u00eancias atendendo \u00e0s necessidades educacionais de todos os alunos e assegurando\u00a0<\/span><span data-usefontface=\"true\" data-contrast=\"none\">\u00e0s crian\u00e7as com defici\u00eancia uma educa\u00e7\u00e3o inclusiva. Sabendo que as crian\u00e7as trazem para a escola uma\u00a0<\/span><span data-usefontface=\"true\" data-contrast=\"none\">gama de conhecimentos oriundos do meio familiar e que devem ser aprimorados buscamos ampliar a\u00a0<\/span><span data-usefontface=\"true\" data-contrast=\"none\">rela\u00e7\u00e3o entre escola e fam\u00edlia assegurando a consolida\u00e7\u00e3o e o pleno direito das aprendizagens dos\u00a0<\/span><span data-usefontface=\"true\" data-contrast=\"none\">nossos alunos.<\/span><\/p>\n<p>&nbsp;<\/p>\n<p data-ccp-props=\"{&quot;335551550&quot;:6,&quot;335551620&quot;:6,&quot;335559683&quot;:0,&quot;335559685&quot;:0,&quot;335559731&quot;:0,&quot;335559737&quot;:0,&quot;335562764&quot;:2,&quot;335562765&quot;:1,&quot;335562766&quot;:4,&quot;335562767&quot;:0,&quot;335562768&quot;:4,&quot;335562769&quot;:0}\">\n<p style=\"text-align: center\" data-ccp-props=\"{&quot;335551550&quot;:2,&quot;335551620&quot;:2,&quot;335559683&quot;:0,&quot;335559685&quot;:0,&quot;335559731&quot;:0,&quot;335559737&quot;:0,&quot;335562764&quot;:2,&quot;335562765&quot;:1,&quot;335562766&quot;:4,&quot;335562767&quot;:0,&quot;335562768&quot;:4,&quot;335562769&quot;:0}\"><strong>Metodologia De Ensino<\/strong>\u200b<\/p>\n<p data-ccp-props=\"{&quot;335551550&quot;:1,&quot;335551620&quot;:1,&quot;335559683&quot;:0,&quot;335559685&quot;:0,&quot;335559731&quot;:0,&quot;335559737&quot;:0,&quot;335562764&quot;:2,&quot;335562765&quot;:1,&quot;335562766&quot;:4,&quot;335562767&quot;:0,&quot;335562768&quot;:4,&quot;335562769&quot;:0}\"><span data-usefontface=\"true\" data-contrast=\"none\">S\u00e3o elaborados tr\u00eas projetos anuais, sendo desenvolvidos UM por trimestre. A elabora\u00e7\u00e3o \u00e9 feita pelas\u00a0<\/span><span data-usefontface=\"true\" data-contrast=\"none\">professoras, divididas em TR\u00caS grupos (BER\u00c7\u00c1RIO(S), maternal(<\/span><span data-usefontface=\"true\" data-contrast=\"none\">is<\/span><span data-usefontface=\"true\" data-contrast=\"none\">) E\u00a0<\/span><span data-usefontface=\"true\" data-contrast=\"none\">pr\u00e9<\/span><span data-usefontface=\"true\" data-contrast=\"none\">(s)). Todas as turmas dever\u00e3o\u00a0<\/span><span data-usefontface=\"true\" data-contrast=\"none\">desenvolver os projetos ao longo dos respectivos trimestres ACRESCENTANDO AS PRINCIPAIS DATAS\u00a0<\/span><span data-usefontface=\"true\" data-contrast=\"none\">COMEMORATIVAS trabalhando de forma interdisciplinar os campos de experi\u00eancia PRECONIZADOS na\u00a0<\/span><span data-usefontface=\"true\" data-contrast=\"none\">BNCC. Para consolidar esta metodologia, as pr\u00e1ticas docentes ser\u00e3o alicer\u00e7adas no brincar e nas\u00a0<\/span><span data-usefontface=\"true\" data-contrast=\"none\">intera\u00e7\u00f5es, pois \u00e9 atrav\u00e9s destes que as crian\u00e7as constroem e apropriam-se dos novos conhecimentos.\u00a0<\/span>\u200b\u200b<\/p>\n<p data-ccp-props=\"{&quot;335551550&quot;:6,&quot;335551620&quot;:6,&quot;335559683&quot;:0,&quot;335559685&quot;:0,&quot;335559731&quot;:0,&quot;335559737&quot;:0,&quot;335562764&quot;:2,&quot;335562765&quot;:1,&quot;335562766&quot;:4,&quot;335562767&quot;:0,&quot;335562768&quot;:4,&quot;335562769&quot;:0}\"><span data-usefontface=\"true\" data-contrast=\"none\">Nossa proposta pedag\u00f3gica \u00e9 desenvolvida na teoria construtivista s\u00f3cio interacionista, na qual a\u00a0<\/span><span data-usefontface=\"true\" data-contrast=\"none\">crian\u00e7a\u00a0<\/span><span data-usefontface=\"true\" data-contrast=\"none\">constr\u00f3i progressivamente seu saber, por meio de atividades e intera\u00e7\u00e3o com o meio em que vive\u00a0<\/span><span data-usefontface=\"true\" data-contrast=\"none\">intermediadas pela a\u00e7\u00e3o do educador. Sabe-se que na educa\u00e7\u00e3o infantil para que a crian\u00e7a seja\u00a0<\/span><span data-usefontface=\"true\" data-contrast=\"none\">protagonista de suas aprendizagens, \u00e9 necess\u00e1rio ambientes desafiadores, para que elas possam\u00a0<\/span><span data-usefontface=\"true\" data-contrast=\"none\">explorar, construir e expressar seus conhecimentos, tendo o professor como mediador deste processo,\u00a0<\/span><span data-usefontface=\"true\" data-contrast=\"none\">selecionando, organizando e planejando as atividades.\u00a0<\/span><\/p>\n<hr \/>\n<p style=\"text-align: center\"><strong>Escola Municipal de Educa\u00e7\u00e3o Infantil Prof\u00ba Ivanir Dias<\/strong><\/p>\n<p>&nbsp;<\/p>\n<p><strong>Localiza\u00e7\u00e3o:\u00a0<\/strong>Bairro Cohab Tablado.<\/p>\n<p><strong>A escola conta com 5 turma, atende 103 crian\u00e7as e possui um total de 24 funcion\u00e1rios.<\/strong><\/p>\n<p>&nbsp;<\/p>\n<p style=\"text-align: center\"><strong>Filosofia da Escola<\/strong><\/p>\n<p>Proporcionar \u00e0s crian\u00e7as o cuidar\/educar e situa\u00e7\u00f5es prazerosas de descobertas e aprendizagens, com aten\u00e7\u00e3o ao desenvolvimento integral, em seus aspectos f\u00edsico, psicol\u00f3gico, intelectual e social para contribuir n forma\u00e7\u00e3o de pessoas conscientes de seus direitos e deveres. Nossas a\u00e7\u00f5es s\u00e3o pautadas na import\u00e2ncia do brincar e na forma l\u00fadica de aprender. Tamb\u00e9m trabalhamos com o intuito de reconhecer as diferen\u00e7as entre os alunos e valorizar essas caracter\u00edsticas por meio de atividades que favore\u00e7am as potencialidades de cada crian\u00e7a e a inclus\u00e3o escolar.<\/p>\n<p>&nbsp;<\/p>\n<p style=\"text-align: center\"><strong>Metodologia de Ensino<\/strong><\/p>\n<p>A metodologia adotada na escola envolve o m\u00e9todo construtivista, onde coloca o aluno no centro do processo de aprendizado entendendo que este aprender\u00e1 a partir da intera\u00e7\u00f5es com o outro e com o meio, desempenhando um papel ativo ao buscar conhecimento na medida em que interesses e questionamentos surgem.<\/p>\n<p>Tamb\u00e9m adotamos a metodologia de projetos, favorecendo o desenvolvimento de habilidades e compet\u00eancias, j\u00e1 que requer decis\u00e3o, escolha, fala, escuta e argumenta\u00e7\u00e3o, uma s\u00e9rie de a\u00e7\u00f5es que propiciem \u00e0s crian\u00e7as e professores a mobiliza\u00e7\u00e3o de conhecimentos de diferentes \u00e1reas. Partindo de um tema gerador ou uma problematiza\u00e7\u00e3o.<\/p>\n<hr \/>\n<p style=\"text-align: center\"><strong>Escola Municipal de Educa\u00e7\u00e3o Infantil Prof\u00ba Jacema R. Prestes<\/strong><\/p>\n<p>&nbsp;<\/p>\n<p><strong>Localiza\u00e7\u00e3o:\u00a0<\/strong>Comunidade do Arco Iris, no bairro tr\u00eas vendas.<\/p>\n<p><strong>A escola conta com 9 turmas, atende 180 crian\u00e7as e possui um total de 42 funcion\u00e1rios.<\/strong><\/p>\n<p>&nbsp;<\/p>\n<p style=\"text-align: center\"><strong>Filosofia da Escola<\/strong><\/p>\n<p>Promover uma educa\u00e7\u00e3o de qualidade que oportunize aos alunos o desenvolvimento integral, com o potencial criativo e respons\u00e1vel. A inclus\u00e3o acontece em todos os n\u00edveis da Educa\u00e7\u00e3o Infantil atrav\u00e9s de recursos did\u00e1ticos, mecanismos e ferramentas que atendam todos os alunos com aten\u00e7\u00e3o e cuidado especial aquele que apresentam desempenho diferente.<\/p>\n<p>&nbsp;<\/p>\n<p style=\"text-align: center\"><strong>Objetivos da Institui\u00e7\u00e3o<\/strong><\/p>\n<p>Favorecer o desenvolvimento integral da crian\u00e7a nos seus aspectos biopsicossociais; promover oportunidade para o desenvolvimento f\u00edsico, respeitando os n\u00edveis em que se encontra; colocar o pensar e o agir da crian\u00e7a como centro do processo educativo e o trabalho organizado a partir dos campos de experi\u00eancia; Assegurar os direitos das crian\u00e7as, consideradas nas suas diferen\u00e7as individuais, sociais, econ\u00f4micas, culturais, \u00e9tnicas, religiosas, preservando suas caracter\u00edsticas et\u00e1rias e atendendo suas necessidades b\u00e1sicas;<\/p>\n<p>A Escola, visa o educar e cuidar, com a finalidade de preservar a espontaneidade do educando, buscando desenvolv\u00ea-lo em seus aspectos f\u00edsicos, emocionais, afetivos, cognitivos sociais e \u00e9ticos, estimulando-o e desafiando-o continuamente, a ter atitudes de coopera\u00e7\u00e3o, autonomia e responsabilidade, num contexto l\u00fadico e prazeroso.<\/p>\n","protected":false},"excerpt":{"rendered":"<p>Escola Municipal de Educa\u00e7\u00e3o Infantil Darcy Ribeiro &nbsp; Localiza\u00e7\u00e3o: Cohab Fragata. A escola conta com 17 turmas, atende 230 crian\u00e7as e possui 41 funcion\u00e1rios. &nbsp; Filosofia da Escola\u200b A filosofia da EMEI Darcy Ribeiro tem como prerrogativa a concep\u00e7\u00e3o do&#8230; <a class=\"more-link\" href=\"https:\/\/wp.ufpel.edu.br\/pibidedinfantil\/escolas-parceiras\/\">Continue lendo &rarr;<\/a><\/p>\n","protected":false},"author":1154,"featured_media":0,"parent":0,"menu_order":0,"comment_status":"closed","ping_status":"closed","template":"","meta":{"footnotes":""},"class_list":["post-20","page","type-page","status-publish","hentry"],"_links":{"self":[{"href":"https:\/\/wp.ufpel.edu.br\/pibidedinfantil\/wp-json\/wp\/v2\/pages\/20","targetHints":{"allow":["GET"]}}],"collection":[{"href":"https:\/\/wp.ufpel.edu.br\/pibidedinfantil\/wp-json\/wp\/v2\/pages"}],"about":[{"href":"https:\/\/wp.ufpel.edu.br\/pibidedinfantil\/wp-json\/wp\/v2\/types\/page"}],"author":[{"embeddable":true,"href":"https:\/\/wp.ufpel.edu.br\/pibidedinfantil\/wp-json\/wp\/v2\/users\/1154"}],"replies":[{"embeddable":true,"href":"https:\/\/wp.ufpel.edu.br\/pibidedinfantil\/wp-json\/wp\/v2\/comments?post=20"}],"version-history":[{"count":21,"href":"https:\/\/wp.ufpel.edu.br\/pibidedinfantil\/wp-json\/wp\/v2\/pages\/20\/revisions"}],"predecessor-version":[{"id":394,"href":"https:\/\/wp.ufpel.edu.br\/pibidedinfantil\/wp-json\/wp\/v2\/pages\/20\/revisions\/394"}],"wp:attachment":[{"href":"https:\/\/wp.ufpel.edu.br\/pibidedinfantil\/wp-json\/wp\/v2\/media?parent=20"}],"curies":[{"name":"wp","href":"https:\/\/api.w.org\/{rel}","templated":true}]}}