{"id":17,"date":"2021-05-29T16:57:22","date_gmt":"2021-05-29T19:57:22","guid":{"rendered":"https:\/\/wp.ufpel.edu.br\/pibidedinfantil\/?page_id=17"},"modified":"2021-05-29T16:57:22","modified_gmt":"2021-05-29T19:57:22","slug":"areas-de-atuacao","status":"publish","type":"page","link":"https:\/\/wp.ufpel.edu.br\/pibidedinfantil\/areas-de-atuacao\/","title":{"rendered":"\u00c1reas de atua\u00e7\u00e3o"},"content":{"rendered":"","protected":false},"excerpt":{"rendered":"","protected":false},"author":1154,"featured_media":0,"parent":0,"menu_order":0,"comment_status":"closed","ping_status":"closed","template":"","meta":{"footnotes":""},"class_list":["post-17","page","type-page","status-publish","hentry"],"_links":{"self":[{"href":"https:\/\/wp.ufpel.edu.br\/pibidedinfantil\/wp-json\/wp\/v2\/pages\/17","targetHints":{"allow":["GET"]}}],"collection":[{"href":"https:\/\/wp.ufpel.edu.br\/pibidedinfantil\/wp-json\/wp\/v2\/pages"}],"about":[{"href":"https:\/\/wp.ufpel.edu.br\/pibidedinfantil\/wp-json\/wp\/v2\/types\/page"}],"author":[{"embeddable":true,"href":"https:\/\/wp.ufpel.edu.br\/pibidedinfantil\/wp-json\/wp\/v2\/users\/1154"}],"replies":[{"embeddable":true,"href":"https:\/\/wp.ufpel.edu.br\/pibidedinfantil\/wp-json\/wp\/v2\/comments?post=17"}],"version-history":[{"count":1,"href":"https:\/\/wp.ufpel.edu.br\/pibidedinfantil\/wp-json\/wp\/v2\/pages\/17\/revisions"}],"predecessor-version":[{"id":19,"href":"https:\/\/wp.ufpel.edu.br\/pibidedinfantil\/wp-json\/wp\/v2\/pages\/17\/revisions\/19"}],"wp:attachment":[{"href":"https:\/\/wp.ufpel.edu.br\/pibidedinfantil\/wp-json\/wp\/v2\/media?parent=17"}],"curies":[{"name":"wp","href":"https:\/\/api.w.org\/{rel}","templated":true}]}}