{"id":24,"date":"2016-03-02T14:28:39","date_gmt":"2016-03-02T17:28:39","guid":{"rendered":"https:\/\/wp.ufpel.edu.br\/pibid\/?page_id=24"},"modified":"2026-04-29T07:20:32","modified_gmt":"2026-04-29T10:20:32","slug":"documentos","status":"publish","type":"page","link":"https:\/\/wp.ufpel.edu.br\/pibid\/pibid-na-ufpel\/documentos\/","title":{"rendered":"DOCUMENTOS"},"content":{"rendered":"<table style=\"height: 2115px;\" width=\"863\">\n<tbody>\n<tr>\n<td>\n<p style=\"text-align: center;\"><strong><span style=\"font-size: 14pt;\">Documenta\u00e7\u00e3o PIBID<\/span><\/strong><\/p>\n<p>&nbsp;<\/p>\n<ul class=\"font_8\">\n<li><a href=\"https:\/\/wp.ufpel.edu.br\/pibid\/files\/2026\/04\/Resolucao-Minuta-PIBID.pdf\">RESOLU\u00c7\u00c3O 107\/2026 &#8211; Aproveitamento de estudos realizados no \u00e2mbito do Programa Institucional de Bolsas de Inicia\u00e7\u00e3o \u00e0 Doc\u00eancia &#8211; PIBID<\/a><\/li>\n<\/ul>\n<ul class=\"font_8\">\n<li><a href=\"https:\/\/wp.ufpel.edu.br\/pibid\/files\/2026\/03\/Projeto-Institucional-PIBID_UFPel-2024-2026.pdf\"><span style=\"color: #000000;\"><span style=\"color: #333333;\">PROJETO PIBID UFPEL &#8211; 2024<\/span><\/span><\/a><\/li>\n<li><span style=\"color: #333333; background-color: #ffffff;\"><a style=\"color: #333333; background-color: #ffffff;\" href=\"https:\/\/wp.ufpel.edu.br\/pibid\/files\/2022\/09\/Comprovante_Inscricao_PIBID-20222194264P.pdf\">PROJETO PIBID UFPEL &#8211; 2022<\/a><\/span><\/li>\n<li><span style=\"color: #333333;\"><a style=\"color: #333333;\" href=\"https:\/\/drive.google.com\/file\/d\/1rVRwAX_sByAIvSqkITbbzbbBEA7v8NjV\/view?usp=sharing\" target=\"_blank\" rel=\"noopener noreferrer\">PROJETO PIBID UFPEL &#8211; 2020<\/a><\/span><\/li>\n<li><span style=\"color: #333333;\"><a style=\"color: #333333;\" href=\"https:\/\/drive.google.com\/file\/d\/1M8vpa_B38-VAt3FcQoldOCdxrafztjX_\/view?usp=sharing\" target=\"_blank\" rel=\"noopener noreferrer\">PROJETO PIBID UFPEL &#8211; 2018<\/a><\/span><\/li>\n<li>\n<p class=\"font_8\"><a href=\"https:\/\/drive.google.com\/file\/d\/0B078EGxuukQgYVpwVEtGd28zd1k\/view\" target=\"_blank\" rel=\"noopener noreferrer\">MANUAL &#8211; PRESTA\u00c7\u00c3O DE CONTAS &#8211; AUXPE CAPES<\/a><\/p>\n<\/li>\n<li><a href=\"https:\/\/drive.google.com\/file\/d\/0B078EGxuukQgb0JNY0R2QXM2VWs\/view?usp=sharing\">RELAT\u00d3RIO DOS PROJETOS 2016<\/a><\/li>\n<li><a href=\"https:\/\/drive.google.com\/file\/d\/0B078EGxuukQgMEpiYkhLRVJXRm8\/view?usp=sharing\">RELAT\u00d3RIO DAS ATIVIDADES 2016<\/a><\/li>\n<li>\n<p class=\"font_8\"><a href=\"https:\/\/docs.google.com\/file\/d\/0B078EGxuukQgLU96Um84NkFTd2M\/edit\" target=\"_blank\" rel=\"noopener noreferrer\">RECIBO MODELO (A) \u00a0(Doc. Word)<\/a><\/p>\n<\/li>\n<li>\n<p class=\"font_8\"><a href=\"https:\/\/docs.google.com\/file\/d\/0B078EGxuukQgcUlaUFlyVjc0NEU\/edit\" target=\"_blank\" rel=\"noopener noreferrer\">RECIBO MODELO (B) \u00a0(Doc. Word)<\/a><\/p>\n<\/li>\n<\/ul>\n<ul>\n<li><a href=\"https:\/\/docs.google.com\/file\/d\/0B078EGxuukQgNGlWNnJkblRTdnpqMXhHbFIyRlBvUTA0bi04\/edit\" target=\"_blank\" rel=\"noopener noreferrer\">SOLICITA\u00c7\u00c3O DE RECURSOS MODELO \u00a0(Doc. Word)<\/a><\/li>\n<\/ul>\n<ul class=\"font_8\">\n<li><a href=\"https:\/\/docs.google.com\/file\/d\/0B078EGxuukQgQnNJTERzNGx3UzFUQy1rNVgydW9oRHp2UmtZ\/edit\" target=\"_blank\" rel=\"noopener noreferrer\">PROJETO PIBID<\/a><\/li>\n<li>\n<p class=\"font_8\"><a href=\"https:\/\/docs.google.com\/file\/d\/0B078EGxuukQgZ21HdmZJMjJtRG1PRHdOUEpRQnp1R3dmWDZR\/edit\" target=\"_blank\" rel=\"noopener noreferrer\">TERMO DE COOPERA\u00c7\u00c3O<\/a><\/p>\n<\/li>\n<li>\n<p class=\"font_8\"><a href=\"https:\/\/drive.google.com\/file\/d\/0B078EGxuukQgN0xEUldpQS1nbEw0b1JIbTM4R1NLSEduY080\/view?usp=sharing\" target=\"_blank\" rel=\"noopener noreferrer\">TERMO DE COMPROMISSO\u00a0CA<\/a><\/p>\n<\/li>\n<li><a href=\"https:\/\/drive.google.com\/file\/d\/0B078EGxuukQgTVF5RDEyakc4MHRrdUJjTUpJWjN1bjRCejhF\/view?usp=sharing\" target=\"_blank\" rel=\"noopener noreferrer\">TERMO DE COMPROMISSO ID<\/a><\/li>\n<\/ul>\n<ul class=\"font_8\">\n<li><a href=\"https:\/\/drive.google.com\/file\/d\/0B078EGxuukQgRGg5ZkpIcHU1ZXNrdHZ6V2NRX09MZHh2dGsw\/view?usp=sharing\" target=\"_blank\" rel=\"noopener noreferrer\">TERMO DE COMPROMISSO SUPERVISORES<\/a><\/li>\n<\/ul>\n<p>2017-2018<\/p>\n<ul>\n<li><a href=\"https:\/\/drive.google.com\/file\/d\/1R9Cvb6pofnOD4nNK10OHl8QljG-9ATNW\/view?usp=sharing\" target=\"_blank\" rel=\"noopener noreferrer\">RELAT\u00d3RIO DE ATIVIDADES E PROJETOS 2017-2018<\/a><\/li>\n<\/ul>\n<p>2016<\/p>\n<p class=\"font_8\">2015<\/p>\n<ul>\n<li><a href=\"https:\/\/drive.google.com\/file\/d\/0B078EGxuukQgMkJFMnB6TFJzSlU\/view?usp=sharing\" target=\"_blank\" rel=\"noopener noreferrer\">ALTERA\u00c7\u00c3O NO REGIMENTO INTERNO<\/a><\/li>\n<\/ul>\n<ul>\n<li><a href=\"https:\/\/drive.google.com\/file\/d\/0B078EGxuukQgbGxlQmFpNHpzMGs\/view?usp=sharing\" target=\"_blank\" rel=\"noopener noreferrer\">REGIMENTO INTERNO (Doc. Word)<\/a><\/li>\n<\/ul>\n<ul>\n<li class=\"font_8\"><a href=\"https:\/\/drive.google.com\/file\/d\/0B078EGxuukQgb2RDbGtRXzM4UUU\/view?usp=sharing\" target=\"_blank\" rel=\"noopener noreferrer\">RELAT\u00d3RIOS DOS PROJETOS INTERDISCIPLINARES DAS ESCOLAS PARCEIRAS DO PIBID\/UFPEL<\/a><\/li>\n<\/ul>\n<ul>\n<li class=\"font_8\"><a href=\"https:\/\/drive.google.com\/file\/d\/0B078EGxuukQgbHRVa1RoZEhXRm8\/view?usp=sharing\" target=\"_blank\" rel=\"noopener noreferrer\">RELAT\u00d3RIO DE ATIVIDADES<\/a><\/li>\n<\/ul>\n<p class=\"font_8\">2014<\/p>\n<p class=\"font_8\">2013<\/p>\n<ul>\n<li><a href=\"https:\/\/docs.google.com\/file\/d\/0B078EGxuukQgczQyQlM1X1p2WU9Xb0E1V3FFbXRqdF9CUk1r\/edit\" target=\"_blank\" rel=\"noopener noreferrer\">PROJETO DE TRABALHO<\/a><\/li>\n<\/ul>\n<ul>\n<li><a href=\"https:\/\/docs.google.com\/file\/d\/0B078EGxuukQgWGJhNGZxWnc3c25yMjJNNDJqNXJ5NzhKNmFZ\/edit\" target=\"_blank\" rel=\"noopener noreferrer\">RESULTADO DE ANALISE<\/a><\/li>\n<\/ul>\n<ul>\n<li><a href=\"https:\/\/docs.google.com\/file\/d\/0B078EGxuukQgWUczN195cEhURnZqanRXMHVwM1plck9ZWnNv\/edit\" target=\"_blank\" rel=\"noopener noreferrer\">PORTARIA 096 &#8211; (<\/a><a href=\"https:\/\/docs.google.com\/file\/d\/0B078EGxuukQgWUczN195cEhURnZqanRXMHVwM1plck9ZWnNv\/edit\" target=\"_blank\" rel=\"noopener noreferrer\">REGULAMENTO PIBID)<\/a><\/li>\n<\/ul>\n<ul class=\"font_8\">\n<li>\n<p class=\"font_8\"><a href=\"https:\/\/drive.google.com\/file\/d\/0B078EGxuukQgVDdBMTRVMUM2WDA\/view?usp=sharing\" target=\"_blank\" rel=\"noopener noreferrer\">Portaria CAPES 096 18 06 13 Aprova Regulamento PIBID<\/a><\/p>\n<\/li>\n<li>\n<p class=\"font_8\"><a href=\"https:\/\/drive.google.com\/file\/d\/0B078EGxuukQgNWpzRjZReDZwWDQ\/view?usp=sharing\" target=\"_blank\" rel=\"noopener noreferrer\">PROJETO INSTITUCIONAL PIBID UFPEL\u00a0<\/a><\/p>\n<\/li>\n<\/ul>\n<p class=\"font_8\">2012<\/p>\n<ul class=\"font_8\">\n<li>\n<p class=\"font_8\"><a href=\"https:\/\/drive.google.com\/file\/d\/0B078EGxuukQgeXNyN1FuRlF5aDg\/view?usp=sharing\" target=\"_blank\" rel=\"noopener noreferrer\">ResultadoEdital-011-2012-PIBID<\/a><\/p>\n<\/li>\n<li>\n<p class=\"font_8\"><a href=\"https:\/\/drive.google.com\/file\/d\/0B078EGxuukQgZmFXSF9KVTlrOGM\/view?usp=sharing\" target=\"_blank\" rel=\"noopener noreferrer\">Homologa\u00e7\u00e3o Supervisores PIBID II (ADENDO \u2013 entrevistas dia 20\/06\/2012)<\/a><\/p>\n<\/li>\n<li>\n<p class=\"font_8\"><a href=\"https:\/\/drive.google.com\/file\/d\/0B078EGxuukQgaXAyMXlib2syVHc\/view?usp=sharing\" target=\"_blank\" rel=\"noopener noreferrer\">Edital Professores 2012-1<\/a><\/p>\n<\/li>\n<li>\n<p class=\"font_8\"><a href=\"https:\/\/drive.google.com\/file\/d\/0B078EGxuukQgcnNfYU5XTS1PUlE\/view?usp=sharing\" target=\"_blank\" rel=\"noopener noreferrer\">Edital alunos 2012-1<\/a><\/p>\n<\/li>\n<li>\n<p class=\"font_8\"><a href=\"https:\/\/drive.google.com\/file\/d\/0B078EGxuukQgYXJBbE1UcmtaSUk\/view?usp=sharing\" target=\"_blank\" rel=\"noopener noreferrer\">Of\u00edcio prorroga\u00e7\u00e3o de editais<\/a><\/p>\n<\/li>\n<li>\n<p class=\"font_8\"><a href=\"https:\/\/drive.google.com\/file\/d\/0B078EGxuukQgNmVzVURfelhWTmc\/view?usp=sharing\" target=\"_blank\" rel=\"noopener noreferrer\">Projeto Institucional \u2013 continuidade \u2013 2012<\/a><\/p>\n<\/li>\n<\/ul>\n<p class=\"font_8\">2011<\/p>\n<ul class=\"font_8\">\n<li>\n<p class=\"font_8\"><a href=\"https:\/\/drive.google.com\/file\/d\/0B078EGxuukQgdWpNTWhNdkJubVE\/view?usp=sharing\" target=\"_blank\" rel=\"noopener noreferrer\">Edital sele\u00e7\u00e3o aluno \u2013 PIBID 2011<\/a><\/p>\n<\/li>\n<li>\n<p class=\"font_8\"><a href=\"https:\/\/drive.google.com\/file\/d\/0B078EGxuukQgNTVLcnFQUm1zd1U\/view?usp=sharing\" target=\"_blank\" rel=\"noopener noreferrer\">Edital Professores 2011<\/a><\/p>\n<\/li>\n<li>\n<p class=\"font_8\"><a href=\"https:\/\/drive.google.com\/file\/d\/0B078EGxuukQgRE9YaGY1OGFvZms\/view?usp=sharing\" target=\"_blank\" rel=\"noopener noreferrer\">Portaria260 \u2013 PIBID2011 \u2013 Normas Gerais<\/a><\/p>\n<\/li>\n<li>\n<p class=\"font_8\"><a href=\"https:\/\/drive.google.com\/file\/d\/0B078EGxuukQgeko5amlVOE5KcjA\/view?usp=sharing\" target=\"_blank\" rel=\"noopener noreferrer\">Projeto institucional PIBID 2011<\/a><\/p>\n<\/li>\n<li>\n<p class=\"font_8\"><a href=\"https:\/\/drive.google.com\/file\/d\/0B078EGxuukQgdk5PZU8ydHd1M2M\/view?usp=sharing\" target=\"_blank\" rel=\"noopener noreferrer\">Sub projeto Artes Visuais 2011<\/a><\/p>\n<\/li>\n<li>\n<p class=\"font_8\"><a href=\"https:\/\/drive.google.com\/file\/d\/0B078EGxuukQgRlpOaFhBdGFFa0U\/view?usp=sharing\" target=\"_blank\" rel=\"noopener noreferrer\">Sub projeto Musica 2011<\/a><\/p>\n<\/li>\n<li>\n<p class=\"font_8\"><a href=\"https:\/\/drive.google.com\/file\/d\/0B078EGxuukQgVFdhNHB0bHYyX3M\/view?usp=sharing\" target=\"_blank\" rel=\"noopener noreferrer\">Sub projeto Biologia 2011<\/a><\/p>\n<\/li>\n<li>\n<p class=\"font_8\"><a href=\"https:\/\/drive.google.com\/file\/d\/0B078EGxuukQgazdvWl9PclNZWFk\/view?usp=sharing\" target=\"_blank\" rel=\"noopener noreferrer\">Sub projeto Matem\u00e1tica 2011<\/a><\/p>\n<\/li>\n<li>\n<p class=\"font_8\"><a href=\"https:\/\/drive.google.com\/file\/d\/0B078EGxuukQgWEVDc0NuNmctOG8\/view?usp=sharing\" target=\"_blank\" rel=\"noopener noreferrer\">Sub projeto Qu\u00edmica 2011<\/a><\/p>\n<\/li>\n<li>\n<p class=\"font_8\"><a href=\"https:\/\/drive.google.com\/file\/d\/0B078EGxuukQgVWtGbFF3TE1tWWs\/view?usp=sharing\" target=\"_blank\" rel=\"noopener noreferrer\">Sub projeto Danca 2011<\/a><\/p>\n<\/li>\n<li>\n<p class=\"font_8\"><a href=\"https:\/\/drive.google.com\/file\/d\/0B078EGxuukQgTm5mT1JCNVFyZ0k\/view?usp=sharing\" target=\"_blank\" rel=\"noopener noreferrer\">Sub projeto F\u00edsica 2011<\/a><\/p>\n<\/li>\n<li>\n<p class=\"font_8\"><a href=\"https:\/\/drive.google.com\/file\/d\/0B078EGxuukQgODZPVHhMbnAzU2s\/view?usp=sharing\" target=\"_blank\" rel=\"noopener noreferrer\">Sub projeto Geografia 2011<\/a><\/p>\n<\/li>\n<li>\n<p class=\"font_8\"><a href=\"https:\/\/drive.google.com\/file\/d\/0B078EGxuukQgNE5RVFRXLUNzQmc\/view?usp=sharing\" target=\"_blank\" rel=\"noopener noreferrer\">Edital Profs final 2010 \u2013 Humanidades<\/a><\/p>\n<\/li>\n<li>\n<p class=\"font_8\"><a href=\"https:\/\/drive.google.com\/file\/d\/0B078EGxuukQgc1VWWUlNVkFfUm8\/view?usp=sharing\" target=\"_blank\" rel=\"noopener noreferrer\">Projeto Institucional 2803<\/a><\/p>\n<\/li>\n<li>\n<p class=\"font_8\"><a href=\"https:\/\/drive.google.com\/file\/d\/0B078EGxuukQgTWU2LUJ1dWhzTW8\/view?usp=sharing\" target=\"_blank\" rel=\"noopener noreferrer\">SubPIBID Projeto Final 2803<\/a><\/p>\n<\/li>\n<li>\n<p class=\"font_8\"><a href=\"https:\/\/drive.google.com\/file\/d\/0B078EGxuukQgMm9JSFYzWEI0TFE\/view?usp=sharing\" target=\"_blank\" rel=\"noopener noreferrer\">Subprojeto \u2013 Historia Final \u2013 Rev 2803<\/a><\/p>\n<\/li>\n<li>\n<p class=\"font_8\"><a href=\"https:\/\/drive.google.com\/file\/d\/0B078EGxuukQgX05ZdkZfZUNQQ3c\/view?usp=sharing\" target=\"_blank\" rel=\"noopener noreferrer\">Subprojeto Pedagogia2803<\/a><\/p>\n<\/li>\n<li>\n<p class=\"font_8\"><a href=\"https:\/\/drive.google.com\/file\/d\/0B078EGxuukQgcTRYZnNBbU5EcnM\/view?usp=sharing\" target=\"_blank\" rel=\"noopener noreferrer\">Subprojeto PIBID \u2013 Letras 2803<\/a><\/p>\n<\/li>\n<li>\n<p class=\"font_8\"><a href=\"https:\/\/drive.google.com\/file\/d\/0B078EGxuukQgS1hGVk9aaHdaQkE\/view?usp=sharing\" target=\"_blank\" rel=\"noopener noreferrer\">Subprojeto Teatro PIBID final2803<\/a><\/p>\n<\/li>\n<li>\n<p class=\"font_8\"><a href=\"https:\/\/drive.google.com\/file\/d\/0B078EGxuukQgbXZMTWp4OFZ2NW8\/view?usp=sharing\" target=\"_blank\" rel=\"noopener noreferrer\">Subprojeto Ciencias Sociais2803<\/a><\/p>\n<\/li>\n<\/ul>\n<\/td>\n<td>\n<h2 class=\"font_2\" style=\"text-align: center;\"><span class=\"color_11\">Documenta\u00e7\u00e3o FORPIBID<\/span><\/h2>\n<p style=\"text-align: center;\">.<\/p>\n<ul class=\"font_8\">\n<li>\n<p class=\"font_8\"><a href=\"https:\/\/drive.google.com\/open?id=0B078EGxuukQgVERYbk44anF0LU0&amp;authuser=1\" target=\"_blank\" rel=\"noopener noreferrer\">ATA FORPIBID &#8211; POA\u00a0<\/a><\/p>\n<\/li>\n<li>\n<p class=\"font_8\"><a href=\"https:\/\/docs.google.com\/file\/d\/0B078EGxuukQgM0NUbC10d0tQOGs\/edit\" target=\"_blank\" rel=\"noopener noreferrer\">CARTA DE NATAL<\/a><\/p>\n<\/li>\n<li>\n<p class=\"font_8\"><a href=\"https:\/\/docs.google.com\/file\/d\/0B078EGxuukQgWDFHSC1oN1ZKeU0\/edit\" target=\"_blank\" rel=\"noopener noreferrer\">LISTA DE REPRESENTANTES<\/a><\/p>\n<\/li>\n<li>\n<p class=\"font_8\"><a href=\"https:\/\/docs.google.com\/file\/d\/0B078EGxuukQgbWM0NThPZ3JqclE\/edit\" target=\"_blank\" rel=\"noopener noreferrer\">OFICIO FORPIBID 02-2015 PARA COORDENADORES<\/a><\/p>\n<\/li>\n<li>\n<p class=\"font_8\"><a href=\"https:\/\/docs.google.com\/file\/d\/0B078EGxuukQgUzBQRnpPS3JRWEU\/edit\" target=\"_blank\" rel=\"noopener noreferrer\">REGIMENTO INTERNO FORPIBID<\/a><\/p>\n<\/li>\n<li><a href=\"https:\/\/drive.google.com\/file\/d\/0B078EGxuukQgd2pEMjRraHpFRFZBRkt2OGdLVE9pSjMyWmNF\/view?usp=sharing\" target=\"_blank\" rel=\"noopener noreferrer\">INFORME FORPIBID N\u00ba 02-2016<\/a><\/li>\n<li><a href=\"https:\/\/drive.google.com\/file\/d\/0B078EGxuukQgSHlRbXQwRXBIYmZYMWs0dk12c05RRVQzR1pZ\/view?usp=sharing\" target=\"_blank\" rel=\"noopener noreferrer\">INFORME FORPIBID N\u00ba 04-2016<\/a><\/li>\n<li><a href=\"https:\/\/drive.google.com\/file\/d\/0B078EGxuukQgQUVFTWVGUzdiQmt0V0ExbTBuVFlGSmZIcVY4\/view?usp=sharing\" target=\"_blank\" rel=\"noopener noreferrer\">INFORME FORPIBID N\u00ba 05-2016<\/a><\/li>\n<li><a href=\"https:\/\/drive.google.com\/file\/d\/0B078EGxuukQgUWRsRVVXbEFkdEtKZFQyenRZRFBsVXJYOHBz\/view?usp=sharing\" target=\"_blank\" rel=\"noopener noreferrer\">INFORME FORPIBID N\u00ba 06-2016<\/a><\/li>\n<li><a href=\"https:\/\/drive.google.com\/file\/d\/0B078EGxuukQgamZ5SDVQa1FDcUJiWGxjUzF1REp2TG50aGVF\/view?usp=sharing\" target=\"_blank\" rel=\"noopener noreferrer\">INFORME FORPIBID N\u00ba 07-2016<\/a><\/li>\n<li><a href=\"https:\/\/drive.google.com\/file\/d\/0B078EGxuukQgaGJ3OE5EbnVGdUdULVAzM0RiNGpRa1NvQS1R\/view?usp=sharing\" target=\"_blank\" rel=\"noopener noreferrer\">OFICIO FORPIBID 04-2016 para escolas<\/a><\/li>\n<\/ul>\n<\/td>\n<\/tr>\n<\/tbody>\n<\/table>\n<p>&nbsp;<\/p>\n","protected":false},"excerpt":{"rendered":"<p>Documenta\u00e7\u00e3o PIBID &nbsp; RESOLU\u00c7\u00c3O 107\/2026 &#8211; Aproveitamento de estudos realizados no \u00e2mbito do Programa Institucional de Bolsas de Inicia\u00e7\u00e3o \u00e0 Doc\u00eancia &#8211; PIBID PROJETO PIBID UFPEL &#8211; 2024 PROJETO PIBID UFPEL &#8211; 2022 PROJETO PIBID UFPEL &#8211; 2020 PROJETO PIBID UFPEL &#8211; 2018 MANUAL &#8211; PRESTA\u00c7\u00c3O DE CONTAS &#8211; AUXPE CAPES RELAT\u00d3RIO DOS PROJETOS 2016 [&hellip;]<\/p>\n","protected":false},"author":608,"featured_media":0,"parent":1366,"menu_order":4,"comment_status":"closed","ping_status":"closed","template":"page-sem-sidebar.php","meta":{"jetpack_post_was_ever_published":false,"footnotes":""},"class_list":["post-24","page","type-page","status-publish","hentry"],"jetpack_sharing_enabled":true,"jetpack_shortlink":"https:\/\/wp.me\/P9eX8m-o","jetpack_likes_enabled":true,"jetpack-related-posts":[],"_links":{"self":[{"href":"https:\/\/wp.ufpel.edu.br\/pibid\/wp-json\/wp\/v2\/pages\/24","targetHints":{"allow":["GET"]}}],"collection":[{"href":"https:\/\/wp.ufpel.edu.br\/pibid\/wp-json\/wp\/v2\/pages"}],"about":[{"href":"https:\/\/wp.ufpel.edu.br\/pibid\/wp-json\/wp\/v2\/types\/page"}],"author":[{"embeddable":true,"href":"https:\/\/wp.ufpel.edu.br\/pibid\/wp-json\/wp\/v2\/users\/608"}],"replies":[{"embeddable":true,"href":"https:\/\/wp.ufpel.edu.br\/pibid\/wp-json\/wp\/v2\/comments?post=24"}],"version-history":[{"count":4,"href":"https:\/\/wp.ufpel.edu.br\/pibid\/wp-json\/wp\/v2\/pages\/24\/revisions"}],"predecessor-version":[{"id":1463,"href":"https:\/\/wp.ufpel.edu.br\/pibid\/wp-json\/wp\/v2\/pages\/24\/revisions\/1463"}],"up":[{"embeddable":true,"href":"https:\/\/wp.ufpel.edu.br\/pibid\/wp-json\/wp\/v2\/pages\/1366"}],"wp:attachment":[{"href":"https:\/\/wp.ufpel.edu.br\/pibid\/wp-json\/wp\/v2\/media?parent=24"}],"curies":[{"name":"wp","href":"https:\/\/api.w.org\/{rel}","templated":true}]}}