{"id":21,"date":"2016-03-02T14:28:15","date_gmt":"2016-03-02T17:28:15","guid":{"rendered":"https:\/\/wp.ufpel.edu.br\/pibid\/?page_id=21"},"modified":"2026-03-18T14:11:12","modified_gmt":"2026-03-18T17:11:12","slug":"producao","status":"publish","type":"page","link":"https:\/\/wp.ufpel.edu.br\/pibid\/publicacoes\/producao\/","title":{"rendered":"PRODU\u00c7\u00d5ES DAS \u00c1REAS"},"content":{"rendered":"<p style=\"text-align: center\"><span style=\"color: #ffffff\">.<\/span><\/p>\n<p style=\"text-align: center\"><span style=\"font-size: 14pt\"><strong>Nota:<\/strong> <span style=\"color: #808080\">Para divulgar seu trabalho publicado em anais de eventos ou peri\u00f3dicos, referentes ao PIBID, envie-o para o e-mail: \u00a0<\/span><\/span><span style=\"color: #808080;font-size: 14pt;font-family: arial, helvetica, sans-serif\"><span style=\"color: #000000\">pibid.gestao.ufpel@gmail.com<\/span><\/span><\/p>\n<p style=\"text-align: center\"><span style=\"color: #ffffff\">.<\/span><\/p>\n<p style=\"text-align: center\"><span style=\"color: #ffffff\">.<\/span><\/p>\n<p style=\"text-align: center\"><span style=\"font-size: 18pt\"><strong>Apresenta\u00e7\u00e3o PIBID &#8211; IV Evento:<\/strong><\/span><\/p>\n<p style=\"text-align: center\"><a href=\"https:\/\/wp.ufpel.edu.br\/pibid\/files\/2016\/03\/IV-Sem.-ALCIDES-TARDE.ppt\" rel=\"\">IV Sem. &#8211; ALCIDES TARDE<\/a><\/p>\n<p style=\"text-align: center\"><a href=\"https:\/\/wp.ufpel.edu.br\/pibid\/files\/2016\/03\/IV-Sem.-Apresenta\u00e7\u00e3o-F\u00e9lix-da-Cunha-PIBID.pptx\" rel=\"\">IV Sem. &#8211; Apresenta\u00e7\u00e3o F\u00e9lix da Cunha PIBID<\/a><\/p>\n<p style=\"text-align: center\"><a href=\"https:\/\/wp.ufpel.edu.br\/pibid\/files\/2016\/03\/IV-Sem.-Apresenta\u00e7\u00e3o-PIBID-01.09.15-final.pptx\" rel=\"\">IV Sem. &#8211; Apresenta\u00e7\u00e3o PIBID 01.09.15 &#8211; final<\/a><\/p>\n<p style=\"text-align: center\"><a href=\"https:\/\/wp.ufpel.edu.br\/pibid\/files\/2016\/03\/IV-Sem.-DUNAS.pptx\" rel=\"\">IV Sem. &#8211; DUNAS<\/a><\/p>\n<p style=\"text-align: center\"><a href=\"https:\/\/wp.ufpel.edu.br\/pibid\/files\/2016\/03\/IV-Sem.-FERREIRA-VIANNA.pptx\" rel=\"\">IV Sem. &#8211; FERREIRA VIANNA<\/a><\/p>\n<p style=\"text-align: center\"><a href=\"https:\/\/wp.ufpel.edu.br\/pibid\/files\/2016\/03\/IV-Sem.-GET\u00daLIO-VARGAS.pptx\" rel=\"\">IV Sem. &#8211; GET\u00daLIO VARGAS<\/a><\/p>\n<p style=\"text-align: center\"><a href=\"https:\/\/wp.ufpel.edu.br\/pibid\/files\/2016\/03\/IV-Sem.-Pluralidade-cultura.pptx\" rel=\"\">IV Sem. &#8211; Pluralidade cultura<\/a><\/p>\n<p style=\"text-align: center\"><a href=\"https:\/\/wp.ufpel.edu.br\/pibid\/files\/2016\/03\/IV-Sem.-Proj.-Interdiciplinar-Alcides.pdf\" rel=\"\">IV Sem. &#8211; Proj. Interdiciplinar Alcides<\/a><\/p>\n<p style=\"text-align: center\"><a href=\"https:\/\/wp.ufpel.edu.br\/pibid\/files\/2016\/03\/IV_Sem._-_Apresentacao_projeto_inter_fernando_os\u00f3rio.pptx\" rel=\"\">IV_Sem._-_Apresentacao_projeto_inter_fernando_os\u00f3rio<\/a><\/p>\n<p style=\"text-align: center\"><a href=\"https:\/\/wp.ufpel.edu.br\/pibid\/files\/2016\/03\/IV_Sem._-_semin\u00e1rio-PIBID-AREAL_EF.pptx\" rel=\"\">IV_Sem._-_semin\u00e1rio-PIBID-AREAL_EF<\/a><\/p>\n<p style=\"text-align: center\">.<\/p>\n<p style=\"text-align: center\">.<\/p>\n<p style=\"text-align: center\">.<\/p>\n<p style=\"text-align: center\"><span style=\"font-size: 18pt\"><strong>Produ\u00e7\u00e3o Matem\u00e1tica:<\/strong><\/span><\/p>\n<p style=\"text-align: center\"><a href=\"https:\/\/wp.ufpel.edu.br\/pibid\/files\/2016\/03\/ENEM-TR\u00caS-OLHARES-SOBRE-EXPERI\u00caNCIA-E-FORMA\u00c7\u00c3O.pdf\" rel=\"\">ENEM &#8211; TR\u00caS OLHARES SOBRE EXPERI\u00caNCIA E FORMA\u00c7\u00c3O<\/a><\/p>\n<p style=\"text-align: center\"><a href=\"https:\/\/wp.ufpel.edu.br\/pibid\/files\/2016\/03\/ENEM-Oficina-Geometrilegal-ENEM-final.pdf\" rel=\"\">ENEM &#8211; Oficina Geometrilegal ENEM &#8211; final<\/a><\/p>\n<p style=\"text-align: center\"><a href=\"https:\/\/wp.ufpel.edu.br\/pibid\/files\/2016\/03\/ENEM-O-Ludico-e-a-Matem\u00e1tica-algumas-aproxima\u00e7\u00f5es.doc\" rel=\"\">ENEM &#8211; O Ludico e a Matem\u00e1tica &#8211; algumas aproxima\u00e7\u00f5es<\/a><\/p>\n<p style=\"text-align: center\"><a href=\"https:\/\/wp.ufpel.edu.br\/pibid\/files\/2016\/03\/ENEM-MATEM\u00c1TICA-E-SKATISMO.pdf\" rel=\"\">ENEM &#8211; MATEM\u00c1TICA E SKATISMO<\/a> <a href=\"https:\/\/wp.ufpel.edu.br\/pibid\/files\/2016\/03\/ENEM-Geogebra.doc\" rel=\"\">ENEM &#8211; Geogebra<\/a><\/p>\n<p style=\"text-align: center\"><a href=\"https:\/\/wp.ufpel.edu.br\/pibid\/files\/2016\/03\/ENEM-Constru\u00e7\u00e3o-de-Aprendizagens.doc\" rel=\"\">ENEM &#8211; Constru\u00e7\u00e3o de Aprendizagens<\/a><\/p>\n<p style=\"text-align: center\"><a href=\"https:\/\/wp.ufpel.edu.br\/pibid\/files\/2016\/03\/ENEM-CARICATURA-GEOM\u00c9TRICA.pdf\" rel=\"\">ENEM &#8211; CARICATURA GEOM\u00c9TRICA<\/a><\/p>\n<p style=\"text-align: center\"><a href=\"https:\/\/wp.ufpel.edu.br\/pibid\/files\/2016\/03\/ENEM-Aliando-Saberes.doc\" rel=\"\">ENEM &#8211; Aliando Saberes<\/a><\/p>\n<p style=\"text-align: center\"><a href=\"https:\/\/wp.ufpel.edu.br\/pibid\/files\/2016\/03\/ENEM-a-vida-por-tr\u00e1s-das-express\u00f5es.doc\" rel=\"\">ENEM &#8211; a vida por tr\u00e1s das express\u00f5es<\/a><\/p>\n<p style=\"text-align: center\"><a href=\"https:\/\/wp.ufpel.edu.br\/pibid\/files\/2016\/03\/ENEM-A-IMPORT\u00c2NCIA-DO-PIBID-NA-FORMA\u00c7\u00c3O-DOCENTE-EM-MATEM\u00c0TICA-\u2013-REFLEX\u00c3O-ENTRE-TEORIA-E-PR\u00c1TICA.doc\" rel=\"\">ENEM &#8211; A IMPORT\u00c2NCIA DO PIBID NA FORMA\u00c7\u00c3O DOCENTE EM MATEM\u00c0TICA \u2013 REFLEX\u00c3O ENTRE TEORIA E PR\u00c1TICA<\/a><\/p>\n<p style=\"text-align: center\"><a href=\"https:\/\/wp.ufpel.edu.br\/pibid\/files\/2016\/03\/CIEM-UTILIZANDO-A-HIST\u00d3RIA-DA-MATEM\u00c1TICA-COMO-RECURSO-PARA.pdf\" rel=\"\">CIEM &#8211; UTILIZANDO A HIST\u00d3RIA DA MATEM\u00c1TICA COMO RECURSO<\/a><\/p>\n<p style=\"text-align: center\"><a href=\"https:\/\/wp.ufpel.edu.br\/pibid\/files\/2016\/03\/CIEM-Jogos-de-linguagem-matem\u00e1ticos.pdf\" rel=\"\">CIEM &#8211; Jogos de linguagem matem\u00e1ticos<\/a><\/p>\n<p style=\"text-align: center\"><a href=\"https:\/\/wp.ufpel.edu.br\/pibid\/files\/2016\/03\/CIEdu-PIBIDMatem\u00e1tica_Umolharsobreexperi\u00eanciaeforma\u00e7\u00e3o.pdf\" rel=\"\">CIEdu &#8211; PIBIDMatem\u00e1tica_Umolharsobreexperi\u00eanciaeforma\u00e7\u00e3o<\/a><\/p>\n<p style=\"text-align: center\"><a href=\"https:\/\/wp.ufpel.edu.br\/pibid\/files\/2016\/03\/CIC-Trabalhando-polinomios-atrav\u00e9s-do-jogo-das-cores.pdf\" rel=\"\">CIC &#8211; Trabalhando polinomios atrav\u00e9s do jogo das cores<\/a><\/p>\n<p style=\"text-align: center\"><a href=\"https:\/\/wp.ufpel.edu.br\/pibid\/files\/2016\/03\/CIC-PROJETO-INTERDISCIPLINAR.pdf\" rel=\"\">CIC &#8211; PROJETO INTERDISCIPLINAR<\/a><\/p>\n<p style=\"text-align: center\"><a href=\"https:\/\/wp.ufpel.edu.br\/pibid\/files\/2016\/03\/CIC-Aprender-Contextualizando.pdf\" rel=\"\">CIC &#8211; Aprender Contextualizando<\/a><\/p>\n<p style=\"text-align: center\"><a href=\"https:\/\/wp.ufpel.edu.br\/pibid\/files\/2016\/03\/CIC-A-Matem\u00e1tica-Atrav\u00e9s-de-Pr\u00e1ticas.pdf\" rel=\"\">CIC &#8211; A Matem\u00e1tica Atrav\u00e9s de Pr\u00e1ticas<\/a><\/p>\n","protected":false},"excerpt":{"rendered":"<p>. Nota: Para divulgar seu trabalho publicado em anais de eventos ou peri\u00f3dicos, referentes ao PIBID, envie-o para o e-mail: \u00a0pibid.gestao.ufpel@gmail.com . . Apresenta\u00e7\u00e3o PIBID &#8211; IV Evento: IV Sem. &#8211; ALCIDES TARDE IV Sem. &#8211; Apresenta\u00e7\u00e3o F\u00e9lix da Cunha PIBID IV Sem. &#8211; Apresenta\u00e7\u00e3o PIBID 01.09.15 &#8211; final IV Sem. &#8211; DUNAS IV Sem. [&hellip;]<\/p>\n","protected":false},"author":608,"featured_media":0,"parent":806,"menu_order":6,"comment_status":"closed","ping_status":"closed","template":"page-sem-sidebar.php","meta":{"jetpack_post_was_ever_published":false,"footnotes":""},"class_list":["post-21","page","type-page","status-publish","hentry"],"jetpack_sharing_enabled":true,"jetpack_shortlink":"https:\/\/wp.me\/P9eX8m-l","jetpack_likes_enabled":true,"jetpack-related-posts":[],"_links":{"self":[{"href":"https:\/\/wp.ufpel.edu.br\/pibid\/wp-json\/wp\/v2\/pages\/21","targetHints":{"allow":["GET"]}}],"collection":[{"href":"https:\/\/wp.ufpel.edu.br\/pibid\/wp-json\/wp\/v2\/pages"}],"about":[{"href":"https:\/\/wp.ufpel.edu.br\/pibid\/wp-json\/wp\/v2\/types\/page"}],"author":[{"embeddable":true,"href":"https:\/\/wp.ufpel.edu.br\/pibid\/wp-json\/wp\/v2\/users\/608"}],"replies":[{"embeddable":true,"href":"https:\/\/wp.ufpel.edu.br\/pibid\/wp-json\/wp\/v2\/comments?post=21"}],"version-history":[{"count":10,"href":"https:\/\/wp.ufpel.edu.br\/pibid\/wp-json\/wp\/v2\/pages\/21\/revisions"}],"predecessor-version":[{"id":845,"href":"https:\/\/wp.ufpel.edu.br\/pibid\/wp-json\/wp\/v2\/pages\/21\/revisions\/845"}],"up":[{"embeddable":true,"href":"https:\/\/wp.ufpel.edu.br\/pibid\/wp-json\/wp\/v2\/pages\/806"}],"wp:attachment":[{"href":"https:\/\/wp.ufpel.edu.br\/pibid\/wp-json\/wp\/v2\/media?parent=21"}],"curies":[{"name":"wp","href":"https:\/\/api.w.org\/{rel}","templated":true}]}}