{"id":18,"date":"2016-03-02T14:27:04","date_gmt":"2016-03-02T17:27:04","guid":{"rendered":"https:\/\/wp.ufpel.edu.br\/pibid\/?page_id=18"},"modified":"2026-03-18T10:46:18","modified_gmt":"2026-03-18T13:46:18","slug":"biblioteca-de-apoio","status":"publish","type":"page","link":"https:\/\/wp.ufpel.edu.br\/pibid\/publicacoes\/biblioteca-de-apoio\/","title":{"rendered":"BIBLIOTECA DE APOIO"},"content":{"rendered":"<div style=\"width: 229px\" class=\"wp-caption aligncenter\"><a href=\"https:\/\/docs.google.com\/file\/d\/0B078EGxuukQgNlVGb1F1NS14RjA\/edit\" target=\"_blank\"><img data-recalc-dims=\"1\" src=\"https:\/\/i0.wp.com\/static.wixstatic.com\/media\/0917de_1a204efd20c04f168f79c4d35bb5cfe2.jpg\/v1\/fill\/w_241%2Ch_340%2Cal_c%2Cq_80%2Cusm_0.66_1.00_0.01\/0917de_1a204efd20c04f168f79c4d35bb5cfe2.jpg?resize=219%2C309&#038;ssl=1\" alt=\"\" width=\"219\" height=\"309\" \/><\/a><p class=\"wp-caption-text\">A interdisciplinaridade como um movimento articulador no processo ensno-aprendizagem<\/p><\/div>\n<div style=\"width: 229px\" class=\"wp-caption aligncenter\"><a href=\"https:\/\/docs.google.com\/file\/d\/0B078EGxuukQgYnA3djc1eC1NVXM\/edit\" target=\"_blank\"><img data-recalc-dims=\"1\" src=\"https:\/\/i0.wp.com\/static.wixstatic.com\/media\/0917de_4e50fa65425646eb8bb973e1e8d3756a.png\/v1\/fill\/w_241%2Ch_340%2Cal_c%2Cq_80%2Cusm_0.66_1.00_0.01\/0917de_4e50fa65425646eb8bb973e1e8d3756a.png?resize=219%2C309&#038;ssl=1\" alt=\"\" width=\"219\" height=\"309\" \/><\/a><p class=\"wp-caption-text\">Forma\u00e7\u00e3o Docente em Di\u00e1logo &#8211; Volume 2<\/p><\/div>\n<div style=\"width: 229px\" class=\"wp-caption aligncenter\"><a href=\"https:\/\/docs.google.com\/file\/d\/0B078EGxuukQgV1l1X3F3WnhXX0U\/edit\" target=\"_blank\"><img data-recalc-dims=\"1\" src=\"https:\/\/i0.wp.com\/static.wixstatic.com\/media\/0917de_88e4178c61994e32911a8b45e302424f.png\/v1\/fill\/w_241%2Ch_340%2Cal_c%2Cq_80%2Cusm_0.66_1.00_0.01\/0917de_88e4178c61994e32911a8b45e302424f.png?resize=219%2C309&#038;ssl=1\" alt=\"\" width=\"219\" height=\"309\" \/><\/a><p class=\"wp-caption-text\">Forma\u00e7\u00e3o Docente em Di\u00e1logo &#8211; Volume 3<\/p><\/div>\n<div style=\"width: 229px\" class=\"wp-caption aligncenter\"><a href=\"https:\/\/docs.google.com\/file\/d\/0B078EGxuukQgaVdPTUhqRDNFazg\/edit\" target=\"_blank\"><img data-recalc-dims=\"1\" src=\"https:\/\/i0.wp.com\/static.wixstatic.com\/media\/0917de_4cb966ecfd0e42f9ade4060f2400c20c.jpg\/v1\/fill\/w_241%2Ch_338%2Cal_c%2Cq_80%2Cusm_0.66_1.00_0.01\/0917de_4cb966ecfd0e42f9ade4060f2400c20c.jpg?resize=219%2C307&#038;ssl=1\" alt=\"\" width=\"219\" height=\"307\" \/><\/a><p class=\"wp-caption-text\">O PIBID &#8211; A FORMA\u00c7\u00c3O DO PROFESSOR DE ARTES VISUAIS E AS ATIVIDADES DE ENSINO E PESQUISA NAS ESCOLAS MUNICIPAIS DE GOI\u00c2NIA \u2013 SEGUNDA FASE DO ENSINO B\u00c1SICO<\/p><\/div>\n<div style=\"width: 229px\" class=\"wp-caption aligncenter\"><a href=\"https:\/\/docs.google.com\/file\/d\/0B078EGxuukQgdDhDWGNDWmticW8\/edit\" target=\"_blank\"><img data-recalc-dims=\"1\" src=\"https:\/\/i0.wp.com\/static.wixstatic.com\/media\/0917de_406261af105749eaa9d2b39e8c4a1a6a.jpg\/v1\/fill\/w_241%2Ch_340%2Cal_c%2Cq_80%2Cusm_0.66_1.00_0.01\/0917de_406261af105749eaa9d2b39e8c4a1a6a.jpg?resize=219%2C309&#038;ssl=1\" alt=\"\" width=\"219\" height=\"309\" \/><\/a><p class=\"wp-caption-text\">Reestrutura\u00e7\u00e3o do Ensino M\u00e9dio<\/p><\/div>\n<div style=\"width: 229px\" class=\"wp-caption aligncenter\"><a href=\"https:\/\/docs.google.com\/file\/d\/0B078EGxuukQgby1YNy04dXNiTXc\/edit\" target=\"_blank\"><img data-recalc-dims=\"1\" src=\"https:\/\/i0.wp.com\/static.wixstatic.com\/media\/0917de_b7cad410e4fc4ce2951d54fea7b1ba00.jpg\/v1\/fill\/w_241%2Ch_340%2Cal_c%2Cq_80%2Cusm_0.66_1.00_0.01\/0917de_b7cad410e4fc4ce2951d54fea7b1ba00.jpg?resize=219%2C309&#038;ssl=1\" alt=\"\" width=\"219\" height=\"309\" \/><\/a><p class=\"wp-caption-text\">Interdisciplinaridade no Ensino M\u00e9dio Desafios e potencialidades<\/p><\/div>\n<div style=\"width: 229px\" class=\"wp-caption aligncenter\"><a href=\"https:\/\/docs.google.com\/file\/d\/0B078EGxuukQgSzJsWm5YSlRYQmM\/edit\" target=\"_blank\"><img data-recalc-dims=\"1\" src=\"https:\/\/i0.wp.com\/static.wixstatic.com\/media\/0917de_bccac3dd860c4f6b82769d36223e3b64.jpg\/v1\/fill\/w_241%2Ch_338%2Cal_c%2Cq_80%2Cusm_0.66_1.00_0.01\/0917de_bccac3dd860c4f6b82769d36223e3b64.jpg?resize=219%2C307&#038;ssl=1\" alt=\"\" width=\"219\" height=\"307\" \/><\/a><p class=\"wp-caption-text\">Pol\u00edticas docentes no Brasil &#8211; Um estado da Arte<\/p><\/div>\n<div style=\"width: 229px\" class=\"wp-caption aligncenter\"><a href=\"https:\/\/docs.google.com\/file\/d\/0B078EGxuukQgcEw4VjZhTWVNYU0\/edit\" target=\"_blank\"><img data-recalc-dims=\"1\" src=\"https:\/\/i0.wp.com\/static.wixstatic.com\/media\/0917de_1928d2a4e8c14558be31c18914791e74.png\/v1\/fill\/w_241%2Ch_339%2Cal_c%2Cq_80%2Cusm_0.66_1.00_0.01\/0917de_1928d2a4e8c14558be31c18914791e74.png?resize=219%2C308&#038;ssl=1\" alt=\"\" width=\"219\" height=\"308\" \/><\/a><p class=\"wp-caption-text\">PIBID UFPEL: CONSTRUINDO SABERES PROFISSIONAIS DOCENTES INTERDISCIPLINARES<\/p><\/div>\n<div style=\"width: 229px\" class=\"wp-caption aligncenter\"><a href=\"https:\/\/docs.google.com\/file\/d\/0B078EGxuukQgVVR0RmRGVFMxdDQ\/edit\" target=\"_blank\"><img data-recalc-dims=\"1\" src=\"https:\/\/i0.wp.com\/static.wixstatic.com\/media\/0917de_644098f62d95444da898a0249ded9dd4.png\/v1\/fill\/w_241%2Ch_336%2Cal_c%2Cq_80%2Cusm_0.66_1.00_0.01\/0917de_644098f62d95444da898a0249ded9dd4.png?resize=219%2C305&#038;ssl=1\" alt=\"\" width=\"219\" height=\"305\" \/><\/a><p class=\"wp-caption-text\">Um estudo avaliativo do Programa Institucional de Bolsas de Inicia\u00e7\u00e3o \u00e0 Doc\u00eancia (PIBID)<\/p><\/div>\n<div style=\"width: 229px\" class=\"wp-caption aligncenter\"><a href=\"https:\/\/docs.google.com\/file\/d\/0B078EGxuukQgc2hMbDJHY2lsME0\/edit\" target=\"_blank\"><img data-recalc-dims=\"1\" src=\"https:\/\/i0.wp.com\/static.wixstatic.com\/media\/0917de_988e51b64a5b409aac35b58eec940296.jpg\/v1\/fill\/w_241%2Ch_341%2Cal_c%2Cq_80%2Cusm_0.66_1.00_0.01\/0917de_988e51b64a5b409aac35b58eec940296.jpg?resize=219%2C310&#038;ssl=1\" alt=\"\" width=\"219\" height=\"310\" \/><\/a><p class=\"wp-caption-text\">IMPACTOS NA FORMA\u00c7\u00c3O INICIAL DE PROFESSORES: AS A\u00c7\u00d5ES DO PIBID UFPEL<\/p><\/div>\n<div style=\"width: 229px\" class=\"wp-caption aligncenter\"><a href=\"https:\/\/docs.google.com\/file\/d\/0B078EGxuukQgbmJsWVNuLTdDRnM\/edit\" target=\"_blank\"><img data-recalc-dims=\"1\" src=\"https:\/\/i0.wp.com\/static.wixstatic.com\/media\/0917de_32df701af65c4d27b2baacec1b5e265e.jpg\/v1\/fill\/w_241%2Ch_338%2Cal_c%2Cq_80%2Cusm_0.66_1.00_0.01\/0917de_32df701af65c4d27b2baacec1b5e265e.jpg?resize=219%2C307&#038;ssl=1\" alt=\"\" width=\"219\" height=\"307\" \/><\/a><p class=\"wp-caption-text\">O PROGRAMA INSTITUCIONAL DE BOLSA DE INICIA\u00c7\u00c3O \u00c0 DOC\u00caNCIA NA UNIVERSIDADE FEDERAL DE SANTA MARIA E A APRENDIZAGEM DA DOC\u00caNCIA PARA A EDUCA\u00c7\u00c3O B\u00c1SICA<\/p><\/div>\n<p>&nbsp;<\/p>\n<p>&nbsp;<\/p>\n<p>&nbsp;<\/p>\n<p>&nbsp;<\/p>\n<p>&nbsp;<\/p>\n<p>&nbsp;<\/p>\n<p>&nbsp;<\/p>\n<p>&nbsp;<\/p>\n<p>&nbsp;<\/p>\n","protected":false},"excerpt":{"rendered":"<p>&nbsp; &nbsp; &nbsp; &nbsp; &nbsp; &nbsp; &nbsp; &nbsp; &nbsp;<\/p>\n","protected":false},"author":608,"featured_media":0,"parent":806,"menu_order":2,"comment_status":"closed","ping_status":"closed","template":"","meta":{"jetpack_post_was_ever_published":false,"footnotes":""},"class_list":["post-18","page","type-page","status-publish","hentry"],"jetpack_sharing_enabled":true,"jetpack_shortlink":"https:\/\/wp.me\/P9eX8m-i","jetpack_likes_enabled":true,"jetpack-related-posts":[],"_links":{"self":[{"href":"https:\/\/wp.ufpel.edu.br\/pibid\/wp-json\/wp\/v2\/pages\/18","targetHints":{"allow":["GET"]}}],"collection":[{"href":"https:\/\/wp.ufpel.edu.br\/pibid\/wp-json\/wp\/v2\/pages"}],"about":[{"href":"https:\/\/wp.ufpel.edu.br\/pibid\/wp-json\/wp\/v2\/types\/page"}],"author":[{"embeddable":true,"href":"https:\/\/wp.ufpel.edu.br\/pibid\/wp-json\/wp\/v2\/users\/608"}],"replies":[{"embeddable":true,"href":"https:\/\/wp.ufpel.edu.br\/pibid\/wp-json\/wp\/v2\/comments?post=18"}],"version-history":[{"count":8,"href":"https:\/\/wp.ufpel.edu.br\/pibid\/wp-json\/wp\/v2\/pages\/18\/revisions"}],"predecessor-version":[{"id":312,"href":"https:\/\/wp.ufpel.edu.br\/pibid\/wp-json\/wp\/v2\/pages\/18\/revisions\/312"}],"up":[{"embeddable":true,"href":"https:\/\/wp.ufpel.edu.br\/pibid\/wp-json\/wp\/v2\/pages\/806"}],"wp:attachment":[{"href":"https:\/\/wp.ufpel.edu.br\/pibid\/wp-json\/wp\/v2\/media?parent=18"}],"curies":[{"name":"wp","href":"https:\/\/api.w.org\/{rel}","templated":true}]}}