{"id":1412,"date":"2026-03-18T13:16:21","date_gmt":"2026-03-18T16:16:21","guid":{"rendered":"https:\/\/wp.ufpel.edu.br\/pibid\/?page_id=1412"},"modified":"2026-04-08T16:37:32","modified_gmt":"2026-04-08T19:37:32","slug":"bolsista-de-iniciacao-a-docencia","status":"publish","type":"page","link":"https:\/\/wp.ufpel.edu.br\/pibid\/orientacoes\/bolsista-de-iniciacao-a-docencia\/","title":{"rendered":"BOLSISTA DE INICIA\u00c7\u00c3O \u00c0 DOC\u00caNCIA"},"content":{"rendered":"<p>Para saber como preencher a Plataforma Freire e o SCBA <a href=\"https:\/\/wp.ufpel.edu.br\/pibid\/files\/2026\/04\/Orientacoes-importantes-1.pdf\">clique aqui.<\/a><\/p>\n","protected":false},"excerpt":{"rendered":"<p>Para saber como preencher a Plataforma Freire e o SCBA clique aqui.<\/p>\n","protected":false},"author":608,"featured_media":0,"parent":1400,"menu_order":2,"comment_status":"closed","ping_status":"closed","template":"","meta":{"jetpack_post_was_ever_published":false,"footnotes":""},"class_list":["post-1412","page","type-page","status-publish","hentry"],"jetpack_sharing_enabled":true,"jetpack_shortlink":"https:\/\/wp.me\/P9eX8m-mM","jetpack_likes_enabled":true,"jetpack-related-posts":[],"_links":{"self":[{"href":"https:\/\/wp.ufpel.edu.br\/pibid\/wp-json\/wp\/v2\/pages\/1412","targetHints":{"allow":["GET"]}}],"collection":[{"href":"https:\/\/wp.ufpel.edu.br\/pibid\/wp-json\/wp\/v2\/pages"}],"about":[{"href":"https:\/\/wp.ufpel.edu.br\/pibid\/wp-json\/wp\/v2\/types\/page"}],"author":[{"embeddable":true,"href":"https:\/\/wp.ufpel.edu.br\/pibid\/wp-json\/wp\/v2\/users\/608"}],"replies":[{"embeddable":true,"href":"https:\/\/wp.ufpel.edu.br\/pibid\/wp-json\/wp\/v2\/comments?post=1412"}],"version-history":[{"count":4,"href":"https:\/\/wp.ufpel.edu.br\/pibid\/wp-json\/wp\/v2\/pages\/1412\/revisions"}],"predecessor-version":[{"id":1448,"href":"https:\/\/wp.ufpel.edu.br\/pibid\/wp-json\/wp\/v2\/pages\/1412\/revisions\/1448"}],"up":[{"embeddable":true,"href":"https:\/\/wp.ufpel.edu.br\/pibid\/wp-json\/wp\/v2\/pages\/1400"}],"wp:attachment":[{"href":"https:\/\/wp.ufpel.edu.br\/pibid\/wp-json\/wp\/v2\/media?parent=1412"}],"curies":[{"name":"wp","href":"https:\/\/api.w.org\/{rel}","templated":true}]}}