{"id":1409,"date":"2026-03-18T13:15:44","date_gmt":"2026-03-18T16:15:44","guid":{"rendered":"https:\/\/wp.ufpel.edu.br\/pibid\/?page_id=1409"},"modified":"2026-04-29T07:12:21","modified_gmt":"2026-04-29T10:12:21","slug":"coordenacao-de-area-e-supervisao","status":"publish","type":"page","link":"https:\/\/wp.ufpel.edu.br\/pibid\/orientacoes\/coordenacao-de-area-e-supervisao\/","title":{"rendered":"COORDENA\u00c7\u00c3O DE \u00c1REA E SUPERVIS\u00c3O"},"content":{"rendered":"<p><span style=\"font-size: 12pt;\"><strong>ORIENTA\u00c7\u00d5ES PARA CADASTRO NAS PLATAFORMAS FREIRE E SCBA:<\/strong><\/span><\/p>\n<p><a href=\"https:\/\/wp.ufpel.edu.br\/pibid\/files\/2026\/04\/Manual-Cadastro-ou-atualizacao-do-curriculo-Plataforma-Freire.docx.pdf\">Manual &#8211; Cadastro ou atualiza\u00e7\u00e3o do curr\u00edculo &#8211; Plataforma Freire 2026<\/a><\/p>\n<p><a href=\"https:\/\/wp.ufpel.edu.br\/pibid\/files\/2026\/03\/SCBA_Manual_Participante-Principal-PIBID2024.pdf\">Sistema de Controle de Bolsas e Aux\u00edlios \u2013 SCBA<\/a><\/p>\n<p><a href=\"https:\/\/wp.ufpel.edu.br\/pibid\/files\/2026\/03\/2024-Site-SCBA-cadastro-de-dados-bancarios.pdf\">Passo a Passo para cadastro de dados banc\u00e1rios dos bolsistas<\/a><\/p>\n<p><a href=\"https:\/\/wp.ufpel.edu.br\/pibid\/files\/2026\/03\/iNSTRUCAO.pdf\">Instru\u00e7\u00f5es para cadastro de dados banc\u00e1rios dos bolsistas por meio do aplicativo bolsista CAPES<\/a><\/p>\n<p>&nbsp;<\/p>\n<p><strong>ACOMPANHAMENTO DAS ATIVIDADES DO PIBID:<\/strong><\/p>\n<p><a href=\"https:\/\/wp.ufpel.edu.br\/pibid\/files\/2026\/03\/Relatorio-PIBID.docx\">Modelo relat\u00f3rio semestral<\/a><\/p>\n","protected":false},"excerpt":{"rendered":"<p>ORIENTA\u00c7\u00d5ES PARA CADASTRO NAS PLATAFORMAS FREIRE E SCBA: Manual &#8211; Cadastro ou atualiza\u00e7\u00e3o do curr\u00edculo &#8211; Plataforma Freire 2026 Sistema de Controle de Bolsas e Aux\u00edlios \u2013 SCBA Passo a Passo para cadastro de dados banc\u00e1rios dos bolsistas Instru\u00e7\u00f5es para cadastro de dados banc\u00e1rios dos bolsistas por meio do aplicativo bolsista CAPES &nbsp; ACOMPANHAMENTO DAS [&hellip;]<\/p>\n","protected":false},"author":608,"featured_media":0,"parent":1400,"menu_order":1,"comment_status":"closed","ping_status":"closed","template":"","meta":{"jetpack_post_was_ever_published":false,"footnotes":""},"class_list":["post-1409","page","type-page","status-publish","hentry"],"jetpack_sharing_enabled":true,"jetpack_shortlink":"https:\/\/wp.me\/P9eX8m-mJ","jetpack_likes_enabled":true,"jetpack-related-posts":[],"_links":{"self":[{"href":"https:\/\/wp.ufpel.edu.br\/pibid\/wp-json\/wp\/v2\/pages\/1409","targetHints":{"allow":["GET"]}}],"collection":[{"href":"https:\/\/wp.ufpel.edu.br\/pibid\/wp-json\/wp\/v2\/pages"}],"about":[{"href":"https:\/\/wp.ufpel.edu.br\/pibid\/wp-json\/wp\/v2\/types\/page"}],"author":[{"embeddable":true,"href":"https:\/\/wp.ufpel.edu.br\/pibid\/wp-json\/wp\/v2\/users\/608"}],"replies":[{"embeddable":true,"href":"https:\/\/wp.ufpel.edu.br\/pibid\/wp-json\/wp\/v2\/comments?post=1409"}],"version-history":[{"count":4,"href":"https:\/\/wp.ufpel.edu.br\/pibid\/wp-json\/wp\/v2\/pages\/1409\/revisions"}],"predecessor-version":[{"id":1457,"href":"https:\/\/wp.ufpel.edu.br\/pibid\/wp-json\/wp\/v2\/pages\/1409\/revisions\/1457"}],"up":[{"embeddable":true,"href":"https:\/\/wp.ufpel.edu.br\/pibid\/wp-json\/wp\/v2\/pages\/1400"}],"wp:attachment":[{"href":"https:\/\/wp.ufpel.edu.br\/pibid\/wp-json\/wp\/v2\/media?parent=1409"}],"curies":[{"name":"wp","href":"https:\/\/api.w.org\/{rel}","templated":true}]}}