{"id":1255,"date":"2023-05-19T18:09:02","date_gmt":"2023-05-19T21:09:02","guid":{"rendered":"https:\/\/wp.ufpel.edu.br\/pibid\/?page_id=1255"},"modified":"2026-03-18T13:09:00","modified_gmt":"2026-03-18T16:09:00","slug":"editais","status":"publish","type":"page","link":"https:\/\/wp.ufpel.edu.br\/pibid\/editais\/","title":{"rendered":"Editais"},"content":{"rendered":"<h1 style=\"text-align: center;\"><strong><span style=\"font-family: arial, helvetica, sans-serif; font-size: 24pt;\">Editais\u00a0<\/span><\/strong><\/h1>\n<h2><strong>2024\/2026<\/strong><\/h2>\n<ul>\n<li><a href=\"https:\/\/wp.ufpel.edu.br\/pre\/2024\/10\/09\/edital-nuprop-no-31-2024-selecao-em-fluxo-continuo-de-alunos-das-licenciaturas-da-ufpel-para-o-programa-institucional-de-bolsas-de-iniciacao-a-docencia-pibid-ufpel\/\">Edital 31\/2024 \u2013 Alunos Bolsistas PIBID (fluxo cont\u00ednuo)<\/a><\/li>\n<li><a href=\"https:\/\/wp.ufpel.edu.br\/pre\/files\/2024\/10\/SEI_23110.030526_2024_58-1-1.pdf\">Altera\u00e7\u00e3o de Cronograma<\/a><\/li>\n<li><a href=\"https:\/\/wp.ufpel.edu.br\/pre\/files\/2024\/10\/Homologacoes-alunos-PIBID-Resultado-Preliminar-retificado.pdf\">Homologa\u00e7\u00f5es Alunos PIBID \u2013 Resultado Preliminar (retificado)<\/a><\/li>\n<li><a href=\"https:\/\/wp.ufpel.edu.br\/pre\/files\/2024\/10\/Retificacao-Homologacoes.pdf\">Retifica\u00e7\u00e3o Homologa\u00e7\u00f5es<\/a><\/li>\n<li><a href=\"https:\/\/wp.ufpel.edu.br\/pre\/files\/2024\/10\/Homologacoes-Resultado-Final.retificado25.10-2.pdf\">Homologa\u00e7\u00e3o de Inscri\u00e7\u00f5es (final), data, hora e local das entrevistas (com altera\u00e7\u00f5es)<\/a><\/li>\n<li><a href=\"https:\/\/wp.ufpel.edu.br\/pre\/2024\/11\/01\/alunos-pibid-resultado-preliminar-edital-nuprop-no-31-2024\/\">Resultado Preliminar<\/a><\/li>\n<li><a href=\"http:\/\/wp.ufpel.edu.br\/pre\/2024\/11\/04\/alunos-pibid-resultado-final-edital-nuprop-no-31-2024\/\">Resultado Final<\/a><\/li>\n<li><a href=\"https:\/\/wp.ufpel.edu.br\/pre\/2024\/11\/18\/chamada-no-02-edital-nuprop-no-31-2024-selecao-em-fluxo-continuo-de-alunos-das-licenciaturas-da-ufpel-para-o-programa-institucional-de-bolsas-de-iniciacao-a-docencia-pibid-ufpel\/\">Edital 31\/2024 \u2013 Alunos Bolsistas PIBID (fluxo cont\u00ednuo) \u2013 Chamada 02<\/a><\/li>\n<li>\u00a0<a href=\"https:\/\/wp.ufpel.edu.br\/pre\/2024\/11\/21\/inscricoes-homologadas-da-chamada-no-02-do-processo-de-selecao-para-vagas-remanescentes-e-cadastro-reserva-de-bolsas-de-iniciacao-a-docencia-para-o-pibid-ufpel\/\">Homologa\u00e7\u00f5es Alunos PIBID \u2013 chamada 02<\/a><\/li>\n<li><a href=\"https:\/\/wp.ufpel.edu.br\/pre\/2024\/11\/22\/resultado-final-da-etapa-de-homologacao-de-inscricoes-e-data-hora-e-local-das-entrevistas-selecao-alunos-pibid-chamada-02\/\">Homologados ap\u00f3s recursos, datas e locais das entrevistas<\/a><\/li>\n<li><a href=\"https:\/\/wp.ufpel.edu.br\/pre\/2024\/11\/26\/resultado-preliminar-alunos-pibid-chamada-no-02-edital-nuprop-31-2024\/\">Resultado Preliminar<\/a><\/li>\n<li><a href=\"https:\/\/wp.ufpel.edu.br\/pre\/2024\/11\/27\/resultado-final-alunos-pibid-chamada-no-02-edital-nuprop-31-2024\/\">Resultado Final<\/a><\/li>\n<li><a href=\"https:\/\/wp.ufpel.edu.br\/pre\/files\/2025\/04\/SEI_3043727_Despacho.pdf\">Chamada 03 \u2013 Estudantes Pibid<\/a><\/li>\n<li><a href=\"https:\/\/wp.ufpel.edu.br\/pre\/files\/2025\/05\/SEI_3055803_Despacho.pdf\">Inscri\u00e7\u00f5es Homologadas<\/a><\/li>\n<li><a href=\"https:\/\/wp.ufpel.edu.br\/pre\/files\/2025\/05\/SEI_3061729_Despacho.pdf\">Inscri\u00e7\u00f5es Homologadas ap\u00f3s Recursos e Data, Hora e Local das Entrevistas \u2013 Sele\u00e7\u00e3o Estudantes PIBID \u2013 Chamada 03<\/a><\/li>\n<li><a href=\"https:\/\/wp.ufpel.edu.br\/pre\/files\/2025\/05\/SEI_3063635_Despacho.pdf\">Retifica\u00e7\u00e3o Entrevistas Hist\u00f3ria<\/a><\/li>\n<li><a href=\"https:\/\/wp.ufpel.edu.br\/pre\/files\/2025\/05\/SEI_3071036_Despacho.pdf\">Resultado Preliminar Estudantes PIBID Chamada 03<\/a><\/li>\n<li><a href=\"https:\/\/wp.ufpel.edu.br\/pre\/files\/2025\/05\/SEI_3075379_Despacho-1.pdf\">Resultado Final Estudantes PIBID Chamada 03<\/a><\/li>\n<li><a href=\"https:\/\/wp.ufpel.edu.br\/pre\/files\/2025\/06\/SEI_3105922_Despacho.pdf\">Chamada n\u00ba 04 \u2013 Estudantes PIBID \u2013 2025<\/a><\/li>\n<li><a href=\"https:\/\/wp.ufpel.edu.br\/pre\/files\/2025\/06\/SEI_3119385_Despacho.pdf\">Inscri\u00e7\u00f5es Homologadas<\/a><\/li>\n<li><a href=\"https:\/\/wp.ufpel.edu.br\/pre\/files\/2025\/06\/Inscricoes-Homologadas-apos-Recursos-e-Data-Hora-e-Local-das-Entrevistas-Selecao-Estudantes-PIBID-Chamada-04.pdf\">Inscri\u00e7\u00f5es Homologadas ap\u00f3s Recursos e Data, Hora e Local das Entrevistas \u2013 Sele\u00e7\u00e3o Estudantes PIBID \u2013 Chamada 04<\/a><\/li>\n<li><a href=\"https:\/\/wp.ufpel.edu.br\/pre\/files\/2025\/06\/SEI_3131333_Despacho.pdf\">Resultado Preliminar<\/a><\/li>\n<li><a href=\"https:\/\/wp.ufpel.edu.br\/pre\/files\/2025\/07\/SEI_3137794_Despacho.pdf\">Resultado Final<\/a><\/li>\n<li><a href=\"https:\/\/wp.ufpel.edu.br\/pre\/files\/2025\/09\/SEI_3302511_Despacho.pdf\">Chamada n\u00ba 05 \u2013 Estudantes PIBID<\/a><\/li>\n<li><a href=\"https:\/\/wp.ufpel.edu.br\/pre\/files\/2025\/09\/SEI_3335169_Despacho.pdf\">Inscri\u00e7\u00f5es Homologadas<\/a><\/li>\n<li><a href=\"https:\/\/wp.ufpel.edu.br\/pre\/files\/2025\/10\/SEI_3348073_Despacho.pdf\">Inscri\u00e7\u00f5es Homologadas e Informa\u00e7\u00f5es das Entrevistas \u2013 Estudantes PIBID \u2013 Chamada 05<\/a><\/li>\n<li><a href=\"https:\/\/wp.ufpel.edu.br\/pre\/files\/2025\/10\/SEI_3378423_Despacho.pdf\">Resultado Preliminar<\/a><\/li>\n<li><a href=\"https:\/\/wp.ufpel.edu.br\/pre\/files\/2025\/10\/SEI_3395913_Despacho.pdf\">Resultado Final<\/a><\/li>\n<\/ul>\n<p>&nbsp;<\/p>\n<ul>\n<li><a href=\"https:\/\/wp.ufpel.edu.br\/pre\/2024\/10\/11\/edital-nuprop-no-32-2024-selecao-de-professor-a-supervisor-a-para-o-pibid\/\">Edital 32\/2024 \u2013 Professores Supervisores PIBID<\/a><\/li>\n<li><a href=\"https:\/\/wp.ufpel.edu.br\/pre\/files\/2024\/10\/SEI_23110.030535_2024_49-1.pdf\">RETIFICA\u00c7\u00c3O DE CRONOGRAMA E CRIT\u00c9RIOS DE AN\u00c1LISE DO CURR\u00cdCULO<\/a><\/li>\n<li><a href=\"https:\/\/wp.ufpel.edu.br\/pre\/2024\/10\/31\/selecao-supervisores-pibid-resultado-final-da-etapa-de-homologacao-das-inscricoes-e-local-e-horario-das-entrevistas-edital-nuprop-no-32-2024\/\">Homologa\u00e7\u00e3o das Inscri\u00e7\u00f5es (Final), data, hora e local das Entrevistas (com altera\u00e7\u00f5es)<\/a><\/li>\n<li><a href=\"https:\/\/wp.ufpel.edu.br\/pre\/2024\/11\/08\/supervisores-pibid-resultado-preliminar-edital-nuprop-no-32-2024\/\">Resultado Preliminar<\/a><\/li>\n<li><a href=\"https:\/\/wp.ufpel.edu.br\/pre\/2024\/11\/11\/supervisores-pibid-resultado-final-edital-nuprop-no-32-2024\/\">Resultado Final<\/a><\/li>\n<li><a href=\"https:\/\/wp.ufpel.edu.br\/pre\/2024\/11\/18\/supervisores-pibid-resultado-final-retificado-edital-nuprop-no-32-2024\/\">Resultado Final (Retifica\u00e7\u00e3o Libras)<\/a><\/li>\n<li><a href=\"https:\/\/wp.ufpel.edu.br\/pre\/2024\/11\/18\/chamada-no-02-edital-nuprop-no-32-2024-selecao-de-professor-a-supervisor-a-para-o-pibid\/\">Edital 32\/2024 \u2013 Professores Supervisores PIBID \u2013 Chamada 02<\/a><\/li>\n<li><a href=\"https:\/\/wp.ufpel.edu.br\/pre\/2024\/11\/21\/inscricoes-homologadas-da-chamada-no-02-do-edital-nuprop-no-32-2024-do-processo-de-selecao-para-vagas-remanescentes-e-cadastro-reserva-de-bolsas-para-professores-supervisores-para-o-pibid-ufpel\/\">Homologa\u00e7\u00f5es Supervisores PIBID \u2013 chamada 02<\/a><\/li>\n<li><a href=\"https:\/\/wp.ufpel.edu.br\/pre\/2024\/11\/22\/resultado-final-da-etapa-de-homologacao-de-inscricoes-e-data-hora-e-local-das-entrevistas-supervisores-pibid-chamada-02\/\">Homologados ap\u00f3s recursos, datas e locais das entrevistas<\/a><\/li>\n<li><a href=\"https:\/\/wp.ufpel.edu.br\/pre\/2024\/11\/26\/resultado-preliminar-supervisores-pibid-chamada-no-02-edital-nuprop-32-2024\/\">Resultado Preliminar<\/a><\/li>\n<li><a href=\"https:\/\/wp.ufpel.edu.br\/pre\/2024\/11\/27\/resultado-final-supervisores-pibid-chamada-no-02-edital-nuprop-32-2024\/\">Resultado Final<\/a><\/li>\n<li><a href=\"https:\/\/wp.ufpel.edu.br\/pre\/2025\/04\/30\/selecao-de-professor-a-supervisor-a-para-substituicao-de-licenca-maternidade-no-subprojeto-educacao-fisica-do-programa-pibid-ufpel\/\">Chamada Substitui\u00e7\u00e3o Licen\u00e7a Maternidade Supervisora Educa\u00e7\u00e3o F\u00edsica PIBID<\/a><\/li>\n<li><a href=\"https:\/\/wp.ufpel.edu.br\/pre\/files\/2025\/05\/SEI_3055817_Despacho.pdf\">Inscri\u00e7\u00f5es Homologadas e data, hor\u00e1rio e local da entrevista<\/a><\/li>\n<li><a href=\"https:\/\/wp.ufpel.edu.br\/pre\/files\/2025\/05\/SEI_3063672_Despacho.pdf\">Resultado Final<\/a><\/li>\n<li><a href=\"https:\/\/wp.ufpel.edu.br\/pre\/files\/2025\/04\/SEI_3046422_Despacho.pdf\">Chamada 03 \u2013 Supervisores PIBID<\/a><\/li>\n<li><a href=\"https:\/\/wp.ufpel.edu.br\/pre\/files\/2025\/05\/SEI_3055815_Despacho.pdf\">Inscri\u00e7\u00f5es Homologadas<\/a><\/li>\n<li><a href=\"https:\/\/wp.ufpel.edu.br\/pre\/files\/2025\/05\/SEI_3061705_Despacho.pdf\">Inscri\u00e7\u00f5es Homologadas ap\u00f3s Recursos e Data, Hora e Local das Entrevistas \u2013 Supervisores PIBID \u2013 Chamada 03<\/a><\/li>\n<li><a href=\"https:\/\/wp.ufpel.edu.br\/pre\/files\/2025\/05\/SEI_3071041_Despacho.pdf\">Resultado Final Supervisores PIBID Chamada 03<\/a><\/li>\n<li><a href=\"https:\/\/wp.ufpel.edu.br\/pre\/files\/2025\/06\/SEI_3106016_Despacho.pdf\">Chamada 04 \u2013 Supervisores PIBID \u2013 2025<\/a><\/li>\n<li><a href=\"https:\/\/wp.ufpel.edu.br\/pre\/files\/2025\/06\/SEI_3119384_Despacho.pdf\">Inscri\u00e7\u00f5es Homologadas<\/a><\/li>\n<li><a href=\"https:\/\/wp.ufpel.edu.br\/pre\/files\/2025\/09\/SEI_3247517_Despacho.pdf\">Chamada Substitui\u00e7\u00e3o Licen\u00e7a Maternidade Supervisor(a) Dan\u00e7a do PIBID<\/a><\/li>\n<li><a href=\"https:\/\/wp.ufpel.edu.br\/pre\/files\/2025\/09\/SEI_3271077_Despacho.pdf\">Inscri\u00e7\u00f5es Homologadas e Data, Hora e Local das Entrevistas<\/a><\/li>\n<li><a href=\"https:\/\/wp.ufpel.edu.br\/pre\/files\/2025\/09\/Resultado.pdf\">Resultado<\/a><\/li>\n<li><a href=\"https:\/\/wp.ufpel.edu.br\/pre\/files\/2025\/09\/SEI_3302581_Despacho.pdf\">Chamada 05 \u2013 Supervisores PIBID<\/a><\/li>\n<li><a href=\"https:\/\/wp.ufpel.edu.br\/pre\/files\/2025\/10\/SEI_3362261_Despacho.pdf\">Prorroga\u00e7\u00e3o das Inscri\u00e7\u00f5es<\/a><\/li>\n<li><a href=\"https:\/\/wp.ufpel.edu.br\/pre\/files\/2025\/10\/SEI_3376463_Despacho.pdf\">Retifica\u00e7\u00e3o de Cronograma<\/a><\/li>\n<li><a href=\"https:\/\/wp.ufpel.edu.br\/pre\/files\/2025\/10\/SEI_3399401_Despacho.pdf\">Inscri\u00e7\u00f5es Homologadas<\/a><\/li>\n<li><a href=\"https:\/\/wp.ufpel.edu.br\/pre\/files\/2025\/10\/SEI_3405755_Despacho.pdf\">Inscri\u00e7\u00f5es Homologadas ap\u00f3s recursos, retifica\u00e7\u00e3o de cronograma e data, local e hor\u00e1rio das entrevistas<\/a><\/li>\n<li><a href=\"https:\/\/wp.ufpel.edu.br\/pre\/files\/2025\/10\/SEI_3418857_Despacho.pdf\">Resultado Preliminar<\/a><\/li>\n<li><a href=\"https:\/\/wp.ufpel.edu.br\/pre\/files\/2025\/10\/SEI_3426377_Despacho-1.pdf\">Resultado Final<\/a><\/li>\n<li><a href=\"https:\/\/wp.ufpel.edu.br\/pre\/files\/2026\/02\/SEI_3651476_Despacho.pdf\">Chamada 06 \u2013 Supervisores PIBID<\/a>\u00a0<span style=\"color: #ff0000;\">\u2013 NOVO<\/span><\/li>\n<\/ul>\n<p>&nbsp;<\/p>\n<ul>\n<li><a href=\"https:\/\/wp.ufpel.edu.br\/pre\/files\/2025\/05\/SEI_3059469_Edital_16.pdf\">Edital 16\/2025 \u2013 Coordena\u00e7\u00e3o de \u00c1rea de Gest\u00e3o de Processos Educacionais<\/a><\/li>\n<li><a href=\"https:\/\/wp.ufpel.edu.br\/pre\/files\/2025\/05\/SEI_3079535_Despacho-2.pdf\">Inscri\u00e7\u00f5es Homologadas<\/a><\/li>\n<li><a href=\"https:\/\/wp.ufpel.edu.br\/pre\/files\/2025\/05\/SEI_3083262_Despacho.pdf\">Homologados Ap\u00f3s Recursos<\/a><\/li>\n<li><a href=\"https:\/\/wp.ufpel.edu.br\/pre\/files\/2025\/05\/SEI_3087984_Despacho-2.pdf\">Resultado Preliminar<\/a><\/li>\n<li><a href=\"https:\/\/wp.ufpel.edu.br\/pre\/files\/2025\/05\/SEI_3094599_Despacho.pdf\">Resultado Final<\/a><\/li>\n<\/ul>\n<p>&nbsp;<\/p>\n<ul>\n<li><a href=\"https:\/\/wp.ufpel.edu.br\/pre\/files\/2025\/09\/SEI_3303053_Edital_27-2.pdf\">Edital n\u00ba 27\/2025 \u2013 Coordenador(a) de \u00c1rea de Gest\u00e3o de Processos Educacionais<\/a><\/li>\n<li><a href=\"https:\/\/wp.ufpel.edu.br\/pre\/files\/2025\/10\/SEI_3359579_Despacho-1.pdf\">Inscri\u00e7\u00f5es Homologadas<\/a><\/li>\n<li><a href=\"https:\/\/wp.ufpel.edu.br\/pre\/files\/2025\/10\/SEI_3372379_Despacho.pdf\">Inscri\u00e7\u00f5es Homologadas Ap\u00f3s Recursos<\/a><\/li>\n<li><a href=\"https:\/\/wp.ufpel.edu.br\/pre\/files\/2025\/10\/SEI_3416901_Despacho.pdf\">Altera\u00e7\u00e3o de Cronograma e Resultado Preliminar<\/a><\/li>\n<li><a href=\"https:\/\/wp.ufpel.edu.br\/pre\/files\/2025\/10\/SEI_3426371_Despacho.pdf\">Resultado Final<\/a><\/li>\n<\/ul>\n<p>&nbsp;<\/p>\n<p><strong><span style=\"font-size: 18pt;\">2022<\/span><\/strong><\/p>\n<ul>\n<li><span style=\"font-size: 14pt;\">Sele\u00e7\u00e3o em fluxo cont\u00ednuo de alunos das licenciaturas da UFPEL para o PIBID\u00a0\u00a0<\/span><\/li>\n<li>\u00a0<a href=\"https:\/\/wp.ufpel.edu.br\/pre\/files\/2022\/11\/Resultado-parcial-Fluxo-continuo-ESTUDANTES-1-1.pdf\">https:\/\/wp.ufpel.edu.br\/pre\/files\/2022\/11\/Resultado-parcial-Fluxo-continuo-ESTUDANTES-1-1.pdf<\/a><\/li>\n<\/ul>\n<p>&nbsp;<\/p>\n<ul>\n<li><span style=\"font-size: 14pt;\">Homologa\u00e7\u00e3o de inscri\u00e7\u00f5es e agendamentos de entrevistas &#8211; Sele\u00e7\u00e3o de alunos de alunos das licenciaturas para o PIBID\u00a0<\/span><\/li>\n<li><a href=\"https:\/\/wp.ufpel.edu.br\/pre\/files\/2022\/10\/Candidaturas-homologadas-PIBID-UFPel-2022-estudantes-POS-RECURSO-1.pdf\">https:\/\/wp.ufpel.edu.br\/pre\/files\/2022\/10\/Candidaturas-homologadas-PIBID-UFPel-2022-estudantes-POS-RECURSO-1.pdf<\/a><\/li>\n<\/ul>\n<p>&nbsp;<\/p>\n<ul>\n<li><span style=\"font-size: 14pt;\">Resultado final &#8211; Sele\u00e7\u00e3o coordenadores institucionais PIBID e Resid\u00eancia Pedag\u00f3gica\u00a0<\/span><\/li>\n<li>\u00a0<a href=\"https:\/\/wp.ufpel.edu.br\/pre\/files\/2022\/05\/SEI_23110.015010_2022_11-1-1.pdf\">https:\/\/wp.ufpel.edu.br\/pre\/files\/2022\/05\/SEI_23110.015010_2022_11-1-1.pdf<\/a><\/li>\n<\/ul>\n<p>&nbsp;<\/p>\n<p><strong><span style=\"font-size: 18pt;\">2021<\/span><\/strong><\/p>\n<ul>\n<li><span style=\"font-size: 14pt;\">Sele\u00e7\u00e3o de alunos das licenciaturas da UFPEL para o PIBID\u00a0<\/span><\/li>\n<li><a href=\"https:\/\/wp.ufpel.edu.br\/pre\/files\/2021\/09\/SEI_23110.027905_2021_18.pdf\">https:\/\/wp.ufpel.edu.br\/pre\/files\/2021\/09\/SEI_23110.027905_2021_18.pdf<\/a><\/li>\n<\/ul>\n<p>&nbsp;<\/p>\n<p><strong><span style=\"font-size: 18pt;\">2020<\/span><\/strong><\/p>\n<ul>\n<li><span style=\"font-size: 14pt;\">PRE divulga o resultado preliminar do edital 012\/2020 &#8211; Sele\u00e7\u00e3o de alunos para o PIBID\u00a0<\/span><\/li>\n<li><a href=\"https:\/\/wp.ufpel.edu.br\/pre\/2020\/09\/21\/pre-divulga-o-edital-012-2020-selecao-de-alunos-para-o-pibid\/\">https:\/\/wp.ufpel.edu.br\/pre\/2020\/09\/21\/pre-divulga-o-edital-012-2020-selecao-de-alunos-para-o-pibid\/<\/a><\/li>\n<\/ul>\n<p>&nbsp;<\/p>\n<ul>\n<li><span style=\"font-size: 14pt;\">PRE divulga o edital 012\/2020 &#8211; Sele\u00e7\u00e3o de alunos para o PIBID\u00a0<\/span><\/li>\n<li><a href=\"https:\/\/wp.ufpel.edu.br\/pre\/2020\/09\/21\/pre-divulga-o-edital-012-2020-selecao-de-alunos-para-o-pibid\/\">https:\/\/wp.ufpel.edu.br\/pre\/2020\/09\/21\/pre-divulga-o-edital-012-2020-selecao-de-alunos-para-o-pibid\/<\/a><\/li>\n<\/ul>\n<p>&nbsp;<\/p>\n<ul>\n<li><span style=\"font-size: 14pt;\">PRE divulga o resultado final do edital 009\/2020 &#8211; Sele\u00e7\u00e3o de alunos para o PIBID\u00a0<\/span><\/li>\n<li><a href=\"https:\/\/wp.ufpel.edu.br\/pre\/2020\/09\/04\/pre-divulga-o-edital-009-2020-selecao-de-alunos-para-o-pibid\/\">https:\/\/wp.ufpel.edu.br\/pre\/2020\/09\/04\/pre-divulga-o-edital-009-2020-selecao-de-alunos-para-o-pibid\/<\/a><\/li>\n<\/ul>\n<p>&nbsp;<\/p>\n<ul>\n<li><span style=\"font-size: 14pt;\">PRE divulga o resultado final do edital 008\/2020 &#8211; Sele\u00e7\u00e3o de professor supervisor para o PIBID (Filosofia\/Sociologia)\u00a0<\/span><\/li>\n<li><a href=\"https:\/\/wp.ufpel.edu.br\/pre\/2020\/09\/03\/pre-divulga-o-edital-008-2020-selecao-de-professor-supervisor-para-o-pibid-filosofia-sociologia\/\">https:\/\/wp.ufpel.edu.br\/pre\/2020\/09\/03\/pre-divulga-o-edital-008-2020-selecao-de-professor-supervisor-para-o-pibid-filosofia-sociologia\/<\/a><\/li>\n<\/ul>\n<p>&nbsp;<\/p>\n<ul>\n<li><span style=\"font-size: 14pt;\">PRE divulga o edital 009\/2020 &#8211; Sele\u00e7\u00e3o de alunos para o PIBID\u00a0<\/span><\/li>\n<li><a href=\"https:\/\/wp.ufpel.edu.br\/pre\/2020\/09\/04\/pre-divulga-o-edital-009-2020-selecao-de-alunos-para-o-pibid\/\">https:\/\/wp.ufpel.edu.br\/pre\/2020\/09\/04\/pre-divulga-o-edital-009-2020-selecao-de-alunos-para-o-pibid\/<\/a><\/li>\n<\/ul>\n<p>&nbsp;<\/p>\n<ul>\n<li><span style=\"font-size: 14pt;\">PRE divulga o resultado final de L\u00edngua Portuguesa do edital 004\/2020 &#8211; Sele\u00e7\u00e3o de alunos para o PIBID\u00a0<\/span><\/li>\n<li><a href=\"https:\/\/wp.ufpel.edu.br\/pre\/2020\/08\/03\/pre-divulga-o-edital-004-2020-selecao-de-alunos-para-o-pibid\/\">https:\/\/wp.ufpel.edu.br\/pre\/2020\/08\/03\/pre-divulga-o-edital-004-2020-selecao-de-alunos-para-o-pibid\/<\/a><\/li>\n<\/ul>\n<p>&nbsp;<\/p>\n<ul>\n<li><span style=\"font-size: 14pt;\">PRE divulga o edital 008\/2020 &#8211; Sele\u00e7\u00e3o de professor Supervisor para o PIBID (Filosofia\/Sociologia)\u00a0<\/span><\/li>\n<li><a href=\"https:\/\/wp.ufpel.edu.br\/pre\/2020\/09\/03\/pre-divulga-o-edital-008-2020-selecao-de-professor-supervisor-para-o-pibid-filosofia-sociologia\/\">https:\/\/wp.ufpel.edu.br\/pre\/2020\/09\/03\/pre-divulga-o-edital-008-2020-selecao-de-professor-supervisor-para-o-pibid-filosofia-sociologia\/<\/a><\/li>\n<\/ul>\n<p>&nbsp;<\/p>\n<ul>\n<li><span style=\"font-size: 14pt;\">PRE divulga o resultado final do edital 004\/2020 &#8211; Sele\u00e7\u00e3o de alunos para o PIBID\u00a0<\/span><\/li>\n<li><a href=\"https:\/\/wp.ufpel.edu.br\/pre\/2020\/08\/03\/pre-divulga-o-edital-004-2020-selecao-de-alunos-para-o-pibid\/\">https:\/\/wp.ufpel.edu.br\/pre\/2020\/08\/03\/pre-divulga-o-edital-004-2020-selecao-de-alunos-para-o-pibid\/<\/a><\/li>\n<\/ul>\n<p>&nbsp;<\/p>\n<ul>\n<li><span style=\"font-size: 14pt;\">PRE divulga o resultado final do edital 005\/2020 &#8211; Sele\u00e7\u00e3o de professor Supervisor para o PIBID\u00a0<\/span><\/li>\n<li><a href=\"https:\/\/wp.ufpel.edu.br\/pre\/2020\/08\/03\/pre-divulga-o-edital-005-2020-selecao-de-professor-supervisor-para-o-pibid\/\">https:\/\/wp.ufpel.edu.br\/pre\/2020\/08\/03\/pre-divulga-o-edital-005-2020-selecao-de-professor-supervisor-para-o-pibid\/<\/a><\/li>\n<\/ul>\n<p>&nbsp;<\/p>\n<ul>\n<li><span style=\"font-size: 14pt;\">PRE divulga o resultado preliminar do edital 005\/2020 &#8211; Sele\u00e7\u00e3o de professor Supervisor PIBID<\/span><\/li>\n<li><a href=\"https:\/\/wp.ufpel.edu.br\/pre\/2020\/08\/03\/pre-divulga-o-edital-005-2020-selecao-de-professor-supervisor-para-o-pibid\/\">https:\/\/wp.ufpel.edu.br\/pre\/2020\/08\/03\/pre-divulga-o-edital-005-2020-selecao-de-professor-supervisor-para-o-pibid\/<\/a><\/li>\n<\/ul>\n<p>&nbsp;<\/p>\n<ul>\n<li><span style=\"font-size: 14pt;\">PRE divulga o resultado preliminar do edital 004\/2020 &#8211; Sele\u00e7\u00e3o de alunos para o PIBID\u00a0\u00a0<\/span><\/li>\n<li><a href=\"https:\/\/wp.ufpel.edu.br\/pre\/2020\/08\/03\/pre-divulga-o-edital-004-2020-selecao-de-alunos-para-o-pibid\/\">https:\/\/wp.ufpel.edu.br\/pre\/2020\/08\/03\/pre-divulga-o-edital-004-2020-selecao-de-alunos-para-o-pibid\/<\/a><\/li>\n<\/ul>\n<p>&nbsp;<\/p>\n<ul>\n<li><span style=\"font-size: 14pt;\">PRE divulga a homologa\u00e7\u00e3o do edital 004\/2020 &#8211; Sele\u00e7\u00e3o de alunos para o PIBID\u00a0<\/span><\/li>\n<li><a href=\"https:\/\/wp.ufpel.edu.br\/pre\/2020\/08\/03\/pre-divulga-o-edital-004-2020-selecao-de-alunos-para-o-pibid\/\">https:\/\/wp.ufpel.edu.br\/pre\/2020\/08\/03\/pre-divulga-o-edital-004-2020-selecao-de-alunos-para-o-pibid\/<\/a><\/li>\n<\/ul>\n<p>&nbsp;<\/p>\n<ul>\n<li><span style=\"font-size: 14pt;\">PRE divulga a homologa\u00e7\u00e3o do edital 005\/2020 &#8211; Sele\u00e7\u00e3o de professor Supervisor para o PIBID <\/span><\/li>\n<li><a href=\"https:\/\/wp.ufpel.edu.br\/pre\/2020\/08\/03\/pre-divulga-o-edital-005-2020-selecao-de-professor-supervisor-para-o-pibid\/\">https:\/\/wp.ufpel.edu.br\/pre\/2020\/08\/03\/pre-divulga-o-edital-005-2020-selecao-de-professor-supervisor-para-o-pibid\/<\/a><\/li>\n<\/ul>\n<p>&nbsp;<\/p>\n<ul>\n<li><span style=\"font-size: 14pt;\">Prorrogada as inscri\u00e7\u00f5es para o PIBID edital 04\/2020 &#8211; Bolsas para alunos de inicia\u00e7\u00e3o a doc\u00eancia\u00a0<\/span><\/li>\n<li><a href=\"https:\/\/wp.ufpel.edu.br\/pre\/2020\/08\/03\/pre-divulga-o-edital-004-2020-selecao-de-alunos-para-o-pibid\/\">https:\/\/wp.ufpel.edu.br\/pre\/2020\/08\/03\/pre-divulga-o-edital-004-2020-selecao-de-alunos-para-o-pibid\/<\/a><\/li>\n<\/ul>\n<p>&nbsp;<\/p>\n<ul>\n<li>\u00a0<span style=\"font-size: 14pt;\">PRE divulga o edital 005\/2020 &#8211; Sele\u00e7\u00e3o de professor Supervisor para o PIBID\u00a0<\/span><\/li>\n<li><a href=\"https:\/\/wp.ufpel.edu.br\/pre\/2020\/08\/03\/pre-divulga-o-edital-005-2020-selecao-de-professor-supervisor-para-o-pibid\/\">https:\/\/wp.ufpel.edu.br\/pre\/2020\/08\/03\/pre-divulga-o-edital-005-2020-selecao-de-professor-supervisor-para-o-pibid\/<\/a><\/li>\n<\/ul>\n<p>&nbsp;<\/p>\n<ul>\n<li><span style=\"font-size: 14pt;\">PRE divulga o edital 004\/2020 &#8211; Sele\u00e7\u00e3o de alunos para o PIBID\u00a0<\/span><\/li>\n<li><a href=\"https:\/\/wp.ufpel.edu.br\/pre\/2020\/08\/03\/pre-divulga-o-edital-004-2020-selecao-de-alunos-para-o-pibid\/\">https:\/\/wp.ufpel.edu.br\/pre\/2020\/08\/03\/pre-divulga-o-edital-004-2020-selecao-de-alunos-para-o-pibid\/<\/a><\/li>\n<\/ul>\n<p><!--nextpage--><strong><span style=\"font-size: 14pt;\">Editais anteriores:\u00a0<\/span><\/strong><\/p>\n<p>&nbsp;<\/p>\n<p><strong><span style=\"font-size: 14pt;\">2018\u00a0<\/span><\/strong><\/p>\n<ul>\n<li><span style=\"font-size: 14pt;\">A PRE divulga edital para a sele\u00e7\u00e3o de Supervisor do PIBID<\/span><\/li>\n<li><a href=\"https:\/\/wp.ufpel.edu.br\/pre\/files\/2018\/08\/SEI_UFPel-0231081-Edital-PRE-N-11-2018-PIBID.pdf\">https:\/\/wp.ufpel.edu.br\/pre\/files\/2018\/08\/SEI_UFPel-0231081-Edital-PRE-N-11-2018-PIBID.pdf<\/a><\/li>\n<\/ul>\n<p>&nbsp;<\/p>\n<ul>\n<li><span style=\"font-size: 14pt;\">Inscri\u00e7\u00f5es homologadas de Supervisores do PIBID e cronograma de entrevistas <\/span><\/li>\n<li><a href=\"https:\/\/wp.ufpel.edu.br\/pre\/files\/2018\/07\/SEI_UFPel-0212670-Despacho.pdf\">https:\/\/wp.ufpel.edu.br\/pre\/files\/2018\/07\/SEI_UFPel-0212670-Despacho.pdf<\/a><\/li>\n<\/ul>\n<p>&nbsp;<\/p>\n<ul>\n<li><span style=\"font-size: 14pt;\">A PRE divulga novo edital para a sele\u00e7\u00e3o de coordenador da \u00e1rea do PIBID\u00a0<\/span><\/li>\n<li><a href=\"https:\/\/wp.ufpel.edu.br\/pre\/files\/2018\/04\/SEI_UFPel-0111055-Edital.pdf\">https:\/\/wp.ufpel.edu.br\/pre\/files\/2018\/04\/SEI_UFPel-0111055-Edital.pdf<\/a><\/li>\n<li><a href=\"https:\/\/view.officeapps.live.com\/op\/view.aspx?src=https%3A%2F%2Fwp.ufpel.edu.br%2Fpre%2Ffiles%2F2018%2F04%2FPlanilha-Edital-de-Selecao-de-coordenadores-1.xls&amp;wdOrigin=BROWSELINK\">https:\/\/view.officeapps.live.com\/op\/view.aspx?src=https%3A%2F%2Fwp.ufpel.edu.br%2Fpre%2Ffiles%2F2018%2F04%2FPlanilha-Edital-de-Selecao-de-coordenadores-1.xls&amp;wdOrigin=BROWSELINK<\/a><\/li>\n<\/ul>\n<p>&nbsp;<\/p>\n<p><strong><span style=\"font-size: 14pt;\">2017\u00a0<\/span><\/strong><\/p>\n<ul>\n<li><span style=\"font-size: 14pt;\">Edital de sele\u00e7\u00e3o de alunos para o PIBID\u00a0<\/span><\/li>\n<li><a href=\"https:\/\/goo.gl\/GzYTsY\">https:\/\/goo.gl\/GzYTsY<\/a><\/li>\n<\/ul>\n","protected":false},"excerpt":{"rendered":"<p>Editais\u00a0 2024\/2026 Edital 31\/2024 \u2013 Alunos Bolsistas PIBID (fluxo cont\u00ednuo) Altera\u00e7\u00e3o de Cronograma Homologa\u00e7\u00f5es Alunos PIBID \u2013 Resultado Preliminar (retificado) Retifica\u00e7\u00e3o Homologa\u00e7\u00f5es Homologa\u00e7\u00e3o de Inscri\u00e7\u00f5es (final), data, hora e local das entrevistas (com altera\u00e7\u00f5es) Resultado Preliminar Resultado Final Edital 31\/2024 \u2013 Alunos Bolsistas PIBID (fluxo cont\u00ednuo) \u2013 Chamada 02 \u00a0Homologa\u00e7\u00f5es Alunos PIBID \u2013 chamada 02 [&hellip;]<\/p>\n","protected":false},"author":608,"featured_media":0,"parent":0,"menu_order":3,"comment_status":"closed","ping_status":"closed","template":"","meta":{"jetpack_post_was_ever_published":false,"footnotes":""},"class_list":["post-1255","page","type-page","status-publish","hentry"],"jetpack_sharing_enabled":true,"jetpack_shortlink":"https:\/\/wp.me\/P9eX8m-kf","jetpack_likes_enabled":true,"jetpack-related-posts":[],"_links":{"self":[{"href":"https:\/\/wp.ufpel.edu.br\/pibid\/wp-json\/wp\/v2\/pages\/1255","targetHints":{"allow":["GET"]}}],"collection":[{"href":"https:\/\/wp.ufpel.edu.br\/pibid\/wp-json\/wp\/v2\/pages"}],"about":[{"href":"https:\/\/wp.ufpel.edu.br\/pibid\/wp-json\/wp\/v2\/types\/page"}],"author":[{"embeddable":true,"href":"https:\/\/wp.ufpel.edu.br\/pibid\/wp-json\/wp\/v2\/users\/608"}],"replies":[{"embeddable":true,"href":"https:\/\/wp.ufpel.edu.br\/pibid\/wp-json\/wp\/v2\/comments?post=1255"}],"version-history":[{"count":2,"href":"https:\/\/wp.ufpel.edu.br\/pibid\/wp-json\/wp\/v2\/pages\/1255\/revisions"}],"predecessor-version":[{"id":1338,"href":"https:\/\/wp.ufpel.edu.br\/pibid\/wp-json\/wp\/v2\/pages\/1255\/revisions\/1338"}],"wp:attachment":[{"href":"https:\/\/wp.ufpel.edu.br\/pibid\/wp-json\/wp\/v2\/media?parent=1255"}],"curies":[{"name":"wp","href":"https:\/\/api.w.org\/{rel}","templated":true}]}}