{"id":1245,"date":"2023-05-18T16:06:56","date_gmt":"2023-05-18T19:06:56","guid":{"rendered":"https:\/\/wp.ufpel.edu.br\/pibid\/?page_id=1245"},"modified":"2026-03-18T13:55:44","modified_gmt":"2026-03-18T16:55:44","slug":"blogs-do-pibid","status":"publish","type":"page","link":"https:\/\/wp.ufpel.edu.br\/pibid\/pibid-na-ufpel\/blogs-do-pibid\/","title":{"rendered":"PIBID NAS REDES SOCIAIS"},"content":{"rendered":"<p style=\"text-align: center;\"><strong>Projeto Institucional 2024 &#8211; 2026<\/strong><\/p>\n<p data-start=\"0\" data-end=\"339\">O Programa Institucional de Bolsa de Inicia\u00e7\u00e3o \u00e0 Doc\u00eancia (PIBID) da UFPel est\u00e1 presente nas redes sociais e em plataformas digitais. No Instagram e no Padlet, os subprojetos e n\u00facleos compartilham experi\u00eancias, pr\u00e1ticas pedag\u00f3gicas e atividades desenvolvidas nas escolas, bem como o cotidiano da forma\u00e7\u00e3o docente, potencializando e fortalecendo o di\u00e1logo entre universidade e escola. Acompanhe os perfis e fique por dentro das iniciativas desenvolvidas nas diferentes \u00e1reas.<\/p>\n<h3 data-section-id=\"1uaw72b\" data-start=\"114\" data-end=\"142\"><\/h3>\n<p data-start=\"228\" data-end=\"307\">\ud83d\udd17 <strong data-start=\"231\" data-end=\"262\">Alfabetiza\u00e7\u00e3o Anos Iniciais<\/strong><br data-start=\"262\" data-end=\"265\" \/><a class=\"decorated-link\" href=\"https:\/\/www.instagram.com\/pibidciematart\" target=\"_new\" rel=\"noopener\" data-start=\"265\" data-end=\"305\">https:\/\/www.instagram.com\/pibidciematart<\/a><\/p>\n<p data-start=\"311\" data-end=\"390\">\ud83d\udd17 <strong data-start=\"314\" data-end=\"344\">Biologia, F\u00edsica e Qu\u00edmica<\/strong><br data-start=\"344\" data-end=\"347\" \/><a class=\"decorated-link\" href=\"https:\/\/www.instagram.com\/pibid.biofisqui\" target=\"_new\" rel=\"noopener\" data-start=\"347\" data-end=\"388\">https:\/\/www.instagram.com\/pibid.biofisqui<\/a><\/p>\n<p data-start=\"394\" data-end=\"467\">\ud83d\udd17 <strong data-start=\"397\" data-end=\"417\">Ci\u00eancias Sociais<\/strong><br data-start=\"417\" data-end=\"420\" \/><a class=\"decorated-link\" href=\"https:\/\/www.instagram.com\/pibidcienciasociais\" target=\"_new\" rel=\"noopener\" data-start=\"420\" data-end=\"465\">https:\/\/www.instagram.com\/pibidcienciasociais<\/a><\/p>\n<p data-start=\"394\" data-end=\"467\">\ud83d\udd17 <strong data-start=\"68\" data-end=\"113\">Educa\u00e7\u00e3o Bil\u00edngue de Surdos (PIBID UFPel)<\/strong><br data-start=\"113\" data-end=\"116\" \/><a class=\"decorated-link\" href=\"https:\/\/www.instagram.com\/pibid.librasufpel\" target=\"_new\" rel=\"noopener\" data-start=\"116\" data-end=\"159\">https:\/\/www.instagram.com\/pibid.librasufpel<\/a><\/p>\n<p data-start=\"471\" data-end=\"534\">\ud83d\udd17 <strong data-start=\"474\" data-end=\"493\">Educa\u00e7\u00e3o F\u00edsica<\/strong><br data-start=\"493\" data-end=\"496\" \/><a class=\"decorated-link\" href=\"https:\/\/www.instagram.com\/pibid.esef\" target=\"_new\" rel=\"noopener\" data-start=\"496\" data-end=\"532\">https:\/\/www.instagram.com\/pibid.esef<\/a><\/p>\n<p data-start=\"538\" data-end=\"615\">\ud83d\udd17 <strong data-start=\"541\" data-end=\"562\">Educa\u00e7\u00e3o Infantil<\/strong><br data-start=\"562\" data-end=\"565\" \/><a class=\"decorated-link\" href=\"https:\/\/www.instagram.com\/pibideduinfantil_ufpel\" target=\"_new\" rel=\"noopener\" data-start=\"565\" data-end=\"613\">https:\/\/www.instagram.com\/pibideduinfantil_ufpel<\/a><\/p>\n<p data-start=\"619\" data-end=\"685\">\ud83d\udd17 <strong data-start=\"622\" data-end=\"635\">Filosofia<\/strong><br data-start=\"635\" data-end=\"638\" \/><a class=\"decorated-link\" href=\"https:\/\/www.instagram.com\/pibidfilosofiaufpel\" target=\"_new\" rel=\"noopener\" data-start=\"638\" data-end=\"683\">https:\/\/www.instagram.com\/pibidfilosofiaufpel<\/a><\/p>\n<p data-start=\"689\" data-end=\"755\">\ud83d\udd17 <strong data-start=\"692\" data-end=\"705\">Geografia<\/strong><br data-start=\"705\" data-end=\"708\" \/><a class=\"decorated-link\" href=\"https:\/\/www.instagram.com\/pibidgeografiaufpel\" target=\"_new\" rel=\"noopener\" data-start=\"708\" data-end=\"753\">https:\/\/www.instagram.com\/pibidgeografiaufpel<\/a><\/p>\n<p data-start=\"759\" data-end=\"841\">\ud83d\udd17 <strong data-start=\"762\" data-end=\"789\">Hist\u00f3ria \u2013 Ensino M\u00e9dio<\/strong><br data-start=\"789\" data-end=\"792\" \/><a class=\"decorated-link\" href=\"https:\/\/www.instagram.com\/pibidensinomedioufpel\" target=\"_new\" rel=\"noopener\" data-start=\"792\" data-end=\"839\">https:\/\/www.instagram.com\/pibidensinomedioufpel<\/a><\/p>\n<p data-start=\"845\" data-end=\"906\">\ud83d\udd17 <strong data-start=\"848\" data-end=\"858\">Ingl\u00eas<\/strong><br data-start=\"858\" data-end=\"861\" \/><a class=\"decorated-link\" href=\"https:\/\/www.instagram.com\/pibid.inglesufpel\" target=\"_new\" rel=\"noopener\" data-start=\"861\" data-end=\"904\">https:\/\/www.instagram.com\/pibid.inglesufpel<\/a><\/p>\n<p data-start=\"910\" data-end=\"1016\">\ud83d\udd17 <strong data-start=\"913\" data-end=\"960\">Letramento Liter\u00e1rio na EJA e Anos Iniciais<\/strong><br data-start=\"960\" data-end=\"963\" \/><a class=\"decorated-link\" href=\"https:\/\/www.instagram.com\/pibidletramentoliterario\/\" target=\"_new\" rel=\"noopener\" data-start=\"963\" data-end=\"1014\">https:\/\/www.instagram.com\/pibidletramentoliterario\/<\/a><\/p>\n<p data-start=\"910\" data-end=\"1016\">\ud83d\udd17 <strong data-start=\"68\" data-end=\"82\">Matem\u00e1tica<\/strong><br data-start=\"82\" data-end=\"85\" \/><a class=\"decorated-link\" href=\"https:\/\/padlet.com\/ritamatematica\/pibid-mat-n1-wg9p826p2wufvz2c\" target=\"_new\" rel=\"noopener\" data-start=\"85\" data-end=\"148\">https:\/\/padlet.com\/ritamatematica\/pibid-mat-n1-wg9p826p2wufvz2c<\/a><\/p>\n<p data-start=\"910\" data-end=\"1016\">\ud83d\udd17 <strong data-start=\"1023\" data-end=\"1033\">M\u00fasica<\/strong><br data-start=\"1033\" data-end=\"1036\" \/><a class=\"decorated-link\" href=\"https:\/\/www.instagram.com\/musica.pibidufpel\" target=\"_new\" rel=\"noopener\" data-start=\"1036\" data-end=\"1079\">https:\/\/www.instagram.com\/musica.pibidufpel<\/a><\/p>\n<p>&nbsp;<\/p>\n<p>&nbsp;<\/p>\n<p style=\"text-align: center;\"><strong>Projeto Institucional 2014 &#8211; 2018<\/strong><\/p>\n<p>O PIBID objetiva a valoriza\u00e7\u00e3o e aperfei\u00e7oamento dos professores em forma\u00e7\u00e3o vinculados a educa\u00e7\u00e3o b\u00e1sica. Nosso subgrupo, <strong>PIBID Artes Visuais<\/strong> \u00e9 igualmente comprometido com esse aperfei\u00e7oamento, para tanto, criamos esse Blog, a fim de compartilhar nossas descobertas, reflex\u00f5es, sentimentos e praticas provindas das trocas entre os bolsistas e as escolas, bem como fomentar as discuss\u00f5es que circundam nossa forma\u00e7\u00e3o com aqueles que aqui desejarem estabelecer essa troca. Sejam bem vindos!<\/p>\n<p>Para acessar o blog clique no link disponibilizado:\u00a0<a href=\"http:\/\/pibidartesvisuaislicenciatura2014.blogspot.com\/\">http:\/\/pibidartesvisuaislicenciatura2014.blogspot.com\/<\/a><\/p>\n<p>&nbsp;<\/p>\n<p>Este \u00e9 um blog dedicado ao Grupo<strong> PIBID Biologia<\/strong> da UFPEL 2014. Aqui voc\u00ea poder\u00e1 encontrar diversas informa\u00e7\u00f5es referentes a todos os envolvidos &#8211; Para acessar o blog clique no link disponibilizado:\u00a0<a href=\"http:\/\/biodocencia2014.blogspot.com\/\">http:\/\/biodocencia2014.blogspot.com\/<\/a><\/p>\n<p>&nbsp;<\/p>\n<p>Este \u00e9 um blog dedicado ao Grupo PIBID Ci\u00eancias Sociais UFPEL\/2014 &#8211; Para acessar o blog clique no link disponibilizado: <a href=\"http:\/\/pibidsociais.blogspot.com\/p\/textos.html\">http:\/\/pibidsociais.blogspot.com\/p\/textos.html<\/a><\/p>\n<p>&nbsp;<\/p>\n<p>Este estudo traz informa\u00e7\u00f5es para entendermos melhor o processo que a \u00e1rea da Dan\u00e7a passou e tem passado para conquistar seu espa\u00e7o no contexto escolar. Com o objetivo de apontar os principais caminhos legais e acad\u00eamicos percorridos para fazer leg\u00edtimo seu espa\u00e7o de atua\u00e7\u00e3o dentro do ensino formal da Educa\u00e7\u00e3o B\u00e1sica, dividimos a pesquisa em quatro momentos: 1) Os caminhos legais percorridos; 2) Antes das leis; 3) O curso de licenciatura e 4) O PIBID no contexto da dan\u00e7a. Utilizamos da pesquisa bibliogr\u00e1fica e documental para, de forma breve, trazer neste trabalho algumas informa\u00e7\u00f5es poss\u00edveis de serem encontradas nas redes de informa\u00e7\u00e3o digital. E com isso analisamos que, um primeiro espa\u00e7o de atua\u00e7\u00e3o do licenciado em dan\u00e7a na Educa\u00e7\u00e3o B\u00e1sica pode ser conquistado ainda durante a gradua\u00e7\u00e3o atrav\u00e9s do Programa Institucional de Bolsas de Inicia\u00e7\u00e3o \u00e0 Doc\u00eancia \u2013 PIBID. Para acessar o blog do curso de Dan\u00e7a, clique no link disponibilizado: <a href=\"http:\/\/pibiddanca.blogspot.com\/\">http:\/\/pibiddanca.blogspot.com\/<\/a><\/p>\n<p>&nbsp;<\/p>\n<p>O Curso de Licenciatura em <strong>Educa\u00e7\u00e3o F\u00edsica<\/strong> da Escola Superior de Educa\u00e7\u00e3o F\u00edsica (ESEF) da Universidade Federal de Pelotas (UFPel) passou a integrar o PIBID a partir do m\u00eas de Julho de 2012. Com 24 bolsistas e 4 volunt\u00e1rios, o PIBID-ESEF-UFPel iniciou atuando em sete escolas p\u00fablicas do munic\u00edpio de Pelotas-RS, desenvolvendo atividades que envolvem ensino e pesquisa. Este blog registra as atividades realizadas pelos bolsistas e pelos volunt\u00e1rios. Para acessar o blog clique no link disponibilizado:\u00a0 \u00a0<a href=\"http:\/\/pibidesefufpel.blogspot.com\/\">http:\/\/pibidesefufpel.blogspot.com\/<\/a><\/p>\n<p>&nbsp;<\/p>\n<p>Este \u00e9 um blog dedicado ao curso Filosofia UFPEL\/2016 &#8211; Para acessar o blog clique no link disponibilizado \u00a0<a href=\"https:\/\/pibidufpel.wixsite.com\/filosofia\">https:\/\/pibidufpel.wixsite.com\/filosofia<\/a><\/p>\n<p>&nbsp;<\/p>\n<p>Este \u00e9 um blog dedicado ao Grupo PIBID do curso de F\u00edsica &#8211; Para acessar o blog clique no link disponibilizado:\u00a0<a href=\"https:\/\/wp.ufpel.edu.br\/pibidfisica\/\">https:\/\/wp.ufpel.edu.br\/pibidfisica\/<\/a><\/p>\n<p>&nbsp;<\/p>\n<p>Este \u00e9 um blog dedicado ao PIBID Geografia UFPEL &#8211; Para acessar o blog clique no link disponibilizado: <a href=\"http:\/\/geografiaufpelpibid.blogspot.com\/\">http:\/\/geografiaufpelpibid.blogspot.com\/<\/a><\/p>\n<p>&nbsp;<\/p>\n<p>Este \u00e9 um blog dedicado ao PIBID Hist\u00f3ria UFPEL &#8211; Para acessar o blog clique no link disponibilizado:\u00a0<a href=\"http:\/\/pibidhistoriaufpel.blogspot.com\/\">http:\/\/pibidhistoriaufpel.blogspot.com\/<\/a><\/p>\n<p>&nbsp;<\/p>\n<p>Este \u00e9 um blog que dedicado ao PIBID Letras UFPEL &#8211; Para acessar clique no link disponibilizado:<a href=\"http:\/\/blogpibidletras.blogspot.com\/\">http:\/\/blogpibidletras.blogspot.com\/<\/a><\/p>\n<p>&nbsp;<\/p>\n<p>Somos alunos do Programa Institucional de Bolsas de Inicia\u00e7\u00e3o a Doc\u00eancia \u2013 PIBID no subprojeto \u201cMatem\u00e1tica nos Anos Iniciais\u201d que tem entre seus objetivos o desenvolvimento de materiais did\u00e1ticos manipul\u00e1veis que desenvolvam as habilidades b\u00e1sicas para o estudo de Matem\u00e1tica, tais como seria\u00e7\u00e3o, classifica\u00e7\u00e3o, correspond\u00eancia, equival\u00eancia, conserva\u00e7\u00e3o do n\u00famero, entre outras, que possibilitem a inser\u00e7\u00e3o no debate a respeito da atua\u00e7\u00e3o matem\u00e1tica dos professores dos anos iniciais do ensino fundamental.<\/p>\n<p>Blog dedicado ao PIBID Matem\u00e1tica UFPEL &#8211; Clique no link para acessar o blog: <a href=\"http:\/\/pibidmatematicaufpel.blogspot.com\/p\/nossas-atividades.html\">http:\/\/pibidmatematicaufpel.blogspot.com\/p\/nossas-atividades.html<\/a><\/p>\n<p>&nbsp;<\/p>\n<p>Blog destinado ao acompanhamento das atividades realizadas pelo PIBID M\u00fasica UFPEL\/2014\u00a0<a href=\"https:\/\/pibidmusicaufpel.wordpress.com\/\">https:\/\/pibidmusicaufpel.wordpress.com\/<\/a><\/p>\n<p>&nbsp;<\/p>\n<p class=\"site-description\"><span style=\"font-size: 12pt;\">O Pibid Pedagogia UFPEL, \u00e9 um subprojeto do Programa Institucional de Bolsas de Inicia\u00e7\u00e3o \u00e0 Doc\u00eancia (PIBID) que visa contribuir para uma forma\u00e7\u00e3o profissional mais completa dos alunos de licenciatura da universidade, de forma que eles possam relacionar a teoria com a pr\u00e1tica dentro das escolas p\u00fablicas parceiras. <\/span>Para acessar o blog clique no link:\u00a0<a href=\"http:\/\/pibid-pedagogia.blogspot.com\/\">http:\/\/pibid-pedagogia.blogspot.com\/<\/a><\/p>\n<p>&nbsp;<\/p>\n<p>Blog destinado para as atividades realizadas pelo PIBID Qu\u00edmica UFPEL &#8211; Para acessar o blog clique no link disponibilizado: <a href=\"https:\/\/pibidquimicaufpel.wixsite.com\/ufpel\">https:\/\/pibidquimicaufpel.wixsite.com\/ufpel<\/a><\/p>\n<p>&nbsp;<\/p>\n<p>Blog destinado para as atividades realizadas do PIBID Teatro UFPEL &#8211; Para acessar o blog clique no link disponibilizado:\u00a0<a href=\"http:\/\/pibidteatroufpel.blogspot.com\/\">http:\/\/pibidteatroufpel.blogspot.com\/<\/a><\/p>\n","protected":false},"excerpt":{"rendered":"<p>Projeto Institucional 2024 &#8211; 2026 O Programa Institucional de Bolsa de Inicia\u00e7\u00e3o \u00e0 Doc\u00eancia (PIBID) da UFPel est\u00e1 presente nas redes sociais e em plataformas digitais. No Instagram e no Padlet, os subprojetos e n\u00facleos compartilham experi\u00eancias, pr\u00e1ticas pedag\u00f3gicas e atividades desenvolvidas nas escolas, bem como o cotidiano da forma\u00e7\u00e3o docente, potencializando e fortalecendo o [&hellip;]<\/p>\n","protected":false},"author":608,"featured_media":0,"parent":1366,"menu_order":3,"comment_status":"closed","ping_status":"closed","template":"","meta":{"jetpack_post_was_ever_published":false,"footnotes":""},"class_list":["post-1245","page","type-page","status-publish","hentry"],"jetpack_sharing_enabled":true,"jetpack_shortlink":"https:\/\/wp.me\/P9eX8m-k5","jetpack_likes_enabled":true,"jetpack-related-posts":[],"_links":{"self":[{"href":"https:\/\/wp.ufpel.edu.br\/pibid\/wp-json\/wp\/v2\/pages\/1245","targetHints":{"allow":["GET"]}}],"collection":[{"href":"https:\/\/wp.ufpel.edu.br\/pibid\/wp-json\/wp\/v2\/pages"}],"about":[{"href":"https:\/\/wp.ufpel.edu.br\/pibid\/wp-json\/wp\/v2\/types\/page"}],"author":[{"embeddable":true,"href":"https:\/\/wp.ufpel.edu.br\/pibid\/wp-json\/wp\/v2\/users\/608"}],"replies":[{"embeddable":true,"href":"https:\/\/wp.ufpel.edu.br\/pibid\/wp-json\/wp\/v2\/comments?post=1245"}],"version-history":[{"count":3,"href":"https:\/\/wp.ufpel.edu.br\/pibid\/wp-json\/wp\/v2\/pages\/1245\/revisions"}],"predecessor-version":[{"id":1423,"href":"https:\/\/wp.ufpel.edu.br\/pibid\/wp-json\/wp\/v2\/pages\/1245\/revisions\/1423"}],"up":[{"embeddable":true,"href":"https:\/\/wp.ufpel.edu.br\/pibid\/wp-json\/wp\/v2\/pages\/1366"}],"wp:attachment":[{"href":"https:\/\/wp.ufpel.edu.br\/pibid\/wp-json\/wp\/v2\/media?parent=1245"}],"curies":[{"name":"wp","href":"https:\/\/api.w.org\/{rel}","templated":true}]}}