{"id":1210,"date":"2023-05-17T21:42:06","date_gmt":"2023-05-18T00:42:06","guid":{"rendered":"https:\/\/wp.ufpel.edu.br\/pibid\/?page_id=1210"},"modified":"2026-03-18T13:48:47","modified_gmt":"2026-03-18T16:48:47","slug":"publicacoes-pibid","status":"publish","type":"page","link":"https:\/\/wp.ufpel.edu.br\/pibid\/publicacoes\/publicacoes-pibid\/","title":{"rendered":"GALERIA PIBID"},"content":{"rendered":"<div>\n<h2 class=\"font_2\"><span class=\"color_11\">2015 &#8211;\u00a0<a href=\"http:\/\/pibidgestaoufpel.wix.com\/pibidufpel#!enalic\/c24wo\">5\u00ba ENCONTRO NACIONAL DAS LICENCIATURAS \/ 4\u00ba SEMINARIO DO PIBID<\/a><\/span><\/h2>\n<h2 class=\"font_2\"><span class=\"color_11\">2015 &#8211;\u00a0<a href=\"http:\/\/pibidgestaoufpel.wix.com\/pibidufpel#!4-evento\/cbmg\" target=\"_self\" rel=\"noopener\">IV\u00a0SEMIN\u00c1RIO PIBID-UFPEL: A INTERDISCIPLINARIDADE E SUAS<\/a>\u00a0<\/span><a href=\"http:\/\/pibidgestaoufpel.wix.com\/pibidufpel#!4-evento\/cbmg\" target=\"_self\" rel=\"noopener\"><span class=\"color_11\">REPERCUSS\u00d5ES NA FORMA\u00c7\u00c3O DOCENTE<\/span><\/a><\/h2>\n<h2 class=\"font_2\"><span class=\"color_11\">2014 &#8211;\u00a0<a href=\"https:\/\/pibidgestaoufpel.wixsite.com\/pibidufpelalbumevento\">III Semin\u00e1rio PIBID &#8211; UFPEl: Avaliando e superando desafios da doc\u00eancia<\/a><\/span><\/h2>\n<p>&nbsp;<\/p>\n<\/div>\n<p><!--nextpage--><\/p>\n<div><strong><span style=\"font-size: 14pt;\">Produ\u00e7\u00f5es das \u00e1reas\u00a0<\/span><\/strong><\/div>\n<div><\/div>\n<div><span style=\"font-size: 14pt;\">Nota: <span style=\"color: #333333;\"><span style=\"background-color: #ffffff;\">Para divulgar seu trabalho publicado em anais de eventos ou peri\u00f3dicos, referentes ao PIBID, envie-o para o e-mail:<\/span> \u00a0<\/span><\/span><span style=\"color: #808080; font-size: 14pt; font-family: arial, helvetica, sans-serif;\"><span style=\"color: #000000;\">pibid.gestao.ufpel@gmail.com<\/span><\/span><\/div>\n<div><\/div>\n<div style=\"text-align: center;\"><span style=\"font-size: 18pt;\"><strong>Apresenta\u00e7\u00e3o PIBID &#8211; IV Evento:<\/strong><\/span><\/div>\n<div><\/div>\n<div style=\"text-align: center;\"><a href=\"https:\/\/wp.ufpel.edu.br\/pibid\/files\/2016\/03\/IV-Sem.-ALCIDES-TARDE.ppt\" rel=\"\">IV Sem. &#8211; ALCIDES TARDE<\/a><\/div>\n<div>\n<p style=\"text-align: center;\"><a href=\"https:\/\/wp.ufpel.edu.br\/pibid\/files\/2016\/03\/IV-Sem.-Apresenta\u00e7\u00e3o-F\u00e9lix-da-Cunha-PIBID.pptx\" rel=\"\">IV Sem. &#8211; Apresenta\u00e7\u00e3o F\u00e9lix da Cunha PIBID<\/a><\/p>\n<p style=\"text-align: center;\"><a href=\"https:\/\/wp.ufpel.edu.br\/pibid\/files\/2016\/03\/IV-Sem.-Apresenta\u00e7\u00e3o-PIBID-01.09.15-final.pptx\" rel=\"\">IV Sem. &#8211; Apresenta\u00e7\u00e3o PIBID 01.09.15 &#8211; final<\/a><\/p>\n<p style=\"text-align: center;\"><a href=\"https:\/\/wp.ufpel.edu.br\/pibid\/files\/2016\/03\/IV-Sem.-DUNAS.pptx\" rel=\"\">IV Sem. &#8211; DUNAS<\/a><\/p>\n<p style=\"text-align: center;\"><a href=\"https:\/\/wp.ufpel.edu.br\/pibid\/files\/2016\/03\/IV-Sem.-FERREIRA-VIANNA.pptx\" rel=\"\">IV Sem. &#8211; FERREIRA VIANNA<\/a><\/p>\n<p style=\"text-align: center;\"><a href=\"https:\/\/wp.ufpel.edu.br\/pibid\/files\/2016\/03\/IV-Sem.-GET\u00daLIO-VARGAS.pptx\" rel=\"\">IV Sem. &#8211; GET\u00daLIO VARGAS<\/a><\/p>\n<p style=\"text-align: center;\"><a href=\"https:\/\/wp.ufpel.edu.br\/pibid\/files\/2016\/03\/IV-Sem.-Pluralidade-cultura.pptx\" rel=\"\">IV Sem. &#8211; Pluralidade cultura<\/a><\/p>\n<p style=\"text-align: center;\"><a href=\"https:\/\/wp.ufpel.edu.br\/pibid\/files\/2016\/03\/IV-Sem.-Proj.-Interdiciplinar-Alcides.pdf\" rel=\"\">IV Sem. &#8211; Proj. Interdiciplinar Alcides<\/a><\/p>\n<p style=\"text-align: center;\"><a href=\"https:\/\/wp.ufpel.edu.br\/pibid\/files\/2016\/03\/IV_Sem._-_Apresentacao_projeto_inter_fernando_os\u00f3rio.pptx\" rel=\"\">IV_Sem._-_Apresentacao_projeto_inter_fernando_os\u00f3rio<\/a><\/p>\n<p style=\"text-align: center;\"><a href=\"https:\/\/wp.ufpel.edu.br\/pibid\/files\/2016\/03\/IV_Sem._-_semin\u00e1rio-PIBID-AREAL_EF.pptx\" rel=\"\">IV_Sem._-_semin\u00e1rio-PIBID-AREAL_EF\u00a0<\/a><\/p>\n<\/div>\n<div class=\"item\" style=\"text-align: center;\"><\/div>\n<div style=\"text-align: center;\"><span style=\"font-size: 18pt;\"><strong>Produ\u00e7\u00e3o Matem\u00e1tica:<\/strong><\/span><\/div>\n<div><\/div>\n<div>\n<p style=\"text-align: center;\"><a href=\"https:\/\/wp.ufpel.edu.br\/pibid\/files\/2016\/03\/ENEM-TR\u00caS-OLHARES-SOBRE-EXPERI\u00caNCIA-E-FORMA\u00c7\u00c3O.pdf\" rel=\"\">ENEM &#8211; TR\u00caS OLHARES SOBRE EXPERI\u00caNCIA E FORMA\u00c7\u00c3O<\/a><\/p>\n<p style=\"text-align: center;\"><a href=\"https:\/\/wp.ufpel.edu.br\/pibid\/files\/2016\/03\/ENEM-Oficina-Geometrilegal-ENEM-final.pdf\" rel=\"\">ENEM &#8211; Oficina Geometrilegal ENEM &#8211; final<\/a><\/p>\n<p style=\"text-align: center;\"><a href=\"https:\/\/wp.ufpel.edu.br\/pibid\/files\/2016\/03\/ENEM-O-Ludico-e-a-Matem\u00e1tica-algumas-aproxima\u00e7\u00f5es.doc\" rel=\"\">ENEM &#8211; O Ludico e a Matem\u00e1tica &#8211; algumas aproxima\u00e7\u00f5es<\/a><\/p>\n<p style=\"text-align: center;\"><a href=\"https:\/\/wp.ufpel.edu.br\/pibid\/files\/2016\/03\/ENEM-MATEM\u00c1TICA-E-SKATISMO.pdf\" rel=\"\">ENEM &#8211; MATEM\u00c1TICA E SKATISMO<\/a> <a href=\"https:\/\/wp.ufpel.edu.br\/pibid\/files\/2016\/03\/ENEM-Geogebra.doc\" rel=\"\">ENEM &#8211; Geogebra<\/a><\/p>\n<p style=\"text-align: center;\"><a href=\"https:\/\/wp.ufpel.edu.br\/pibid\/files\/2016\/03\/ENEM-Constru\u00e7\u00e3o-de-Aprendizagens.doc\" rel=\"\">ENEM &#8211; Constru\u00e7\u00e3o de Aprendizagens<\/a><\/p>\n<p style=\"text-align: center;\"><a href=\"https:\/\/wp.ufpel.edu.br\/pibid\/files\/2016\/03\/ENEM-CARICATURA-GEOM\u00c9TRICA.pdf\" rel=\"\">ENEM &#8211; CARICATURA GEOM\u00c9TRICA<\/a><\/p>\n<p style=\"text-align: center;\"><a href=\"https:\/\/wp.ufpel.edu.br\/pibid\/files\/2016\/03\/ENEM-Aliando-Saberes.doc\" rel=\"\">ENEM &#8211; Aliando Saberes<\/a><\/p>\n<p style=\"text-align: center;\"><a href=\"https:\/\/wp.ufpel.edu.br\/pibid\/files\/2016\/03\/ENEM-a-vida-por-tr\u00e1s-das-express\u00f5es.doc\" rel=\"\">ENEM &#8211; a vida por tr\u00e1s das express\u00f5es<\/a><\/p>\n<p style=\"text-align: center;\"><a href=\"https:\/\/wp.ufpel.edu.br\/pibid\/files\/2016\/03\/ENEM-A-IMPORT\u00c2NCIA-DO-PIBID-NA-FORMA\u00c7\u00c3O-DOCENTE-EM-MATEM\u00c0TICA-\u2013-REFLEX\u00c3O-ENTRE-TEORIA-E-PR\u00c1TICA.doc\" rel=\"\">ENEM &#8211; A IMPORT\u00c2NCIA DO PIBID NA FORMA\u00c7\u00c3O DOCENTE EM MATEM\u00c0TICA \u2013 REFLEX\u00c3O ENTRE TEORIA E PR\u00c1TICA<\/a><\/p>\n<p style=\"text-align: center;\"><a href=\"https:\/\/wp.ufpel.edu.br\/pibid\/files\/2016\/03\/CIEM-UTILIZANDO-A-HIST\u00d3RIA-DA-MATEM\u00c1TICA-COMO-RECURSO-PARA.pdf\" rel=\"\">CIEM &#8211; UTILIZANDO A HIST\u00d3RIA DA MATEM\u00c1TICA COMO RECURSO\u00a0<\/a><\/p>\n<\/div>\n<p><!--nextpage--><\/p>\n<div class=\"item\" style=\"text-align: left;\"><span style=\"font-size: 14pt;\"><strong>Mostra de V\u00eddeos\u00a0<\/strong><\/span><\/div>\n<div><\/div>\n<div class=\"item\" style=\"text-align: left;\">\n<p>O Pibid-UFPel (2020-2022) conta com a parceria de 23 escolas p\u00fablicas do munic\u00edpio de Pelotas, sendo 15 municipais e 8 estaduais. O projeto institucional est\u00e1 organizado em 15 N\u00facleos: Artes Visuais, Biologia, Dan\u00e7a\/Teatro (interdisciplinar), Educa\u00e7\u00e3o F\u00edsica, F\u00edsica\/Qu\u00edmica (interdisciplinar), Geografia, Hist\u00f3ria, L\u00edngua Inglesa, L\u00edngua Portuguesa, Matem\u00e1tica Ensino Fundamental, Matem\u00e1tica Ensino M\u00e9dio, M\u00fasica, Pedagogia \u2013 Alfabetiza\u00e7\u00e3o: Educa\u00e7\u00e3o Infantil, Pedagogia-Alfabetiza\u00e7\u00e3o: Alfabetiza\u00e7\u00e3o em ensino de Ci\u00eancias e Matem\u00e1tica, Sociologia\/Filosofia (interdisciplinar).<\/p>\n<p>No ano de 2021 o Pibid-UFPel realizou uma Mostra de V\u00eddeos das Escolas com o objetivo de apresentar o contexto das escolas em que cada N\u00facleo atua; conhecer os sujeitos envolvidos no projeto, coordenadores\/as, supervisores\/as, alunos\/as de inicia\u00e7\u00e3o \u00e0 doc\u00eancia; socializar as a\u00e7\u00f5es de inicia\u00e7\u00e3o \u00e0 doc\u00eancia j\u00e1 desenvolvidas e os planejamentos previstos.<\/p>\n<p>Confira nos v\u00eddeos abaixo os tr\u00eas turnos da mostra, realizadas dias 30 e 31 de agosto.<\/p>\n<p><iframe title=\"MOSTRA DE V\u00cdDEOS DAS ESCOLAS PARCEIRAS DO PIBID-UFPEL [#01]\" width=\"500\" height=\"281\" src=\"https:\/\/www.youtube.com\/embed\/7vqsCw8oYyQ?feature=oembed\" frameborder=\"0\" allow=\"accelerometer; autoplay; clipboard-write; encrypted-media; gyroscope; picture-in-picture; web-share\" referrerpolicy=\"strict-origin-when-cross-origin\" allowfullscreen><\/iframe><\/p>\n<p><iframe title=\"MOSTRA DE V\u00cdDEOS DAS ESCOLAS PARCEIRAS DO PIBID-UFPEL [#02]\" width=\"500\" height=\"281\" src=\"https:\/\/www.youtube.com\/embed\/0UVMnw4QTc8?feature=oembed\" frameborder=\"0\" allow=\"accelerometer; autoplay; clipboard-write; encrypted-media; gyroscope; picture-in-picture; web-share\" referrerpolicy=\"strict-origin-when-cross-origin\" allowfullscreen><\/iframe><\/p>\n<p><iframe title=\"MOSTRA DE V\u00cdDEOS DAS ESCOLAS PARCEIRAS DO PIBID-UFPEL [#03]\" width=\"500\" height=\"281\" src=\"https:\/\/www.youtube.com\/embed\/aBxNnS7PRUw?feature=oembed\" frameborder=\"0\" allow=\"accelerometer; autoplay; clipboard-write; encrypted-media; gyroscope; picture-in-picture; web-share\" referrerpolicy=\"strict-origin-when-cross-origin\" allowfullscreen><\/iframe><\/p>\n<p>&nbsp;<\/p>\n<\/div>\n","protected":false},"excerpt":{"rendered":"<p>2015 &#8211;\u00a05\u00ba ENCONTRO NACIONAL DAS LICENCIATURAS \/ 4\u00ba SEMINARIO DO PIBID 2015 &#8211;\u00a0IV\u00a0SEMIN\u00c1RIO PIBID-UFPEL: A INTERDISCIPLINARIDADE E SUAS\u00a0REPERCUSS\u00d5ES NA FORMA\u00c7\u00c3O DOCENTE 2014 &#8211;\u00a0III Semin\u00e1rio PIBID &#8211; UFPEl: Avaliando e superando desafios da doc\u00eancia &nbsp;<\/p>\n","protected":false},"author":608,"featured_media":0,"parent":806,"menu_order":3,"comment_status":"closed","ping_status":"closed","template":"","meta":{"jetpack_post_was_ever_published":false,"footnotes":""},"class_list":["post-1210","page","type-page","status-publish","hentry"],"jetpack_sharing_enabled":true,"jetpack_shortlink":"https:\/\/wp.me\/P9eX8m-jw","jetpack_likes_enabled":true,"jetpack-related-posts":[],"_links":{"self":[{"href":"https:\/\/wp.ufpel.edu.br\/pibid\/wp-json\/wp\/v2\/pages\/1210","targetHints":{"allow":["GET"]}}],"collection":[{"href":"https:\/\/wp.ufpel.edu.br\/pibid\/wp-json\/wp\/v2\/pages"}],"about":[{"href":"https:\/\/wp.ufpel.edu.br\/pibid\/wp-json\/wp\/v2\/types\/page"}],"author":[{"embeddable":true,"href":"https:\/\/wp.ufpel.edu.br\/pibid\/wp-json\/wp\/v2\/users\/608"}],"replies":[{"embeddable":true,"href":"https:\/\/wp.ufpel.edu.br\/pibid\/wp-json\/wp\/v2\/comments?post=1210"}],"version-history":[{"count":3,"href":"https:\/\/wp.ufpel.edu.br\/pibid\/wp-json\/wp\/v2\/pages\/1210\/revisions"}],"predecessor-version":[{"id":1422,"href":"https:\/\/wp.ufpel.edu.br\/pibid\/wp-json\/wp\/v2\/pages\/1210\/revisions\/1422"}],"up":[{"embeddable":true,"href":"https:\/\/wp.ufpel.edu.br\/pibid\/wp-json\/wp\/v2\/pages\/806"}],"wp:attachment":[{"href":"https:\/\/wp.ufpel.edu.br\/pibid\/wp-json\/wp\/v2\/media?parent=1210"}],"curies":[{"name":"wp","href":"https:\/\/api.w.org\/{rel}","templated":true}]}}