{"id":12,"date":"2016-03-02T14:25:39","date_gmt":"2016-03-02T17:25:39","guid":{"rendered":"https:\/\/wp.ufpel.edu.br\/pibid\/?page_id=12"},"modified":"2026-03-18T10:37:19","modified_gmt":"2026-03-18T13:37:19","slug":"gestao","status":"publish","type":"page","link":"https:\/\/wp.ufpel.edu.br\/pibid\/pibid-na-ufpel\/gestao\/","title":{"rendered":"PIBID 2014 &#8211; 2018"},"content":{"rendered":"<div id=\"hxoy5d2t\" class=\"s7\">\n<div id=\"hxoy5d2trichTextContainer\" class=\"s7_richTextContainer s7richTextContainer\">\n<p class=\"font_8\"><strong>PIBID &#8211; Programa Institucional de Bolsa de Inicia\u00e7\u00e3o \u00e0 Doc\u00eancia<\/strong><\/p>\n<p>&nbsp;<\/p>\n<p>Edital CAPES N\u00b0 061\/2013<br \/>\nVig\u00eancia do Projeto 2014-2018<\/p>\n<p>&nbsp;<\/p>\n<p class=\"font_8\">\u00a0 \u00a0 \u00a0O Pibid \u00e9 uma iniciativa para o aperfei\u00e7oamento e a valoriza\u00e7\u00e3o da forma\u00e7\u00e3o de professores para a educa\u00e7\u00e3o b\u00e1sica.<\/p>\n<p class=\"font_8\">\u00a0 \u00a0 \u00a0O programa concede bolsas a alunos de licenciatura participantes de projetos de inicia\u00e7\u00e3o \u00e0 doc\u00eancia desenvolvidos por Institui\u00e7\u00f5es de Educa\u00e7\u00e3o Superior (IES) em parceria com escolas de educa\u00e7\u00e3o b\u00e1sica da rede p\u00fablica de ensino.<\/p>\n<p class=\"font_8\">\u00a0 \u00a0 \u00a0Os projetos devem promover a inser\u00e7\u00e3o dos estudantes no contexto das escolas p\u00fablicas desde o in\u00edcio da sua forma\u00e7\u00e3o acad\u00eamica para que desenvolvam atividades did\u00e1tico-pedag\u00f3gicas sob orienta\u00e7\u00e3o de um docente da licenciatura e de um professor da escola.<\/p>\n<\/div>\n<\/div>\n<p><img data-recalc-dims=\"1\" class=\"aligncenter\" src=\"https:\/\/i0.wp.com\/static.wixstatic.com\/media\/0917de_92d8d9fc5f024ff495abefec08c0f92f.png\/v1\/fill\/w_862%2Ch_611%2Cal_c%2Cusm_0.66_1.00_0.01\/0917de_92d8d9fc5f024ff495abefec08c0f92f.png?ssl=1\" alt=\"\" \/><\/p>\n<p>&nbsp;<\/p>\n<div id=\"hxoy5d2t\" class=\"s7\">\n<div id=\"hxoy5d2trichTextContainer\" class=\"s7_richTextContainer s7richTextContainer\">\n<p class=\"font_8\"><strong>Objetivos do Program<\/strong><strong>a<\/strong><\/p>\n<p>&nbsp;<\/p>\n<ul class=\"font_8\">\n<li>\n<p class=\"font_8\">\u00a0 \u00a0 \u00a0Incentivar a forma\u00e7\u00e3o de docentes em n\u00edvel superior para a educa\u00e7\u00e3o b\u00e1sica;<\/p>\n<\/li>\n<li>\n<p class=\"font_8\">\u00a0 \u00a0 \u00a0Contribuir para a valoriza\u00e7\u00e3o do magist\u00e9rio;<\/p>\n<\/li>\n<li>\n<p class=\"font_8\">\u00a0 \u00a0 \u00a0Elevar a qualidade da forma\u00e7\u00e3o inicial de professores nos cursos de licenciatura, promovendo a integra\u00e7\u00e3o entre educa\u00e7\u00e3o superior e educa\u00e7\u00e3o b\u00e1sica;<\/p>\n<\/li>\n<li>\n<p class=\"font_8\">\u00a0 \u00a0 \u00a0Inserir os licenciandos no cotidiano de escolas da rede p\u00fablica de educa\u00e7\u00e3o, proporcionando-lhes oportunidades de cria\u00e7\u00e3o e participa\u00e7\u00e3o em experi\u00eancias metodol\u00f3gicas, tecnol\u00f3gicas e pr\u00e1ticas docentes de car\u00e1ter inovador e interdisciplinar que busquem a supera\u00e7\u00e3o de problemas identificados no processo de ensino-aprendizagem;<\/p>\n<\/li>\n<li>\n<p class=\"font_8\">\u00a0 \u00a0 \u00a0Incentivar escolas p\u00fablicas de educa\u00e7\u00e3o b\u00e1sica, mobilizando seus professores como coformadores dos futuros docentes e tornando-as protagonistas nos processos de forma\u00e7\u00e3o inicial para o magist\u00e9rio;<\/p>\n<\/li>\n<li>\n<p class=\"font_8\">\u00a0 \u00a0 \u00a0Contribuir para a articula\u00e7\u00e3o entre teoria e pr\u00e1tica necess\u00e1rias \u00e0 forma\u00e7\u00e3o dos docentes, elevando a qualidade das a\u00e7\u00f5es acad\u00eamicas nos cursos de licenciatura.<\/p>\n<\/li>\n<\/ul>\n<\/div>\n<\/div>\n<p>&nbsp;<\/p>\n<p><img data-recalc-dims=\"1\" data-attachment-id=\"653\" data-permalink=\"https:\/\/wp.ufpel.edu.br\/pibid\/pibid-na-ufpel\/gestao\/tabela2\/\" data-orig-file=\"https:\/\/i0.wp.com\/wp.ufpel.edu.br\/pibid\/files\/2017\/11\/tabela2.png?fit=1136%2C612&amp;ssl=1\" data-orig-size=\"1136,612\" data-comments-opened=\"0\" data-image-meta=\"{&quot;aperture&quot;:&quot;0&quot;,&quot;credit&quot;:&quot;&quot;,&quot;camera&quot;:&quot;&quot;,&quot;caption&quot;:&quot;&quot;,&quot;created_timestamp&quot;:&quot;0&quot;,&quot;copyright&quot;:&quot;&quot;,&quot;focal_length&quot;:&quot;0&quot;,&quot;iso&quot;:&quot;0&quot;,&quot;shutter_speed&quot;:&quot;0&quot;,&quot;title&quot;:&quot;&quot;,&quot;orientation&quot;:&quot;0&quot;}\" data-image-title=\"tabela2\" data-image-description=\"\" data-image-caption=\"\" data-medium-file=\"https:\/\/i0.wp.com\/wp.ufpel.edu.br\/pibid\/files\/2017\/11\/tabela2.png?fit=400%2C215&amp;ssl=1\" data-large-file=\"https:\/\/i0.wp.com\/wp.ufpel.edu.br\/pibid\/files\/2017\/11\/tabela2.png?fit=1024%2C552&amp;ssl=1\" class=\" wp-image-653 aligncenter\" src=\"https:\/\/i0.wp.com\/wp.ufpel.edu.br\/pibid\/files\/2017\/11\/tabela2.png?resize=763%2C410&#038;ssl=1\" alt=\"\" width=\"763\" height=\"410\" srcset=\"https:\/\/i0.wp.com\/wp.ufpel.edu.br\/pibid\/files\/2017\/11\/tabela2.png?resize=400%2C215&amp;ssl=1 400w, https:\/\/i0.wp.com\/wp.ufpel.edu.br\/pibid\/files\/2017\/11\/tabela2.png?resize=768%2C414&amp;ssl=1 768w, https:\/\/i0.wp.com\/wp.ufpel.edu.br\/pibid\/files\/2017\/11\/tabela2.png?resize=1024%2C552&amp;ssl=1 1024w, https:\/\/i0.wp.com\/wp.ufpel.edu.br\/pibid\/files\/2017\/11\/tabela2.png?w=1136&amp;ssl=1 1136w\" sizes=\"(max-width: 763px) 100vw, 763px\" \/><\/p>\n<p>&nbsp;<\/p>\n<div id=\"hxoy5d2t\" class=\"s7\">\n<div id=\"hxoy5d2trichTextContainer\" class=\"s7_richTextContainer s7richTextContainer\">\n<p class=\"font_8\"><strong>Como funciona?<\/strong><\/p>\n<p class=\"font_8\">\u00a0 \u00a0 \u00a0Institui\u00e7\u00f5es de Educa\u00e7\u00e3o Superior interessadas em participar do Pibid devem apresentar \u00e0 Capes seus projetos de inicia\u00e7\u00e3o \u00e0 doc\u00eancia conforme os editais de sele\u00e7\u00e3o publicados. Podem se candidatar IES p\u00fablicas e privadas com e sem fins lucrativos que oferecem cursos de licenciatura.<\/p>\n<p class=\"font_8\">\u00a0 \u00a0 \u00a0As institui\u00e7\u00f5es aprovadas pela Capes recebem cotas de bolsas e recursos de custeio e capital para o desenvolvimento das atividades do projeto. Os bolsistas do Pibid s\u00e3o escolhidos por meio de sele\u00e7\u00f5es promovidas por cada IES.<\/p>\n<p>&nbsp;<\/p>\n<\/div>\n<\/div>\n<p><strong>Coordenadora Institucional<\/strong><\/p>\n<ul>\n<li><span style=\"font-size: 10pt\">VANESSA CALDEIRA LEITE<\/span> &#8211;\u00a0<span style=\"color: #3366ff\">leite.vanessa@hotmail.com<\/span><\/li>\n<\/ul>\n<p><strong>Coordenadores de Gest\u00e3o<\/strong><\/p>\n<ul>\n<li><span style=\"font-size: 10pt\">LOURDES MARIA BRAGAGNOLO FRISON<\/span> &#8211;\u00a0<span style=\"color: #3366ff\">frisonlourdes@gmail.com<\/span><\/li>\n<li><span style=\"font-size: 10pt\">ANDRE LUIS ANDREJEW FERREIRA<\/span> &#8211;\u00a0<span style=\"color: #3366ff\">andrejew.ferreira@gmail.com<\/span><\/li>\n<li><span style=\"font-size: 10pt\">FABIO ANDRE SANGIOGO<\/span> &#8211;\u00a0<span style=\"color: #3366ff\">fabiosangiogo@gmail.com<\/span><\/li>\n<\/ul>\n<p>&nbsp;<\/p>\n<div id=\"hxoy5d2t\" class=\"s7\">\n<div id=\"hxoy5d2trichTextContainer\" class=\"s7_richTextContainer s7richTextContainer\">\n<p class=\"font_8\"><strong>Modalidades de bolsa<\/strong><\/p>\n<p class=\"font_8\">\u00a0A Capes concede cinco modalidades de bolsa aos participantes do projeto institucional:<\/p>\n<p class=\"font_8\">\u00a0 \u00a0 \u00a01. Inicia\u00e7\u00e3o \u00e0 doc\u00eancia\u00a0\u2013 para estudantes de licenciatura das \u00e1reas abrangidas pelo subprojeto. Valor: R$400,00 (quatrocentos reais).<\/p>\n<p class=\"font_8\">\u00a0 \u00a0 \u00a02. Supervis\u00e3o\u00a0\u2013 para professores de escolas p\u00fablicas de educa\u00e7\u00e3o b\u00e1sica que supervisionam, no m\u00ednimo, cinco e, no m\u00e1ximo, dez bolsistas da licenciatura. Valor: R$765,00 (setecentos e sessenta e cinco reais).<\/p>\n<p class=\"font_8\">\u00a0 \u00a0 \u00a03. Coordena\u00e7\u00e3o de \u00e1rea\u00a0\u2013 para professores da licenciatura que coordenam subprojetos. Valor: R$1.400,00 (um mil e quatrocentos reais).<\/p>\n<p class=\"font_8\">\u00a0 \u00a0 \u00a04. Coordena\u00e7\u00e3o de \u00e1rea de gest\u00e3o de processos educacionais\u00a0\u2013 para o professor da licenciatura que auxilia na gest\u00e3o do projeto na IES. Valor: R$1.400,00 (um mil e quatrocentos reais).<\/p>\n<p class=\"font_8\">\u00a0 \u00a0 \u00a05. Coordena\u00e7\u00e3o institucional\u00a0\u2013 para o professor da licenciatura que coordena o projeto Pibid na IES. Permitida a concess\u00e3o de uma bolsa por projeto institucional. Valor: R$1.500,00 (um mil e quinhentos reais).<\/p>\n<p class=\"font_8\">As bolsas s\u00e3o pagas pela Capes diretamente aos bolsistas, por meio de cr\u00e9dito banc\u00e1rio.<\/p>\n<p>&nbsp;<\/p>\n<\/div>\n<\/div>\n<div id=\"hxoy5d2t\" class=\"s7\">\n<div id=\"hxoy5d2trichTextContainer\" class=\"s7_richTextContainer s7richTextContainer\">\n<p class=\"font_8\"><strong>Recursos de custeio e capital<\/strong><\/p>\n<p class=\"font_8\">\u00a0 \u00a0 \u00a0Institui\u00e7\u00f5es p\u00fablicas e privadas sem fins lucrativos participantes do Pibid podem receber recursos financeiros para custear despesas essenciais \u00e0 execu\u00e7\u00e3o dos projetos, por exemplo, a aquisi\u00e7\u00e3o de material de consumo para as atividades desenvolvidas nas escolas. A Capes pode conceder tanto recursos de custeio como de capital, conforme definido nos editais de sele\u00e7\u00e3o.<\/p>\n<\/div>\n<\/div>\n<div id=\"hzbj08uj\" class=\"s100\">\n<div id=\"hzbj08ujbg\" class=\"s100bg\">\u00a0<b><\/b><\/div>\n<p><img data-recalc-dims=\"1\" data-attachment-id=\"652\" data-permalink=\"https:\/\/wp.ufpel.edu.br\/pibid\/pibid-na-ufpel\/gestao\/tabela\/\" data-orig-file=\"https:\/\/i0.wp.com\/wp.ufpel.edu.br\/pibid\/files\/2017\/11\/tabela.png?fit=1024%2C634&amp;ssl=1\" data-orig-size=\"1024,634\" data-comments-opened=\"0\" data-image-meta=\"{&quot;aperture&quot;:&quot;0&quot;,&quot;credit&quot;:&quot;&quot;,&quot;camera&quot;:&quot;&quot;,&quot;caption&quot;:&quot;&quot;,&quot;created_timestamp&quot;:&quot;0&quot;,&quot;copyright&quot;:&quot;&quot;,&quot;focal_length&quot;:&quot;0&quot;,&quot;iso&quot;:&quot;0&quot;,&quot;shutter_speed&quot;:&quot;0&quot;,&quot;title&quot;:&quot;&quot;,&quot;orientation&quot;:&quot;0&quot;}\" data-image-title=\"tabela\" data-image-description=\"\" data-image-caption=\"\" data-medium-file=\"https:\/\/i0.wp.com\/wp.ufpel.edu.br\/pibid\/files\/2017\/11\/tabela.png?fit=400%2C248&amp;ssl=1\" data-large-file=\"https:\/\/i0.wp.com\/wp.ufpel.edu.br\/pibid\/files\/2017\/11\/tabela.png?fit=1024%2C634&amp;ssl=1\" class=\" wp-image-652 aligncenter\" src=\"https:\/\/i0.wp.com\/wp.ufpel.edu.br\/pibid\/files\/2017\/11\/tabela.png?resize=662%2C410&#038;ssl=1\" alt=\"\" width=\"662\" height=\"410\" srcset=\"https:\/\/i0.wp.com\/wp.ufpel.edu.br\/pibid\/files\/2017\/11\/tabela.png?resize=400%2C248&amp;ssl=1 400w, https:\/\/i0.wp.com\/wp.ufpel.edu.br\/pibid\/files\/2017\/11\/tabela.png?resize=768%2C476&amp;ssl=1 768w, https:\/\/i0.wp.com\/wp.ufpel.edu.br\/pibid\/files\/2017\/11\/tabela.png?w=1024&amp;ssl=1 1024w\" sizes=\"(max-width: 662px) 100vw, 662px\" \/><\/p>\n<\/div>\n","protected":false},"excerpt":{"rendered":"<p>PIBID &#8211; Programa Institucional de Bolsa de Inicia\u00e7\u00e3o \u00e0 Doc\u00eancia &nbsp; Edital CAPES N\u00b0 061\/2013 Vig\u00eancia do Projeto 2014-2018 &nbsp; \u00a0 \u00a0 \u00a0O Pibid \u00e9 uma iniciativa para o aperfei\u00e7oamento e a valoriza\u00e7\u00e3o da forma\u00e7\u00e3o de professores para a educa\u00e7\u00e3o b\u00e1sica. \u00a0 \u00a0 \u00a0O programa concede bolsas a alunos de licenciatura participantes de projetos de [&hellip;]<\/p>\n","protected":false},"author":608,"featured_media":0,"parent":1366,"menu_order":2,"comment_status":"closed","ping_status":"closed","template":"page-sem-sidebar.php","meta":{"jetpack_post_was_ever_published":false,"footnotes":""},"class_list":["post-12","page","type-page","status-publish","hentry"],"jetpack_sharing_enabled":true,"jetpack_shortlink":"https:\/\/wp.me\/P9eX8m-c","jetpack_likes_enabled":true,"jetpack-related-posts":[],"_links":{"self":[{"href":"https:\/\/wp.ufpel.edu.br\/pibid\/wp-json\/wp\/v2\/pages\/12","targetHints":{"allow":["GET"]}}],"collection":[{"href":"https:\/\/wp.ufpel.edu.br\/pibid\/wp-json\/wp\/v2\/pages"}],"about":[{"href":"https:\/\/wp.ufpel.edu.br\/pibid\/wp-json\/wp\/v2\/types\/page"}],"author":[{"embeddable":true,"href":"https:\/\/wp.ufpel.edu.br\/pibid\/wp-json\/wp\/v2\/users\/608"}],"replies":[{"embeddable":true,"href":"https:\/\/wp.ufpel.edu.br\/pibid\/wp-json\/wp\/v2\/comments?post=12"}],"version-history":[{"count":3,"href":"https:\/\/wp.ufpel.edu.br\/pibid\/wp-json\/wp\/v2\/pages\/12\/revisions"}],"predecessor-version":[{"id":1373,"href":"https:\/\/wp.ufpel.edu.br\/pibid\/wp-json\/wp\/v2\/pages\/12\/revisions\/1373"}],"up":[{"embeddable":true,"href":"https:\/\/wp.ufpel.edu.br\/pibid\/wp-json\/wp\/v2\/pages\/1366"}],"wp:attachment":[{"href":"https:\/\/wp.ufpel.edu.br\/pibid\/wp-json\/wp\/v2\/media?parent=12"}],"curies":[{"name":"wp","href":"https:\/\/api.w.org\/{rel}","templated":true}]}}