{"id":1107,"date":"2021-09-09T09:44:44","date_gmt":"2021-09-09T12:44:44","guid":{"rendered":"https:\/\/wp.ufpel.edu.br\/pibid\/?page_id=1107"},"modified":"2026-03-18T13:10:14","modified_gmt":"2026-03-18T16:10:14","slug":"mostra-de-videos","status":"publish","type":"page","link":"https:\/\/wp.ufpel.edu.br\/pibid\/mostra-de-videos\/","title":{"rendered":"Mostra de V\u00eddeos"},"content":{"rendered":"<p>O Pibid-UFPel (2020-2022) conta com a parceria de 23 escolas p\u00fablicas do munic\u00edpio de Pelotas, sendo 15 municipais e 8 estaduais. O projeto institucional est\u00e1 organizado em 15 N\u00facleos: Artes Visuais, Biologia, Dan\u00e7a\/Teatro (interdisciplinar), Educa\u00e7\u00e3o F\u00edsica, F\u00edsica\/Qu\u00edmica (interdisciplinar), Geografia, Hist\u00f3ria, L\u00edngua Inglesa, L\u00edngua Portuguesa, Matem\u00e1tica Ensino Fundamental, Matem\u00e1tica Ensino M\u00e9dio, M\u00fasica, Pedagogia \u2013 Alfabetiza\u00e7\u00e3o: Educa\u00e7\u00e3o Infantil, Pedagogia-Alfabetiza\u00e7\u00e3o: Alfabetiza\u00e7\u00e3o em ensino de Ci\u00eancias e Matem\u00e1tica, Sociologia\/Filosofia (interdisciplinar).<\/p>\n<p>No ano de 2021 o Pibid-UFPel realizou uma Mostra de V\u00eddeos das Escolas com o objetivo de apresentar o contexto das escolas em que cada N\u00facleo atua; conhecer os sujeitos envolvidos no projeto, coordenadores\/as, supervisores\/as, alunos\/as de inicia\u00e7\u00e3o \u00e0 doc\u00eancia; socializar as a\u00e7\u00f5es de inicia\u00e7\u00e3o \u00e0 doc\u00eancia j\u00e1 desenvolvidas e os planejamentos previstos.<\/p>\n<p>Confira nos v\u00eddeos abaixo os tr\u00eas turnos da mostra, realizadas dias 30 e 31 de agosto.<\/p>\n<p><a href=\"http:\/\/https:\/\/www.youtube.com\/watch?v=7vqsCw8oYyQ\">http:\/\/https:\/\/www.youtube.com\/watch?v=7vqsCw8oYyQ<\/a><\/p>\n<p>&nbsp;<\/p>\n<p><iframe title=\"MOSTRA DE V\u00cdDEOS DAS ESCOLAS PARCEIRAS DO PIBID-UFPEL [#02]\" width=\"500\" height=\"281\" src=\"https:\/\/www.youtube.com\/embed\/0UVMnw4QTc8?start=2&#038;feature=oembed\" frameborder=\"0\" allow=\"accelerometer; autoplay; clipboard-write; encrypted-media; gyroscope; picture-in-picture; web-share\" referrerpolicy=\"strict-origin-when-cross-origin\" allowfullscreen><\/iframe><\/p>\n<p>&nbsp;<\/p>\n<p><a href=\"http:\/\/https:\/\/www.youtube.com\/watch?v=aBxNnS7PRUw&#038;t=178s\">http:\/\/https:\/\/www.youtube.com\/watch?v=aBxNnS7PRUw&amp;t=178s<\/a><\/p>\n","protected":false},"excerpt":{"rendered":"<p>O Pibid-UFPel (2020-2022) conta com a parceria de 23 escolas p\u00fablicas do munic\u00edpio de Pelotas, sendo 15 municipais e 8 estaduais. O projeto institucional est\u00e1 organizado em 15 N\u00facleos: Artes Visuais, Biologia, Dan\u00e7a\/Teatro (interdisciplinar), Educa\u00e7\u00e3o F\u00edsica, F\u00edsica\/Qu\u00edmica (interdisciplinar), Geografia, Hist\u00f3ria, L\u00edngua Inglesa, L\u00edngua Portuguesa, Matem\u00e1tica Ensino Fundamental, Matem\u00e1tica Ensino M\u00e9dio, M\u00fasica, Pedagogia \u2013 Alfabetiza\u00e7\u00e3o: Educa\u00e7\u00e3o [&hellip;]<\/p>\n","protected":false},"author":608,"featured_media":0,"parent":0,"menu_order":7,"comment_status":"closed","ping_status":"closed","template":"","meta":{"jetpack_post_was_ever_published":false,"footnotes":""},"class_list":["post-1107","page","type-page","status-publish","hentry"],"jetpack_sharing_enabled":true,"jetpack_shortlink":"https:\/\/wp.me\/P9eX8m-hR","jetpack_likes_enabled":true,"jetpack-related-posts":[],"_links":{"self":[{"href":"https:\/\/wp.ufpel.edu.br\/pibid\/wp-json\/wp\/v2\/pages\/1107","targetHints":{"allow":["GET"]}}],"collection":[{"href":"https:\/\/wp.ufpel.edu.br\/pibid\/wp-json\/wp\/v2\/pages"}],"about":[{"href":"https:\/\/wp.ufpel.edu.br\/pibid\/wp-json\/wp\/v2\/types\/page"}],"author":[{"embeddable":true,"href":"https:\/\/wp.ufpel.edu.br\/pibid\/wp-json\/wp\/v2\/users\/608"}],"replies":[{"embeddable":true,"href":"https:\/\/wp.ufpel.edu.br\/pibid\/wp-json\/wp\/v2\/comments?post=1107"}],"version-history":[{"count":6,"href":"https:\/\/wp.ufpel.edu.br\/pibid\/wp-json\/wp\/v2\/pages\/1107\/revisions"}],"predecessor-version":[{"id":1116,"href":"https:\/\/wp.ufpel.edu.br\/pibid\/wp-json\/wp\/v2\/pages\/1107\/revisions\/1116"}],"wp:attachment":[{"href":"https:\/\/wp.ufpel.edu.br\/pibid\/wp-json\/wp\/v2\/media?parent=1107"}],"curies":[{"name":"wp","href":"https:\/\/api.w.org\/{rel}","templated":true}]}}