{"id":808,"date":"2022-01-07T10:42:41","date_gmt":"2022-01-07T13:42:41","guid":{"rendered":"https:\/\/wp.ufpel.edu.br\/pianolab\/?page_id=808"},"modified":"2022-01-31T23:33:39","modified_gmt":"2022-02-01T02:33:39","slug":"musica-estudantes","status":"publish","type":"page","link":"https:\/\/wp.ufpel.edu.br\/pianolab\/projetos\/interpretes-em-foco\/musica-estudantes\/","title":{"rendered":"Performances de Acad\u00eamicos do Curso"},"content":{"rendered":"<p style=\"text-align: center\"><strong>Recitais de estudantes do curso de bacharelado<br \/>\n&#8220;M\u00fasica &#8211; Piano&#8221;<\/strong><\/p>\n<p><a href=\"https:\/\/youtu.be\/118saBTjyyw\" target=\"_blank\" rel=\"noopener\">Felipe Henrique Oliveira \u2013 1\u00aa parte \u2013 Recital de Formatura<\/a> \u2013 29\/11\/2019<\/p>\n<p><a href=\"https:\/\/youtu.be\/NDnM-jvEd2Q\" target=\"_blank\" rel=\"noopener\">Felipe Henrique Oliveira \u2013 2\u00aa parte \u2013 Recital de Formatura<\/a> \u2013 29\/11\/2019<\/p>\n<p><a href=\"https:\/\/youtu.be\/du4i_0suaxg\" target=\"_blank\" rel=\"noopener\">Ta\u00eds Iracema Mendon\u00e7a Dewulf \u2013 Recital de Meio de Curso \u2013<\/a> 18\/12\/2020<\/p>\n<p style=\"text-align: center\"><strong>M\u00fasica de C\u00e2mara<\/strong><\/p>\n<p><a href=\"https:\/\/youtu.be\/ugZzLoJ5ur0\" target=\"_blank\" rel=\"noopener\">Dvo\u0159\u00e1k, Anton\u00edn (1841-1904) &#8211; Dan\u00e7a Eslava Op. 46 no. 4 &#8220;Sousedsk\u00e1&#8221;<\/a><br \/>\n<span style=\"font-size: 10pt\">Felipe Fran\u00e7a de Andrade Junqueira &amp; Felipe Bunilha Santos<\/span><br \/>\n<span style=\"font-size: 10pt\">(2021-1 &#8211; Ensino Remoto Emergencial \u2013 M\u00fasica de C\u00e2mara &#8211; UFPEL)<\/span><\/p>\n","protected":false},"excerpt":{"rendered":"<p>Recitais de estudantes do curso de bacharelado &#8220;M\u00fasica &#8211; Piano&#8221; Felipe Henrique Oliveira \u2013 1\u00aa parte \u2013 Recital de Formatura \u2013 29\/11\/2019 Felipe Henrique Oliveira \u2013 2\u00aa parte \u2013 Recital de Formatura \u2013 29\/11\/2019 Ta\u00eds Iracema Mendon\u00e7a Dewulf \u2013 Recital de Meio de Curso \u2013 18\/12\/2020 M\u00fasica de C\u00e2mara Dvo\u0159\u00e1k, Anton\u00edn (1841-1904) &#8211; Dan\u00e7a Eslava &hellip; <\/p>\n<p class=\"link-more\"><a href=\"https:\/\/wp.ufpel.edu.br\/pianolab\/projetos\/interpretes-em-foco\/musica-estudantes\/\" class=\"more-link\">Continue lendo<span class=\"screen-reader-text\"> &#8220;Performances de Acad\u00eamicos do Curso&#8221;<\/span><\/a><\/p>\n","protected":false},"author":1093,"featured_media":0,"parent":93,"menu_order":1,"comment_status":"closed","ping_status":"closed","template":"","meta":{"footnotes":""},"class_list":["post-808","page","type-page","status-publish","hentry"],"jetpack-related-posts":[],"jetpack_sharing_enabled":true,"_links":{"self":[{"href":"https:\/\/wp.ufpel.edu.br\/pianolab\/wp-json\/wp\/v2\/pages\/808","targetHints":{"allow":["GET"]}}],"collection":[{"href":"https:\/\/wp.ufpel.edu.br\/pianolab\/wp-json\/wp\/v2\/pages"}],"about":[{"href":"https:\/\/wp.ufpel.edu.br\/pianolab\/wp-json\/wp\/v2\/types\/page"}],"author":[{"embeddable":true,"href":"https:\/\/wp.ufpel.edu.br\/pianolab\/wp-json\/wp\/v2\/users\/1093"}],"replies":[{"embeddable":true,"href":"https:\/\/wp.ufpel.edu.br\/pianolab\/wp-json\/wp\/v2\/comments?post=808"}],"version-history":[{"count":6,"href":"https:\/\/wp.ufpel.edu.br\/pianolab\/wp-json\/wp\/v2\/pages\/808\/revisions"}],"predecessor-version":[{"id":950,"href":"https:\/\/wp.ufpel.edu.br\/pianolab\/wp-json\/wp\/v2\/pages\/808\/revisions\/950"}],"up":[{"embeddable":true,"href":"https:\/\/wp.ufpel.edu.br\/pianolab\/wp-json\/wp\/v2\/pages\/93"}],"wp:attachment":[{"href":"https:\/\/wp.ufpel.edu.br\/pianolab\/wp-json\/wp\/v2\/media?parent=808"}],"curies":[{"name":"wp","href":"https:\/\/api.w.org\/{rel}","templated":true}]}}