{"id":729,"date":"2021-06-19T20:33:13","date_gmt":"2021-06-19T23:33:13","guid":{"rendered":"https:\/\/wp.ufpel.edu.br\/pianolab\/?page_id=729"},"modified":"2025-12-17T10:37:00","modified_gmt":"2025-12-17T13:37:00","slug":"servidores-docs","status":"publish","type":"page","link":"https:\/\/wp.ufpel.edu.br\/pianolab\/servidores-docs\/","title":{"rendered":"Servidores (docs)"},"content":{"rendered":"<p style=\"text-align: center;\"><strong>\u2192 <a href=\"https:\/\/wp.ufpel.edu.br\/ca\/area-do-servidor\/\" target=\"_blank\" rel=\"noopener\">\u00c1rea do Servidor<\/a> <\/strong><br \/>\n(Portal do Centro de Artes)<\/p>\n<hr \/>\n<p style=\"text-align: center;\"><strong>UFPEL Digital<\/strong><\/p>\n<p style=\"text-align: center;\">\u2192 <a href=\"https:\/\/wp.ufpel.edu.br\/ufpeldigital\/materias-de-apoio\/\" target=\"_blank\" rel=\"noopener\">Material de Apoio<\/a><\/p>\n<p>&#8211; Orienta\u00e7\u00f5es Pedag\u00f3gicas<br \/>\n&#8211; Orienta\u00e7\u00f5es para alunos<br \/>\n&#8211; Orienta\u00e7\u00f5es Integra\u00e7\u00e3o Cobalto x E-Aula<br \/>\n&#8211; Orienta\u00e7\u00f5es para acesso ao E-Aula<br \/>\n&#8211; Orienta\u00e7\u00f5es para a utiliza\u00e7\u00e3o do WebConf UFPEL<br \/>\n&#8211; Canal de Atendimento para docentes e alunos<\/p>\n<hr \/>\n<p style=\"text-align: center;\"><strong>PianoLab<\/strong><\/p>\n<p><a href=\"https:\/\/wp.ufpel.edu.br\/pianolab\/files\/2023\/03\/Requerimento-para-Emprestimo-de-Equipamentos-PianoLab-UFPEL.docx\" target=\"_blank\" rel=\"noopener\"><span style=\"font-size: 10pt;\">Requerimento para Empre\u0301stimo de Equipamentos<\/span><\/a> <span style=\"font-size: 10pt;\">(.docx)<\/span><\/p>\n<p><a href=\"https:\/\/wp.ufpel.edu.br\/pianolab\/files\/2021\/06\/Inventa\u0301rio-PianoLab-UFPEL-com-planilha-da-soma-total-de-equipamentos.pdf\" target=\"_blank\" rel=\"noopener\"><span style=\"font-size: 10pt;\">2019-04 \u2013 PianoLab &#8211; Inventa\u0301rio<\/span><\/a><\/p>\n<p><a href=\"https:\/\/wp.ufpel.edu.br\/pianolab\/files\/2021\/06\/2019_12_04-PianoLab-Regimento.pdf\" target=\"_blank\" rel=\"noopener\"><span style=\"font-size: 10pt;\">2019-12 \u2013 PianoLab &#8211; Regimento<\/span><\/a><\/p>\n<hr \/>\n<p><a href=\"https:\/\/wp.ufpel.edu.br\/pianolab\/files\/2021\/06\/2021-03-Tutoria-Pesquisa-de-Prec\u0327os-para-Aquisic\u0327a\u0303o-de-Bens-e-Contratac\u0327a\u0303o-de-Sservic\u0327os.pdf\" target=\"_blank\" rel=\"noopener\"><span style=\"font-size: 10pt;\">2021-03 &#8211; Tutoria &#8211; Pesquisa de Prec\u0327os para Aquisic\u0327a\u0303o de Bens e Contratac\u0327a\u0303o de Sservic\u0327os<\/span><\/a> \u00a0\u00a0\u00a0\u00a0 <span style=\"font-size: 10pt;\"><span style=\"font-size: 8pt;\">[Origem: <a href=\"https:\/\/wp.ufpel.edu.br\/numat\/tutoriais\/\" target=\"_blank\" rel=\"noopener\">N\u00facleo de Materiais<\/a> da Pr\u00f3-Reitoria Administrativa]<\/span><br \/>\n<\/span><\/p>\n<hr \/>\n<p style=\"text-align: center;\"><a href=\"https:\/\/sippag-web.ufpel.edu.br\" target=\"_blank\" rel=\"noopener\">Sistema Integrado de Protocolo, Pagamento e Gest\u00e3o &#8211; SIPPAG Web<\/a><\/p>\n<p>&nbsp;<\/p>\n","protected":false},"excerpt":{"rendered":"<p>\u2192 \u00c1rea do Servidor (Portal do Centro de Artes) UFPEL Digital \u2192 Material de Apoio &#8211; Orienta\u00e7\u00f5es Pedag\u00f3gicas &#8211; Orienta\u00e7\u00f5es para alunos &#8211; Orienta\u00e7\u00f5es Integra\u00e7\u00e3o Cobalto x E-Aula &#8211; Orienta\u00e7\u00f5es para acesso ao E-Aula &#8211; Orienta\u00e7\u00f5es para a utiliza\u00e7\u00e3o do WebConf UFPEL &#8211; Canal de Atendimento para docentes e alunos PianoLab Requerimento para Empre\u0301stimo de &hellip; <\/p>\n<p class=\"link-more\"><a href=\"https:\/\/wp.ufpel.edu.br\/pianolab\/servidores-docs\/\" class=\"more-link\">Continue lendo<span class=\"screen-reader-text\"> &#8220;Servidores (docs)&#8221;<\/span><\/a><\/p>\n","protected":false},"author":1093,"featured_media":0,"parent":0,"menu_order":0,"comment_status":"closed","ping_status":"closed","template":"","meta":{"footnotes":""},"class_list":["post-729","page","type-page","status-publish","hentry"],"jetpack-related-posts":[],"jetpack_sharing_enabled":true,"_links":{"self":[{"href":"https:\/\/wp.ufpel.edu.br\/pianolab\/wp-json\/wp\/v2\/pages\/729","targetHints":{"allow":["GET"]}}],"collection":[{"href":"https:\/\/wp.ufpel.edu.br\/pianolab\/wp-json\/wp\/v2\/pages"}],"about":[{"href":"https:\/\/wp.ufpel.edu.br\/pianolab\/wp-json\/wp\/v2\/types\/page"}],"author":[{"embeddable":true,"href":"https:\/\/wp.ufpel.edu.br\/pianolab\/wp-json\/wp\/v2\/users\/1093"}],"replies":[{"embeddable":true,"href":"https:\/\/wp.ufpel.edu.br\/pianolab\/wp-json\/wp\/v2\/comments?post=729"}],"version-history":[{"count":4,"href":"https:\/\/wp.ufpel.edu.br\/pianolab\/wp-json\/wp\/v2\/pages\/729\/revisions"}],"predecessor-version":[{"id":1658,"href":"https:\/\/wp.ufpel.edu.br\/pianolab\/wp-json\/wp\/v2\/pages\/729\/revisions\/1658"}],"wp:attachment":[{"href":"https:\/\/wp.ufpel.edu.br\/pianolab\/wp-json\/wp\/v2\/media?parent=729"}],"curies":[{"name":"wp","href":"https:\/\/api.w.org\/{rel}","templated":true}]}}