{"id":72,"date":"2020-10-24T14:04:19","date_gmt":"2020-10-24T17:04:19","guid":{"rendered":"https:\/\/wp.ufpel.edu.br\/pianolab\/?page_id=72"},"modified":"2023-05-15T14:52:08","modified_gmt":"2023-05-15T17:52:08","slug":"contato","status":"publish","type":"page","link":"https:\/\/wp.ufpel.edu.br\/pianolab\/contato\/","title":{"rendered":"Contato"},"content":{"rendered":"<p style=\"text-align: center;\"><strong>PianoLab &#8211; Laborat\u00f3rio de Pr\u00e1ticas Pian\u00edsticas<br \/>\n<\/strong><span style=\"font-size: 10pt;\">Contato para publica\u00e7\u00f5es, sugest\u00f5es e corre\u00e7\u00f5es deste site:<\/span><strong><br \/>\n<\/strong><span style=\"font-size: 10pt;\">piano@ufpel.edu.br<\/span><\/p>\n<p style=\"text-align: center;\"><a href=\"https:\/\/wp.ufpel.edu.br\/bachmusica\/\" target=\"_blank\" rel=\"noopener noreferrer\"><strong>Bacharelados em M\u00fasica<\/strong><\/a><br \/>\n<span style=\"font-size: 10pt;\">bachareladomusica@ufpel.edu.br<\/span><br \/>\n<span style=\"font-size: 10pt;\">[Vide menu de redes sociais (link) no rodap\u00e9<\/span><\/p>\n<p style=\"text-align: center;\"><strong>Central de Colegiados<\/strong><br \/>\n<span style=\"font-size: 10pt;\">Bloco 1 \u2013 Sala 301 \u2013 (53) 3284-5518<\/span><\/p>\n<hr \/>\n<p style=\"text-align: center;\"><a href=\"https:\/\/wp.ufpel.edu.br\/ca\/\" target=\"_blank\" rel=\"noopener noreferrer\"><strong>Centro de Artes<\/strong> <\/a><\/p>\n<div class=\"textwidget\" style=\"text-align: center;\">\n<p><span style=\"font-size: 12pt;\">Endere\u00e7os:<\/span><br \/>\n<span style=\"font-size: 10pt;\">Bloco 1 (Secretarias): R. Coronel Alberto Rosa, 62 &#8211; Centro &#8211; Pelotas &#8211; RS &#8211; 96010-770<br \/>\nFone Recep\u00e7\u00e3o: (53) 3284-5512<\/span><br \/>\n<span style=\"font-size: 10pt;\">Bloco 2 (Novo): R. \u00c1lvaro Chaves n\u00ba 65 &#8211; Centro &#8211; Pelotas &#8211; RS &#8211; 96010-610<br \/>\nFone Recep\u00e7\u00e3o: (53) 3284-5516<br \/>\n<span style=\"font-size: 8pt;\">Obs.: Ambos endere\u00e7os remetem ao &#8220;Pr\u00e9dio 4&#8221;, correspondente aos dois blocos<\/span><\/span><\/p>\n<\/div>\n<p style=\"text-align: center;\">Secretaria Geral:<br \/>\n<span style=\"font-size: 10pt;\">Bloco 1 &#8211; Sala 101 \u2013 cearte.ufpel@gmail.com \u2013 (53) 3284-5513<\/span><\/p>\n<p style=\"text-align: center;\"><a href=\"http:\/\/auditorioiad.blogspot.com\/\" target=\"_blank\" rel=\"noopener\">Agenda dos Audit\u00f3rios 1 e 2<\/a><br \/>\n<span style=\"font-size: 10pt;\">Reservas:<\/span><br \/>\n<span style=\"font-size: 10pt;\">Bloco 1 &#8211; Sala 316 \u2013 auditorioiad@gmail.com \u2013 (53) 3284-5520<\/span><\/p>\n<p style=\"text-align: center;\"><span style=\"font-size: 10pt;\"><a href=\"https:\/\/wp.ufpel.edu.br\/mapacearte\/\" target=\"_blank\" rel=\"noopener\"><span style=\"font-size: 12pt;\">Mapa de Salas<\/span><\/a><br \/>\nReservas: cearte.ufpel@gmail.com<br \/>\n<\/span><\/p>\n<p style=\"text-align: center;\"><a href=\"https:\/\/wp.ufpel.edu.br\/ligca\/\" target=\"_blank\" rel=\"noopener\">Laborat\u00f3rio de Inform\u00e1tica da Gradua\u00e7\u00e3o \/ CA<\/a><br \/>\n<span style=\"font-size: 10pt;\">Bloco 1 &#8211; Sala 302 <\/span><br \/>\n<span style=\"font-size: 10pt;\">De segunda a sexta-feira das 8h \u00e0s 18hs<\/span><br \/>\n<span style=\"font-size: 10pt;\"><a href=\"https:\/\/wp.ufpel.edu.br\/ligca\/contato\/\" target=\"_blank\" rel=\"noopener\">Reservas<\/a> (obrigat\u00f3rio)<\/span><\/p>\n<hr \/>\n<p style=\"text-align: center;\"><span style=\"font-size: 10pt;\"><a href=\"https:\/\/wp.ufpel.edu.br\/bachpopmus\/\" target=\"_blank\" rel=\"noopener\"><span style=\"font-size: 12pt;\">N\u00facleo de M\u00fasica Popular<\/span> <\/a><br \/>\n<\/span><span style=\"font-size: 10pt;\">Est\u00fadio: Almirante Barroso, n\u00ba 1202. Pelotas, RS, Brasil &#8211; 96010-280<\/span><\/p>\n<hr \/>\n<p style=\"text-align: center;\"><span style=\"color: #ff0000;\"><strong>\u00d3rg\u00e3os Suplementares do CA<\/strong><\/span><\/p>\n<p style=\"text-align: center;\"><a href=\"https:\/\/wp.ufpel.edu.br\/conservatoriodemusica\/\" target=\"_blank\" rel=\"noopener noreferrer\"><strong>Conservat\u00f3rio de M\u00fasica<\/strong><\/a><br \/>\n<span style=\"font-size: 10pt;\">Rua F\u00e9lix Xavier da Cunha, 651<\/span><br \/>\n<span style=\"font-size: 10pt;\">Centro \u2013 Pelotas, RS, Brasil &#8211; 96010-000<\/span><br \/>\n<span style=\"font-size: 10pt;\">(53) 3284-3123 \u2013 conservatorioufpel@gmail.com<\/span><\/p>\n<p style=\"text-align: center;\"><a href=\"https:\/\/wp.ufpel.edu.br\/malg\/\" target=\"_blank\" rel=\"noopener noreferrer\"><strong>MALG \u2013 Museu de Arte Leopoldo Gotuzzo<\/strong>\u00a0 <\/a><br \/>\n<span style=\"font-size: 10pt;\">Pra\u00e7a 7 de Julho, 180 \u2013 Centro, Pelotas \/ RS<\/span><br \/>\n<span style=\"font-size: 10pt;\">(53) 3284.4319 \u2013 secretariamalg@gmail.com<\/span><\/p>\n<hr \/>\n<p style=\"text-align: center;\"><strong>Universidade Federal de Pelotas<br \/>\n<\/strong><a href=\"https:\/\/portal.ufpel.edu.br\/\" target=\"_blank\" rel=\"noopener noreferrer\">Portal UFPEL<\/a><br \/>\n<a href=\"https:\/\/institucional.ufpel.edu.br\/\" target=\"_blank\" rel=\"noopener\">Portal Institucional UFPEL <\/a><br \/>\n<a href=\"https:\/\/dados.ufpel.edu.br\" target=\"_blank\" rel=\"noopener\">Portal de Dados Abertos UFPEL<\/a><\/p>\n<p style=\"text-align: center;\"><a href=\"https:\/\/wp.ufpel.edu.br\/perguntas\/solicitar-atendimento\/\" target=\"_blank\" rel=\"noopener\">Solicita\u00e7\u00f5es de Atendimento<br \/>\nServidores, alunos e comunidade externa<\/a><strong><br \/>\n<\/strong><\/p>\n<p style=\"text-align: center;\"><a href=\"https:\/\/maphub.net\/ricardozifi\/a9\" target=\"_blank\" rel=\"noopener\">Mapa da UFPEL<\/a><br \/>\n<span style=\"font-size: 10pt;\">Campus Porto:<br \/>\n<\/span><span style=\"font-size: 10pt;\">Rua Gomes Carneiro, 1 &#8211; Centro &#8211; CEP 96010-610<br \/>\n<\/span><span style=\"font-size: 10pt;\">Pelotas, RS &#8211; Brasil<\/span><\/p>\n<p style=\"text-align: center;\">\n","protected":false},"excerpt":{"rendered":"<p>PianoLab &#8211; Laborat\u00f3rio de Pr\u00e1ticas Pian\u00edsticas Contato para publica\u00e7\u00f5es, sugest\u00f5es e corre\u00e7\u00f5es deste site: piano@ufpel.edu.br Bacharelados em M\u00fasica bachareladomusica@ufpel.edu.br [Vide menu de redes sociais (link) no rodap\u00e9 Central de Colegiados Bloco 1 \u2013 Sala 301 \u2013 (53) 3284-5518 Centro de Artes Endere\u00e7os: Bloco 1 (Secretarias): R. Coronel Alberto Rosa, 62 &#8211; Centro &#8211; Pelotas &#8211; &hellip; <\/p>\n<p class=\"link-more\"><a href=\"https:\/\/wp.ufpel.edu.br\/pianolab\/contato\/\" class=\"more-link\">Continue lendo<span class=\"screen-reader-text\"> &#8220;Contato&#8221;<\/span><\/a><\/p>\n","protected":false},"author":1093,"featured_media":0,"parent":0,"menu_order":0,"comment_status":"closed","ping_status":"closed","template":"","meta":{"footnotes":""},"class_list":["post-72","page","type-page","status-publish","hentry"],"jetpack-related-posts":[],"jetpack_sharing_enabled":true,"_links":{"self":[{"href":"https:\/\/wp.ufpel.edu.br\/pianolab\/wp-json\/wp\/v2\/pages\/72","targetHints":{"allow":["GET"]}}],"collection":[{"href":"https:\/\/wp.ufpel.edu.br\/pianolab\/wp-json\/wp\/v2\/pages"}],"about":[{"href":"https:\/\/wp.ufpel.edu.br\/pianolab\/wp-json\/wp\/v2\/types\/page"}],"author":[{"embeddable":true,"href":"https:\/\/wp.ufpel.edu.br\/pianolab\/wp-json\/wp\/v2\/users\/1093"}],"replies":[{"embeddable":true,"href":"https:\/\/wp.ufpel.edu.br\/pianolab\/wp-json\/wp\/v2\/comments?post=72"}],"version-history":[{"count":51,"href":"https:\/\/wp.ufpel.edu.br\/pianolab\/wp-json\/wp\/v2\/pages\/72\/revisions"}],"predecessor-version":[{"id":1539,"href":"https:\/\/wp.ufpel.edu.br\/pianolab\/wp-json\/wp\/v2\/pages\/72\/revisions\/1539"}],"wp:attachment":[{"href":"https:\/\/wp.ufpel.edu.br\/pianolab\/wp-json\/wp\/v2\/media?parent=72"}],"curies":[{"name":"wp","href":"https:\/\/api.w.org\/{rel}","templated":true}]}}