{"id":719,"date":"2021-06-10T00:31:27","date_gmt":"2021-06-10T03:31:27","guid":{"rendered":"https:\/\/wp.ufpel.edu.br\/pianolab\/?page_id=719"},"modified":"2023-05-18T17:01:52","modified_gmt":"2023-05-18T20:01:52","slug":"discentes-docs","status":"publish","type":"page","link":"https:\/\/wp.ufpel.edu.br\/pianolab\/discentes-docs\/","title":{"rendered":"Discentes (Docs)"},"content":{"rendered":"<p style=\"text-align: center;\"><strong>Seja Bem-Vindo(a)!\u00a0<\/strong><\/p>\n<p style=\"text-align: center;\"><span style=\"font-size: 14pt;\"><strong>Agenda de ensaios com o pianista\u00a0Daniel Benitz:<\/strong><\/span><br \/>\nAcesse a<strong><span style=\"color: #ff0000;\"> <a style=\"color: #ff0000;\" href=\"https:\/\/docs.google.com\/spreadsheets\/d\/1-b4NiN7TV-VFaHfn93U0G3tMu60ozHtiIXhyJ5G5Zeo\/edit?usp=sharing\" target=\"_blank\" rel=\"noopener\">Planilha<\/a><\/span><\/strong> com o contato, hor\u00e1rios e local para ensaios.<\/p>\n<hr \/>\n<hr \/>\n<p style=\"text-align: center;\">Sendo calouro ou veterano, n\u00e3o deixe de baixar e ler o <span style=\"font-size: 10pt;\"><a href=\"https:\/\/wp.ufpel.edu.br\/pianolab\/files\/2020\/11\/Guia-do-Estudante-UFPel_2020_rev12.pdf\" target=\"_blank\" rel=\"noopener noreferrer\">Guia do Estudante &#8211; 2020.<\/a><\/span><\/p>\n<hr \/>\n<hr \/>\n<p style=\"text-align: center;\" align=\"justify\"><span style=\"font-family: verdana, geneva, sans-serif; font-size: 14pt;\"><b>Atividades Complementares<br \/>\n(para formandos)<\/b><\/span><\/p>\n<p align=\"justify\"><span style=\"font-family: verdana, geneva, sans-serif;\">Carga hor\u00e1ria exigida para o Bacharelado em Piano: 502h<br \/>\n<\/span><\/p>\n<p align=\"justify\"><span style=\"font-family: verdana, geneva, sans-serif;\"><span style=\"font-size: 10pt;\">C.H. dos outros Bacharelados em M\u00fasica:<\/span><br \/>\n<span style=\"font-size: 10pt;\">Canto, Violino e Viol\u00e3o: 502h<br \/>\nFlauta Transversal e M\u00fasica Popular: 504h<br \/>\n<\/span><\/span><span style=\"font-family: verdana, geneva, sans-serif;\"><span style=\"font-size: 10pt;\">Ci\u00eancias Musicais: 543h<br \/>\nComposi\u00e7\u00e3o: 567h<br \/>\n<\/span><\/span><\/p>\n<p style=\"text-align: left;\" align=\"justify\"><span style=\"font-family: verdana, geneva, sans-serif;\">O Projeto Pedag\u00f3gico do Bacharelado em Piano\u00a0<\/span>lista as atividades que podem ser consideradas complementares na se\u00e7\u00e3o &#8220;7.4 Forma\u00e7\u00e3o Complementar&#8221;. Tamb\u00e9m explica que uma \u00fanica atividade n\u00e3o pode ultrapassar 1\/3 do total de horas. Portanto, dever\u00e3o ser comprovadas, no m\u00ednimo, tr\u00eas atividades.<\/p>\n<p style=\"text-align: left;\" align=\"justify\"><span style=\"font-family: verdana, geneva, sans-serif;\"><span style=\"font-size: 10pt;\">[Projetos Pedag\u00f3gicos dos cursos de Bacharelado em M\u00fasica:\u00a0<a href=\"https:\/\/drive.google.com\/drive\/folders\/1xZcsGLUkPC_qc43NTPnBguKDpjChyNhT?usp=sharing\" target=\"_blank\" rel=\"noopener\">aqui<\/a>]\u00a0<\/span><b><\/b><\/span><\/p>\n<p style=\"text-align: left;\" align=\"justify\"><span style=\"font-family: verdana, geneva, sans-serif;\">Permanecendo d\u00favidas sobre os tipos de atividades, horas, etc., envi\u00e1-las ao coordenador: bachareladomusica@ufpel.edu.br.<\/span><\/p>\n<p style=\"text-align: left;\" align=\"justify\"><span style=\"font-family: verdana, geneva, sans-serif;\">O\u00a0<a href=\"https:\/\/wp.ufpel.edu.br\/pianolab\/discentes-docs\/formulario-atividades-complementares-novo\/\" rel=\"attachment wp-att-1541\">Formul\u00e1rio Atividades Complementares &#8211; novo<\/a> deve ser submetido conforme instru\u00e7\u00f5es no pr\u00f3prio formul\u00e1rio.<\/span><\/p>\n<p><span style=\"font-family: verdana, geneva, sans-serif;\">Obs. 1.\u00a0O formul\u00e1rio \u00e9 um anexo e n\u00e3o serve como comprovante.<\/span><\/p>\n<p style=\"text-align: left;\" align=\"justify\"><span style=\"font-family: verdana, geneva, sans-serif;\">Obs. 2. N\u00e3o receberemos as atividades complementares parcialmente. S\u00f3 devem ser enviadas quando o total de horas estiver completo.<\/span><\/p>\n<p style=\"text-align: left;\" align=\"justify\"><span style=\"font-family: verdana, geneva, sans-serif;\">Obs. 3. As atividades devem ser enviadas em formato digital, escaneadas.<\/span><\/p>\n<hr \/>\n<hr \/>\n<p style=\"text-align: center;\"><strong><span style=\"font-size: 14pt;\">Trabalho de Conclus\u00e3o de Curso (TCC):<\/span><br \/>\n<\/strong><a href=\"https:\/\/wp.ufpel.edu.br\/pianolab\/files\/2020\/11\/Manual-normas-versa\u0303o-site.pdf\" target=\"_blank\" rel=\"noopener noreferrer\"><span style=\"font-size: 10pt;\">Manual de Normas UFPel para Trabalhos Acad\u00eamicos &#8211; 2019<\/span><\/a><span style=\"font-size: 10pt;\">.<\/span><\/p>\n<p>O Sistema de Bibliotecas da UFPEL cont\u00e9m\u00a0<a href=\"https:\/\/wp.ufpel.edu.br\/sisbi\/normas-da-ufpel-para-trabalhos-academicos\/\" target=\"_blank\" rel=\"noopener noreferrer\">orienta\u00e7\u00f5es<\/a> acerca da confec\u00e7\u00e3o e protocola\u00e7\u00e3o de TCC. Dentre elas est\u00e3o:<br \/>\n&#8211; Template com as p\u00e1ginas iniciais a serem inseridas nos trabalhos acad\u00eamicos.<br \/>\n&#8211; Termo de Autoriza\u00e7\u00e3o para Inserir Trabalhos Acad\u00eamicos na Base de dados da UFPEL.<\/p>\n<p>\u00c9 necess\u00e1ria a inser\u00e7\u00e3o nos TCCs da Ficha Catalogr\u00e1fica, a qual deve ser solicitada atrav\u00e9s <a href=\"http:\/\/sisbi.ufpel.edu.br\/?p=reqFicha\" target=\"_blank\" rel=\"noopener\">deste formul\u00e1rio<\/a>.<\/p>\n<p><span style=\"font-weight: 400;\">Ap\u00f3s a aprova\u00e7\u00e3o do TCC em banca, e as devidas corre\u00e7\u00f5es (se aplic\u00e1veis), a vers\u00e3o final do Trabalho dever\u00e1 ser enviada eletronicamente \u00e0 secretaria do curso pelo professor-orientador, via email \u2013 <span class=\"gI\"><span data-hovercard-id=\"bachareladomusica@ufpel.edu.br\" data-hovercard-owner-id=\"85\"><a href=\"mailto:bachareladomusica@ufpel.edu.br\">bachareladomusica@ufpel.edu.br<\/a> \u2013\u00a0<\/span><\/span>ou outro sistema de compartilhamento de dados (Google Drive, etc.).<\/span><\/p>\n<p><span style=\"font-weight: 400;\">O orientador tamb\u00e9m deve enviar o termo de autoriza\u00e7\u00e3o (supracitado), preenchido e assinado pelo aluno, para assinatura do coordenador de curso.<\/span><\/p>\n<p><span style=\"font-weight: 400;\">Ambos os documentos ser\u00e3o encaminhados pela secretaria do curso para a Biblioteca, que efetuar\u00e1 a publica\u00e7\u00e3o no reposit\u00f3rio acad\u00eamico.<\/span><\/p>\n<hr \/>\n<p style=\"text-align: right;\" align=\"justify\"><span style=\"font-size: 10pt;\"><em>\u00daltima atualiza\u00e7\u00e3o: 18\/05\/2023<\/em><\/span><\/p>\n","protected":false},"excerpt":{"rendered":"<p>Seja Bem-Vindo(a)!\u00a0 Agenda de ensaios com o pianista\u00a0Daniel Benitz: Acesse a Planilha com o contato, hor\u00e1rios e local para ensaios. Sendo calouro ou veterano, n\u00e3o deixe de baixar e ler o Guia do Estudante &#8211; 2020. Atividades Complementares (para formandos) Carga hor\u00e1ria exigida para o Bacharelado em Piano: 502h C.H. dos outros Bacharelados em M\u00fasica: &hellip; <\/p>\n<p class=\"link-more\"><a href=\"https:\/\/wp.ufpel.edu.br\/pianolab\/discentes-docs\/\" class=\"more-link\">Continue lendo<span class=\"screen-reader-text\"> &#8220;Discentes (Docs)&#8221;<\/span><\/a><\/p>\n","protected":false},"author":1093,"featured_media":0,"parent":0,"menu_order":0,"comment_status":"closed","ping_status":"closed","template":"","meta":{"footnotes":""},"class_list":["post-719","page","type-page","status-publish","hentry"],"jetpack-related-posts":[],"jetpack_sharing_enabled":true,"_links":{"self":[{"href":"https:\/\/wp.ufpel.edu.br\/pianolab\/wp-json\/wp\/v2\/pages\/719","targetHints":{"allow":["GET"]}}],"collection":[{"href":"https:\/\/wp.ufpel.edu.br\/pianolab\/wp-json\/wp\/v2\/pages"}],"about":[{"href":"https:\/\/wp.ufpel.edu.br\/pianolab\/wp-json\/wp\/v2\/types\/page"}],"author":[{"embeddable":true,"href":"https:\/\/wp.ufpel.edu.br\/pianolab\/wp-json\/wp\/v2\/users\/1093"}],"replies":[{"embeddable":true,"href":"https:\/\/wp.ufpel.edu.br\/pianolab\/wp-json\/wp\/v2\/comments?post=719"}],"version-history":[{"count":58,"href":"https:\/\/wp.ufpel.edu.br\/pianolab\/wp-json\/wp\/v2\/pages\/719\/revisions"}],"predecessor-version":[{"id":1545,"href":"https:\/\/wp.ufpel.edu.br\/pianolab\/wp-json\/wp\/v2\/pages\/719\/revisions\/1545"}],"wp:attachment":[{"href":"https:\/\/wp.ufpel.edu.br\/pianolab\/wp-json\/wp\/v2\/media?parent=719"}],"curies":[{"name":"wp","href":"https:\/\/api.w.org\/{rel}","templated":true}]}}