{"id":714,"date":"2021-06-10T00:20:57","date_gmt":"2021-06-10T03:20:57","guid":{"rendered":"https:\/\/wp.ufpel.edu.br\/pianolab\/?page_id=714"},"modified":"2023-07-10T22:10:16","modified_gmt":"2023-07-11T01:10:16","slug":"documentos","status":"publish","type":"page","link":"https:\/\/wp.ufpel.edu.br\/pianolab\/discentes-docs\/documentos\/","title":{"rendered":"Documentos &amp; Links"},"content":{"rendered":"<p style=\"text-align: center;\">Ambiente de acesso a documentos.<br \/>\nEscolha a op\u00e7\u00e3o que lhe corresponder:<\/p>\n<p style=\"text-align: center;\"><a href=\"https:\/\/wp.ufpel.edu.br\/pianolab\/discentes-docs\/\">Discentes<\/a><br \/>\n<a href=\"https:\/\/wp.ufpel.edu.br\/pianolab\/servidores-docs\/\">Servidores<\/a><\/p>\n<hr \/>\n<p style=\"text-align: center;\"><a href=\"https:\/\/wp.ufpel.edu.br\/pianolab\/documentos\/cartes-pdu-completo_20182020\/\" rel=\"attachment wp-att-1090\">Plano de Desenvolvimento da Unidade &#8211; PDU-CA &#8211; 2018\/2020<\/a><\/p>\n<p style=\"text-align: center;\"><a href=\"https:\/\/cobalto.ufpel.edu.br\/dashboard\/\" target=\"_blank\" rel=\"noopener\">Cobalto &#8211; Sistema Integrado de Gest\u00e3o<\/a><\/p>\n<p style=\"text-align: center;\"><a href=\"https:\/\/sei.ufpel.edu.br\/sei\/\" target=\"_blank\" rel=\"noopener\">SEI &#8211; Sistema Eletr\u00f4nico de Informa\u00e7\u00f5es<\/a><\/p>\n<p style=\"text-align: center;\"><a href=\"https:\/\/e-aula.ufpel.edu.br\/\" target=\"_blank\" rel=\"noopener\">E-Aula UFPEL &#8211; Plataforma de Apoio ao Ensino Remoto e Presencial<\/a><\/p>\n<p style=\"text-align: center;\"><a href=\"https:\/\/wp.ufpel.edu.br\/pianolab\/servidores-docs\/regimento-ca-2015\/\" rel=\"attachment wp-att-1230\">Regimento do CA (2015)<\/a><\/p>\n<p style=\"text-align: center;\"><a href=\"https:\/\/wp.ufpel.edu.br\/scs\/estatuto\/\" target=\"_blank\" rel=\"noopener\">Estatuto da UFPEL<\/a><\/p>\n<p style=\"text-align: center;\"><a href=\"https:\/\/wp.ufpel.edu.br\/scs\/regimento\/\" target=\"_blank\" rel=\"noopener\">Regimento da UFPEL<\/a><\/p>\n","protected":false},"excerpt":{"rendered":"<p>Ambiente de acesso a documentos. Escolha a op\u00e7\u00e3o que lhe corresponder: Discentes Servidores Plano de Desenvolvimento da Unidade &#8211; PDU-CA &#8211; 2018\/2020 Cobalto &#8211; Sistema Integrado de Gest\u00e3o SEI &#8211; Sistema Eletr\u00f4nico de Informa\u00e7\u00f5es E-Aula UFPEL &#8211; Plataforma de Apoio ao Ensino Remoto e Presencial Regimento do CA (2015) Estatuto da UFPEL Regimento da UFPEL<\/p>\n","protected":false},"author":1093,"featured_media":0,"parent":719,"menu_order":0,"comment_status":"closed","ping_status":"closed","template":"","meta":{"footnotes":""},"class_list":["post-714","page","type-page","status-publish","hentry"],"jetpack-related-posts":[],"jetpack_sharing_enabled":true,"_links":{"self":[{"href":"https:\/\/wp.ufpel.edu.br\/pianolab\/wp-json\/wp\/v2\/pages\/714","targetHints":{"allow":["GET"]}}],"collection":[{"href":"https:\/\/wp.ufpel.edu.br\/pianolab\/wp-json\/wp\/v2\/pages"}],"about":[{"href":"https:\/\/wp.ufpel.edu.br\/pianolab\/wp-json\/wp\/v2\/types\/page"}],"author":[{"embeddable":true,"href":"https:\/\/wp.ufpel.edu.br\/pianolab\/wp-json\/wp\/v2\/users\/1093"}],"replies":[{"embeddable":true,"href":"https:\/\/wp.ufpel.edu.br\/pianolab\/wp-json\/wp\/v2\/comments?post=714"}],"version-history":[{"count":17,"href":"https:\/\/wp.ufpel.edu.br\/pianolab\/wp-json\/wp\/v2\/pages\/714\/revisions"}],"predecessor-version":[{"id":1440,"href":"https:\/\/wp.ufpel.edu.br\/pianolab\/wp-json\/wp\/v2\/pages\/714\/revisions\/1440"}],"up":[{"embeddable":true,"href":"https:\/\/wp.ufpel.edu.br\/pianolab\/wp-json\/wp\/v2\/pages\/719"}],"wp:attachment":[{"href":"https:\/\/wp.ufpel.edu.br\/pianolab\/wp-json\/wp\/v2\/media?parent=714"}],"curies":[{"name":"wp","href":"https:\/\/api.w.org\/{rel}","templated":true}]}}