{"id":580,"date":"2021-05-25T00:43:35","date_gmt":"2021-05-25T03:43:35","guid":{"rendered":"https:\/\/wp.ufpel.edu.br\/pianolab\/?page_id=580"},"modified":"2021-05-25T16:53:43","modified_gmt":"2021-05-25T19:53:43","slug":"timothy-hester","status":"publish","type":"page","link":"https:\/\/wp.ufpel.edu.br\/pianolab\/timothy-hester\/","title":{"rendered":"Timothy Hester"},"content":{"rendered":"<p style=\"text-align: center\"><strong>Timothy Hester<\/strong><br \/>\n<span style=\"font-size: 10pt\">University of Houston &#8211; Moores School of Music<\/span><\/p>\n<p><img data-recalc-dims=\"1\" loading=\"lazy\" decoding=\"async\" data-attachment-id=\"644\" data-permalink=\"https:\/\/wp.ufpel.edu.br\/pianolab\/timothy-hester\/timothy-hester-bw-cms\/\" data-orig-file=\"https:\/\/i0.wp.com\/wp.ufpel.edu.br\/pianolab\/files\/2021\/05\/timothy-hester-bw-cms.png?fit=300%2C300&amp;ssl=1\" data-orig-size=\"300,300\" data-comments-opened=\"0\" data-image-meta=\"{&quot;aperture&quot;:&quot;0&quot;,&quot;credit&quot;:&quot;&quot;,&quot;camera&quot;:&quot;&quot;,&quot;caption&quot;:&quot;&quot;,&quot;created_timestamp&quot;:&quot;0&quot;,&quot;copyright&quot;:&quot;&quot;,&quot;focal_length&quot;:&quot;0&quot;,&quot;iso&quot;:&quot;0&quot;,&quot;shutter_speed&quot;:&quot;0&quot;,&quot;title&quot;:&quot;&quot;,&quot;orientation&quot;:&quot;0&quot;}\" data-image-title=\"timothy-hester-bw-cms\" data-image-description=\"\" data-image-caption=\"\" data-medium-file=\"https:\/\/i0.wp.com\/wp.ufpel.edu.br\/pianolab\/files\/2021\/05\/timothy-hester-bw-cms.png?fit=300%2C300&amp;ssl=1\" data-large-file=\"https:\/\/i0.wp.com\/wp.ufpel.edu.br\/pianolab\/files\/2021\/05\/timothy-hester-bw-cms.png?fit=300%2C300&amp;ssl=1\" class=\"size-full wp-image-644 aligncenter\" src=\"https:\/\/i0.wp.com\/wp.ufpel.edu.br\/pianolab\/files\/2021\/05\/timothy-hester-bw-cms.png?resize=300%2C300&#038;ssl=1\" alt=\"\" width=\"300\" height=\"300\" srcset=\"https:\/\/i0.wp.com\/wp.ufpel.edu.br\/pianolab\/files\/2021\/05\/timothy-hester-bw-cms.png?w=300&amp;ssl=1 300w, https:\/\/i0.wp.com\/wp.ufpel.edu.br\/pianolab\/files\/2021\/05\/timothy-hester-bw-cms.png?resize=200%2C200&amp;ssl=1 200w, https:\/\/i0.wp.com\/wp.ufpel.edu.br\/pianolab\/files\/2021\/05\/timothy-hester-bw-cms.png?resize=100%2C100&amp;ssl=1 100w\" sizes=\"auto, (max-width: 300px) 100vw, 300px\" \/><\/p>\n<h2 style=\"text-align: center\">Programa de colabora\u00e7\u00e3o pian\u00edstica<br \/>\nna Universidade de Houston<\/h2>\n<p style=\"text-align: center\"><span style=\"font-size: 10pt\">Obs. Sess\u00e3o com tradu\u00e7\u00e3o simult\u00e2nea<\/span><\/p>\n<hr \/>\n<h4 style=\"text-align: center\" align=\"left\">Sobre o convidado:<\/h4>\n<p style=\"text-align: justify\" align=\"left\"><span style=\"font-family: 0, serif\"><span style=\"font-size: small\">Timothy Hester se graduou pela Juilliard School como estudante da renomada pedagoga Adele <\/span><\/span><span style=\"font-family: 0, serif\"><span style=\"font-size: small\">M<\/span><\/span><span style=\"font-family: 0, serif\"><span style=\"font-size: small\">arcus. Atualmente, Hester \u00e9 Professor de Piano na <\/span><\/span><span style=\"font-family: 0, serif\"><span style=\"font-size: small\"><i>Moores School of Music<\/i><\/span><\/span><span style=\"font-family: 0, serif\"><span style=\"font-size: small\"> da Universidade de Houston (Texas, EUA), onde tamb\u00e9m instrui estudantes nas habilidades de leitura \u00e0 primeira-vista, t\u00e9cnicas colaborativas, al\u00e9m de servir como Diretor de Artes Pian\u00ed<\/span><\/span><span style=\"font-family: 0, serif\"><span style=\"font-size: small\">stico-Colaborativas<\/span><\/span><span style=\"font-family: 0, serif\"><span style=\"font-size: small\">. Reconhecido com a distin\u00e7\u00e3o <\/span><\/span><span style=\"font-family: 0, serif\"><span style=\"font-size: small\"><i>Collegiate Teacher of the Year<\/i><\/span><\/span><span style=\"font-family: 0, serif\"><span style=\"font-size: small\"> (2014) pela Associa\u00e7\u00e3o de Professores de M\u00fasica do Texas, Hester trabalha com muitos cantores na regi\u00e3o de Houston, ensinou Estudos de \u00d3pera na <\/span><\/span><span style=\"font-family: 0, serif\"><span style=\"font-size: small\"><i>Shepherd School of Music<\/i><\/span><\/span><span style=\"font-family: 0, serif\"><span style=\"font-size: small\"> da <\/span><\/span><span style=\"font-family: 0, serif\"><span style=\"font-size: small\"><i>Rice University<\/i><\/span><\/span><span style=\"font-family: 0, serif\"><span style=\"font-size: small\">, e serviu no corpo docente <\/span><\/span><span style=\"font-family: 0, serif\"><span style=\"font-size: small\">do <\/span><\/span><span style=\"font-family: 0, serif\"><span style=\"font-size: small\"><i>Houston Grand Opera Studio<\/i><\/span><\/span><span style=\"font-family: 0, serif\"><span style=\"font-size: small\">. Hester tem se apresentado mundialmente, em espa\u00e7os localizados na Gr\u00e3-Bretanha, Fran\u00e7a, It\u00e1lia, China, Holanda, M\u00e9xico, Gr\u00e9cia, Canad\u00e1, Jap\u00e3o, Singapura e Taiwan. Foi membro docente <\/span><\/span><span style=\"font-family: 0, serif\"><span style=\"font-size: small\">e artista regular <\/span><\/span><span style=\"font-family: 0, serif\"><span style=\"font-size: small\">do <\/span><\/span><span style=\"font-family: 0, serif\"><span style=\"font-size: small\"><i>Schlern International Music Festival<\/i><\/span><\/span><span style=\"font-family: 0, serif\"><span style=\"font-size: small\"> no norte da It\u00e1lia. Nos Estados Unidos tem se apresentado na S\u00e9rie Bargemusic da cidade de Nova York, no Festival Ojai na Calif\u00f3rnia, no Festival Internacional de M\u00fasica de C\u00e2mara Park City em Utah, no <\/span><\/span><span style=\"font-family: 0, serif\"><span style=\"font-size: small\"><i>Texas music Festival<\/i><\/span><\/span><span style=\"font-family: 0, serif\"><span style=\"font-size: small\">, e no <\/span><\/span><span style=\"font-family: 0, serif\"><span style=\"font-size: small\"><i>OK Mozart Festival<\/i><\/span><\/span><span style=\"font-family: 0, serif\"><span style=\"font-size: small\"> em Oklahoma, bem como colaborado com <\/span><\/span><span style=\"font-family: 0, serif\"><span style=\"font-size: small\"><i>De Camara<\/i><\/span><\/span><span style=\"font-family: 0, serif\"><span style=\"font-size: small\">, um conjunto de m\u00fasica de c\u00e2mara com base em Houston. Hester tem tido especial deleite em colaborar com artistas tais como Fredell Lack, Paula Robison, Patricia Racette, Ransom Wilson, Christiaan Bor, Nathaniel Rosen, Arturo Delmoni, Nina Beilina, William Sharp, Eugenia Zukerman, Leon Speirer, Robert White, Mary Jane Johnson, Chi Liming, Carmen Pelton, Uri Pianka, Phyllis Pancella, Stefano Algieri, Lucy Shelton, Karol Bennett, Isabelle Ganz, Mitchell Stern, Paul Neubauer, Patrick Wroblewski, Joan Gibbons <\/span><\/span><span style=\"font-family: 0, serif\"><span style=\"font-size: small\">e<\/span><\/span><span style=\"font-family: 0, serif\"><span style=\"font-size: small\"> Reiko Watanabe, <\/span><\/span><span style=\"font-family: 0, serif\"><span style=\"font-size: small\">al\u00e9m de seus estimados colegas da Universidade de Houston. <\/span><\/span><span style=\"font-family: 0, serif\"><span style=\"font-size: small\">Sua<\/span><\/span> <span style=\"font-family: 0, serif\"><span style=\"font-size: small\">discografia<\/span><\/span><span style=\"font-family: 0, serif\"><span style=\"font-size: small\"> inclui obras do s\u00e9culo XX de Robert Beaser, Arnold Rosner, Michael Horvit, Roy Harris, Samuel Barber e Bohuslav Martinu, bem como o CD solo &#8220;KUHF Sessions&#8221;, a primeira grava\u00e7\u00e3o feita no novo est\u00fadio da R\u00e1dio P\u00fablica de Houston. Al\u00e9m disso, Hester estudou extensivamente com Albert Hirsh e mant\u00e9m uma agenda cheia como acompanhador, tendo tocado em master classes para Jean-Pierre Rampal, Pinchas Zukerman, Itzhak Perlman, Carol Wincenc, Richard Stoltzman, Elena Nikolaidi, Renato Capecchi, Vladimir Spivakov, Ruggiero Ricci e muitos outros.<\/span><\/span><\/p>\n","protected":false},"excerpt":{"rendered":"<p>Timothy Hester University of Houston &#8211; Moores School of Music Programa de colabora\u00e7\u00e3o pian\u00edstica na Universidade de Houston Obs. Sess\u00e3o com tradu\u00e7\u00e3o simult\u00e2nea Sobre o convidado: Timothy Hester se graduou pela Juilliard School como estudante da renomada pedagoga Adele Marcus. Atualmente, Hester \u00e9 Professor de Piano na Moores School of Music da Universidade de Houston &hellip; <\/p>\n<p class=\"link-more\"><a href=\"https:\/\/wp.ufpel.edu.br\/pianolab\/timothy-hester\/\" class=\"more-link\">Continue lendo<span class=\"screen-reader-text\"> &#8220;Timothy Hester&#8221;<\/span><\/a><\/p>\n","protected":false},"author":1093,"featured_media":0,"parent":0,"menu_order":0,"comment_status":"closed","ping_status":"closed","template":"","meta":{"footnotes":""},"class_list":["post-580","page","type-page","status-publish","hentry"],"jetpack-related-posts":[],"jetpack_sharing_enabled":true,"_links":{"self":[{"href":"https:\/\/wp.ufpel.edu.br\/pianolab\/wp-json\/wp\/v2\/pages\/580","targetHints":{"allow":["GET"]}}],"collection":[{"href":"https:\/\/wp.ufpel.edu.br\/pianolab\/wp-json\/wp\/v2\/pages"}],"about":[{"href":"https:\/\/wp.ufpel.edu.br\/pianolab\/wp-json\/wp\/v2\/types\/page"}],"author":[{"embeddable":true,"href":"https:\/\/wp.ufpel.edu.br\/pianolab\/wp-json\/wp\/v2\/users\/1093"}],"replies":[{"embeddable":true,"href":"https:\/\/wp.ufpel.edu.br\/pianolab\/wp-json\/wp\/v2\/comments?post=580"}],"version-history":[{"count":8,"href":"https:\/\/wp.ufpel.edu.br\/pianolab\/wp-json\/wp\/v2\/pages\/580\/revisions"}],"predecessor-version":[{"id":645,"href":"https:\/\/wp.ufpel.edu.br\/pianolab\/wp-json\/wp\/v2\/pages\/580\/revisions\/645"}],"wp:attachment":[{"href":"https:\/\/wp.ufpel.edu.br\/pianolab\/wp-json\/wp\/v2\/media?parent=580"}],"curies":[{"name":"wp","href":"https:\/\/api.w.org\/{rel}","templated":true}]}}