{"id":575,"date":"2021-05-24T23:51:55","date_gmt":"2021-05-25T02:51:55","guid":{"rendered":"https:\/\/wp.ufpel.edu.br\/pianolab\/?page_id=575"},"modified":"2021-05-29T16:18:39","modified_gmt":"2021-05-29T19:18:39","slug":"guilherme-montenegro","status":"publish","type":"page","link":"https:\/\/wp.ufpel.edu.br\/pianolab\/guilherme-montenegro\/","title":{"rendered":"Guilherme Montenegro"},"content":{"rendered":"<p style=\"text-align: center\"><strong>Guilherme Montenegro<br \/>\n<\/strong><span style=\"font-size: 10pt\">Centro de Educacao Profissional &#8211; Escola de Musica de Brasilia<\/span><strong><br \/>\n<\/strong><\/p>\n<p><img data-recalc-dims=\"1\" loading=\"lazy\" decoding=\"async\" data-attachment-id=\"576\" data-permalink=\"https:\/\/wp.ufpel.edu.br\/pianolab\/guilherme-montenegro\/guilherme-montenegro\/\" data-orig-file=\"https:\/\/i0.wp.com\/wp.ufpel.edu.br\/pianolab\/files\/2021\/05\/Guilherme-Montenegro.jpeg?fit=125%2C150&amp;ssl=1\" data-orig-size=\"125,150\" data-comments-opened=\"0\" data-image-meta=\"{&quot;aperture&quot;:&quot;0&quot;,&quot;credit&quot;:&quot;&quot;,&quot;camera&quot;:&quot;&quot;,&quot;caption&quot;:&quot;&quot;,&quot;created_timestamp&quot;:&quot;0&quot;,&quot;copyright&quot;:&quot;&quot;,&quot;focal_length&quot;:&quot;0&quot;,&quot;iso&quot;:&quot;0&quot;,&quot;shutter_speed&quot;:&quot;0&quot;,&quot;title&quot;:&quot;&quot;,&quot;orientation&quot;:&quot;0&quot;}\" data-image-title=\"Guilherme Montenegro\" data-image-description=\"\" data-image-caption=\"\" data-medium-file=\"https:\/\/i0.wp.com\/wp.ufpel.edu.br\/pianolab\/files\/2021\/05\/Guilherme-Montenegro.jpeg?fit=125%2C150&amp;ssl=1\" data-large-file=\"https:\/\/i0.wp.com\/wp.ufpel.edu.br\/pianolab\/files\/2021\/05\/Guilherme-Montenegro.jpeg?fit=125%2C150&amp;ssl=1\" class=\"size-full wp-image-576 aligncenter\" src=\"https:\/\/i0.wp.com\/wp.ufpel.edu.br\/pianolab\/files\/2021\/05\/Guilherme-Montenegro.jpeg?resize=125%2C150&#038;ssl=1\" alt=\"\" width=\"125\" height=\"150\" \/><\/p>\n<h2 style=\"text-align: center\">Perspectivas para criar uma associa\u00e7\u00e3o de<br \/>\nPianistas Colaboradores<\/h2>\n<hr \/>\n<p style=\"text-align: center\"><strong>Sobre o convidado:<br \/>\n<\/strong><\/p>\n<p style=\"text-align: justify\"><span style=\"font-size: 10pt\">Professor de M\u00fasica e pianista. Tem desenvolvido trabalho de acompanhamento musical com instrumentistas e cantores eruditos na Escola de M\u00fasica de Bras\u00edlia. Tamb\u00e9m leciona piano como instrumento complementar. Foi professor substituto na Universidade de Bras\u00edlia entre 2009 e 2011, nos cursos de licenciatura e bacharelado em M\u00fasica. No programa EAD da UnB atuou como professor tutor e supervisor. Recentemente elaborou material did\u00e1tico e lecionou m\u00fasica no Ensino M\u00e9dio em escola particular do DF. Frequentemente participa de cursos de forma\u00e7\u00e3o continuada e publica artigos em congressos relevantes, como ANPPOM e ABEM.<\/span><strong><br \/>\n<\/strong><\/p>\n","protected":false},"excerpt":{"rendered":"<p>Guilherme Montenegro Centro de Educacao Profissional &#8211; Escola de Musica de Brasilia Perspectivas para criar uma associa\u00e7\u00e3o de Pianistas Colaboradores Sobre o convidado: Professor de M\u00fasica e pianista. Tem desenvolvido trabalho de acompanhamento musical com instrumentistas e cantores eruditos na Escola de M\u00fasica de Bras\u00edlia. Tamb\u00e9m leciona piano como instrumento complementar. Foi professor substituto na &hellip; <\/p>\n<p class=\"link-more\"><a href=\"https:\/\/wp.ufpel.edu.br\/pianolab\/guilherme-montenegro\/\" class=\"more-link\">Continue lendo<span class=\"screen-reader-text\"> &#8220;Guilherme Montenegro&#8221;<\/span><\/a><\/p>\n","protected":false},"author":1093,"featured_media":0,"parent":0,"menu_order":0,"comment_status":"closed","ping_status":"closed","template":"","meta":{"footnotes":""},"class_list":["post-575","page","type-page","status-publish","hentry"],"jetpack-related-posts":[],"jetpack_sharing_enabled":true,"_links":{"self":[{"href":"https:\/\/wp.ufpel.edu.br\/pianolab\/wp-json\/wp\/v2\/pages\/575","targetHints":{"allow":["GET"]}}],"collection":[{"href":"https:\/\/wp.ufpel.edu.br\/pianolab\/wp-json\/wp\/v2\/pages"}],"about":[{"href":"https:\/\/wp.ufpel.edu.br\/pianolab\/wp-json\/wp\/v2\/types\/page"}],"author":[{"embeddable":true,"href":"https:\/\/wp.ufpel.edu.br\/pianolab\/wp-json\/wp\/v2\/users\/1093"}],"replies":[{"embeddable":true,"href":"https:\/\/wp.ufpel.edu.br\/pianolab\/wp-json\/wp\/v2\/comments?post=575"}],"version-history":[{"count":5,"href":"https:\/\/wp.ufpel.edu.br\/pianolab\/wp-json\/wp\/v2\/pages\/575\/revisions"}],"predecessor-version":[{"id":690,"href":"https:\/\/wp.ufpel.edu.br\/pianolab\/wp-json\/wp\/v2\/pages\/575\/revisions\/690"}],"wp:attachment":[{"href":"https:\/\/wp.ufpel.edu.br\/pianolab\/wp-json\/wp\/v2\/media?parent=575"}],"curies":[{"name":"wp","href":"https:\/\/api.w.org\/{rel}","templated":true}]}}