{"id":563,"date":"2021-05-24T23:11:51","date_gmt":"2021-05-25T02:11:51","guid":{"rendered":"https:\/\/wp.ufpel.edu.br\/pianolab\/?page_id=563"},"modified":"2021-05-29T10:57:28","modified_gmt":"2021-05-29T13:57:28","slug":"germano-mayer","status":"publish","type":"page","link":"https:\/\/wp.ufpel.edu.br\/pianolab\/germano-mayer\/","title":{"rendered":"Germano Mayer"},"content":{"rendered":"<p style=\"text-align: center\"><strong>Germano Mayer<br \/>\n<\/strong><span style=\"font-size: 10pt\">Universidade Federal de Pelotas<\/span><strong><br \/>\n<\/strong><\/p>\n<p><img data-recalc-dims=\"1\" loading=\"lazy\" decoding=\"async\" data-attachment-id=\"564\" data-permalink=\"https:\/\/wp.ufpel.edu.br\/pianolab\/germano-mayer\/germano-mayer-dsc_9482\/\" data-orig-file=\"https:\/\/i0.wp.com\/wp.ufpel.edu.br\/pianolab\/files\/2021\/05\/Germano-Mayer-DSC_9482-scaled.jpg?fit=1700%2C2560&amp;ssl=1\" data-orig-size=\"1700,2560\" data-comments-opened=\"0\" data-image-meta=\"{&quot;aperture&quot;:&quot;5&quot;,&quot;credit&quot;:&quot;&quot;,&quot;camera&quot;:&quot;NIKON D90&quot;,&quot;caption&quot;:&quot;&quot;,&quot;created_timestamp&quot;:&quot;1518715708&quot;,&quot;copyright&quot;:&quot;&quot;,&quot;focal_length&quot;:&quot;35&quot;,&quot;iso&quot;:&quot;400&quot;,&quot;shutter_speed&quot;:&quot;0.016666666666667&quot;,&quot;title&quot;:&quot;&quot;,&quot;orientation&quot;:&quot;1&quot;}\" data-image-title=\"Germano Mayer &amp;#8211; DSC_9482\" data-image-description=\"\" data-image-caption=\"\" data-medium-file=\"https:\/\/i0.wp.com\/wp.ufpel.edu.br\/pianolab\/files\/2021\/05\/Germano-Mayer-DSC_9482-scaled.jpg?fit=266%2C400&amp;ssl=1\" data-large-file=\"https:\/\/i0.wp.com\/wp.ufpel.edu.br\/pianolab\/files\/2021\/05\/Germano-Mayer-DSC_9482-scaled.jpg?fit=525%2C791&amp;ssl=1\" class=\"size-medium wp-image-564 aligncenter\" src=\"https:\/\/i0.wp.com\/wp.ufpel.edu.br\/pianolab\/files\/2021\/05\/Germano-Mayer-DSC_9482.jpg?resize=266%2C400&#038;ssl=1\" alt=\"\" width=\"266\" height=\"400\" srcset=\"https:\/\/i0.wp.com\/wp.ufpel.edu.br\/pianolab\/files\/2021\/05\/Germano-Mayer-DSC_9482-scaled.jpg?resize=266%2C400&amp;ssl=1 266w, https:\/\/i0.wp.com\/wp.ufpel.edu.br\/pianolab\/files\/2021\/05\/Germano-Mayer-DSC_9482-scaled.jpg?resize=680%2C1024&amp;ssl=1 680w, https:\/\/i0.wp.com\/wp.ufpel.edu.br\/pianolab\/files\/2021\/05\/Germano-Mayer-DSC_9482-scaled.jpg?resize=768%2C1156&amp;ssl=1 768w, https:\/\/i0.wp.com\/wp.ufpel.edu.br\/pianolab\/files\/2021\/05\/Germano-Mayer-DSC_9482-scaled.jpg?resize=1020%2C1536&amp;ssl=1 1020w, https:\/\/i0.wp.com\/wp.ufpel.edu.br\/pianolab\/files\/2021\/05\/Germano-Mayer-DSC_9482-scaled.jpg?resize=1360%2C2048&amp;ssl=1 1360w, https:\/\/i0.wp.com\/wp.ufpel.edu.br\/pianolab\/files\/2021\/05\/Germano-Mayer-DSC_9482-scaled.jpg?w=1700&amp;ssl=1 1700w, https:\/\/i0.wp.com\/wp.ufpel.edu.br\/pianolab\/files\/2021\/05\/Germano-Mayer-DSC_9482-scaled.jpg?w=1575&amp;ssl=1 1575w\" sizes=\"auto, (max-width: 266px) 100vw, 266px\" \/><\/p>\n<h2 style=\"text-align: center\" align=\"justify\">Otimizando Pianistas Colaboradores<br \/>\ne Educando Musicistas na UFPEL<\/h2>\n<hr \/>\n<p style=\"text-align: center\" align=\"justify\"><strong><span style=\"font-size: 12pt\">Sobre o convidado:<\/span><\/strong><\/p>\n<p align=\"justify\"><span style=\"font-size: 10pt\"><span style=\"font-family: 0, serif\">Germano Mayer \u00e9 um pianista sul-rio-grandense, que tem atuado nas Am\u00e9ricas, incluindo <\/span><span style=\"font-family: 0, serif\">concertos no Brasil, Uruguai, Argentina, M\u00e9xico, e nos Estados Unidos. Depois de vencer a competi\u00e7\u00e3o de jovens solistas da Orquestra Sinf\u00f4nica de Porto Alegre em 2001, Mayer passou a dar recitais em n\u00edvel nacional, incluindo espa\u00e7os como o Teatro Rondon Pacheco (Uberl\u00e2ndia), StudioClio (Porto Alegre), Sala Jurer\u00ea Classic de Florian\u00f3polis, Pal\u00e1cio da Justi\u00e7a de Manaus (5\u00ba Festival Internacional de M\u00fasica de C\u00e2mara de Manaus), dentre outros. O pianista foi convidado a participar do <\/span><span style=\"font-family: 0, serif\"><i>Congreso Internacional de Piano<\/i><\/span><span style=\"font-family: 0, serif\">, sediado em Buenos Aires (2010), e em duas edi\u00e7\u00f5es consecutivas do Festival de Pianistas, Mar del Plata (Argentina), al\u00e9m de ter integrado j\u00fari na 1\u00aa competi\u00e7\u00e3o nacional de pianistas desta cidade. No M\u00e9xico, atuou como recitalista nas cidades de Guanajuato (Museo Iconogr\u00e1fico del Quijote) e em Dolores Hidalgo, ber\u00e7o da independ\u00eancia deste pa\u00eds. Nos EUA se apresentou extensivamente no Estado de Iowa, incluindo cidades como Des Moines, Cedar Rapids e Iowa City. Sua atua\u00e7\u00e3o art\u00edstica tem tamb\u00e9m inclu\u00eddo resid\u00eancias ministrando palestras, recitais e cursos de curta dura\u00e7\u00e3o, como na Universidade do Estado de Santa Catarina (UDESC \u2013 Florian\u00f3polis), Santa Fe de la Vera Cruz, (Prov\u00edncia de Santa Fe &#8211; Argentina), onde ofereceu recital solo no Teatro 1\u00ba de Mayo e atividades pedag\u00f3gicas no Liceu Municipal; na Universidade de Minnesota em Duluth e em Morris (E.U.A.) com<\/span> <span style=\"font-family: 0, serif\">atua\u00e7\u00e3o similar. Para al\u00e9m de sua carreira art\u00edstica, Mayer tem sido um ativo pedagogo. Integrou os corpos docentes de Institui\u00e7\u00f5es como Escola de M\u00fasica e Belas Artes do Paran\u00e1 (Curitiba) e a prestigiada Escola do Teatro Bolshoi no Brasil (Joinville, SC). No primeiro semestre de 2013 atuou como Assistente de Ensino junto a Escola de M\u00fasica da Texas Tech University, sob orienta\u00e7\u00e3o da Dra. Carla Cash. Desde 2009, leciona nas gradua\u00e7\u00f5es de M\u00fasica, com foco no Bacharelado em Piano da Universidade Federal de Pelotas (RS). Nesta cidade, al\u00e9m de orientar jovens pianistas, desenvolve projetos art\u00edstico-musicais. \u00c9 formado pela Universidade Federal do Rio Grande do Sul, onde obteve os t\u00edtulos de Bacharel e Mestre em M\u00fasica, e pela Universidade de Iowa (Estados Unidos), onde doutorou-se em performance e pedagogia do piano. Para o doutoramento, obteve aporte financeiro da CAPES, funda\u00e7\u00e3o que lhe honrou com bolsa integral. Entre seus orientadores art\u00edsticos destacam-se Vaniza Fu\u0308ller, Ney Fialkow, Catarina Domenici e R\u00e9ne Lecuona. Mayer tem apresentado o resultado de suas pesquisas em <\/span><\/span><span style=\"font-size: 10pt\"><span style=\"font-family: 0, serif\">m\u00fasica ib\u00e9rica <\/span><span style=\"font-family: 0, serif\">e brasileira <\/span><span style=\"font-family: 0, serif\">para piano no Brasil, Portugal <\/span><span style=\"font-family: 0, serif\">e EUA<\/span><span style=\"font-family: 0, serif\">.<\/span><\/span><\/p>\n<p>&nbsp;<\/p>\n","protected":false},"excerpt":{"rendered":"<p>Germano Mayer Universidade Federal de Pelotas Otimizando Pianistas Colaboradores e Educando Musicistas na UFPEL Sobre o convidado: Germano Mayer \u00e9 um pianista sul-rio-grandense, que tem atuado nas Am\u00e9ricas, incluindo concertos no Brasil, Uruguai, Argentina, M\u00e9xico, e nos Estados Unidos. Depois de vencer a competi\u00e7\u00e3o de jovens solistas da Orquestra Sinf\u00f4nica de Porto Alegre em 2001, &hellip; <\/p>\n<p class=\"link-more\"><a href=\"https:\/\/wp.ufpel.edu.br\/pianolab\/germano-mayer\/\" class=\"more-link\">Continue lendo<span class=\"screen-reader-text\"> &#8220;Germano Mayer&#8221;<\/span><\/a><\/p>\n","protected":false},"author":1093,"featured_media":0,"parent":0,"menu_order":0,"comment_status":"closed","ping_status":"closed","template":"","meta":{"footnotes":""},"class_list":["post-563","page","type-page","status-publish","hentry"],"jetpack-related-posts":[],"jetpack_sharing_enabled":true,"_links":{"self":[{"href":"https:\/\/wp.ufpel.edu.br\/pianolab\/wp-json\/wp\/v2\/pages\/563","targetHints":{"allow":["GET"]}}],"collection":[{"href":"https:\/\/wp.ufpel.edu.br\/pianolab\/wp-json\/wp\/v2\/pages"}],"about":[{"href":"https:\/\/wp.ufpel.edu.br\/pianolab\/wp-json\/wp\/v2\/types\/page"}],"author":[{"embeddable":true,"href":"https:\/\/wp.ufpel.edu.br\/pianolab\/wp-json\/wp\/v2\/users\/1093"}],"replies":[{"embeddable":true,"href":"https:\/\/wp.ufpel.edu.br\/pianolab\/wp-json\/wp\/v2\/comments?post=563"}],"version-history":[{"count":9,"href":"https:\/\/wp.ufpel.edu.br\/pianolab\/wp-json\/wp\/v2\/pages\/563\/revisions"}],"predecessor-version":[{"id":687,"href":"https:\/\/wp.ufpel.edu.br\/pianolab\/wp-json\/wp\/v2\/pages\/563\/revisions\/687"}],"wp:attachment":[{"href":"https:\/\/wp.ufpel.edu.br\/pianolab\/wp-json\/wp\/v2\/media?parent=563"}],"curies":[{"name":"wp","href":"https:\/\/api.w.org\/{rel}","templated":true}]}}