{"id":559,"date":"2021-05-24T22:34:56","date_gmt":"2021-05-25T01:34:56","guid":{"rendered":"https:\/\/wp.ufpel.edu.br\/pianolab\/?page_id=559"},"modified":"2021-05-29T18:50:42","modified_gmt":"2021-05-29T21:50:42","slug":"fernando-corvisier","status":"publish","type":"page","link":"https:\/\/wp.ufpel.edu.br\/pianolab\/fernando-corvisier\/","title":{"rendered":"Fernando Corvisier"},"content":{"rendered":"<p style=\"text-align: center\"><strong>Fernando Corvisier<br \/>\n<\/strong><span style=\"font-size: 10pt\">Faculdade de Filosofia, Ci\u00eancias e Letras de Ribeir\u00e3o Preto<\/span><br \/>\n<span style=\"font-size: 10pt\">Universidade de S\u00e3o Paulo<\/span><strong><br \/>\n<\/strong><\/p>\n<p><img data-recalc-dims=\"1\" loading=\"lazy\" decoding=\"async\" data-attachment-id=\"560\" data-permalink=\"https:\/\/wp.ufpel.edu.br\/pianolab\/fernando-corvisier\/fernando-corvisier\/\" data-orig-file=\"https:\/\/i0.wp.com\/wp.ufpel.edu.br\/pianolab\/files\/2021\/05\/fernando-corvisier.jpg?fit=600%2C400&amp;ssl=1\" data-orig-size=\"600,400\" data-comments-opened=\"0\" data-image-meta=\"{&quot;aperture&quot;:&quot;5.6&quot;,&quot;credit&quot;:&quot;&quot;,&quot;camera&quot;:&quot;NIKON D3100&quot;,&quot;caption&quot;:&quot;&quot;,&quot;created_timestamp&quot;:&quot;1552829299&quot;,&quot;copyright&quot;:&quot;&quot;,&quot;focal_length&quot;:&quot;50&quot;,&quot;iso&quot;:&quot;1250&quot;,&quot;shutter_speed&quot;:&quot;0.066666666666667&quot;,&quot;title&quot;:&quot;&quot;,&quot;orientation&quot;:&quot;1&quot;}\" data-image-title=\"fernando-corvisier\" data-image-description=\"\" data-image-caption=\"\" data-medium-file=\"https:\/\/i0.wp.com\/wp.ufpel.edu.br\/pianolab\/files\/2021\/05\/fernando-corvisier.jpg?fit=400%2C267&amp;ssl=1\" data-large-file=\"https:\/\/i0.wp.com\/wp.ufpel.edu.br\/pianolab\/files\/2021\/05\/fernando-corvisier.jpg?fit=525%2C350&amp;ssl=1\" class=\"size-medium wp-image-560 aligncenter\" src=\"https:\/\/i0.wp.com\/wp.ufpel.edu.br\/pianolab\/files\/2021\/05\/fernando-corvisier.jpg?resize=400%2C267&#038;ssl=1\" alt=\"\" width=\"400\" height=\"267\" srcset=\"https:\/\/i0.wp.com\/wp.ufpel.edu.br\/pianolab\/files\/2021\/05\/fernando-corvisier.jpg?resize=400%2C267&amp;ssl=1 400w, https:\/\/i0.wp.com\/wp.ufpel.edu.br\/pianolab\/files\/2021\/05\/fernando-corvisier.jpg?w=600&amp;ssl=1 600w\" sizes=\"auto, (max-width: 400px) 100vw, 400px\" \/><\/p>\n<h2 style=\"text-align: center\">Colabora\u00e7\u00e3o Pianistica<br \/>\nno Piano \u00e0 Quatro M\u00e3os<\/h2>\n<hr \/>\n<p style=\"text-align: center\"><strong><span style=\"font-size: 12pt\">Sobre o convidado:<\/span><\/strong><\/p>\n<p style=\"text-align: justify\"><span style=\"font-size: 10pt\">No Brasil, Corvisier deve sua forma\u00e7\u00e3o art\u00edstica a mestres como Dyla Josetti, Ecl\u00e9a Ribeiro, Homero de Magalh\u00e3es e Ant\u00f4nio Guedes Barbosa. Paralelamente a seus estudos musicais na Academia de M\u00fasica Lorenzo Fernandez, estudou jornalismo na Universidade Gama Filho, graduando-se em 1982. Neste mesmo ano, recebeu bolsa de estudos do CNPq para aperfei\u00e7oar-se na Ecole Normale de Musique Alfred Cortot, em Paris, sob a orienta\u00e7\u00e3o de Edson Elias e Germaine Mounier. Participou de diversos festivais de m\u00fasica na Europa como recitalista e camerista.<\/span><\/p>\n<p style=\"text-align: justify\"><span style=\"font-size: 10pt\">De 1985 a 1987, estudou no New England Conservatory, em Boston, sob a orienta\u00e7\u00e3o de Jacob Maxin, obtendo o Master Degree in Piano Performance. Em 1988, foi vencedor do prestigioso IV Premio Eldorado de M\u00fasica, sendo convidado para in\u00fameros recitais nas principais salas de concerto do Brasil. Como solista j\u00e1 se apresentou com as seguintes orquestras: Orquestra Sinf\u00f4nica da R\u00e1dio MEC, Orquestra Sinf\u00f4nica de Campinas, Houston Civic Orchestra, Orquestra de C\u00e2mara da USP, Orquestra Sinf\u00f4nica de Ribeir\u00e3o Preto.<\/span><\/p>\n<p style=\"text-align: justify\"><span style=\"font-size: 10pt\">Em 1989, gravou em Los Angeles, ao lado de Jo\u00e3o Carlos Martins, a primeira vers\u00e3o para dois pianos das Quatro Esta\u00e7\u00f5es de Vivaldi, transcritas por Almeida Prado, obtendo grande aceita\u00e7\u00e3o por parte do p\u00fablico e da cr\u00edtica especializada. Gravou tamb\u00e9m para o selo Eldorado obras de Brahms e Ginastera. Em 1992, foi convidado pelo pianista Luiz Carlos de Moura Castro para estudar na Hartt School of Music, como bolsista da Organiza\u00e7\u00e3o dos Estados Americanos. No ano seguinte foi recomendado para exercer o cargo de Teaching Fellow no departamento de piano desta renomada institui\u00e7\u00e3o. Nesta ocasi\u00e3o participou da s\u00e9rie de concertos da South Windsor Cultural Arts Commission e da Rosa Ponselle Foundation of Meriden, em Connecticut, EUA.<\/span><\/p>\n<p style=\"text-align: justify\"><span style=\"font-size: 10pt\">De 1997 a 2000 integrou o corpo docente da Moores School of Music da Universidade de Houston, exercendo os cargos de Teaching Assistant e professor de piano do Continuing Studies Department. Apresentou-se em in\u00fameros recitais em diversas cidades dos EUA.Em maio de 2000, Fernando Corvisier recebeu o t\u00edtulo Doctor of Musical Arts, pela Universidade de Houston, sendo orientado por pianistas de renome internacional como Abbey Simon, Horacio Gutierrez, e Ruth Tomfohrde. De 2000 a 2001 foi professor do departamento de p\u00f3s-gradua\u00e7\u00e3o da UNI-RIO. Foi um dos fundadores do Departamento de M\u00fasica da Faculdade de Filosofia, Ci\u00eancias e Letras da Universidade de S\u00e3o Paulo e ocupa atualmente o cargo de professor associado. Tem participado de congressos e confer\u00eancias apresentando trabalhos sobre a obra para piano do compositor Almeida Prado e tamb\u00e9m dedicando especial interesse ao estudo do repert\u00f3rio de m\u00fasica brasileira. Forma com a sua esposa, a pianista F\u00e1tima Monteiro Corvisier, o Duo Corvisier. Em 2013, o Duo Corvisier apresentou palestra recital no Congresso With Four Hands) promovido pela Universidade de Londres e no International Symposium on Performance Science promovido pela Universidade de Viena. Em 2014 gravou a integral dos Noturnos para piano de Almeida Prado lan\u00e7ado pela cole\u00e7\u00e3o USP de M\u00fasica e do grupo de pesquisa NAP- CIPEM vinculado ao Departamento de M\u00fasica.<\/span><\/p>\n","protected":false},"excerpt":{"rendered":"<p>Fernando Corvisier Faculdade de Filosofia, Ci\u00eancias e Letras de Ribeir\u00e3o Preto Universidade de S\u00e3o Paulo Colabora\u00e7\u00e3o Pianistica no Piano \u00e0 Quatro M\u00e3os Sobre o convidado: No Brasil, Corvisier deve sua forma\u00e7\u00e3o art\u00edstica a mestres como Dyla Josetti, Ecl\u00e9a Ribeiro, Homero de Magalh\u00e3es e Ant\u00f4nio Guedes Barbosa. Paralelamente a seus estudos musicais na Academia de M\u00fasica &hellip; <\/p>\n<p class=\"link-more\"><a href=\"https:\/\/wp.ufpel.edu.br\/pianolab\/fernando-corvisier\/\" class=\"more-link\">Continue lendo<span class=\"screen-reader-text\"> &#8220;Fernando Corvisier&#8221;<\/span><\/a><\/p>\n","protected":false},"author":1093,"featured_media":0,"parent":0,"menu_order":0,"comment_status":"closed","ping_status":"closed","template":"","meta":{"footnotes":""},"class_list":["post-559","page","type-page","status-publish","hentry"],"jetpack-related-posts":[],"jetpack_sharing_enabled":true,"_links":{"self":[{"href":"https:\/\/wp.ufpel.edu.br\/pianolab\/wp-json\/wp\/v2\/pages\/559","targetHints":{"allow":["GET"]}}],"collection":[{"href":"https:\/\/wp.ufpel.edu.br\/pianolab\/wp-json\/wp\/v2\/pages"}],"about":[{"href":"https:\/\/wp.ufpel.edu.br\/pianolab\/wp-json\/wp\/v2\/types\/page"}],"author":[{"embeddable":true,"href":"https:\/\/wp.ufpel.edu.br\/pianolab\/wp-json\/wp\/v2\/users\/1093"}],"replies":[{"embeddable":true,"href":"https:\/\/wp.ufpel.edu.br\/pianolab\/wp-json\/wp\/v2\/comments?post=559"}],"version-history":[{"count":5,"href":"https:\/\/wp.ufpel.edu.br\/pianolab\/wp-json\/wp\/v2\/pages\/559\/revisions"}],"predecessor-version":[{"id":694,"href":"https:\/\/wp.ufpel.edu.br\/pianolab\/wp-json\/wp\/v2\/pages\/559\/revisions\/694"}],"wp:attachment":[{"href":"https:\/\/wp.ufpel.edu.br\/pianolab\/wp-json\/wp\/v2\/media?parent=559"}],"curies":[{"name":"wp","href":"https:\/\/api.w.org\/{rel}","templated":true}]}}